{"id":1039,"date":"2021-01-12T13:05:33","date_gmt":"2021-01-12T12:05:33","guid":{"rendered":"https:\/\/outdoor-gym.com\/cz\/?page_id=1039"},"modified":"2025-03-27T09:36:42","modified_gmt":"2025-03-27T08:36:42","slug":"venkovni-fitness-stroje-cena","status":"publish","type":"page","link":"https:\/\/outdoor-gym.com\/cz\/vyrobky\/venkovni-fitness-stroje-cena\/","title":{"rendered":"Venkovn\u00ed fitness stroje"},"content":{"rendered":"<h3>Fit S\u00e9rie<\/h3>\n<p>Cvi\u010debn\u00ed za\u0159\u00edzen\u00ed \u0159ady Fit lze namontovat na jednoduch\u00fd, dvojit\u00fd, trojit\u00fd nebo \u010dty\u0159n\u00e1sobn\u00fd pylon a tak\u00e9 na jednu nebo dvojitou ty\u010d. Na\u0161e venkovn\u00ed posilovny jsou vyrobeny z hou\u017eevnat\u00fdch a odoln\u00fdch konstruk\u010dn\u00edch materi\u00e1l\u016f, proto je mohou bezporuchov\u011b pou\u017e\u00edvat u\u017eivatel\u00e9 s hmotnost\u00ed do 150 kg. Vzhledem k tomu, \u017ee jsme v\u00fdrobcem venkovn\u00edch posiloven, r\u00e1di v\u00e1m porad\u00edme, abyste z\u00edskali ta nejlep\u0161\u00ed \u0159e\u0161en\u00ed.<\/p>\n<h4><strong>*Uveden\u00e9 ceny nezahrnuj\u00ed cenu pylonu<\/strong><\/h4>\n<article class=\"w-full text-token-text-primary\" dir=\"auto\" data-testid=\"conversation-turn-66\" data-scroll-anchor=\"true\">\n<div class=\"text-base my-auto mx-auto py-5 px-6\">\n<div class=\"mx-auto flex flex-1 text-base gap-4 md:gap-5 lg:gap-6 md:max-w-3xl lg:max-w-[40rem] xl:max-w-[48rem] group\/turn-messages focus-visible:outline-none\" tabindex=\"-1\">\n<div class=\"group\/conversation-turn relative flex w-full min-w-0 flex-col agent-turn @xs\/thread:px-0 @sm\/thread:px-1.5 @md\/thread:px-4\">\n<div class=\"relative flex-col gap-1 md:gap-3\">\n<div class=\"flex justify-start\">\n<div class=\"-me-1 -ms-2.5 flex select-none items-center p-1 touch:-me-2 touch:-ms-3.5 -mt-1 duration-[1.5s] focus-within:transition-none hover:transition-none pointer-events-none [mask-image:linear-gradient(to_right,black_33%,transparent_66%)] [mask-position:100%_0%] [mask-size:300%_100%] motion-safe:transition-[mask-position] group-hover\/turn-messages:pointer-events-auto group-hover\/turn-messages:[mask-position:0_0] group-focus-within\/turn-messages:pointer-events-auto group-focus-within\/turn-messages:[mask-position:0_0] has-[[data-state=open]]:pointer-events-auto has-[[data-state=open]]:[mask-position:0_0]\"><\/div>\n<\/div>\n<\/div>\n<div class=\"absolute\">\n<div class=\"flex items-center justify-center\"><\/div>\n<\/div>\n<\/div>\n<\/div>\n<\/div>\n<\/article>\n<div class=\"pointer-events-none h-px w-px\" aria-hidden=\"true\" data-edge=\"true\"><\/div>\n","protected":false},"excerpt":{"rendered":"<p>Fit S\u00e9rie Cvi\u010debn\u00ed za\u0159\u00edzen\u00ed \u0159ady Fit lze namontovat na jednoduch\u00fd, dvojit\u00fd, trojit\u00fd nebo \u010dty\u0159n\u00e1sobn\u00fd pylon a tak\u00e9 na jednu nebo dvojitou ty\u010d. Na\u0161e venkovn\u00ed posilovny jsou vyrobeny z hou\u017eevnat\u00fdch a odoln\u00fdch konstruk\u010dn\u00edch materi\u00e1l\u016f, proto je mohou bezporuchov\u011b pou\u017e\u00edvat u\u017eivatel\u00e9 s hmotnost\u00ed do 150 kg. Vzhledem k tomu, \u017ee jsme v\u00fdrobcem venkovn\u00edch posiloven, r\u00e1di v\u00e1m porad\u00edme, [&hellip;]<\/p>\n","protected":false},"author":1,"featured_media":0,"parent":928,"menu_order":0,"comment_status":"closed","ping_status":"closed","template":"template-seria.php","meta":{"_acf_changed":false,"footnotes":""},"class_list":["post-1039","page","type-page","status-publish","hentry"],"acf":[],"yoast_head":"<!-- This site is optimized with the Yoast SEO plugin v26.8 - https:\/\/yoast.com\/product\/yoast-seo-wordpress\/ -->\n<title>Venkovn\u00ed fitness stroje - TRAINER<\/title>\n<meta name=\"robots\" content=\"index, follow, max-snippet:-1, max-image-preview:large, max-video-preview:-1\" \/>\n<link rel=\"canonical\" href=\"https:\/\/outdoor-gym.com\/cz\/vyrobky\/venkovni-fitness-stroje-cena\/\" \/>\n<meta property=\"og:locale\" content=\"cs_CZ\" \/>\n<meta property=\"og:type\" content=\"article\" \/>\n<meta property=\"og:title\" content=\"Venkovn\u00ed fitness stroje - TRAINER\" \/>\n<meta property=\"og:description\" content=\"Fit S\u00e9rie Cvi\u010debn\u00ed za\u0159\u00edzen\u00ed \u0159ady Fit lze namontovat na jednoduch\u00fd, dvojit\u00fd, trojit\u00fd nebo \u010dty\u0159n\u00e1sobn\u00fd pylon a tak\u00e9 na jednu nebo dvojitou ty\u010d. Na\u0161e venkovn\u00ed posilovny jsou vyrobeny z hou\u017eevnat\u00fdch a odoln\u00fdch konstruk\u010dn\u00edch materi\u00e1l\u016f, proto je mohou bezporuchov\u011b pou\u017e\u00edvat u\u017eivatel\u00e9 s hmotnost\u00ed do 150 kg. Vzhledem k tomu, \u017ee jsme v\u00fdrobcem venkovn\u00edch posiloven, r\u00e1di v\u00e1m porad\u00edme, [&hellip;]\" \/>\n<meta property=\"og:url\" content=\"https:\/\/outdoor-gym.com\/cz\/vyrobky\/venkovni-fitness-stroje-cena\/\" \/>\n<meta property=\"og:site_name\" content=\"Trainer\" \/>\n<meta property=\"article:modified_time\" content=\"2025-03-27T08:36:42+00:00\" \/>\n<meta name=\"twitter:card\" content=\"summary_large_image\" \/>\n<meta name=\"twitter:label1\" content=\"Szacowany czas czytania\" \/>\n\t<meta name=\"twitter:data1\" content=\"1 minuta\" \/>\n<script type=\"application\/ld+json\" class=\"yoast-schema-graph\">{\"@context\":\"https:\/\/schema.org\",\"@graph\":[{\"@type\":\"WebPage\",\"@id\":\"https:\/\/outdoor-gym.com\/cz\/vyrobky\/venkovni-fitness-stroje-cena\/\",\"url\":\"https:\/\/outdoor-gym.com\/cz\/vyrobky\/venkovni-fitness-stroje-cena\/\",\"name\":\"Venkovn\u00ed fitness stroje - TRAINER\",\"isPartOf\":{\"@id\":\"https:\/\/outdoor-gym.com\/cz\/#website\"},\"datePublished\":\"2021-01-12T12:05:33+00:00\",\"dateModified\":\"2025-03-27T08:36:42+00:00\",\"breadcrumb\":{\"@id\":\"https:\/\/outdoor-gym.com\/cz\/vyrobky\/venkovni-fitness-stroje-cena\/#breadcrumb\"},\"inLanguage\":\"pl-PL\",\"potentialAction\":[{\"@type\":\"ReadAction\",\"target\":[\"https:\/\/outdoor-gym.com\/cz\/vyrobky\/venkovni-fitness-stroje-cena\/\"]}]},{\"@type\":\"BreadcrumbList\",\"@id\":\"https:\/\/outdoor-gym.com\/cz\/vyrobky\/venkovni-fitness-stroje-cena\/#breadcrumb\",\"itemListElement\":[{\"@type\":\"ListItem\",\"position\":1,\"name\":\"cz\",\"item\":\"https:\/\/outdoor-gym.com\/cz\/\"},{\"@type\":\"ListItem\",\"position\":2,\"name\":\"V\u00ddROBKY\",\"item\":\"https:\/\/outdoor-gym.com\/cz\/vyrobky\/\"},{\"@type\":\"ListItem\",\"position\":3,\"name\":\"Venkovn\u00ed fitness stroje\"}]},{\"@type\":\"WebSite\",\"@id\":\"https:\/\/outdoor-gym.com\/cz\/#website\",\"url\":\"https:\/\/outdoor-gym.com\/cz\/\",\"name\":\"Trainer\",\"description\":\"Trainer  Venkovn\u00ed posilovna\",\"potentialAction\":[{\"@type\":\"SearchAction\",\"target\":{\"@type\":\"EntryPoint\",\"urlTemplate\":\"https:\/\/outdoor-gym.com\/cz\/?s={search_term_string}\"},\"query-input\":{\"@type\":\"PropertyValueSpecification\",\"valueRequired\":true,\"valueName\":\"search_term_string\"}}],\"inLanguage\":\"pl-PL\"}]}<\/script>\n<!-- \/ Yoast SEO plugin. -->","yoast_head_json":{"title":"Venkovn\u00ed fitness stroje - TRAINER","robots":{"index":"index","follow":"follow","max-snippet":"max-snippet:-1","max-image-preview":"max-image-preview:large","max-video-preview":"max-video-preview:-1"},"canonical":"https:\/\/outdoor-gym.com\/cz\/vyrobky\/venkovni-fitness-stroje-cena\/","og_locale":"cs_CZ","og_type":"article","og_title":"Venkovn\u00ed fitness stroje - TRAINER","og_description":"Fit S\u00e9rie Cvi\u010debn\u00ed za\u0159\u00edzen\u00ed \u0159ady Fit lze namontovat na jednoduch\u00fd, dvojit\u00fd, trojit\u00fd nebo \u010dty\u0159n\u00e1sobn\u00fd pylon a tak\u00e9 na jednu nebo dvojitou ty\u010d. Na\u0161e venkovn\u00ed posilovny jsou vyrobeny z hou\u017eevnat\u00fdch a odoln\u00fdch konstruk\u010dn\u00edch materi\u00e1l\u016f, proto je mohou bezporuchov\u011b pou\u017e\u00edvat u\u017eivatel\u00e9 s hmotnost\u00ed do 150 kg. Vzhledem k tomu, \u017ee jsme v\u00fdrobcem venkovn\u00edch posiloven, r\u00e1di v\u00e1m porad\u00edme, [&hellip;]","og_url":"https:\/\/outdoor-gym.com\/cz\/vyrobky\/venkovni-fitness-stroje-cena\/","og_site_name":"Trainer","article_modified_time":"2025-03-27T08:36:42+00:00","twitter_card":"summary_large_image","twitter_misc":{"Szacowany czas czytania":"1 minuta"},"schema":{"@context":"https:\/\/schema.org","@graph":[{"@type":"WebPage","@id":"https:\/\/outdoor-gym.com\/cz\/vyrobky\/venkovni-fitness-stroje-cena\/","url":"https:\/\/outdoor-gym.com\/cz\/vyrobky\/venkovni-fitness-stroje-cena\/","name":"Venkovn\u00ed fitness stroje - TRAINER","isPartOf":{"@id":"https:\/\/outdoor-gym.com\/cz\/#website"},"datePublished":"2021-01-12T12:05:33+00:00","dateModified":"2025-03-27T08:36:42+00:00","breadcrumb":{"@id":"https:\/\/outdoor-gym.com\/cz\/vyrobky\/venkovni-fitness-stroje-cena\/#breadcrumb"},"inLanguage":"pl-PL","potentialAction":[{"@type":"ReadAction","target":["https:\/\/outdoor-gym.com\/cz\/vyrobky\/venkovni-fitness-stroje-cena\/"]}]},{"@type":"BreadcrumbList","@id":"https:\/\/outdoor-gym.com\/cz\/vyrobky\/venkovni-fitness-stroje-cena\/#breadcrumb","itemListElement":[{"@type":"ListItem","position":1,"name":"cz","item":"https:\/\/outdoor-gym.com\/cz\/"},{"@type":"ListItem","position":2,"name":"V\u00ddROBKY","item":"https:\/\/outdoor-gym.com\/cz\/vyrobky\/"},{"@type":"ListItem","position":3,"name":"Venkovn\u00ed fitness stroje"}]},{"@type":"WebSite","@id":"https:\/\/outdoor-gym.com\/cz\/#website","url":"https:\/\/outdoor-gym.com\/cz\/","name":"Trainer","description":"Trainer  Venkovn\u00ed posilovna","potentialAction":[{"@type":"SearchAction","target":{"@type":"EntryPoint","urlTemplate":"https:\/\/outdoor-gym.com\/cz\/?s={search_term_string}"},"query-input":{"@type":"PropertyValueSpecification","valueRequired":true,"valueName":"search_term_string"}}],"inLanguage":"pl-PL"}]}},"_links":{"self":[{"href":"https:\/\/outdoor-gym.com\/cz\/wp-json\/wp\/v2\/pages\/1039","targetHints":{"allow":["GET"]}}],"collection":[{"href":"https:\/\/outdoor-gym.com\/cz\/wp-json\/wp\/v2\/pages"}],"about":[{"href":"https:\/\/outdoor-gym.com\/cz\/wp-json\/wp\/v2\/types\/page"}],"author":[{"embeddable":true,"href":"https:\/\/outdoor-gym.com\/cz\/wp-json\/wp\/v2\/users\/1"}],"replies":[{"embeddable":true,"href":"https:\/\/outdoor-gym.com\/cz\/wp-json\/wp\/v2\/comments?post=1039"}],"version-history":[{"count":26,"href":"https:\/\/outdoor-gym.com\/cz\/wp-json\/wp\/v2\/pages\/1039\/revisions"}],"predecessor-version":[{"id":5519,"href":"https:\/\/outdoor-gym.com\/cz\/wp-json\/wp\/v2\/pages\/1039\/revisions\/5519"}],"up":[{"embeddable":true,"href":"https:\/\/outdoor-gym.com\/cz\/wp-json\/wp\/v2\/pages\/928"}],"wp:attachment":[{"href":"https:\/\/outdoor-gym.com\/cz\/wp-json\/wp\/v2\/media?parent=1039"}],"curies":[{"name":"wp","href":"https:\/\/api.w.org\/{rel}","templated":true}]}}