{"id":1041,"date":"2021-01-12T13:07:00","date_gmt":"2021-01-12T12:07:00","guid":{"rendered":"https:\/\/outdoor-gym.com\/cz\/?page_id=1041"},"modified":"2023-04-25T12:58:05","modified_gmt":"2023-04-25T10:58:05","slug":"handicapovane-serie-cena","status":"publish","type":"page","link":"https:\/\/outdoor-gym.com\/cz\/vyrobky\/handicapovane-serie-cena\/","title":{"rendered":"Venkovn\u00ed posilovny pro osoby s t\u011blesn\u00fdm posti\u017een\u00edm"},"content":{"rendered":"<h3><strong>Handicapovan\u00e9 s\u00e9rie<\/strong><\/h3>\n","protected":false},"excerpt":{"rendered":"<p>Handicapovan\u00e9 s\u00e9rie<\/p>\n","protected":false},"author":1,"featured_media":0,"parent":928,"menu_order":0,"comment_status":"closed","ping_status":"closed","template":"template-seria.php","meta":{"_acf_changed":false,"footnotes":""},"class_list":["post-1041","page","type-page","status-publish","hentry"],"acf":[],"yoast_head":"<!-- This site is optimized with the Yoast SEO plugin v26.8 - https:\/\/yoast.com\/product\/yoast-seo-wordpress\/ -->\n<title>Handicapovane-serie - TRAINER<\/title>\n<meta name=\"robots\" content=\"index, follow, max-snippet:-1, max-image-preview:large, max-video-preview:-1\" \/>\n<link rel=\"canonical\" href=\"https:\/\/outdoor-gym.com\/cz\/vyrobky\/handicapovane-serie-cena\/\" \/>\n<meta property=\"og:locale\" content=\"cs_CZ\" \/>\n<meta property=\"og:type\" content=\"article\" \/>\n<meta property=\"og:title\" content=\"Handicapovane-serie - TRAINER\" \/>\n<meta property=\"og:description\" content=\"Handicapovan\u00e9 s\u00e9rie\" \/>\n<meta property=\"og:url\" content=\"https:\/\/outdoor-gym.com\/cz\/vyrobky\/handicapovane-serie-cena\/\" \/>\n<meta property=\"og:site_name\" content=\"Trainer\" \/>\n<meta property=\"article:modified_time\" content=\"2023-04-25T10:58:05+00:00\" \/>\n<meta name=\"twitter:card\" content=\"summary_large_image\" \/>\n<meta name=\"twitter:label1\" content=\"Szacowany czas czytania\" \/>\n\t<meta name=\"twitter:data1\" content=\"1 minuta\" \/>\n<script type=\"application\/ld+json\" class=\"yoast-schema-graph\">{\"@context\":\"https:\/\/schema.org\",\"@graph\":[{\"@type\":\"WebPage\",\"@id\":\"https:\/\/outdoor-gym.com\/cz\/vyrobky\/handicapovane-serie-cena\/\",\"url\":\"https:\/\/outdoor-gym.com\/cz\/vyrobky\/handicapovane-serie-cena\/\",\"name\":\"Handicapovane-serie - TRAINER\",\"isPartOf\":{\"@id\":\"https:\/\/outdoor-gym.com\/cz\/#website\"},\"datePublished\":\"2021-01-12T12:07:00+00:00\",\"dateModified\":\"2023-04-25T10:58:05+00:00\",\"breadcrumb\":{\"@id\":\"https:\/\/outdoor-gym.com\/cz\/vyrobky\/handicapovane-serie-cena\/#breadcrumb\"},\"inLanguage\":\"pl-PL\",\"potentialAction\":[{\"@type\":\"ReadAction\",\"target\":[\"https:\/\/outdoor-gym.com\/cz\/vyrobky\/handicapovane-serie-cena\/\"]}]},{\"@type\":\"BreadcrumbList\",\"@id\":\"https:\/\/outdoor-gym.com\/cz\/vyrobky\/handicapovane-serie-cena\/#breadcrumb\",\"itemListElement\":[{\"@type\":\"ListItem\",\"position\":1,\"name\":\"cz\",\"item\":\"https:\/\/outdoor-gym.com\/cz\/\"},{\"@type\":\"ListItem\",\"position\":2,\"name\":\"V\u00ddROBKY\",\"item\":\"https:\/\/outdoor-gym.com\/cz\/vyrobky\/\"},{\"@type\":\"ListItem\",\"position\":3,\"name\":\"Venkovn\u00ed posilovny pro osoby s t\u011blesn\u00fdm posti\u017een\u00edm\"}]},{\"@type\":\"WebSite\",\"@id\":\"https:\/\/outdoor-gym.com\/cz\/#website\",\"url\":\"https:\/\/outdoor-gym.com\/cz\/\",\"name\":\"Trainer\",\"description\":\"Trainer  Venkovn\u00ed posilovna\",\"potentialAction\":[{\"@type\":\"SearchAction\",\"target\":{\"@type\":\"EntryPoint\",\"urlTemplate\":\"https:\/\/outdoor-gym.com\/cz\/?s={search_term_string}\"},\"query-input\":{\"@type\":\"PropertyValueSpecification\",\"valueRequired\":true,\"valueName\":\"search_term_string\"}}],\"inLanguage\":\"pl-PL\"}]}<\/script>\n<!-- \/ Yoast SEO plugin. -->","yoast_head_json":{"title":"Handicapovane-serie - TRAINER","robots":{"index":"index","follow":"follow","max-snippet":"max-snippet:-1","max-image-preview":"max-image-preview:large","max-video-preview":"max-video-preview:-1"},"canonical":"https:\/\/outdoor-gym.com\/cz\/vyrobky\/handicapovane-serie-cena\/","og_locale":"cs_CZ","og_type":"article","og_title":"Handicapovane-serie - TRAINER","og_description":"Handicapovan\u00e9 s\u00e9rie","og_url":"https:\/\/outdoor-gym.com\/cz\/vyrobky\/handicapovane-serie-cena\/","og_site_name":"Trainer","article_modified_time":"2023-04-25T10:58:05+00:00","twitter_card":"summary_large_image","twitter_misc":{"Szacowany czas czytania":"1 minuta"},"schema":{"@context":"https:\/\/schema.org","@graph":[{"@type":"WebPage","@id":"https:\/\/outdoor-gym.com\/cz\/vyrobky\/handicapovane-serie-cena\/","url":"https:\/\/outdoor-gym.com\/cz\/vyrobky\/handicapovane-serie-cena\/","name":"Handicapovane-serie - TRAINER","isPartOf":{"@id":"https:\/\/outdoor-gym.com\/cz\/#website"},"datePublished":"2021-01-12T12:07:00+00:00","dateModified":"2023-04-25T10:58:05+00:00","breadcrumb":{"@id":"https:\/\/outdoor-gym.com\/cz\/vyrobky\/handicapovane-serie-cena\/#breadcrumb"},"inLanguage":"pl-PL","potentialAction":[{"@type":"ReadAction","target":["https:\/\/outdoor-gym.com\/cz\/vyrobky\/handicapovane-serie-cena\/"]}]},{"@type":"BreadcrumbList","@id":"https:\/\/outdoor-gym.com\/cz\/vyrobky\/handicapovane-serie-cena\/#breadcrumb","itemListElement":[{"@type":"ListItem","position":1,"name":"cz","item":"https:\/\/outdoor-gym.com\/cz\/"},{"@type":"ListItem","position":2,"name":"V\u00ddROBKY","item":"https:\/\/outdoor-gym.com\/cz\/vyrobky\/"},{"@type":"ListItem","position":3,"name":"Venkovn\u00ed posilovny pro osoby s t\u011blesn\u00fdm posti\u017een\u00edm"}]},{"@type":"WebSite","@id":"https:\/\/outdoor-gym.com\/cz\/#website","url":"https:\/\/outdoor-gym.com\/cz\/","name":"Trainer","description":"Trainer  Venkovn\u00ed posilovna","potentialAction":[{"@type":"SearchAction","target":{"@type":"EntryPoint","urlTemplate":"https:\/\/outdoor-gym.com\/cz\/?s={search_term_string}"},"query-input":{"@type":"PropertyValueSpecification","valueRequired":true,"valueName":"search_term_string"}}],"inLanguage":"pl-PL"}]}},"_links":{"self":[{"href":"https:\/\/outdoor-gym.com\/cz\/wp-json\/wp\/v2\/pages\/1041","targetHints":{"allow":["GET"]}}],"collection":[{"href":"https:\/\/outdoor-gym.com\/cz\/wp-json\/wp\/v2\/pages"}],"about":[{"href":"https:\/\/outdoor-gym.com\/cz\/wp-json\/wp\/v2\/types\/page"}],"author":[{"embeddable":true,"href":"https:\/\/outdoor-gym.com\/cz\/wp-json\/wp\/v2\/users\/1"}],"replies":[{"embeddable":true,"href":"https:\/\/outdoor-gym.com\/cz\/wp-json\/wp\/v2\/comments?post=1041"}],"version-history":[{"count":12,"href":"https:\/\/outdoor-gym.com\/cz\/wp-json\/wp\/v2\/pages\/1041\/revisions"}],"predecessor-version":[{"id":4221,"href":"https:\/\/outdoor-gym.com\/cz\/wp-json\/wp\/v2\/pages\/1041\/revisions\/4221"}],"up":[{"embeddable":true,"href":"https:\/\/outdoor-gym.com\/cz\/wp-json\/wp\/v2\/pages\/928"}],"wp:attachment":[{"href":"https:\/\/outdoor-gym.com\/cz\/wp-json\/wp\/v2\/media?parent=1041"}],"curies":[{"name":"wp","href":"https:\/\/api.w.org\/{rel}","templated":true}]}}