{"id":1045,"date":"2021-01-12T13:08:31","date_gmt":"2021-01-12T12:08:31","guid":{"rendered":"https:\/\/outdoor-gym.com\/cz\/?page_id=1045"},"modified":"2023-09-29T11:30:46","modified_gmt":"2023-09-29T09:30:46","slug":"venkovni-posilovna-steel4fit","status":"publish","type":"page","link":"https:\/\/outdoor-gym.com\/cz\/vyrobky\/venkovni-posilovna-steel4fit\/","title":{"rendered":"Venkovn\u00ed posilovna &#8211; Steel4Fit"},"content":{"rendered":"<h3>Venkovn\u00ed posilovac\u00ed stroje &#8211; Steel4fit s\u00e9rie<\/h3>\n","protected":false},"excerpt":{"rendered":"<p>Venkovn\u00ed posilovac\u00ed stroje &#8211; Steel4fit s\u00e9rie<\/p>\n","protected":false},"author":1,"featured_media":0,"parent":928,"menu_order":0,"comment_status":"closed","ping_status":"closed","template":"template-seria.php","meta":{"_acf_changed":false,"footnotes":""},"class_list":["post-1045","page","type-page","status-publish","hentry"],"acf":[],"yoast_head":"<!-- This site is optimized with the Yoast SEO plugin v26.8 - https:\/\/yoast.com\/product\/yoast-seo-wordpress\/ -->\n<title>Venkovn\u00ed fitness vybaven\u00ed - posilovac\u00ed stroje<\/title>\n<meta name=\"description\" content=\"Outdoor Fitness Steel4Fit. Vybaven\u00ed pro venkovn\u00ed posilovny je nejpevn\u011bj\u0161\u00ed a nejodoln\u011bj\u0161\u00ed ze v\u0161ech n\u00e1mi nab\u00edzen\u00fdch za\u0159\u00edzen\u00ed. Tato \u0159ada fitness za\u0159\u00edzen\u00ed je nejodoln\u011bj\u0161\u00ed v\u016f\u010di pov\u011btrnostn\u00edm vliv\u016fm.Venkovn\u00ed posilovna a cvi\u010debn\u00ed stroje - Nej\u0161ir\u0161\u00ed nab\u00eddka.\" \/>\n<meta name=\"robots\" content=\"index, follow, max-snippet:-1, max-image-preview:large, max-video-preview:-1\" \/>\n<link rel=\"canonical\" href=\"https:\/\/outdoor-gym.com\/cz\/vyrobky\/venkovni-posilovna-steel4fit\/\" \/>\n<meta property=\"og:locale\" content=\"cs_CZ\" \/>\n<meta property=\"og:type\" content=\"article\" \/>\n<meta property=\"og:title\" content=\"Venkovn\u00ed fitness vybaven\u00ed - posilovac\u00ed stroje\" \/>\n<meta property=\"og:description\" content=\"Outdoor Fitness Steel4Fit. Vybaven\u00ed pro venkovn\u00ed posilovny je nejpevn\u011bj\u0161\u00ed a nejodoln\u011bj\u0161\u00ed ze v\u0161ech n\u00e1mi nab\u00edzen\u00fdch za\u0159\u00edzen\u00ed. Tato \u0159ada fitness za\u0159\u00edzen\u00ed je nejodoln\u011bj\u0161\u00ed v\u016f\u010di pov\u011btrnostn\u00edm vliv\u016fm.Venkovn\u00ed posilovna a cvi\u010debn\u00ed stroje - Nej\u0161ir\u0161\u00ed nab\u00eddka.\" \/>\n<meta property=\"og:url\" content=\"https:\/\/outdoor-gym.com\/cz\/vyrobky\/venkovni-posilovna-steel4fit\/\" \/>\n<meta property=\"og:site_name\" content=\"Trainer\" \/>\n<meta property=\"article:modified_time\" content=\"2023-09-29T09:30:46+00:00\" \/>\n<meta name=\"twitter:card\" content=\"summary_large_image\" \/>\n<meta name=\"twitter:label1\" content=\"Szacowany czas czytania\" \/>\n\t<meta name=\"twitter:data1\" content=\"1 minuta\" \/>\n<script type=\"application\/ld+json\" class=\"yoast-schema-graph\">{\"@context\":\"https:\/\/schema.org\",\"@graph\":[{\"@type\":\"WebPage\",\"@id\":\"https:\/\/outdoor-gym.com\/cz\/vyrobky\/venkovni-posilovna-steel4fit\/\",\"url\":\"https:\/\/outdoor-gym.com\/cz\/vyrobky\/venkovni-posilovna-steel4fit\/\",\"name\":\"Venkovn\u00ed fitness vybaven\u00ed - posilovac\u00ed stroje\",\"isPartOf\":{\"@id\":\"https:\/\/outdoor-gym.com\/cz\/#website\"},\"datePublished\":\"2021-01-12T12:08:31+00:00\",\"dateModified\":\"2023-09-29T09:30:46+00:00\",\"description\":\"Outdoor Fitness Steel4Fit. Vybaven\u00ed pro venkovn\u00ed posilovny je nejpevn\u011bj\u0161\u00ed a nejodoln\u011bj\u0161\u00ed ze v\u0161ech n\u00e1mi nab\u00edzen\u00fdch za\u0159\u00edzen\u00ed. Tato \u0159ada fitness za\u0159\u00edzen\u00ed je nejodoln\u011bj\u0161\u00ed v\u016f\u010di pov\u011btrnostn\u00edm vliv\u016fm.Venkovn\u00ed posilovna a cvi\u010debn\u00ed stroje - Nej\u0161ir\u0161\u00ed nab\u00eddka.\",\"breadcrumb\":{\"@id\":\"https:\/\/outdoor-gym.com\/cz\/vyrobky\/venkovni-posilovna-steel4fit\/#breadcrumb\"},\"inLanguage\":\"pl-PL\",\"potentialAction\":[{\"@type\":\"ReadAction\",\"target\":[\"https:\/\/outdoor-gym.com\/cz\/vyrobky\/venkovni-posilovna-steel4fit\/\"]}]},{\"@type\":\"BreadcrumbList\",\"@id\":\"https:\/\/outdoor-gym.com\/cz\/vyrobky\/venkovni-posilovna-steel4fit\/#breadcrumb\",\"itemListElement\":[{\"@type\":\"ListItem\",\"position\":1,\"name\":\"cz\",\"item\":\"https:\/\/outdoor-gym.com\/cz\/\"},{\"@type\":\"ListItem\",\"position\":2,\"name\":\"V\u00ddROBKY\",\"item\":\"https:\/\/outdoor-gym.com\/cz\/vyrobky\/\"},{\"@type\":\"ListItem\",\"position\":3,\"name\":\"Venkovn\u00ed posilovna &#8211; Steel4Fit\"}]},{\"@type\":\"WebSite\",\"@id\":\"https:\/\/outdoor-gym.com\/cz\/#website\",\"url\":\"https:\/\/outdoor-gym.com\/cz\/\",\"name\":\"Trainer\",\"description\":\"Trainer  Venkovn\u00ed posilovna\",\"potentialAction\":[{\"@type\":\"SearchAction\",\"target\":{\"@type\":\"EntryPoint\",\"urlTemplate\":\"https:\/\/outdoor-gym.com\/cz\/?s={search_term_string}\"},\"query-input\":{\"@type\":\"PropertyValueSpecification\",\"valueRequired\":true,\"valueName\":\"search_term_string\"}}],\"inLanguage\":\"pl-PL\"}]}<\/script>\n<!-- \/ Yoast SEO plugin. -->","yoast_head_json":{"title":"Venkovn\u00ed fitness vybaven\u00ed - posilovac\u00ed stroje","description":"Outdoor Fitness Steel4Fit. Vybaven\u00ed pro venkovn\u00ed posilovny je nejpevn\u011bj\u0161\u00ed a nejodoln\u011bj\u0161\u00ed ze v\u0161ech n\u00e1mi nab\u00edzen\u00fdch za\u0159\u00edzen\u00ed. Tato \u0159ada fitness za\u0159\u00edzen\u00ed je nejodoln\u011bj\u0161\u00ed v\u016f\u010di pov\u011btrnostn\u00edm vliv\u016fm.Venkovn\u00ed posilovna a cvi\u010debn\u00ed stroje - Nej\u0161ir\u0161\u00ed nab\u00eddka.","robots":{"index":"index","follow":"follow","max-snippet":"max-snippet:-1","max-image-preview":"max-image-preview:large","max-video-preview":"max-video-preview:-1"},"canonical":"https:\/\/outdoor-gym.com\/cz\/vyrobky\/venkovni-posilovna-steel4fit\/","og_locale":"cs_CZ","og_type":"article","og_title":"Venkovn\u00ed fitness vybaven\u00ed - posilovac\u00ed stroje","og_description":"Outdoor Fitness Steel4Fit. Vybaven\u00ed pro venkovn\u00ed posilovny je nejpevn\u011bj\u0161\u00ed a nejodoln\u011bj\u0161\u00ed ze v\u0161ech n\u00e1mi nab\u00edzen\u00fdch za\u0159\u00edzen\u00ed. Tato \u0159ada fitness za\u0159\u00edzen\u00ed je nejodoln\u011bj\u0161\u00ed v\u016f\u010di pov\u011btrnostn\u00edm vliv\u016fm.Venkovn\u00ed posilovna a cvi\u010debn\u00ed stroje - Nej\u0161ir\u0161\u00ed nab\u00eddka.","og_url":"https:\/\/outdoor-gym.com\/cz\/vyrobky\/venkovni-posilovna-steel4fit\/","og_site_name":"Trainer","article_modified_time":"2023-09-29T09:30:46+00:00","twitter_card":"summary_large_image","twitter_misc":{"Szacowany czas czytania":"1 minuta"},"schema":{"@context":"https:\/\/schema.org","@graph":[{"@type":"WebPage","@id":"https:\/\/outdoor-gym.com\/cz\/vyrobky\/venkovni-posilovna-steel4fit\/","url":"https:\/\/outdoor-gym.com\/cz\/vyrobky\/venkovni-posilovna-steel4fit\/","name":"Venkovn\u00ed fitness vybaven\u00ed - posilovac\u00ed stroje","isPartOf":{"@id":"https:\/\/outdoor-gym.com\/cz\/#website"},"datePublished":"2021-01-12T12:08:31+00:00","dateModified":"2023-09-29T09:30:46+00:00","description":"Outdoor Fitness Steel4Fit. Vybaven\u00ed pro venkovn\u00ed posilovny je nejpevn\u011bj\u0161\u00ed a nejodoln\u011bj\u0161\u00ed ze v\u0161ech n\u00e1mi nab\u00edzen\u00fdch za\u0159\u00edzen\u00ed. Tato \u0159ada fitness za\u0159\u00edzen\u00ed je nejodoln\u011bj\u0161\u00ed v\u016f\u010di pov\u011btrnostn\u00edm vliv\u016fm.Venkovn\u00ed posilovna a cvi\u010debn\u00ed stroje - Nej\u0161ir\u0161\u00ed nab\u00eddka.","breadcrumb":{"@id":"https:\/\/outdoor-gym.com\/cz\/vyrobky\/venkovni-posilovna-steel4fit\/#breadcrumb"},"inLanguage":"pl-PL","potentialAction":[{"@type":"ReadAction","target":["https:\/\/outdoor-gym.com\/cz\/vyrobky\/venkovni-posilovna-steel4fit\/"]}]},{"@type":"BreadcrumbList","@id":"https:\/\/outdoor-gym.com\/cz\/vyrobky\/venkovni-posilovna-steel4fit\/#breadcrumb","itemListElement":[{"@type":"ListItem","position":1,"name":"cz","item":"https:\/\/outdoor-gym.com\/cz\/"},{"@type":"ListItem","position":2,"name":"V\u00ddROBKY","item":"https:\/\/outdoor-gym.com\/cz\/vyrobky\/"},{"@type":"ListItem","position":3,"name":"Venkovn\u00ed posilovna &#8211; Steel4Fit"}]},{"@type":"WebSite","@id":"https:\/\/outdoor-gym.com\/cz\/#website","url":"https:\/\/outdoor-gym.com\/cz\/","name":"Trainer","description":"Trainer  Venkovn\u00ed posilovna","potentialAction":[{"@type":"SearchAction","target":{"@type":"EntryPoint","urlTemplate":"https:\/\/outdoor-gym.com\/cz\/?s={search_term_string}"},"query-input":{"@type":"PropertyValueSpecification","valueRequired":true,"valueName":"search_term_string"}}],"inLanguage":"pl-PL"}]}},"_links":{"self":[{"href":"https:\/\/outdoor-gym.com\/cz\/wp-json\/wp\/v2\/pages\/1045","targetHints":{"allow":["GET"]}}],"collection":[{"href":"https:\/\/outdoor-gym.com\/cz\/wp-json\/wp\/v2\/pages"}],"about":[{"href":"https:\/\/outdoor-gym.com\/cz\/wp-json\/wp\/v2\/types\/page"}],"author":[{"embeddable":true,"href":"https:\/\/outdoor-gym.com\/cz\/wp-json\/wp\/v2\/users\/1"}],"replies":[{"embeddable":true,"href":"https:\/\/outdoor-gym.com\/cz\/wp-json\/wp\/v2\/comments?post=1045"}],"version-history":[{"count":28,"href":"https:\/\/outdoor-gym.com\/cz\/wp-json\/wp\/v2\/pages\/1045\/revisions"}],"predecessor-version":[{"id":4800,"href":"https:\/\/outdoor-gym.com\/cz\/wp-json\/wp\/v2\/pages\/1045\/revisions\/4800"}],"up":[{"embeddable":true,"href":"https:\/\/outdoor-gym.com\/cz\/wp-json\/wp\/v2\/pages\/928"}],"wp:attachment":[{"href":"https:\/\/outdoor-gym.com\/cz\/wp-json\/wp\/v2\/media?parent=1045"}],"curies":[{"name":"wp","href":"https:\/\/api.w.org\/{rel}","templated":true}]}}