{"id":1072,"date":"2021-01-12T13:56:08","date_gmt":"2021-01-12T12:56:08","guid":{"rendered":"https:\/\/outdoor-gym.com\/cz\/?page_id=1072"},"modified":"2023-02-01T11:09:45","modified_gmt":"2023-02-01T10:09:45","slug":"poradenstvi","status":"publish","type":"page","link":"https:\/\/outdoor-gym.com\/cz\/sluzby\/poradenstvi\/","title":{"rendered":"Poradenstv\u00ed"},"content":{"rendered":"<p>Poskytujeme odborn\u00e9 <strong>poradenstv\u00ed a podporu ve v\u0161ech f\u00e1z\u00edch realizace zak\u00e1zky.<\/strong> Analyzujeme projektovou dokumentaci a porad\u00edme s v\u00fdb\u011brem vhodn\u00e9ho vybaven\u00ed. Bereme v \u00favahu um\u00edst\u011bn\u00ed venkovn\u00edch posiloven a jejich zam\u011b\u0159en\u00ed. Z des\u00edtek mo\u017enost\u00ed v\u00e1m <strong>pom\u016f\u017eeme vybrat tu nejlep\u0161\u00ed!<\/strong><\/p>\n<p><img loading=\"lazy\" decoding=\"async\" class=\"alignnone wp-image-4003 size-full\" src=\"https:\/\/outdoor-gym.com\/cz\/wp-content\/uploads\/Poradenstvi.jpg\" alt=\"Poradenstv\u00ed - Venkovn\u00ed cvi\u010debn\u00ed prvky\" width=\"1000\" height=\"493\" srcset=\"https:\/\/outdoor-gym.com\/cz\/wp-content\/uploads\/Poradenstvi.jpg 1000w, https:\/\/outdoor-gym.com\/cz\/wp-content\/uploads\/Poradenstvi-600x296.jpg 600w, https:\/\/outdoor-gym.com\/cz\/wp-content\/uploads\/Poradenstvi-768x379.jpg 768w\" sizes=\"auto, (max-width: 1000px) 100vw, 1000px\" \/><\/p>\n<p>Pl\u00e1nujeme jednotliv\u00e9 etapy prac\u00ed, po\u010d\u00ednaje p\u0159\u00edpravou prostoru p\u0159es <strong>dopravu a mont\u00e1\u017e za\u0159\u00edzen\u00ed<\/strong> a\u017e po kontroln\u00ed prohl\u00eddky. D\u00edky na\u0161im znalostem a zku\u0161enostem m\u016f\u017eete u\u0161et\u0159it spoustu cenn\u00e9ho \u010dasu a pen\u011bz.<\/p>\n","protected":false},"excerpt":{"rendered":"<p>Poskytujeme odborn\u00e9 poradenstv\u00ed a podporu ve v\u0161ech f\u00e1z\u00edch realizace zak\u00e1zky. Analyzujeme projektovou dokumentaci a porad\u00edme s v\u00fdb\u011brem vhodn\u00e9ho vybaven\u00ed. Bereme v \u00favahu um\u00edst\u011bn\u00ed venkovn\u00edch posiloven a jejich zam\u011b\u0159en\u00ed. Z des\u00edtek mo\u017enost\u00ed v\u00e1m pom\u016f\u017eeme vybrat tu nejlep\u0161\u00ed! Pl\u00e1nujeme jednotliv\u00e9 etapy prac\u00ed, po\u010d\u00ednaje p\u0159\u00edpravou prostoru p\u0159es dopravu a mont\u00e1\u017e za\u0159\u00edzen\u00ed a\u017e po kontroln\u00ed prohl\u00eddky. D\u00edky na\u0161im znalostem [&hellip;]<\/p>\n","protected":false},"author":1,"featured_media":0,"parent":932,"menu_order":0,"comment_status":"closed","ping_status":"closed","template":"template-usluga.php","meta":{"_acf_changed":false,"footnotes":""},"class_list":["post-1072","page","type-page","status-publish","hentry"],"acf":[],"yoast_head":"<!-- This site is optimized with the Yoast SEO plugin v26.8 - https:\/\/yoast.com\/product\/yoast-seo-wordpress\/ -->\n<title>Poradenstv\u00ed - Trainer<\/title>\n<meta name=\"robots\" content=\"index, follow, max-snippet:-1, max-image-preview:large, max-video-preview:-1\" \/>\n<link rel=\"canonical\" href=\"https:\/\/outdoor-gym.com\/cz\/sluzby\/poradenstvi\/\" \/>\n<meta property=\"og:locale\" content=\"cs_CZ\" \/>\n<meta property=\"og:type\" content=\"article\" \/>\n<meta property=\"og:title\" content=\"Poradenstv\u00ed - Trainer\" \/>\n<meta property=\"og:description\" content=\"Poskytujeme odborn\u00e9 poradenstv\u00ed a podporu ve v\u0161ech f\u00e1z\u00edch realizace zak\u00e1zky. Analyzujeme projektovou dokumentaci a porad\u00edme s v\u00fdb\u011brem vhodn\u00e9ho vybaven\u00ed. Bereme v \u00favahu um\u00edst\u011bn\u00ed venkovn\u00edch posiloven a jejich zam\u011b\u0159en\u00ed. Z des\u00edtek mo\u017enost\u00ed v\u00e1m pom\u016f\u017eeme vybrat tu nejlep\u0161\u00ed! Pl\u00e1nujeme jednotliv\u00e9 etapy prac\u00ed, po\u010d\u00ednaje p\u0159\u00edpravou prostoru p\u0159es dopravu a mont\u00e1\u017e za\u0159\u00edzen\u00ed a\u017e po kontroln\u00ed prohl\u00eddky. D\u00edky na\u0161im znalostem [&hellip;]\" \/>\n<meta property=\"og:url\" content=\"https:\/\/outdoor-gym.com\/cz\/sluzby\/poradenstvi\/\" \/>\n<meta property=\"og:site_name\" content=\"Trainer\" \/>\n<meta property=\"article:modified_time\" content=\"2023-02-01T10:09:45+00:00\" \/>\n<meta property=\"og:image\" content=\"https:\/\/outdoor-gym.com\/cz\/wp-content\/uploads\/Poradenstvi.jpg\" \/>\n<meta name=\"twitter:card\" content=\"summary_large_image\" \/>\n<meta name=\"twitter:label1\" content=\"Szacowany czas czytania\" \/>\n\t<meta name=\"twitter:data1\" content=\"1 minuta\" \/>\n<script type=\"application\/ld+json\" class=\"yoast-schema-graph\">{\"@context\":\"https:\/\/schema.org\",\"@graph\":[{\"@type\":\"WebPage\",\"@id\":\"https:\/\/outdoor-gym.com\/cz\/sluzby\/poradenstvi\/\",\"url\":\"https:\/\/outdoor-gym.com\/cz\/sluzby\/poradenstvi\/\",\"name\":\"Poradenstv\u00ed - Trainer\",\"isPartOf\":{\"@id\":\"https:\/\/outdoor-gym.com\/cz\/#website\"},\"primaryImageOfPage\":{\"@id\":\"https:\/\/outdoor-gym.com\/cz\/sluzby\/poradenstvi\/#primaryimage\"},\"image\":{\"@id\":\"https:\/\/outdoor-gym.com\/cz\/sluzby\/poradenstvi\/#primaryimage\"},\"thumbnailUrl\":\"https:\/\/outdoor-gym.com\/cz\/wp-content\/uploads\/Poradenstvi.jpg\",\"datePublished\":\"2021-01-12T12:56:08+00:00\",\"dateModified\":\"2023-02-01T10:09:45+00:00\",\"breadcrumb\":{\"@id\":\"https:\/\/outdoor-gym.com\/cz\/sluzby\/poradenstvi\/#breadcrumb\"},\"inLanguage\":\"pl-PL\",\"potentialAction\":[{\"@type\":\"ReadAction\",\"target\":[\"https:\/\/outdoor-gym.com\/cz\/sluzby\/poradenstvi\/\"]}]},{\"@type\":\"ImageObject\",\"inLanguage\":\"pl-PL\",\"@id\":\"https:\/\/outdoor-gym.com\/cz\/sluzby\/poradenstvi\/#primaryimage\",\"url\":\"https:\/\/outdoor-gym.com\/cz\/wp-content\/uploads\/Poradenstvi.jpg\",\"contentUrl\":\"https:\/\/outdoor-gym.com\/cz\/wp-content\/uploads\/Poradenstvi.jpg\",\"width\":1000,\"height\":493,\"caption\":\"Poradenstv\u00ed - Venkovn\u00ed cvi\u010debn\u00ed prvky\"},{\"@type\":\"BreadcrumbList\",\"@id\":\"https:\/\/outdoor-gym.com\/cz\/sluzby\/poradenstvi\/#breadcrumb\",\"itemListElement\":[{\"@type\":\"ListItem\",\"position\":1,\"name\":\"cz\",\"item\":\"https:\/\/outdoor-gym.com\/cz\/\"},{\"@type\":\"ListItem\",\"position\":2,\"name\":\"SLU\u017dBY\",\"item\":\"https:\/\/outdoor-gym.com\/cz\/sluzby\/\"},{\"@type\":\"ListItem\",\"position\":3,\"name\":\"Poradenstv\u00ed\"}]},{\"@type\":\"WebSite\",\"@id\":\"https:\/\/outdoor-gym.com\/cz\/#website\",\"url\":\"https:\/\/outdoor-gym.com\/cz\/\",\"name\":\"Trainer\",\"description\":\"Trainer  Venkovn\u00ed posilovna\",\"potentialAction\":[{\"@type\":\"SearchAction\",\"target\":{\"@type\":\"EntryPoint\",\"urlTemplate\":\"https:\/\/outdoor-gym.com\/cz\/?s={search_term_string}\"},\"query-input\":{\"@type\":\"PropertyValueSpecification\",\"valueRequired\":true,\"valueName\":\"search_term_string\"}}],\"inLanguage\":\"pl-PL\"}]}<\/script>\n<!-- \/ Yoast SEO plugin. -->","yoast_head_json":{"title":"Poradenstv\u00ed - Trainer","robots":{"index":"index","follow":"follow","max-snippet":"max-snippet:-1","max-image-preview":"max-image-preview:large","max-video-preview":"max-video-preview:-1"},"canonical":"https:\/\/outdoor-gym.com\/cz\/sluzby\/poradenstvi\/","og_locale":"cs_CZ","og_type":"article","og_title":"Poradenstv\u00ed - Trainer","og_description":"Poskytujeme odborn\u00e9 poradenstv\u00ed a podporu ve v\u0161ech f\u00e1z\u00edch realizace zak\u00e1zky. Analyzujeme projektovou dokumentaci a porad\u00edme s v\u00fdb\u011brem vhodn\u00e9ho vybaven\u00ed. Bereme v \u00favahu um\u00edst\u011bn\u00ed venkovn\u00edch posiloven a jejich zam\u011b\u0159en\u00ed. Z des\u00edtek mo\u017enost\u00ed v\u00e1m pom\u016f\u017eeme vybrat tu nejlep\u0161\u00ed! Pl\u00e1nujeme jednotliv\u00e9 etapy prac\u00ed, po\u010d\u00ednaje p\u0159\u00edpravou prostoru p\u0159es dopravu a mont\u00e1\u017e za\u0159\u00edzen\u00ed a\u017e po kontroln\u00ed prohl\u00eddky. D\u00edky na\u0161im znalostem [&hellip;]","og_url":"https:\/\/outdoor-gym.com\/cz\/sluzby\/poradenstvi\/","og_site_name":"Trainer","article_modified_time":"2023-02-01T10:09:45+00:00","og_image":[{"url":"https:\/\/outdoor-gym.com\/cz\/wp-content\/uploads\/Poradenstvi.jpg","type":"","width":"","height":""}],"twitter_card":"summary_large_image","twitter_misc":{"Szacowany czas czytania":"1 minuta"},"schema":{"@context":"https:\/\/schema.org","@graph":[{"@type":"WebPage","@id":"https:\/\/outdoor-gym.com\/cz\/sluzby\/poradenstvi\/","url":"https:\/\/outdoor-gym.com\/cz\/sluzby\/poradenstvi\/","name":"Poradenstv\u00ed - Trainer","isPartOf":{"@id":"https:\/\/outdoor-gym.com\/cz\/#website"},"primaryImageOfPage":{"@id":"https:\/\/outdoor-gym.com\/cz\/sluzby\/poradenstvi\/#primaryimage"},"image":{"@id":"https:\/\/outdoor-gym.com\/cz\/sluzby\/poradenstvi\/#primaryimage"},"thumbnailUrl":"https:\/\/outdoor-gym.com\/cz\/wp-content\/uploads\/Poradenstvi.jpg","datePublished":"2021-01-12T12:56:08+00:00","dateModified":"2023-02-01T10:09:45+00:00","breadcrumb":{"@id":"https:\/\/outdoor-gym.com\/cz\/sluzby\/poradenstvi\/#breadcrumb"},"inLanguage":"pl-PL","potentialAction":[{"@type":"ReadAction","target":["https:\/\/outdoor-gym.com\/cz\/sluzby\/poradenstvi\/"]}]},{"@type":"ImageObject","inLanguage":"pl-PL","@id":"https:\/\/outdoor-gym.com\/cz\/sluzby\/poradenstvi\/#primaryimage","url":"https:\/\/outdoor-gym.com\/cz\/wp-content\/uploads\/Poradenstvi.jpg","contentUrl":"https:\/\/outdoor-gym.com\/cz\/wp-content\/uploads\/Poradenstvi.jpg","width":1000,"height":493,"caption":"Poradenstv\u00ed - Venkovn\u00ed cvi\u010debn\u00ed prvky"},{"@type":"BreadcrumbList","@id":"https:\/\/outdoor-gym.com\/cz\/sluzby\/poradenstvi\/#breadcrumb","itemListElement":[{"@type":"ListItem","position":1,"name":"cz","item":"https:\/\/outdoor-gym.com\/cz\/"},{"@type":"ListItem","position":2,"name":"SLU\u017dBY","item":"https:\/\/outdoor-gym.com\/cz\/sluzby\/"},{"@type":"ListItem","position":3,"name":"Poradenstv\u00ed"}]},{"@type":"WebSite","@id":"https:\/\/outdoor-gym.com\/cz\/#website","url":"https:\/\/outdoor-gym.com\/cz\/","name":"Trainer","description":"Trainer  Venkovn\u00ed posilovna","potentialAction":[{"@type":"SearchAction","target":{"@type":"EntryPoint","urlTemplate":"https:\/\/outdoor-gym.com\/cz\/?s={search_term_string}"},"query-input":{"@type":"PropertyValueSpecification","valueRequired":true,"valueName":"search_term_string"}}],"inLanguage":"pl-PL"}]}},"_links":{"self":[{"href":"https:\/\/outdoor-gym.com\/cz\/wp-json\/wp\/v2\/pages\/1072","targetHints":{"allow":["GET"]}}],"collection":[{"href":"https:\/\/outdoor-gym.com\/cz\/wp-json\/wp\/v2\/pages"}],"about":[{"href":"https:\/\/outdoor-gym.com\/cz\/wp-json\/wp\/v2\/types\/page"}],"author":[{"embeddable":true,"href":"https:\/\/outdoor-gym.com\/cz\/wp-json\/wp\/v2\/users\/1"}],"replies":[{"embeddable":true,"href":"https:\/\/outdoor-gym.com\/cz\/wp-json\/wp\/v2\/comments?post=1072"}],"version-history":[{"count":8,"href":"https:\/\/outdoor-gym.com\/cz\/wp-json\/wp\/v2\/pages\/1072\/revisions"}],"predecessor-version":[{"id":4004,"href":"https:\/\/outdoor-gym.com\/cz\/wp-json\/wp\/v2\/pages\/1072\/revisions\/4004"}],"up":[{"embeddable":true,"href":"https:\/\/outdoor-gym.com\/cz\/wp-json\/wp\/v2\/pages\/932"}],"wp:attachment":[{"href":"https:\/\/outdoor-gym.com\/cz\/wp-json\/wp\/v2\/media?parent=1072"}],"curies":[{"name":"wp","href":"https:\/\/api.w.org\/{rel}","templated":true}]}}