{"id":1217,"date":"2021-01-18T13:11:59","date_gmt":"2021-01-18T12:11:59","guid":{"rendered":"https:\/\/outdoor-gym.com\/cz\/?page_id=1217"},"modified":"2023-02-01T11:13:38","modified_gmt":"2023-02-01T10:13:38","slug":"projektovani","status":"publish","type":"page","link":"https:\/\/outdoor-gym.com\/cz\/sluzby\/projektovani\/","title":{"rendered":"Projektov\u00e1n\u00ed"},"content":{"rendered":"<p><img loading=\"lazy\" decoding=\"async\" class=\"alignnone wp-image-4006 size-full\" src=\"https:\/\/outdoor-gym.com\/cz\/wp-content\/uploads\/TRAINER-Outdoor-Fitness-Projektovani.jpg\" alt=\"Projektov\u00e1n\u00ed Venkovn\u00ed posilovna \" width=\"1000\" height=\"350\" srcset=\"https:\/\/outdoor-gym.com\/cz\/wp-content\/uploads\/TRAINER-Outdoor-Fitness-Projektovani.jpg 1000w, https:\/\/outdoor-gym.com\/cz\/wp-content\/uploads\/TRAINER-Outdoor-Fitness-Projektovani-600x210.jpg 600w, https:\/\/outdoor-gym.com\/cz\/wp-content\/uploads\/TRAINER-Outdoor-Fitness-Projektovani-768x269.jpg 768w\" sizes=\"auto, (max-width: 1000px) 100vw, 1000px\" \/><\/p>\n<p>D\u00edky \u0161irok\u00e9 nab\u00eddce za\u0159\u00edzen\u00ed a \u0161irok\u00e9 \u0161k\u00e1le barev v kombinaci s precizn\u00edm zpracov\u00e1n\u00edm p\u0159edstavuj\u00ed venkovn\u00ed posilovny TRAINER skute\u010dnou vizitku park\u016f, zahrad, ve\u0159ejn\u00fdch prostranstv\u00ed a d\u011btsk\u00fdch h\u0159i\u0161\u0165. <strong>Spolu s architekty z cel\u00e9 Evropy<\/strong> vytv\u00e1\u0159\u00edme rekrea\u010dn\u00ed m\u00edsta s venkovn\u00edmi posilovnami, kter\u00e1 jsou p\u0159izp\u016fsobena lidem v\u0161ech v\u011bkov\u00fdch kategori\u00ed.<\/p>\n<p><strong>Navrhujeme nov\u00e9 prostory a m\u011bn\u00edme ty st\u00e1vaj\u00edc\u00ed.<\/strong> R\u00e1di se sezn\u00e1m\u00edme s va\u0161imi po\u017eadavky a pom\u016f\u017eeme v\u00e1m vytvo\u0159it vysn\u011bnou venkovn\u00ed posilovnu.<\/p>\n<p><img loading=\"lazy\" decoding=\"async\" class=\"alignnone wp-image-4007 size-full\" src=\"https:\/\/outdoor-gym.com\/cz\/wp-content\/uploads\/Projektovani-Outdoor-Fitness.jpg\" alt=\"Venkovn\u00ed posilovna - Projektov\u00e1n\u00ed FITNESS PARKY \" width=\"900\" height=\"446\" srcset=\"https:\/\/outdoor-gym.com\/cz\/wp-content\/uploads\/Projektovani-Outdoor-Fitness.jpg 900w, https:\/\/outdoor-gym.com\/cz\/wp-content\/uploads\/Projektovani-Outdoor-Fitness-600x297.jpg 600w, https:\/\/outdoor-gym.com\/cz\/wp-content\/uploads\/Projektovani-Outdoor-Fitness-768x381.jpg 768w\" sizes=\"auto, (max-width: 900px) 100vw, 900px\" \/><\/p>\n","protected":false},"excerpt":{"rendered":"<p>D\u00edky \u0161irok\u00e9 nab\u00eddce za\u0159\u00edzen\u00ed a \u0161irok\u00e9 \u0161k\u00e1le barev v kombinaci s precizn\u00edm zpracov\u00e1n\u00edm p\u0159edstavuj\u00ed venkovn\u00ed posilovny TRAINER skute\u010dnou vizitku park\u016f, zahrad, ve\u0159ejn\u00fdch prostranstv\u00ed a d\u011btsk\u00fdch h\u0159i\u0161\u0165. Spolu s architekty z cel\u00e9 Evropy vytv\u00e1\u0159\u00edme rekrea\u010dn\u00ed m\u00edsta s venkovn\u00edmi posilovnami, kter\u00e1 jsou p\u0159izp\u016fsobena lidem v\u0161ech v\u011bkov\u00fdch kategori\u00ed. Navrhujeme nov\u00e9 prostory a m\u011bn\u00edme ty st\u00e1vaj\u00edc\u00ed. R\u00e1di se sezn\u00e1m\u00edme [&hellip;]<\/p>\n","protected":false},"author":1,"featured_media":0,"parent":932,"menu_order":0,"comment_status":"closed","ping_status":"closed","template":"template-usluga.php","meta":{"_acf_changed":false,"footnotes":""},"class_list":["post-1217","page","type-page","status-publish","hentry"],"acf":[],"yoast_head":"<!-- This site is optimized with the Yoast SEO plugin v26.8 - https:\/\/yoast.com\/product\/yoast-seo-wordpress\/ -->\n<title>Projektov\u00e1n\u00ed - Trainer<\/title>\n<meta name=\"robots\" content=\"index, follow, max-snippet:-1, max-image-preview:large, max-video-preview:-1\" \/>\n<link rel=\"canonical\" href=\"https:\/\/outdoor-gym.com\/cz\/sluzby\/projektovani\/\" \/>\n<meta property=\"og:locale\" content=\"cs_CZ\" \/>\n<meta property=\"og:type\" content=\"article\" \/>\n<meta property=\"og:title\" content=\"Projektov\u00e1n\u00ed - Trainer\" \/>\n<meta property=\"og:description\" content=\"D\u00edky \u0161irok\u00e9 nab\u00eddce za\u0159\u00edzen\u00ed a \u0161irok\u00e9 \u0161k\u00e1le barev v kombinaci s precizn\u00edm zpracov\u00e1n\u00edm p\u0159edstavuj\u00ed venkovn\u00ed posilovny TRAINER skute\u010dnou vizitku park\u016f, zahrad, ve\u0159ejn\u00fdch prostranstv\u00ed a d\u011btsk\u00fdch h\u0159i\u0161\u0165. Spolu s architekty z cel\u00e9 Evropy vytv\u00e1\u0159\u00edme rekrea\u010dn\u00ed m\u00edsta s venkovn\u00edmi posilovnami, kter\u00e1 jsou p\u0159izp\u016fsobena lidem v\u0161ech v\u011bkov\u00fdch kategori\u00ed. Navrhujeme nov\u00e9 prostory a m\u011bn\u00edme ty st\u00e1vaj\u00edc\u00ed. R\u00e1di se sezn\u00e1m\u00edme [&hellip;]\" \/>\n<meta property=\"og:url\" content=\"https:\/\/outdoor-gym.com\/cz\/sluzby\/projektovani\/\" \/>\n<meta property=\"og:site_name\" content=\"Trainer\" \/>\n<meta property=\"article:modified_time\" content=\"2023-02-01T10:13:38+00:00\" \/>\n<meta property=\"og:image\" content=\"https:\/\/outdoor-gym.com\/cz\/wp-content\/uploads\/TRAINER-Outdoor-Fitness-Projektovani.jpg\" \/>\n<meta name=\"twitter:card\" content=\"summary_large_image\" \/>\n<meta name=\"twitter:label1\" content=\"Szacowany czas czytania\" \/>\n\t<meta name=\"twitter:data1\" content=\"1 minuta\" \/>\n<script type=\"application\/ld+json\" class=\"yoast-schema-graph\">{\"@context\":\"https:\/\/schema.org\",\"@graph\":[{\"@type\":\"WebPage\",\"@id\":\"https:\/\/outdoor-gym.com\/cz\/sluzby\/projektovani\/\",\"url\":\"https:\/\/outdoor-gym.com\/cz\/sluzby\/projektovani\/\",\"name\":\"Projektov\u00e1n\u00ed - Trainer\",\"isPartOf\":{\"@id\":\"https:\/\/outdoor-gym.com\/cz\/#website\"},\"primaryImageOfPage\":{\"@id\":\"https:\/\/outdoor-gym.com\/cz\/sluzby\/projektovani\/#primaryimage\"},\"image\":{\"@id\":\"https:\/\/outdoor-gym.com\/cz\/sluzby\/projektovani\/#primaryimage\"},\"thumbnailUrl\":\"https:\/\/outdoor-gym.com\/cz\/wp-content\/uploads\/TRAINER-Outdoor-Fitness-Projektovani.jpg\",\"datePublished\":\"2021-01-18T12:11:59+00:00\",\"dateModified\":\"2023-02-01T10:13:38+00:00\",\"breadcrumb\":{\"@id\":\"https:\/\/outdoor-gym.com\/cz\/sluzby\/projektovani\/#breadcrumb\"},\"inLanguage\":\"pl-PL\",\"potentialAction\":[{\"@type\":\"ReadAction\",\"target\":[\"https:\/\/outdoor-gym.com\/cz\/sluzby\/projektovani\/\"]}]},{\"@type\":\"ImageObject\",\"inLanguage\":\"pl-PL\",\"@id\":\"https:\/\/outdoor-gym.com\/cz\/sluzby\/projektovani\/#primaryimage\",\"url\":\"https:\/\/outdoor-gym.com\/cz\/wp-content\/uploads\/TRAINER-Outdoor-Fitness-Projektovani.jpg\",\"contentUrl\":\"https:\/\/outdoor-gym.com\/cz\/wp-content\/uploads\/TRAINER-Outdoor-Fitness-Projektovani.jpg\",\"width\":1000,\"height\":350,\"caption\":\"Projektov\u00e1n\u00ed Venkovn\u00ed posilovna\"},{\"@type\":\"BreadcrumbList\",\"@id\":\"https:\/\/outdoor-gym.com\/cz\/sluzby\/projektovani\/#breadcrumb\",\"itemListElement\":[{\"@type\":\"ListItem\",\"position\":1,\"name\":\"cz\",\"item\":\"https:\/\/outdoor-gym.com\/cz\/\"},{\"@type\":\"ListItem\",\"position\":2,\"name\":\"SLU\u017dBY\",\"item\":\"https:\/\/outdoor-gym.com\/cz\/sluzby\/\"},{\"@type\":\"ListItem\",\"position\":3,\"name\":\"Projektov\u00e1n\u00ed\"}]},{\"@type\":\"WebSite\",\"@id\":\"https:\/\/outdoor-gym.com\/cz\/#website\",\"url\":\"https:\/\/outdoor-gym.com\/cz\/\",\"name\":\"Trainer\",\"description\":\"Trainer  Venkovn\u00ed posilovna\",\"potentialAction\":[{\"@type\":\"SearchAction\",\"target\":{\"@type\":\"EntryPoint\",\"urlTemplate\":\"https:\/\/outdoor-gym.com\/cz\/?s={search_term_string}\"},\"query-input\":{\"@type\":\"PropertyValueSpecification\",\"valueRequired\":true,\"valueName\":\"search_term_string\"}}],\"inLanguage\":\"pl-PL\"}]}<\/script>\n<!-- \/ Yoast SEO plugin. -->","yoast_head_json":{"title":"Projektov\u00e1n\u00ed - Trainer","robots":{"index":"index","follow":"follow","max-snippet":"max-snippet:-1","max-image-preview":"max-image-preview:large","max-video-preview":"max-video-preview:-1"},"canonical":"https:\/\/outdoor-gym.com\/cz\/sluzby\/projektovani\/","og_locale":"cs_CZ","og_type":"article","og_title":"Projektov\u00e1n\u00ed - Trainer","og_description":"D\u00edky \u0161irok\u00e9 nab\u00eddce za\u0159\u00edzen\u00ed a \u0161irok\u00e9 \u0161k\u00e1le barev v kombinaci s precizn\u00edm zpracov\u00e1n\u00edm p\u0159edstavuj\u00ed venkovn\u00ed posilovny TRAINER skute\u010dnou vizitku park\u016f, zahrad, ve\u0159ejn\u00fdch prostranstv\u00ed a d\u011btsk\u00fdch h\u0159i\u0161\u0165. Spolu s architekty z cel\u00e9 Evropy vytv\u00e1\u0159\u00edme rekrea\u010dn\u00ed m\u00edsta s venkovn\u00edmi posilovnami, kter\u00e1 jsou p\u0159izp\u016fsobena lidem v\u0161ech v\u011bkov\u00fdch kategori\u00ed. Navrhujeme nov\u00e9 prostory a m\u011bn\u00edme ty st\u00e1vaj\u00edc\u00ed. R\u00e1di se sezn\u00e1m\u00edme [&hellip;]","og_url":"https:\/\/outdoor-gym.com\/cz\/sluzby\/projektovani\/","og_site_name":"Trainer","article_modified_time":"2023-02-01T10:13:38+00:00","og_image":[{"url":"https:\/\/outdoor-gym.com\/cz\/wp-content\/uploads\/TRAINER-Outdoor-Fitness-Projektovani.jpg","type":"","width":"","height":""}],"twitter_card":"summary_large_image","twitter_misc":{"Szacowany czas czytania":"1 minuta"},"schema":{"@context":"https:\/\/schema.org","@graph":[{"@type":"WebPage","@id":"https:\/\/outdoor-gym.com\/cz\/sluzby\/projektovani\/","url":"https:\/\/outdoor-gym.com\/cz\/sluzby\/projektovani\/","name":"Projektov\u00e1n\u00ed - Trainer","isPartOf":{"@id":"https:\/\/outdoor-gym.com\/cz\/#website"},"primaryImageOfPage":{"@id":"https:\/\/outdoor-gym.com\/cz\/sluzby\/projektovani\/#primaryimage"},"image":{"@id":"https:\/\/outdoor-gym.com\/cz\/sluzby\/projektovani\/#primaryimage"},"thumbnailUrl":"https:\/\/outdoor-gym.com\/cz\/wp-content\/uploads\/TRAINER-Outdoor-Fitness-Projektovani.jpg","datePublished":"2021-01-18T12:11:59+00:00","dateModified":"2023-02-01T10:13:38+00:00","breadcrumb":{"@id":"https:\/\/outdoor-gym.com\/cz\/sluzby\/projektovani\/#breadcrumb"},"inLanguage":"pl-PL","potentialAction":[{"@type":"ReadAction","target":["https:\/\/outdoor-gym.com\/cz\/sluzby\/projektovani\/"]}]},{"@type":"ImageObject","inLanguage":"pl-PL","@id":"https:\/\/outdoor-gym.com\/cz\/sluzby\/projektovani\/#primaryimage","url":"https:\/\/outdoor-gym.com\/cz\/wp-content\/uploads\/TRAINER-Outdoor-Fitness-Projektovani.jpg","contentUrl":"https:\/\/outdoor-gym.com\/cz\/wp-content\/uploads\/TRAINER-Outdoor-Fitness-Projektovani.jpg","width":1000,"height":350,"caption":"Projektov\u00e1n\u00ed Venkovn\u00ed posilovna"},{"@type":"BreadcrumbList","@id":"https:\/\/outdoor-gym.com\/cz\/sluzby\/projektovani\/#breadcrumb","itemListElement":[{"@type":"ListItem","position":1,"name":"cz","item":"https:\/\/outdoor-gym.com\/cz\/"},{"@type":"ListItem","position":2,"name":"SLU\u017dBY","item":"https:\/\/outdoor-gym.com\/cz\/sluzby\/"},{"@type":"ListItem","position":3,"name":"Projektov\u00e1n\u00ed"}]},{"@type":"WebSite","@id":"https:\/\/outdoor-gym.com\/cz\/#website","url":"https:\/\/outdoor-gym.com\/cz\/","name":"Trainer","description":"Trainer  Venkovn\u00ed posilovna","potentialAction":[{"@type":"SearchAction","target":{"@type":"EntryPoint","urlTemplate":"https:\/\/outdoor-gym.com\/cz\/?s={search_term_string}"},"query-input":{"@type":"PropertyValueSpecification","valueRequired":true,"valueName":"search_term_string"}}],"inLanguage":"pl-PL"}]}},"_links":{"self":[{"href":"https:\/\/outdoor-gym.com\/cz\/wp-json\/wp\/v2\/pages\/1217","targetHints":{"allow":["GET"]}}],"collection":[{"href":"https:\/\/outdoor-gym.com\/cz\/wp-json\/wp\/v2\/pages"}],"about":[{"href":"https:\/\/outdoor-gym.com\/cz\/wp-json\/wp\/v2\/types\/page"}],"author":[{"embeddable":true,"href":"https:\/\/outdoor-gym.com\/cz\/wp-json\/wp\/v2\/users\/1"}],"replies":[{"embeddable":true,"href":"https:\/\/outdoor-gym.com\/cz\/wp-json\/wp\/v2\/comments?post=1217"}],"version-history":[{"count":7,"href":"https:\/\/outdoor-gym.com\/cz\/wp-json\/wp\/v2\/pages\/1217\/revisions"}],"predecessor-version":[{"id":4008,"href":"https:\/\/outdoor-gym.com\/cz\/wp-json\/wp\/v2\/pages\/1217\/revisions\/4008"}],"up":[{"embeddable":true,"href":"https:\/\/outdoor-gym.com\/cz\/wp-json\/wp\/v2\/pages\/932"}],"wp:attachment":[{"href":"https:\/\/outdoor-gym.com\/cz\/wp-json\/wp\/v2\/media?parent=1217"}],"curies":[{"name":"wp","href":"https:\/\/api.w.org\/{rel}","templated":true}]}}