{"id":1219,"date":"2021-01-18T13:12:56","date_gmt":"2021-01-18T12:12:56","guid":{"rendered":"https:\/\/outdoor-gym.com\/cz\/?page_id=1219"},"modified":"2023-04-25T12:05:24","modified_gmt":"2023-04-25T10:05:24","slug":"doprava","status":"publish","type":"page","link":"https:\/\/outdoor-gym.com\/cz\/sluzby\/doprava\/","title":{"rendered":"Doprava"},"content":{"rendered":"<p><img loading=\"lazy\" decoding=\"async\" class=\"alignnone wp-image-4010 size-full\" src=\"https:\/\/outdoor-gym.com\/cz\/wp-content\/uploads\/Venkovni-fitness-stroje-Doprava.jpg\" alt=\"Outdoor Gym- Doprava\" width=\"1000\" height=\"422\" srcset=\"https:\/\/outdoor-gym.com\/cz\/wp-content\/uploads\/Venkovni-fitness-stroje-Doprava.jpg 1000w, https:\/\/outdoor-gym.com\/cz\/wp-content\/uploads\/Venkovni-fitness-stroje-Doprava-600x253.jpg 600w, https:\/\/outdoor-gym.com\/cz\/wp-content\/uploads\/Venkovni-fitness-stroje-Doprava-768x324.jpg 768w\" sizes=\"auto, (max-width: 1000px) 100vw, 1000px\" \/><\/p>\n<p>Dod\u00e1v\u00e1me venkovn\u00ed posilovny <strong>po cel\u00e9 Evrop\u011b.<\/strong> Dopravu zaji\u0161\u0165uj\u00ed extern\u00ed dopravci. Cena za dopravu je uv\u00e1d\u011bna v nab\u00eddce p\u0159i uzav\u00edr\u00e1n\u00ed transakce. Term\u00edn dod\u00e1n\u00ed je stanovov\u00e1n individu\u00e1ln\u011b.<\/p>\n<p>Umo\u017e\u0148ujeme <strong>tak\u00e9 osobn\u00ed vyzvednut\u00ed z na\u0161eho skladu,<\/strong> kter\u00fd se nach\u00e1z\u00ed na velmi dob\u0159e p\u0159\u00edstupn\u00e9m m\u00edst\u011b. Objednan\u00e9 v\u00fdrobky si m\u016f\u017eete vyzvednout po p\u0159edchoz\u00ed domluv\u011b.<\/p>\n<p><img loading=\"lazy\" decoding=\"async\" class=\"alignnone wp-image-4011 size-full\" src=\"https:\/\/outdoor-gym.com\/cz\/wp-content\/uploads\/Doprava-Venkovni-posilovaci-stroje.jpg\" alt=\"TRAINER Venkovn\u00ed posilovny - doprava\" width=\"1000\" height=\"688\" srcset=\"https:\/\/outdoor-gym.com\/cz\/wp-content\/uploads\/Doprava-Venkovni-posilovaci-stroje.jpg 1000w, https:\/\/outdoor-gym.com\/cz\/wp-content\/uploads\/Doprava-Venkovni-posilovaci-stroje-600x413.jpg 600w, https:\/\/outdoor-gym.com\/cz\/wp-content\/uploads\/Doprava-Venkovni-posilovaci-stroje-768x528.jpg 768w\" sizes=\"auto, (max-width: 1000px) 100vw, 1000px\" \/><\/p>\n","protected":false},"excerpt":{"rendered":"<p>Dod\u00e1v\u00e1me venkovn\u00ed posilovny po cel\u00e9 Evrop\u011b. Dopravu zaji\u0161\u0165uj\u00ed extern\u00ed dopravci. Cena za dopravu je uv\u00e1d\u011bna v nab\u00eddce p\u0159i uzav\u00edr\u00e1n\u00ed transakce. Term\u00edn dod\u00e1n\u00ed je stanovov\u00e1n individu\u00e1ln\u011b. Umo\u017e\u0148ujeme tak\u00e9 osobn\u00ed vyzvednut\u00ed z na\u0161eho skladu, kter\u00fd se nach\u00e1z\u00ed na velmi dob\u0159e p\u0159\u00edstupn\u00e9m m\u00edst\u011b. Objednan\u00e9 v\u00fdrobky si m\u016f\u017eete vyzvednout po p\u0159edchoz\u00ed domluv\u011b.<\/p>\n","protected":false},"author":1,"featured_media":0,"parent":932,"menu_order":0,"comment_status":"closed","ping_status":"closed","template":"template-usluga.php","meta":{"_acf_changed":false,"footnotes":""},"class_list":["post-1219","page","type-page","status-publish","hentry"],"acf":[],"yoast_head":"<!-- This site is optimized with the Yoast SEO plugin v26.8 - https:\/\/yoast.com\/product\/yoast-seo-wordpress\/ -->\n<title>Venkovn\u00ed h\u0159i\u0161t\u011b a kalistenika, nebo-li street workout<\/title>\n<meta name=\"robots\" content=\"index, follow, max-snippet:-1, max-image-preview:large, max-video-preview:-1\" \/>\n<link rel=\"canonical\" href=\"https:\/\/outdoor-gym.com\/cz\/sluzby\/doprava\/\" \/>\n<meta property=\"og:locale\" content=\"cs_CZ\" \/>\n<meta property=\"og:type\" content=\"article\" \/>\n<meta property=\"og:title\" content=\"Venkovn\u00ed h\u0159i\u0161t\u011b a kalistenika, nebo-li street workout\" \/>\n<meta property=\"og:description\" content=\"Dod\u00e1v\u00e1me venkovn\u00ed posilovny po cel\u00e9 Evrop\u011b. Dopravu zaji\u0161\u0165uj\u00ed extern\u00ed dopravci. Cena za dopravu je uv\u00e1d\u011bna v nab\u00eddce p\u0159i uzav\u00edr\u00e1n\u00ed transakce. Term\u00edn dod\u00e1n\u00ed je stanovov\u00e1n individu\u00e1ln\u011b. Umo\u017e\u0148ujeme tak\u00e9 osobn\u00ed vyzvednut\u00ed z na\u0161eho skladu, kter\u00fd se nach\u00e1z\u00ed na velmi dob\u0159e p\u0159\u00edstupn\u00e9m m\u00edst\u011b. Objednan\u00e9 v\u00fdrobky si m\u016f\u017eete vyzvednout po p\u0159edchoz\u00ed domluv\u011b.\" \/>\n<meta property=\"og:url\" content=\"https:\/\/outdoor-gym.com\/cz\/sluzby\/doprava\/\" \/>\n<meta property=\"og:site_name\" content=\"Trainer\" \/>\n<meta property=\"article:modified_time\" content=\"2023-04-25T10:05:24+00:00\" \/>\n<meta property=\"og:image\" content=\"https:\/\/outdoor-gym.com\/cz\/wp-content\/uploads\/Venkovni-fitness-stroje-Doprava.jpg\" \/>\n<meta name=\"twitter:card\" content=\"summary_large_image\" \/>\n<meta name=\"twitter:label1\" content=\"Szacowany czas czytania\" \/>\n\t<meta name=\"twitter:data1\" content=\"1 minuta\" \/>\n<script type=\"application\/ld+json\" class=\"yoast-schema-graph\">{\"@context\":\"https:\/\/schema.org\",\"@graph\":[{\"@type\":\"WebPage\",\"@id\":\"https:\/\/outdoor-gym.com\/cz\/sluzby\/doprava\/\",\"url\":\"https:\/\/outdoor-gym.com\/cz\/sluzby\/doprava\/\",\"name\":\"Venkovn\u00ed h\u0159i\u0161t\u011b a kalistenika, nebo-li street workout\",\"isPartOf\":{\"@id\":\"https:\/\/outdoor-gym.com\/cz\/#website\"},\"primaryImageOfPage\":{\"@id\":\"https:\/\/outdoor-gym.com\/cz\/sluzby\/doprava\/#primaryimage\"},\"image\":{\"@id\":\"https:\/\/outdoor-gym.com\/cz\/sluzby\/doprava\/#primaryimage\"},\"thumbnailUrl\":\"https:\/\/outdoor-gym.com\/cz\/wp-content\/uploads\/Venkovni-fitness-stroje-Doprava.jpg\",\"datePublished\":\"2021-01-18T12:12:56+00:00\",\"dateModified\":\"2023-04-25T10:05:24+00:00\",\"breadcrumb\":{\"@id\":\"https:\/\/outdoor-gym.com\/cz\/sluzby\/doprava\/#breadcrumb\"},\"inLanguage\":\"pl-PL\",\"potentialAction\":[{\"@type\":\"ReadAction\",\"target\":[\"https:\/\/outdoor-gym.com\/cz\/sluzby\/doprava\/\"]}]},{\"@type\":\"ImageObject\",\"inLanguage\":\"pl-PL\",\"@id\":\"https:\/\/outdoor-gym.com\/cz\/sluzby\/doprava\/#primaryimage\",\"url\":\"https:\/\/outdoor-gym.com\/cz\/wp-content\/uploads\/Venkovni-fitness-stroje-Doprava.jpg\",\"contentUrl\":\"https:\/\/outdoor-gym.com\/cz\/wp-content\/uploads\/Venkovni-fitness-stroje-Doprava.jpg\",\"width\":1000,\"height\":422,\"caption\":\"Outdoor Gym- Doprava\"},{\"@type\":\"BreadcrumbList\",\"@id\":\"https:\/\/outdoor-gym.com\/cz\/sluzby\/doprava\/#breadcrumb\",\"itemListElement\":[{\"@type\":\"ListItem\",\"position\":1,\"name\":\"cz\",\"item\":\"https:\/\/outdoor-gym.com\/cz\/\"},{\"@type\":\"ListItem\",\"position\":2,\"name\":\"SLU\u017dBY\",\"item\":\"https:\/\/outdoor-gym.com\/cz\/sluzby\/\"},{\"@type\":\"ListItem\",\"position\":3,\"name\":\"Doprava\"}]},{\"@type\":\"WebSite\",\"@id\":\"https:\/\/outdoor-gym.com\/cz\/#website\",\"url\":\"https:\/\/outdoor-gym.com\/cz\/\",\"name\":\"Trainer\",\"description\":\"Trainer  Venkovn\u00ed posilovna\",\"potentialAction\":[{\"@type\":\"SearchAction\",\"target\":{\"@type\":\"EntryPoint\",\"urlTemplate\":\"https:\/\/outdoor-gym.com\/cz\/?s={search_term_string}\"},\"query-input\":{\"@type\":\"PropertyValueSpecification\",\"valueRequired\":true,\"valueName\":\"search_term_string\"}}],\"inLanguage\":\"pl-PL\"}]}<\/script>\n<!-- \/ Yoast SEO plugin. -->","yoast_head_json":{"title":"Venkovn\u00ed h\u0159i\u0161t\u011b a kalistenika, nebo-li street workout","robots":{"index":"index","follow":"follow","max-snippet":"max-snippet:-1","max-image-preview":"max-image-preview:large","max-video-preview":"max-video-preview:-1"},"canonical":"https:\/\/outdoor-gym.com\/cz\/sluzby\/doprava\/","og_locale":"cs_CZ","og_type":"article","og_title":"Venkovn\u00ed h\u0159i\u0161t\u011b a kalistenika, nebo-li street workout","og_description":"Dod\u00e1v\u00e1me venkovn\u00ed posilovny po cel\u00e9 Evrop\u011b. Dopravu zaji\u0161\u0165uj\u00ed extern\u00ed dopravci. Cena za dopravu je uv\u00e1d\u011bna v nab\u00eddce p\u0159i uzav\u00edr\u00e1n\u00ed transakce. Term\u00edn dod\u00e1n\u00ed je stanovov\u00e1n individu\u00e1ln\u011b. Umo\u017e\u0148ujeme tak\u00e9 osobn\u00ed vyzvednut\u00ed z na\u0161eho skladu, kter\u00fd se nach\u00e1z\u00ed na velmi dob\u0159e p\u0159\u00edstupn\u00e9m m\u00edst\u011b. Objednan\u00e9 v\u00fdrobky si m\u016f\u017eete vyzvednout po p\u0159edchoz\u00ed domluv\u011b.","og_url":"https:\/\/outdoor-gym.com\/cz\/sluzby\/doprava\/","og_site_name":"Trainer","article_modified_time":"2023-04-25T10:05:24+00:00","og_image":[{"url":"https:\/\/outdoor-gym.com\/cz\/wp-content\/uploads\/Venkovni-fitness-stroje-Doprava.jpg","type":"","width":"","height":""}],"twitter_card":"summary_large_image","twitter_misc":{"Szacowany czas czytania":"1 minuta"},"schema":{"@context":"https:\/\/schema.org","@graph":[{"@type":"WebPage","@id":"https:\/\/outdoor-gym.com\/cz\/sluzby\/doprava\/","url":"https:\/\/outdoor-gym.com\/cz\/sluzby\/doprava\/","name":"Venkovn\u00ed h\u0159i\u0161t\u011b a kalistenika, nebo-li street workout","isPartOf":{"@id":"https:\/\/outdoor-gym.com\/cz\/#website"},"primaryImageOfPage":{"@id":"https:\/\/outdoor-gym.com\/cz\/sluzby\/doprava\/#primaryimage"},"image":{"@id":"https:\/\/outdoor-gym.com\/cz\/sluzby\/doprava\/#primaryimage"},"thumbnailUrl":"https:\/\/outdoor-gym.com\/cz\/wp-content\/uploads\/Venkovni-fitness-stroje-Doprava.jpg","datePublished":"2021-01-18T12:12:56+00:00","dateModified":"2023-04-25T10:05:24+00:00","breadcrumb":{"@id":"https:\/\/outdoor-gym.com\/cz\/sluzby\/doprava\/#breadcrumb"},"inLanguage":"pl-PL","potentialAction":[{"@type":"ReadAction","target":["https:\/\/outdoor-gym.com\/cz\/sluzby\/doprava\/"]}]},{"@type":"ImageObject","inLanguage":"pl-PL","@id":"https:\/\/outdoor-gym.com\/cz\/sluzby\/doprava\/#primaryimage","url":"https:\/\/outdoor-gym.com\/cz\/wp-content\/uploads\/Venkovni-fitness-stroje-Doprava.jpg","contentUrl":"https:\/\/outdoor-gym.com\/cz\/wp-content\/uploads\/Venkovni-fitness-stroje-Doprava.jpg","width":1000,"height":422,"caption":"Outdoor Gym- Doprava"},{"@type":"BreadcrumbList","@id":"https:\/\/outdoor-gym.com\/cz\/sluzby\/doprava\/#breadcrumb","itemListElement":[{"@type":"ListItem","position":1,"name":"cz","item":"https:\/\/outdoor-gym.com\/cz\/"},{"@type":"ListItem","position":2,"name":"SLU\u017dBY","item":"https:\/\/outdoor-gym.com\/cz\/sluzby\/"},{"@type":"ListItem","position":3,"name":"Doprava"}]},{"@type":"WebSite","@id":"https:\/\/outdoor-gym.com\/cz\/#website","url":"https:\/\/outdoor-gym.com\/cz\/","name":"Trainer","description":"Trainer  Venkovn\u00ed posilovna","potentialAction":[{"@type":"SearchAction","target":{"@type":"EntryPoint","urlTemplate":"https:\/\/outdoor-gym.com\/cz\/?s={search_term_string}"},"query-input":{"@type":"PropertyValueSpecification","valueRequired":true,"valueName":"search_term_string"}}],"inLanguage":"pl-PL"}]}},"_links":{"self":[{"href":"https:\/\/outdoor-gym.com\/cz\/wp-json\/wp\/v2\/pages\/1219","targetHints":{"allow":["GET"]}}],"collection":[{"href":"https:\/\/outdoor-gym.com\/cz\/wp-json\/wp\/v2\/pages"}],"about":[{"href":"https:\/\/outdoor-gym.com\/cz\/wp-json\/wp\/v2\/types\/page"}],"author":[{"embeddable":true,"href":"https:\/\/outdoor-gym.com\/cz\/wp-json\/wp\/v2\/users\/1"}],"replies":[{"embeddable":true,"href":"https:\/\/outdoor-gym.com\/cz\/wp-json\/wp\/v2\/comments?post=1219"}],"version-history":[{"count":7,"href":"https:\/\/outdoor-gym.com\/cz\/wp-json\/wp\/v2\/pages\/1219\/revisions"}],"predecessor-version":[{"id":4012,"href":"https:\/\/outdoor-gym.com\/cz\/wp-json\/wp\/v2\/pages\/1219\/revisions\/4012"}],"up":[{"embeddable":true,"href":"https:\/\/outdoor-gym.com\/cz\/wp-json\/wp\/v2\/pages\/932"}],"wp:attachment":[{"href":"https:\/\/outdoor-gym.com\/cz\/wp-json\/wp\/v2\/media?parent=1219"}],"curies":[{"name":"wp","href":"https:\/\/api.w.org\/{rel}","templated":true}]}}