{"id":1222,"date":"2021-01-18T13:13:05","date_gmt":"2021-01-18T12:13:05","guid":{"rendered":"https:\/\/outdoor-gym.com\/cz\/?page_id=1222"},"modified":"2023-12-20T13:13:25","modified_gmt":"2023-12-20T12:13:25","slug":"montaz","status":"publish","type":"page","link":"https:\/\/outdoor-gym.com\/cz\/sluzby\/montaz\/","title":{"rendered":"Mont\u00e1\u017e"},"content":{"rendered":"<p>Rozsah na\u0161ich slu\u017eeb zahrnuje tak\u00e9 v\u0161echny pot\u0159ebn\u00e9 mont\u00e1\u017en\u00ed pr\u00e1ce. Zaji\u0161\u0165ujeme mont\u00e1\u017e venkovn\u00edch posiloven v cel\u00e9 Evrop\u011b.<\/p>\n<p>Na\u0161e posilovny si m\u016f\u017eete <strong>nainstalovat tak\u00e9 sami<\/strong>. Postup instalace je <strong>velmi jednoduch\u00fd.<\/strong> Cel\u00fdm postupem v\u00e1s krok za krokem provedou mont\u00e1\u017en\u00ed n\u00e1vody p\u0159ipraven\u00e9 odborn\u00edky. Spolu s ka\u017edou na\u0161\u00ed venkovn\u00ed posilovnou je dod\u00e1v\u00e1na speci\u00e1ln\u00ed zemn\u00ed kotva, kter\u00e1 je ur\u010dena k mont\u00e1\u017ei do z\u00e1kladu. M\u016f\u017eete tak\u00e9 vyu\u017e\u00edt <strong>slu\u017eby specializovan\u00fdch mont\u00e1\u017en\u00edch firem.<\/strong> Spolupracujeme s <strong>mnoha firmami po cel\u00e9 Evrop\u011b.<\/strong> Kontaktujte n\u00e1s.<\/p>\n<h4><a class=\"in-button in-download-button\" href=\"https:\/\/outdoor-gym.com\/cz\/wp-content\/uploads\/trainer-montazni-navod.pdf\" target=\"_blank\" rel=\"noopener\">ST\u00c1HN\u011aTE SI MONT\u00c1\u017dN\u00cd N\u00c1VOD<\/a><\/h4>\n","protected":false},"excerpt":{"rendered":"<p>Rozsah na\u0161ich slu\u017eeb zahrnuje tak\u00e9 v\u0161echny pot\u0159ebn\u00e9 mont\u00e1\u017en\u00ed pr\u00e1ce. Zaji\u0161\u0165ujeme mont\u00e1\u017e venkovn\u00edch posiloven v cel\u00e9 Evrop\u011b. Na\u0161e posilovny si m\u016f\u017eete nainstalovat tak\u00e9 sami. Postup instalace je velmi jednoduch\u00fd. Cel\u00fdm postupem v\u00e1s krok za krokem provedou mont\u00e1\u017en\u00ed n\u00e1vody p\u0159ipraven\u00e9 odborn\u00edky. Spolu s ka\u017edou na\u0161\u00ed venkovn\u00ed posilovnou je dod\u00e1v\u00e1na speci\u00e1ln\u00ed zemn\u00ed kotva, kter\u00e1 je ur\u010dena k mont\u00e1\u017ei [&hellip;]<\/p>\n","protected":false},"author":1,"featured_media":0,"parent":932,"menu_order":0,"comment_status":"closed","ping_status":"closed","template":"template-usluga.php","meta":{"_acf_changed":false,"footnotes":""},"class_list":["post-1222","page","type-page","status-publish","hentry"],"acf":[],"yoast_head":"<!-- This site is optimized with the Yoast SEO plugin v26.8 - https:\/\/yoast.com\/product\/yoast-seo-wordpress\/ -->\n<title>Mont\u00e1\u017e - Venkovn\u00ed posilovna na zahradu<\/title>\n<meta name=\"robots\" content=\"index, follow, max-snippet:-1, max-image-preview:large, max-video-preview:-1\" \/>\n<link rel=\"canonical\" href=\"https:\/\/outdoor-gym.com\/cz\/sluzby\/montaz\/\" \/>\n<meta property=\"og:locale\" content=\"cs_CZ\" \/>\n<meta property=\"og:type\" content=\"article\" \/>\n<meta property=\"og:title\" content=\"Mont\u00e1\u017e - Venkovn\u00ed posilovna na zahradu\" \/>\n<meta property=\"og:description\" content=\"Rozsah na\u0161ich slu\u017eeb zahrnuje tak\u00e9 v\u0161echny pot\u0159ebn\u00e9 mont\u00e1\u017en\u00ed pr\u00e1ce. Zaji\u0161\u0165ujeme mont\u00e1\u017e venkovn\u00edch posiloven v cel\u00e9 Evrop\u011b. Na\u0161e posilovny si m\u016f\u017eete nainstalovat tak\u00e9 sami. Postup instalace je velmi jednoduch\u00fd. Cel\u00fdm postupem v\u00e1s krok za krokem provedou mont\u00e1\u017en\u00ed n\u00e1vody p\u0159ipraven\u00e9 odborn\u00edky. Spolu s ka\u017edou na\u0161\u00ed venkovn\u00ed posilovnou je dod\u00e1v\u00e1na speci\u00e1ln\u00ed zemn\u00ed kotva, kter\u00e1 je ur\u010dena k mont\u00e1\u017ei [&hellip;]\" \/>\n<meta property=\"og:url\" content=\"https:\/\/outdoor-gym.com\/cz\/sluzby\/montaz\/\" \/>\n<meta property=\"og:site_name\" content=\"Trainer\" \/>\n<meta property=\"article:modified_time\" content=\"2023-12-20T12:13:25+00:00\" \/>\n<meta name=\"twitter:card\" content=\"summary_large_image\" \/>\n<meta name=\"twitter:label1\" content=\"Szacowany czas czytania\" \/>\n\t<meta name=\"twitter:data1\" content=\"1 minuta\" \/>\n<script type=\"application\/ld+json\" class=\"yoast-schema-graph\">{\"@context\":\"https:\/\/schema.org\",\"@graph\":[{\"@type\":\"WebPage\",\"@id\":\"https:\/\/outdoor-gym.com\/cz\/sluzby\/montaz\/\",\"url\":\"https:\/\/outdoor-gym.com\/cz\/sluzby\/montaz\/\",\"name\":\"Mont\u00e1\u017e - Venkovn\u00ed posilovna na zahradu\",\"isPartOf\":{\"@id\":\"https:\/\/outdoor-gym.com\/cz\/#website\"},\"datePublished\":\"2021-01-18T12:13:05+00:00\",\"dateModified\":\"2023-12-20T12:13:25+00:00\",\"breadcrumb\":{\"@id\":\"https:\/\/outdoor-gym.com\/cz\/sluzby\/montaz\/#breadcrumb\"},\"inLanguage\":\"pl-PL\",\"potentialAction\":[{\"@type\":\"ReadAction\",\"target\":[\"https:\/\/outdoor-gym.com\/cz\/sluzby\/montaz\/\"]}]},{\"@type\":\"BreadcrumbList\",\"@id\":\"https:\/\/outdoor-gym.com\/cz\/sluzby\/montaz\/#breadcrumb\",\"itemListElement\":[{\"@type\":\"ListItem\",\"position\":1,\"name\":\"cz\",\"item\":\"https:\/\/outdoor-gym.com\/cz\/\"},{\"@type\":\"ListItem\",\"position\":2,\"name\":\"SLU\u017dBY\",\"item\":\"https:\/\/outdoor-gym.com\/cz\/sluzby\/\"},{\"@type\":\"ListItem\",\"position\":3,\"name\":\"Mont\u00e1\u017e\"}]},{\"@type\":\"WebSite\",\"@id\":\"https:\/\/outdoor-gym.com\/cz\/#website\",\"url\":\"https:\/\/outdoor-gym.com\/cz\/\",\"name\":\"Trainer\",\"description\":\"Trainer  Venkovn\u00ed posilovna\",\"potentialAction\":[{\"@type\":\"SearchAction\",\"target\":{\"@type\":\"EntryPoint\",\"urlTemplate\":\"https:\/\/outdoor-gym.com\/cz\/?s={search_term_string}\"},\"query-input\":{\"@type\":\"PropertyValueSpecification\",\"valueRequired\":true,\"valueName\":\"search_term_string\"}}],\"inLanguage\":\"pl-PL\"}]}<\/script>\n<!-- \/ Yoast SEO plugin. -->","yoast_head_json":{"title":"Mont\u00e1\u017e - Venkovn\u00ed posilovna na zahradu","robots":{"index":"index","follow":"follow","max-snippet":"max-snippet:-1","max-image-preview":"max-image-preview:large","max-video-preview":"max-video-preview:-1"},"canonical":"https:\/\/outdoor-gym.com\/cz\/sluzby\/montaz\/","og_locale":"cs_CZ","og_type":"article","og_title":"Mont\u00e1\u017e - Venkovn\u00ed posilovna na zahradu","og_description":"Rozsah na\u0161ich slu\u017eeb zahrnuje tak\u00e9 v\u0161echny pot\u0159ebn\u00e9 mont\u00e1\u017en\u00ed pr\u00e1ce. Zaji\u0161\u0165ujeme mont\u00e1\u017e venkovn\u00edch posiloven v cel\u00e9 Evrop\u011b. Na\u0161e posilovny si m\u016f\u017eete nainstalovat tak\u00e9 sami. Postup instalace je velmi jednoduch\u00fd. Cel\u00fdm postupem v\u00e1s krok za krokem provedou mont\u00e1\u017en\u00ed n\u00e1vody p\u0159ipraven\u00e9 odborn\u00edky. Spolu s ka\u017edou na\u0161\u00ed venkovn\u00ed posilovnou je dod\u00e1v\u00e1na speci\u00e1ln\u00ed zemn\u00ed kotva, kter\u00e1 je ur\u010dena k mont\u00e1\u017ei [&hellip;]","og_url":"https:\/\/outdoor-gym.com\/cz\/sluzby\/montaz\/","og_site_name":"Trainer","article_modified_time":"2023-12-20T12:13:25+00:00","twitter_card":"summary_large_image","twitter_misc":{"Szacowany czas czytania":"1 minuta"},"schema":{"@context":"https:\/\/schema.org","@graph":[{"@type":"WebPage","@id":"https:\/\/outdoor-gym.com\/cz\/sluzby\/montaz\/","url":"https:\/\/outdoor-gym.com\/cz\/sluzby\/montaz\/","name":"Mont\u00e1\u017e - Venkovn\u00ed posilovna na zahradu","isPartOf":{"@id":"https:\/\/outdoor-gym.com\/cz\/#website"},"datePublished":"2021-01-18T12:13:05+00:00","dateModified":"2023-12-20T12:13:25+00:00","breadcrumb":{"@id":"https:\/\/outdoor-gym.com\/cz\/sluzby\/montaz\/#breadcrumb"},"inLanguage":"pl-PL","potentialAction":[{"@type":"ReadAction","target":["https:\/\/outdoor-gym.com\/cz\/sluzby\/montaz\/"]}]},{"@type":"BreadcrumbList","@id":"https:\/\/outdoor-gym.com\/cz\/sluzby\/montaz\/#breadcrumb","itemListElement":[{"@type":"ListItem","position":1,"name":"cz","item":"https:\/\/outdoor-gym.com\/cz\/"},{"@type":"ListItem","position":2,"name":"SLU\u017dBY","item":"https:\/\/outdoor-gym.com\/cz\/sluzby\/"},{"@type":"ListItem","position":3,"name":"Mont\u00e1\u017e"}]},{"@type":"WebSite","@id":"https:\/\/outdoor-gym.com\/cz\/#website","url":"https:\/\/outdoor-gym.com\/cz\/","name":"Trainer","description":"Trainer  Venkovn\u00ed posilovna","potentialAction":[{"@type":"SearchAction","target":{"@type":"EntryPoint","urlTemplate":"https:\/\/outdoor-gym.com\/cz\/?s={search_term_string}"},"query-input":{"@type":"PropertyValueSpecification","valueRequired":true,"valueName":"search_term_string"}}],"inLanguage":"pl-PL"}]}},"_links":{"self":[{"href":"https:\/\/outdoor-gym.com\/cz\/wp-json\/wp\/v2\/pages\/1222","targetHints":{"allow":["GET"]}}],"collection":[{"href":"https:\/\/outdoor-gym.com\/cz\/wp-json\/wp\/v2\/pages"}],"about":[{"href":"https:\/\/outdoor-gym.com\/cz\/wp-json\/wp\/v2\/types\/page"}],"author":[{"embeddable":true,"href":"https:\/\/outdoor-gym.com\/cz\/wp-json\/wp\/v2\/users\/1"}],"replies":[{"embeddable":true,"href":"https:\/\/outdoor-gym.com\/cz\/wp-json\/wp\/v2\/comments?post=1222"}],"version-history":[{"count":11,"href":"https:\/\/outdoor-gym.com\/cz\/wp-json\/wp\/v2\/pages\/1222\/revisions"}],"predecessor-version":[{"id":4948,"href":"https:\/\/outdoor-gym.com\/cz\/wp-json\/wp\/v2\/pages\/1222\/revisions\/4948"}],"up":[{"embeddable":true,"href":"https:\/\/outdoor-gym.com\/cz\/wp-json\/wp\/v2\/pages\/932"}],"wp:attachment":[{"href":"https:\/\/outdoor-gym.com\/cz\/wp-json\/wp\/v2\/media?parent=1222"}],"curies":[{"name":"wp","href":"https:\/\/api.w.org\/{rel}","templated":true}]}}