{"id":1224,"date":"2021-01-18T13:13:55","date_gmt":"2021-01-18T12:13:55","guid":{"rendered":"https:\/\/outdoor-gym.com\/cz\/?page_id=1224"},"modified":"2023-04-25T12:03:08","modified_gmt":"2023-04-25T10:03:08","slug":"vyroba-venkovnich-posiloven","status":"publish","type":"page","link":"https:\/\/outdoor-gym.com\/cz\/sluzby\/vyroba-venkovnich-posiloven\/","title":{"rendered":"V\u00fdroba venkovn\u00edch posiloven"},"content":{"rendered":"<p><img loading=\"lazy\" decoding=\"async\" class=\"alignnone wp-image-4041 size-full\" src=\"https:\/\/outdoor-gym.com\/cz\/wp-content\/uploads\/TRAINER-Vyroba-venkovnich-posiloven.png\" alt=\"V\u00fdroba venkovn\u00ed posilovac\u00ed stroje\" width=\"1920\" height=\"1080\" srcset=\"https:\/\/outdoor-gym.com\/cz\/wp-content\/uploads\/TRAINER-Vyroba-venkovnich-posiloven.png 1920w, https:\/\/outdoor-gym.com\/cz\/wp-content\/uploads\/TRAINER-Vyroba-venkovnich-posiloven-600x338.png 600w, https:\/\/outdoor-gym.com\/cz\/wp-content\/uploads\/TRAINER-Vyroba-venkovnich-posiloven-768x432.png 768w, https:\/\/outdoor-gym.com\/cz\/wp-content\/uploads\/TRAINER-Vyroba-venkovnich-posiloven-1536x864.png 1536w\" sizes=\"auto, (max-width: 1920px) 100vw, 1920px\" \/><\/p>\n<p>Jsme <strong>jedn\u00edm z p\u0159edn\u00edch v\u00fdrobc\u016f venkovn\u00edch posiloven v Evrop\u011b<\/strong>. M\u00e1me <strong>v\u00edce ne\u017e 30 let zku\u0161enost\u00ed.<\/strong> Vybaven\u00ed pro venkovn\u00ed posilovny a street workout vyr\u00e1b\u00edme ji\u017e v\u00edce ne\u017e 10 let. Vyr\u00e1b\u00edme v polsk\u00e9 tov\u00e1rn\u011b z oceli nejvy\u0161\u0161\u00ed kvality.<\/p>\n<p>P\u00e9\u010de o bezpe\u010dnost a kvalitu v\u00fdrobk\u016f. Dodr\u017eujeme bezpe\u010dnostn\u00ed <strong>normu EN 16630:2015-06<\/strong> a kontrolujeme kvalitu na\u0161ich v\u00fdrobk\u016f. M\u00e1me <strong>certifik\u00e1t vydan\u00fd T\u00dcV Rheinland.<\/strong><\/p>\n","protected":false},"excerpt":{"rendered":"<p>Jsme jedn\u00edm z p\u0159edn\u00edch v\u00fdrobc\u016f venkovn\u00edch posiloven v Evrop\u011b. M\u00e1me v\u00edce ne\u017e 30 let zku\u0161enost\u00ed. Vybaven\u00ed pro venkovn\u00ed posilovny a street workout vyr\u00e1b\u00edme ji\u017e v\u00edce ne\u017e 10 let. Vyr\u00e1b\u00edme v polsk\u00e9 tov\u00e1rn\u011b z oceli nejvy\u0161\u0161\u00ed kvality. P\u00e9\u010de o bezpe\u010dnost a kvalitu v\u00fdrobk\u016f. Dodr\u017eujeme bezpe\u010dnostn\u00ed normu EN 16630:2015-06 a kontrolujeme kvalitu na\u0161ich v\u00fdrobk\u016f. M\u00e1me certifik\u00e1t vydan\u00fd [&hellip;]<\/p>\n","protected":false},"author":1,"featured_media":0,"parent":932,"menu_order":0,"comment_status":"closed","ping_status":"closed","template":"template-usluga.php","meta":{"_acf_changed":false,"footnotes":""},"class_list":["post-1224","page","type-page","status-publish","hentry"],"acf":[],"yoast_head":"<!-- This site is optimized with the Yoast SEO plugin v26.8 - https:\/\/yoast.com\/product\/yoast-seo-wordpress\/ -->\n<title>Outdoor- fintess parksvenkovn\u00ed posilovac\u00ed stroje cena- TRAINER<\/title>\n<meta name=\"robots\" content=\"index, follow, max-snippet:-1, max-image-preview:large, max-video-preview:-1\" \/>\n<link rel=\"canonical\" href=\"https:\/\/outdoor-gym.com\/cz\/sluzby\/vyroba-venkovnich-posiloven\/\" \/>\n<meta property=\"og:locale\" content=\"cs_CZ\" \/>\n<meta property=\"og:type\" content=\"article\" \/>\n<meta property=\"og:title\" content=\"Outdoor- fintess parksvenkovn\u00ed posilovac\u00ed stroje cena- TRAINER\" \/>\n<meta property=\"og:description\" content=\"Jsme jedn\u00edm z p\u0159edn\u00edch v\u00fdrobc\u016f venkovn\u00edch posiloven v Evrop\u011b. M\u00e1me v\u00edce ne\u017e 30 let zku\u0161enost\u00ed. Vybaven\u00ed pro venkovn\u00ed posilovny a street workout vyr\u00e1b\u00edme ji\u017e v\u00edce ne\u017e 10 let. Vyr\u00e1b\u00edme v polsk\u00e9 tov\u00e1rn\u011b z oceli nejvy\u0161\u0161\u00ed kvality. P\u00e9\u010de o bezpe\u010dnost a kvalitu v\u00fdrobk\u016f. Dodr\u017eujeme bezpe\u010dnostn\u00ed normu EN 16630:2015-06 a kontrolujeme kvalitu na\u0161ich v\u00fdrobk\u016f. M\u00e1me certifik\u00e1t vydan\u00fd [&hellip;]\" \/>\n<meta property=\"og:url\" content=\"https:\/\/outdoor-gym.com\/cz\/sluzby\/vyroba-venkovnich-posiloven\/\" \/>\n<meta property=\"og:site_name\" content=\"Trainer\" \/>\n<meta property=\"article:modified_time\" content=\"2023-04-25T10:03:08+00:00\" \/>\n<meta property=\"og:image\" content=\"https:\/\/outdoor-gym.com\/cz\/wp-content\/uploads\/TRAINER-Vyroba-venkovnich-posiloven.png\" \/>\n<meta name=\"twitter:card\" content=\"summary_large_image\" \/>\n<meta name=\"twitter:label1\" content=\"Szacowany czas czytania\" \/>\n\t<meta name=\"twitter:data1\" content=\"1 minuta\" \/>\n<script type=\"application\/ld+json\" class=\"yoast-schema-graph\">{\"@context\":\"https:\/\/schema.org\",\"@graph\":[{\"@type\":\"WebPage\",\"@id\":\"https:\/\/outdoor-gym.com\/cz\/sluzby\/vyroba-venkovnich-posiloven\/\",\"url\":\"https:\/\/outdoor-gym.com\/cz\/sluzby\/vyroba-venkovnich-posiloven\/\",\"name\":\"Outdoor- fintess parksvenkovn\u00ed posilovac\u00ed stroje cena- TRAINER\",\"isPartOf\":{\"@id\":\"https:\/\/outdoor-gym.com\/cz\/#website\"},\"primaryImageOfPage\":{\"@id\":\"https:\/\/outdoor-gym.com\/cz\/sluzby\/vyroba-venkovnich-posiloven\/#primaryimage\"},\"image\":{\"@id\":\"https:\/\/outdoor-gym.com\/cz\/sluzby\/vyroba-venkovnich-posiloven\/#primaryimage\"},\"thumbnailUrl\":\"https:\/\/outdoor-gym.com\/cz\/wp-content\/uploads\/TRAINER-Vyroba-venkovnich-posiloven.png\",\"datePublished\":\"2021-01-18T12:13:55+00:00\",\"dateModified\":\"2023-04-25T10:03:08+00:00\",\"breadcrumb\":{\"@id\":\"https:\/\/outdoor-gym.com\/cz\/sluzby\/vyroba-venkovnich-posiloven\/#breadcrumb\"},\"inLanguage\":\"pl-PL\",\"potentialAction\":[{\"@type\":\"ReadAction\",\"target\":[\"https:\/\/outdoor-gym.com\/cz\/sluzby\/vyroba-venkovnich-posiloven\/\"]}]},{\"@type\":\"ImageObject\",\"inLanguage\":\"pl-PL\",\"@id\":\"https:\/\/outdoor-gym.com\/cz\/sluzby\/vyroba-venkovnich-posiloven\/#primaryimage\",\"url\":\"https:\/\/outdoor-gym.com\/cz\/wp-content\/uploads\/TRAINER-Vyroba-venkovnich-posiloven.png\",\"contentUrl\":\"https:\/\/outdoor-gym.com\/cz\/wp-content\/uploads\/TRAINER-Vyroba-venkovnich-posiloven.png\",\"width\":1920,\"height\":1080,\"caption\":\"V\u00fdroba venkovn\u00ed posilovac\u00ed stroje\"},{\"@type\":\"BreadcrumbList\",\"@id\":\"https:\/\/outdoor-gym.com\/cz\/sluzby\/vyroba-venkovnich-posiloven\/#breadcrumb\",\"itemListElement\":[{\"@type\":\"ListItem\",\"position\":1,\"name\":\"cz\",\"item\":\"https:\/\/outdoor-gym.com\/cz\/\"},{\"@type\":\"ListItem\",\"position\":2,\"name\":\"SLU\u017dBY\",\"item\":\"https:\/\/outdoor-gym.com\/cz\/sluzby\/\"},{\"@type\":\"ListItem\",\"position\":3,\"name\":\"V\u00fdroba venkovn\u00edch posiloven\"}]},{\"@type\":\"WebSite\",\"@id\":\"https:\/\/outdoor-gym.com\/cz\/#website\",\"url\":\"https:\/\/outdoor-gym.com\/cz\/\",\"name\":\"Trainer\",\"description\":\"Trainer  Venkovn\u00ed posilovna\",\"potentialAction\":[{\"@type\":\"SearchAction\",\"target\":{\"@type\":\"EntryPoint\",\"urlTemplate\":\"https:\/\/outdoor-gym.com\/cz\/?s={search_term_string}\"},\"query-input\":{\"@type\":\"PropertyValueSpecification\",\"valueRequired\":true,\"valueName\":\"search_term_string\"}}],\"inLanguage\":\"pl-PL\"}]}<\/script>\n<!-- \/ Yoast SEO plugin. -->","yoast_head_json":{"title":"Outdoor- fintess parksvenkovn\u00ed posilovac\u00ed stroje cena- TRAINER","robots":{"index":"index","follow":"follow","max-snippet":"max-snippet:-1","max-image-preview":"max-image-preview:large","max-video-preview":"max-video-preview:-1"},"canonical":"https:\/\/outdoor-gym.com\/cz\/sluzby\/vyroba-venkovnich-posiloven\/","og_locale":"cs_CZ","og_type":"article","og_title":"Outdoor- fintess parksvenkovn\u00ed posilovac\u00ed stroje cena- TRAINER","og_description":"Jsme jedn\u00edm z p\u0159edn\u00edch v\u00fdrobc\u016f venkovn\u00edch posiloven v Evrop\u011b. M\u00e1me v\u00edce ne\u017e 30 let zku\u0161enost\u00ed. Vybaven\u00ed pro venkovn\u00ed posilovny a street workout vyr\u00e1b\u00edme ji\u017e v\u00edce ne\u017e 10 let. Vyr\u00e1b\u00edme v polsk\u00e9 tov\u00e1rn\u011b z oceli nejvy\u0161\u0161\u00ed kvality. P\u00e9\u010de o bezpe\u010dnost a kvalitu v\u00fdrobk\u016f. Dodr\u017eujeme bezpe\u010dnostn\u00ed normu EN 16630:2015-06 a kontrolujeme kvalitu na\u0161ich v\u00fdrobk\u016f. M\u00e1me certifik\u00e1t vydan\u00fd [&hellip;]","og_url":"https:\/\/outdoor-gym.com\/cz\/sluzby\/vyroba-venkovnich-posiloven\/","og_site_name":"Trainer","article_modified_time":"2023-04-25T10:03:08+00:00","og_image":[{"url":"https:\/\/outdoor-gym.com\/cz\/wp-content\/uploads\/TRAINER-Vyroba-venkovnich-posiloven.png","type":"","width":"","height":""}],"twitter_card":"summary_large_image","twitter_misc":{"Szacowany czas czytania":"1 minuta"},"schema":{"@context":"https:\/\/schema.org","@graph":[{"@type":"WebPage","@id":"https:\/\/outdoor-gym.com\/cz\/sluzby\/vyroba-venkovnich-posiloven\/","url":"https:\/\/outdoor-gym.com\/cz\/sluzby\/vyroba-venkovnich-posiloven\/","name":"Outdoor- fintess parksvenkovn\u00ed posilovac\u00ed stroje cena- TRAINER","isPartOf":{"@id":"https:\/\/outdoor-gym.com\/cz\/#website"},"primaryImageOfPage":{"@id":"https:\/\/outdoor-gym.com\/cz\/sluzby\/vyroba-venkovnich-posiloven\/#primaryimage"},"image":{"@id":"https:\/\/outdoor-gym.com\/cz\/sluzby\/vyroba-venkovnich-posiloven\/#primaryimage"},"thumbnailUrl":"https:\/\/outdoor-gym.com\/cz\/wp-content\/uploads\/TRAINER-Vyroba-venkovnich-posiloven.png","datePublished":"2021-01-18T12:13:55+00:00","dateModified":"2023-04-25T10:03:08+00:00","breadcrumb":{"@id":"https:\/\/outdoor-gym.com\/cz\/sluzby\/vyroba-venkovnich-posiloven\/#breadcrumb"},"inLanguage":"pl-PL","potentialAction":[{"@type":"ReadAction","target":["https:\/\/outdoor-gym.com\/cz\/sluzby\/vyroba-venkovnich-posiloven\/"]}]},{"@type":"ImageObject","inLanguage":"pl-PL","@id":"https:\/\/outdoor-gym.com\/cz\/sluzby\/vyroba-venkovnich-posiloven\/#primaryimage","url":"https:\/\/outdoor-gym.com\/cz\/wp-content\/uploads\/TRAINER-Vyroba-venkovnich-posiloven.png","contentUrl":"https:\/\/outdoor-gym.com\/cz\/wp-content\/uploads\/TRAINER-Vyroba-venkovnich-posiloven.png","width":1920,"height":1080,"caption":"V\u00fdroba venkovn\u00ed posilovac\u00ed stroje"},{"@type":"BreadcrumbList","@id":"https:\/\/outdoor-gym.com\/cz\/sluzby\/vyroba-venkovnich-posiloven\/#breadcrumb","itemListElement":[{"@type":"ListItem","position":1,"name":"cz","item":"https:\/\/outdoor-gym.com\/cz\/"},{"@type":"ListItem","position":2,"name":"SLU\u017dBY","item":"https:\/\/outdoor-gym.com\/cz\/sluzby\/"},{"@type":"ListItem","position":3,"name":"V\u00fdroba venkovn\u00edch posiloven"}]},{"@type":"WebSite","@id":"https:\/\/outdoor-gym.com\/cz\/#website","url":"https:\/\/outdoor-gym.com\/cz\/","name":"Trainer","description":"Trainer  Venkovn\u00ed posilovna","potentialAction":[{"@type":"SearchAction","target":{"@type":"EntryPoint","urlTemplate":"https:\/\/outdoor-gym.com\/cz\/?s={search_term_string}"},"query-input":{"@type":"PropertyValueSpecification","valueRequired":true,"valueName":"search_term_string"}}],"inLanguage":"pl-PL"}]}},"_links":{"self":[{"href":"https:\/\/outdoor-gym.com\/cz\/wp-json\/wp\/v2\/pages\/1224","targetHints":{"allow":["GET"]}}],"collection":[{"href":"https:\/\/outdoor-gym.com\/cz\/wp-json\/wp\/v2\/pages"}],"about":[{"href":"https:\/\/outdoor-gym.com\/cz\/wp-json\/wp\/v2\/types\/page"}],"author":[{"embeddable":true,"href":"https:\/\/outdoor-gym.com\/cz\/wp-json\/wp\/v2\/users\/1"}],"replies":[{"embeddable":true,"href":"https:\/\/outdoor-gym.com\/cz\/wp-json\/wp\/v2\/comments?post=1224"}],"version-history":[{"count":10,"href":"https:\/\/outdoor-gym.com\/cz\/wp-json\/wp\/v2\/pages\/1224\/revisions"}],"predecessor-version":[{"id":4049,"href":"https:\/\/outdoor-gym.com\/cz\/wp-json\/wp\/v2\/pages\/1224\/revisions\/4049"}],"up":[{"embeddable":true,"href":"https:\/\/outdoor-gym.com\/cz\/wp-json\/wp\/v2\/pages\/932"}],"wp:attachment":[{"href":"https:\/\/outdoor-gym.com\/cz\/wp-json\/wp\/v2\/media?parent=1224"}],"curies":[{"name":"wp","href":"https:\/\/api.w.org\/{rel}","templated":true}]}}