{"id":1234,"date":"2021-01-18T13:16:39","date_gmt":"2021-01-18T12:16:39","guid":{"rendered":"https:\/\/outdoor-gym.com\/cz\/?page_id=1234"},"modified":"2023-03-01T11:27:00","modified_gmt":"2023-03-01T10:27:00","slug":"nase-realizace","status":"publish","type":"page","link":"https:\/\/outdoor-gym.com\/cz\/o-firme\/nase-realizace\/","title":{"rendered":"Na\u0161e realizace"},"content":{"rendered":"<p>Venkovn\u00ed posilovny zna\u010dky TRAINER m\u016f\u017eete naj\u00edt prakticky v\u00a0ka\u017ed\u00e9m koutu Evropy. Mezi jin\u00fdmi v takov\u00fdch st\u00e1tech, jako Polsko, N\u011bmecko, Francie, Norsko, Finsko, Estonsko, Litva, \u0158ecko, Spojen\u00e9 arabsk\u00e9 emir\u00e1ty. Po\u010d\u00ednaje velk\u00fdmi m\u011bsty, parky, n\u00e1m\u011bst\u00edmi, p\u0159es odpo\u010dinkov\u00e1 a\u00a0rehabilita\u010dn\u00ed st\u0159ediska, a\u017e po zahrady u dom\u016f. N\u00ed\u017ee prezentujeme vybran\u00e9 realizace venkovn\u00edch posiloven.<\/p>\n<p><img loading=\"lazy\" decoding=\"async\" class=\"alignnone wp-image-1829 size-full\" title=\"Outdoor Fitness Projects\" src=\"https:\/\/outdoor-gym.com\/cz\/wp-content\/uploads\/venkovni-cvicebni-prvky.jpg\" alt=\"\" width=\"2560\" height=\"1707\" srcset=\"https:\/\/outdoor-gym.com\/cz\/wp-content\/uploads\/venkovni-cvicebni-prvky.jpg 2560w, https:\/\/outdoor-gym.com\/cz\/wp-content\/uploads\/venkovni-cvicebni-prvky-600x400.jpg 600w, https:\/\/outdoor-gym.com\/cz\/wp-content\/uploads\/venkovni-cvicebni-prvky-2000x1334.jpg 2000w, https:\/\/outdoor-gym.com\/cz\/wp-content\/uploads\/venkovni-cvicebni-prvky-768x512.jpg 768w, https:\/\/outdoor-gym.com\/cz\/wp-content\/uploads\/venkovni-cvicebni-prvky-1536x1024.jpg 1536w, https:\/\/outdoor-gym.com\/cz\/wp-content\/uploads\/venkovni-cvicebni-prvky-2048x1366.jpg 2048w\" sizes=\"auto, (max-width: 2560px) 100vw, 2560px\" \/><\/p>\n","protected":false},"excerpt":{"rendered":"<p>Venkovn\u00ed posilovny zna\u010dky TRAINER m\u016f\u017eete naj\u00edt prakticky v\u00a0ka\u017ed\u00e9m koutu Evropy. Mezi jin\u00fdmi v takov\u00fdch st\u00e1tech, jako Polsko, N\u011bmecko, Francie, Norsko, Finsko, Estonsko, Litva, \u0158ecko, Spojen\u00e9 arabsk\u00e9 emir\u00e1ty. Po\u010d\u00ednaje velk\u00fdmi m\u011bsty, parky, n\u00e1m\u011bst\u00edmi, p\u0159es odpo\u010dinkov\u00e1 a\u00a0rehabilita\u010dn\u00ed st\u0159ediska, a\u017e po zahrady u dom\u016f. N\u00ed\u017ee prezentujeme vybran\u00e9 realizace venkovn\u00edch posiloven.<\/p>\n","protected":false},"author":1,"featured_media":0,"parent":936,"menu_order":0,"comment_status":"closed","ping_status":"closed","template":"template-realizacje.php","meta":{"_acf_changed":false,"footnotes":""},"class_list":["post-1234","page","type-page","status-publish","hentry"],"acf":[],"yoast_head":"<!-- This site is optimized with the Yoast SEO plugin v26.8 - https:\/\/yoast.com\/product\/yoast-seo-wordpress\/ -->\n<title>Na\u0161e realizace - Outdoor Fitness - Trainer Venkovn\u00ed posilovny<\/title>\n<meta name=\"description\" content=\"Venkovn\u00ed posilovny zna\u010dky TRAINER m\u016f\u017eete naj\u00edt prakticky v\u00a0ka\u017ed\u00e9m koutu Evropy. Mezi jin\u00fdmi v takov\u00fdch st\u00e1tech, jako Polsko, N\u011bmecko, Francie, Norsko, Finsko, Estonsko, Litva, \u0158ecko,\" \/>\n<meta name=\"robots\" content=\"index, follow, max-snippet:-1, max-image-preview:large, max-video-preview:-1\" \/>\n<link rel=\"canonical\" href=\"https:\/\/outdoor-gym.com\/cz\/o-firme\/nase-realizace\/\" \/>\n<meta property=\"og:locale\" content=\"cs_CZ\" \/>\n<meta property=\"og:type\" content=\"article\" \/>\n<meta property=\"og:title\" content=\"Na\u0161e realizace - Outdoor Fitness - Trainer Venkovn\u00ed posilovny\" \/>\n<meta property=\"og:description\" content=\"Venkovn\u00ed posilovny zna\u010dky TRAINER m\u016f\u017eete naj\u00edt prakticky v\u00a0ka\u017ed\u00e9m koutu Evropy. Mezi jin\u00fdmi v takov\u00fdch st\u00e1tech, jako Polsko, N\u011bmecko, Francie, Norsko, Finsko, Estonsko, Litva, \u0158ecko,\" \/>\n<meta property=\"og:url\" content=\"https:\/\/outdoor-gym.com\/cz\/o-firme\/nase-realizace\/\" \/>\n<meta property=\"og:site_name\" content=\"Trainer\" \/>\n<meta property=\"article:modified_time\" content=\"2023-03-01T10:27:00+00:00\" \/>\n<meta name=\"twitter:card\" content=\"summary_large_image\" \/>\n<meta name=\"twitter:label1\" content=\"Szacowany czas czytania\" \/>\n\t<meta name=\"twitter:data1\" content=\"1 minuta\" \/>\n<script type=\"application\/ld+json\" class=\"yoast-schema-graph\">{\"@context\":\"https:\/\/schema.org\",\"@graph\":[{\"@type\":\"WebPage\",\"@id\":\"https:\/\/outdoor-gym.com\/cz\/o-firme\/nase-realizace\/\",\"url\":\"https:\/\/outdoor-gym.com\/cz\/o-firme\/nase-realizace\/\",\"name\":\"Na\u0161e realizace - Outdoor Fitness - Trainer Venkovn\u00ed posilovny\",\"isPartOf\":{\"@id\":\"https:\/\/outdoor-gym.com\/cz\/#website\"},\"primaryImageOfPage\":{\"@id\":\"https:\/\/outdoor-gym.com\/cz\/o-firme\/nase-realizace\/#primaryimage\"},\"image\":{\"@id\":\"https:\/\/outdoor-gym.com\/cz\/o-firme\/nase-realizace\/#primaryimage\"},\"thumbnailUrl\":\"https:\/\/outdoor-gym.com\/cz\/wp-content\/uploads\/venkovni-cvicebni-prvky.jpg\",\"datePublished\":\"2021-01-18T12:16:39+00:00\",\"dateModified\":\"2023-03-01T10:27:00+00:00\",\"description\":\"Venkovn\u00ed posilovny zna\u010dky TRAINER m\u016f\u017eete naj\u00edt prakticky v\u00a0ka\u017ed\u00e9m koutu Evropy. Mezi jin\u00fdmi v takov\u00fdch st\u00e1tech, jako Polsko, N\u011bmecko, Francie, Norsko, Finsko, Estonsko, Litva, \u0158ecko,\",\"breadcrumb\":{\"@id\":\"https:\/\/outdoor-gym.com\/cz\/o-firme\/nase-realizace\/#breadcrumb\"},\"inLanguage\":\"pl-PL\",\"potentialAction\":[{\"@type\":\"ReadAction\",\"target\":[\"https:\/\/outdoor-gym.com\/cz\/o-firme\/nase-realizace\/\"]}]},{\"@type\":\"ImageObject\",\"inLanguage\":\"pl-PL\",\"@id\":\"https:\/\/outdoor-gym.com\/cz\/o-firme\/nase-realizace\/#primaryimage\",\"url\":\"https:\/\/outdoor-gym.com\/cz\/wp-content\/uploads\/venkovni-cvicebni-prvky.jpg\",\"contentUrl\":\"https:\/\/outdoor-gym.com\/cz\/wp-content\/uploads\/venkovni-cvicebni-prvky.jpg\",\"width\":2560,\"height\":1707},{\"@type\":\"BreadcrumbList\",\"@id\":\"https:\/\/outdoor-gym.com\/cz\/o-firme\/nase-realizace\/#breadcrumb\",\"itemListElement\":[{\"@type\":\"ListItem\",\"position\":1,\"name\":\"cz\",\"item\":\"https:\/\/outdoor-gym.com\/cz\/\"},{\"@type\":\"ListItem\",\"position\":2,\"name\":\"O FIRM\u011a\",\"item\":\"https:\/\/outdoor-gym.com\/cz\/o-firme\/\"},{\"@type\":\"ListItem\",\"position\":3,\"name\":\"Na\u0161e realizace\"}]},{\"@type\":\"WebSite\",\"@id\":\"https:\/\/outdoor-gym.com\/cz\/#website\",\"url\":\"https:\/\/outdoor-gym.com\/cz\/\",\"name\":\"Trainer\",\"description\":\"Trainer  Venkovn\u00ed posilovna\",\"potentialAction\":[{\"@type\":\"SearchAction\",\"target\":{\"@type\":\"EntryPoint\",\"urlTemplate\":\"https:\/\/outdoor-gym.com\/cz\/?s={search_term_string}\"},\"query-input\":{\"@type\":\"PropertyValueSpecification\",\"valueRequired\":true,\"valueName\":\"search_term_string\"}}],\"inLanguage\":\"pl-PL\"}]}<\/script>\n<!-- \/ Yoast SEO plugin. -->","yoast_head_json":{"title":"Na\u0161e realizace - Outdoor Fitness - Trainer Venkovn\u00ed posilovny","description":"Venkovn\u00ed posilovny zna\u010dky TRAINER m\u016f\u017eete naj\u00edt prakticky v\u00a0ka\u017ed\u00e9m koutu Evropy. Mezi jin\u00fdmi v takov\u00fdch st\u00e1tech, jako Polsko, N\u011bmecko, Francie, Norsko, Finsko, Estonsko, Litva, \u0158ecko,","robots":{"index":"index","follow":"follow","max-snippet":"max-snippet:-1","max-image-preview":"max-image-preview:large","max-video-preview":"max-video-preview:-1"},"canonical":"https:\/\/outdoor-gym.com\/cz\/o-firme\/nase-realizace\/","og_locale":"cs_CZ","og_type":"article","og_title":"Na\u0161e realizace - Outdoor Fitness - Trainer Venkovn\u00ed posilovny","og_description":"Venkovn\u00ed posilovny zna\u010dky TRAINER m\u016f\u017eete naj\u00edt prakticky v\u00a0ka\u017ed\u00e9m koutu Evropy. Mezi jin\u00fdmi v takov\u00fdch st\u00e1tech, jako Polsko, N\u011bmecko, Francie, Norsko, Finsko, Estonsko, Litva, \u0158ecko,","og_url":"https:\/\/outdoor-gym.com\/cz\/o-firme\/nase-realizace\/","og_site_name":"Trainer","article_modified_time":"2023-03-01T10:27:00+00:00","twitter_card":"summary_large_image","twitter_misc":{"Szacowany czas czytania":"1 minuta"},"schema":{"@context":"https:\/\/schema.org","@graph":[{"@type":"WebPage","@id":"https:\/\/outdoor-gym.com\/cz\/o-firme\/nase-realizace\/","url":"https:\/\/outdoor-gym.com\/cz\/o-firme\/nase-realizace\/","name":"Na\u0161e realizace - Outdoor Fitness - Trainer Venkovn\u00ed posilovny","isPartOf":{"@id":"https:\/\/outdoor-gym.com\/cz\/#website"},"primaryImageOfPage":{"@id":"https:\/\/outdoor-gym.com\/cz\/o-firme\/nase-realizace\/#primaryimage"},"image":{"@id":"https:\/\/outdoor-gym.com\/cz\/o-firme\/nase-realizace\/#primaryimage"},"thumbnailUrl":"https:\/\/outdoor-gym.com\/cz\/wp-content\/uploads\/venkovni-cvicebni-prvky.jpg","datePublished":"2021-01-18T12:16:39+00:00","dateModified":"2023-03-01T10:27:00+00:00","description":"Venkovn\u00ed posilovny zna\u010dky TRAINER m\u016f\u017eete naj\u00edt prakticky v\u00a0ka\u017ed\u00e9m koutu Evropy. Mezi jin\u00fdmi v takov\u00fdch st\u00e1tech, jako Polsko, N\u011bmecko, Francie, Norsko, Finsko, Estonsko, Litva, \u0158ecko,","breadcrumb":{"@id":"https:\/\/outdoor-gym.com\/cz\/o-firme\/nase-realizace\/#breadcrumb"},"inLanguage":"pl-PL","potentialAction":[{"@type":"ReadAction","target":["https:\/\/outdoor-gym.com\/cz\/o-firme\/nase-realizace\/"]}]},{"@type":"ImageObject","inLanguage":"pl-PL","@id":"https:\/\/outdoor-gym.com\/cz\/o-firme\/nase-realizace\/#primaryimage","url":"https:\/\/outdoor-gym.com\/cz\/wp-content\/uploads\/venkovni-cvicebni-prvky.jpg","contentUrl":"https:\/\/outdoor-gym.com\/cz\/wp-content\/uploads\/venkovni-cvicebni-prvky.jpg","width":2560,"height":1707},{"@type":"BreadcrumbList","@id":"https:\/\/outdoor-gym.com\/cz\/o-firme\/nase-realizace\/#breadcrumb","itemListElement":[{"@type":"ListItem","position":1,"name":"cz","item":"https:\/\/outdoor-gym.com\/cz\/"},{"@type":"ListItem","position":2,"name":"O FIRM\u011a","item":"https:\/\/outdoor-gym.com\/cz\/o-firme\/"},{"@type":"ListItem","position":3,"name":"Na\u0161e realizace"}]},{"@type":"WebSite","@id":"https:\/\/outdoor-gym.com\/cz\/#website","url":"https:\/\/outdoor-gym.com\/cz\/","name":"Trainer","description":"Trainer  Venkovn\u00ed posilovna","potentialAction":[{"@type":"SearchAction","target":{"@type":"EntryPoint","urlTemplate":"https:\/\/outdoor-gym.com\/cz\/?s={search_term_string}"},"query-input":{"@type":"PropertyValueSpecification","valueRequired":true,"valueName":"search_term_string"}}],"inLanguage":"pl-PL"}]}},"_links":{"self":[{"href":"https:\/\/outdoor-gym.com\/cz\/wp-json\/wp\/v2\/pages\/1234","targetHints":{"allow":["GET"]}}],"collection":[{"href":"https:\/\/outdoor-gym.com\/cz\/wp-json\/wp\/v2\/pages"}],"about":[{"href":"https:\/\/outdoor-gym.com\/cz\/wp-json\/wp\/v2\/types\/page"}],"author":[{"embeddable":true,"href":"https:\/\/outdoor-gym.com\/cz\/wp-json\/wp\/v2\/users\/1"}],"replies":[{"embeddable":true,"href":"https:\/\/outdoor-gym.com\/cz\/wp-json\/wp\/v2\/comments?post=1234"}],"version-history":[{"count":18,"href":"https:\/\/outdoor-gym.com\/cz\/wp-json\/wp\/v2\/pages\/1234\/revisions"}],"predecessor-version":[{"id":4264,"href":"https:\/\/outdoor-gym.com\/cz\/wp-json\/wp\/v2\/pages\/1234\/revisions\/4264"}],"up":[{"embeddable":true,"href":"https:\/\/outdoor-gym.com\/cz\/wp-json\/wp\/v2\/pages\/936"}],"wp:attachment":[{"href":"https:\/\/outdoor-gym.com\/cz\/wp-json\/wp\/v2\/media?parent=1234"}],"curies":[{"name":"wp","href":"https:\/\/api.w.org\/{rel}","templated":true}]}}