{"id":1236,"date":"2021-01-18T13:18:27","date_gmt":"2021-01-18T12:18:27","guid":{"rendered":"https:\/\/outdoor-gym.com\/cz\/?page_id=1236"},"modified":"2023-04-25T13:12:09","modified_gmt":"2023-04-25T11:12:09","slug":"venkovni-posilovny-se-3-stanovisti-cena","status":"publish","type":"page","link":"https:\/\/outdoor-gym.com\/cz\/vyrobky\/venkovni-posilovny-se-3-stanovisti-cena\/","title":{"rendered":"Venkovn\u00ed posilovny se 3 stanovi\u0161ti"},"content":{"rendered":"<div class=\"page\" title=\"Page 1\">\n<div class=\"section\">\n<div class=\"layoutArea\">\n<div class=\"column\">\n<div class=\"in-product-pick-desc\">\n<h3>Venkovn\u00ed fitness se 3 stanovi\u0161ti<\/h3>\n<\/div>\n<p>P\u0159edstavujeme venkovn\u00ed posilovny se 3 stanovi\u0161ti, kter\u00e9 jsou tvo\u0159eny kombinac\u00ed libovoln\u00fdch fitness stroj\u016f. Jeden sloup, t\u0159i r\u016fzn\u00e9 stroje pro cvi\u010den\u00ed venku.<\/p>\n<\/div>\n<\/div>\n<\/div>\n<\/div>\n","protected":false},"excerpt":{"rendered":"<p>Venkovn\u00ed fitness se 3 stanovi\u0161ti P\u0159edstavujeme venkovn\u00ed posilovny se 3 stanovi\u0161ti, kter\u00e9 jsou tvo\u0159eny kombinac\u00ed libovoln\u00fdch fitness stroj\u016f. Jeden sloup, t\u0159i r\u016fzn\u00e9 stroje pro cvi\u010den\u00ed venku.<\/p>\n","protected":false},"author":1,"featured_media":0,"parent":928,"menu_order":0,"comment_status":"closed","ping_status":"closed","template":"template-seria.php","meta":{"_acf_changed":false,"footnotes":""},"class_list":["post-1236","page","type-page","status-publish","hentry"],"acf":[],"yoast_head":"<!-- This site is optimized with the Yoast SEO plugin v26.8 - https:\/\/yoast.com\/product\/yoast-seo-wordpress\/ -->\n<title>Venkovn\u00ed posilovny se 3 stanovi\u0161ti - TRAINER venkovn\u00ed posilovna<\/title>\n<meta name=\"robots\" content=\"index, follow, max-snippet:-1, max-image-preview:large, max-video-preview:-1\" \/>\n<link rel=\"canonical\" href=\"https:\/\/outdoor-gym.com\/cz\/vyrobky\/venkovni-posilovny-se-3-stanovisti-cena\/\" \/>\n<meta property=\"og:locale\" content=\"cs_CZ\" \/>\n<meta property=\"og:type\" content=\"article\" \/>\n<meta property=\"og:title\" content=\"Venkovn\u00ed posilovny se 3 stanovi\u0161ti - TRAINER venkovn\u00ed posilovna\" \/>\n<meta property=\"og:description\" content=\"Venkovn\u00ed fitness se 3 stanovi\u0161ti P\u0159edstavujeme venkovn\u00ed posilovny se 3 stanovi\u0161ti, kter\u00e9 jsou tvo\u0159eny kombinac\u00ed libovoln\u00fdch fitness stroj\u016f. Jeden sloup, t\u0159i r\u016fzn\u00e9 stroje pro cvi\u010den\u00ed venku.\" \/>\n<meta property=\"og:url\" content=\"https:\/\/outdoor-gym.com\/cz\/vyrobky\/venkovni-posilovny-se-3-stanovisti-cena\/\" \/>\n<meta property=\"og:site_name\" content=\"Trainer\" \/>\n<meta property=\"article:modified_time\" content=\"2023-04-25T11:12:09+00:00\" \/>\n<meta name=\"twitter:card\" content=\"summary_large_image\" \/>\n<meta name=\"twitter:label1\" content=\"Szacowany czas czytania\" \/>\n\t<meta name=\"twitter:data1\" content=\"1 minuta\" \/>\n<script type=\"application\/ld+json\" class=\"yoast-schema-graph\">{\"@context\":\"https:\/\/schema.org\",\"@graph\":[{\"@type\":\"WebPage\",\"@id\":\"https:\/\/outdoor-gym.com\/cz\/vyrobky\/venkovni-posilovny-se-3-stanovisti-cena\/\",\"url\":\"https:\/\/outdoor-gym.com\/cz\/vyrobky\/venkovni-posilovny-se-3-stanovisti-cena\/\",\"name\":\"Venkovn\u00ed posilovny se 3 stanovi\u0161ti - TRAINER venkovn\u00ed posilovna\",\"isPartOf\":{\"@id\":\"https:\/\/outdoor-gym.com\/cz\/#website\"},\"datePublished\":\"2021-01-18T12:18:27+00:00\",\"dateModified\":\"2023-04-25T11:12:09+00:00\",\"breadcrumb\":{\"@id\":\"https:\/\/outdoor-gym.com\/cz\/vyrobky\/venkovni-posilovny-se-3-stanovisti-cena\/#breadcrumb\"},\"inLanguage\":\"pl-PL\",\"potentialAction\":[{\"@type\":\"ReadAction\",\"target\":[\"https:\/\/outdoor-gym.com\/cz\/vyrobky\/venkovni-posilovny-se-3-stanovisti-cena\/\"]}]},{\"@type\":\"BreadcrumbList\",\"@id\":\"https:\/\/outdoor-gym.com\/cz\/vyrobky\/venkovni-posilovny-se-3-stanovisti-cena\/#breadcrumb\",\"itemListElement\":[{\"@type\":\"ListItem\",\"position\":1,\"name\":\"cz\",\"item\":\"https:\/\/outdoor-gym.com\/cz\/\"},{\"@type\":\"ListItem\",\"position\":2,\"name\":\"V\u00ddROBKY\",\"item\":\"https:\/\/outdoor-gym.com\/cz\/vyrobky\/\"},{\"@type\":\"ListItem\",\"position\":3,\"name\":\"Venkovn\u00ed posilovny se 3 stanovi\u0161ti\"}]},{\"@type\":\"WebSite\",\"@id\":\"https:\/\/outdoor-gym.com\/cz\/#website\",\"url\":\"https:\/\/outdoor-gym.com\/cz\/\",\"name\":\"Trainer\",\"description\":\"Trainer  Venkovn\u00ed posilovna\",\"potentialAction\":[{\"@type\":\"SearchAction\",\"target\":{\"@type\":\"EntryPoint\",\"urlTemplate\":\"https:\/\/outdoor-gym.com\/cz\/?s={search_term_string}\"},\"query-input\":{\"@type\":\"PropertyValueSpecification\",\"valueRequired\":true,\"valueName\":\"search_term_string\"}}],\"inLanguage\":\"pl-PL\"}]}<\/script>\n<!-- \/ Yoast SEO plugin. -->","yoast_head_json":{"title":"Venkovn\u00ed posilovny se 3 stanovi\u0161ti - TRAINER venkovn\u00ed posilovna","robots":{"index":"index","follow":"follow","max-snippet":"max-snippet:-1","max-image-preview":"max-image-preview:large","max-video-preview":"max-video-preview:-1"},"canonical":"https:\/\/outdoor-gym.com\/cz\/vyrobky\/venkovni-posilovny-se-3-stanovisti-cena\/","og_locale":"cs_CZ","og_type":"article","og_title":"Venkovn\u00ed posilovny se 3 stanovi\u0161ti - TRAINER venkovn\u00ed posilovna","og_description":"Venkovn\u00ed fitness se 3 stanovi\u0161ti P\u0159edstavujeme venkovn\u00ed posilovny se 3 stanovi\u0161ti, kter\u00e9 jsou tvo\u0159eny kombinac\u00ed libovoln\u00fdch fitness stroj\u016f. Jeden sloup, t\u0159i r\u016fzn\u00e9 stroje pro cvi\u010den\u00ed venku.","og_url":"https:\/\/outdoor-gym.com\/cz\/vyrobky\/venkovni-posilovny-se-3-stanovisti-cena\/","og_site_name":"Trainer","article_modified_time":"2023-04-25T11:12:09+00:00","twitter_card":"summary_large_image","twitter_misc":{"Szacowany czas czytania":"1 minuta"},"schema":{"@context":"https:\/\/schema.org","@graph":[{"@type":"WebPage","@id":"https:\/\/outdoor-gym.com\/cz\/vyrobky\/venkovni-posilovny-se-3-stanovisti-cena\/","url":"https:\/\/outdoor-gym.com\/cz\/vyrobky\/venkovni-posilovny-se-3-stanovisti-cena\/","name":"Venkovn\u00ed posilovny se 3 stanovi\u0161ti - TRAINER venkovn\u00ed posilovna","isPartOf":{"@id":"https:\/\/outdoor-gym.com\/cz\/#website"},"datePublished":"2021-01-18T12:18:27+00:00","dateModified":"2023-04-25T11:12:09+00:00","breadcrumb":{"@id":"https:\/\/outdoor-gym.com\/cz\/vyrobky\/venkovni-posilovny-se-3-stanovisti-cena\/#breadcrumb"},"inLanguage":"pl-PL","potentialAction":[{"@type":"ReadAction","target":["https:\/\/outdoor-gym.com\/cz\/vyrobky\/venkovni-posilovny-se-3-stanovisti-cena\/"]}]},{"@type":"BreadcrumbList","@id":"https:\/\/outdoor-gym.com\/cz\/vyrobky\/venkovni-posilovny-se-3-stanovisti-cena\/#breadcrumb","itemListElement":[{"@type":"ListItem","position":1,"name":"cz","item":"https:\/\/outdoor-gym.com\/cz\/"},{"@type":"ListItem","position":2,"name":"V\u00ddROBKY","item":"https:\/\/outdoor-gym.com\/cz\/vyrobky\/"},{"@type":"ListItem","position":3,"name":"Venkovn\u00ed posilovny se 3 stanovi\u0161ti"}]},{"@type":"WebSite","@id":"https:\/\/outdoor-gym.com\/cz\/#website","url":"https:\/\/outdoor-gym.com\/cz\/","name":"Trainer","description":"Trainer  Venkovn\u00ed posilovna","potentialAction":[{"@type":"SearchAction","target":{"@type":"EntryPoint","urlTemplate":"https:\/\/outdoor-gym.com\/cz\/?s={search_term_string}"},"query-input":{"@type":"PropertyValueSpecification","valueRequired":true,"valueName":"search_term_string"}}],"inLanguage":"pl-PL"}]}},"_links":{"self":[{"href":"https:\/\/outdoor-gym.com\/cz\/wp-json\/wp\/v2\/pages\/1236","targetHints":{"allow":["GET"]}}],"collection":[{"href":"https:\/\/outdoor-gym.com\/cz\/wp-json\/wp\/v2\/pages"}],"about":[{"href":"https:\/\/outdoor-gym.com\/cz\/wp-json\/wp\/v2\/types\/page"}],"author":[{"embeddable":true,"href":"https:\/\/outdoor-gym.com\/cz\/wp-json\/wp\/v2\/users\/1"}],"replies":[{"embeddable":true,"href":"https:\/\/outdoor-gym.com\/cz\/wp-json\/wp\/v2\/comments?post=1236"}],"version-history":[{"count":27,"href":"https:\/\/outdoor-gym.com\/cz\/wp-json\/wp\/v2\/pages\/1236\/revisions"}],"predecessor-version":[{"id":4224,"href":"https:\/\/outdoor-gym.com\/cz\/wp-json\/wp\/v2\/pages\/1236\/revisions\/4224"}],"up":[{"embeddable":true,"href":"https:\/\/outdoor-gym.com\/cz\/wp-json\/wp\/v2\/pages\/928"}],"wp:attachment":[{"href":"https:\/\/outdoor-gym.com\/cz\/wp-json\/wp\/v2\/media?parent=1236"}],"curies":[{"name":"wp","href":"https:\/\/api.w.org\/{rel}","templated":true}]}}