{"id":1238,"date":"2021-01-18T13:18:40","date_gmt":"2021-01-18T12:18:40","guid":{"rendered":"https:\/\/outdoor-gym.com\/cz\/?page_id=1238"},"modified":"2023-04-25T13:13:34","modified_gmt":"2023-04-25T11:13:34","slug":"venkovni-posilovny-se-4-stanovisti-cena","status":"publish","type":"page","link":"https:\/\/outdoor-gym.com\/cz\/vyrobky\/venkovni-posilovny-se-4-stanovisti-cena\/","title":{"rendered":"Venkovn\u00ed posilovny se 4 stanovi\u0161ti"},"content":{"rendered":"<div class=\"page\" title=\"Page 1\">\n<div class=\"section\">\n<div class=\"layoutArea\">\n<div class=\"column\">\n<p><img loading=\"lazy\" decoding=\"async\" class=\"alignnone wp-image-3193 size-full\" title=\"Outdoor gym equipment - Four outdoor gym stations\" src=\"https:\/\/outdoor-gym.com\/cz\/wp-content\/uploads\/ cty\u0159i venkovn\u00ed t\u011blocvi\u010dny.png\" alt=\"Venkovn\u00ed posilovny se 4 stanovi\u0161ti - Venkovn\u00ed fitness stroje\" width=\"3400\" height=\"2700\" srcset=\"https:\/\/outdoor-gym.com\/cz\/wp-content\/uploads\/%20cty\u0159i%20venkovn\u00ed%20t\u011blocvi\u010dny.png 3400w, https:\/\/outdoor-gym.com\/cz\/wp-content\/uploads\/%20cty\u0159i%20venkovn\u00ed%20t\u011blocvi\u010dny-600x476.png 600w, https:\/\/outdoor-gym.com\/cz\/wp-content\/uploads\/%20cty\u0159i%20venkovn\u00ed%20t\u011blocvi\u010dny-2000x1588.png 2000w, https:\/\/outdoor-gym.com\/cz\/wp-content\/uploads\/%20cty\u0159i%20venkovn\u00ed%20t\u011blocvi\u010dny-768x610.png 768w, https:\/\/outdoor-gym.com\/cz\/wp-content\/uploads\/%20cty\u0159i%20venkovn\u00ed%20t\u011blocvi\u010dny-1536x1220.png 1536w, https:\/\/outdoor-gym.com\/cz\/wp-content\/uploads\/%20cty\u0159i%20venkovn\u00ed%20t\u011blocvi\u010dny-2048x1626.png 2048w\" sizes=\"auto, (max-width: 3400px) 100vw, 3400px\" \/><\/p>\n<p>&nbsp;<\/p>\n<p>&nbsp;<\/p>\n<\/div>\n<\/div>\n<\/div>\n<\/div>\n","protected":false},"excerpt":{"rendered":"<p>&nbsp; &nbsp;<\/p>\n","protected":false},"author":1,"featured_media":0,"parent":928,"menu_order":0,"comment_status":"closed","ping_status":"closed","template":"template-seria.php","meta":{"_acf_changed":false,"footnotes":""},"class_list":["post-1238","page","type-page","status-publish","hentry"],"acf":[],"yoast_head":"<!-- This site is optimized with the Yoast SEO plugin v26.8 - https:\/\/yoast.com\/product\/yoast-seo-wordpress\/ -->\n<title>Venkovn\u00ed posilovny se 4 stanovi\u0161ti - Venkovn\u00ed fitness stroje<\/title>\n<meta name=\"robots\" content=\"index, follow, max-snippet:-1, max-image-preview:large, max-video-preview:-1\" \/>\n<link rel=\"canonical\" href=\"https:\/\/outdoor-gym.com\/cz\/vyrobky\/venkovni-posilovny-se-4-stanovisti-cena\/\" \/>\n<meta property=\"og:locale\" content=\"cs_CZ\" \/>\n<meta property=\"og:type\" content=\"article\" \/>\n<meta property=\"og:title\" content=\"Venkovn\u00ed posilovny se 4 stanovi\u0161ti - Venkovn\u00ed fitness stroje\" \/>\n<meta property=\"og:description\" content=\"&nbsp; &nbsp;\" \/>\n<meta property=\"og:url\" content=\"https:\/\/outdoor-gym.com\/cz\/vyrobky\/venkovni-posilovny-se-4-stanovisti-cena\/\" \/>\n<meta property=\"og:site_name\" content=\"Trainer\" \/>\n<meta property=\"article:modified_time\" content=\"2023-04-25T11:13:34+00:00\" \/>\n<meta name=\"twitter:card\" content=\"summary_large_image\" \/>\n<meta name=\"twitter:label1\" content=\"Szacowany czas czytania\" \/>\n\t<meta name=\"twitter:data1\" content=\"1 minuta\" \/>\n<script type=\"application\/ld+json\" class=\"yoast-schema-graph\">{\"@context\":\"https:\/\/schema.org\",\"@graph\":[{\"@type\":\"WebPage\",\"@id\":\"https:\/\/outdoor-gym.com\/cz\/vyrobky\/venkovni-posilovny-se-4-stanovisti-cena\/\",\"url\":\"https:\/\/outdoor-gym.com\/cz\/vyrobky\/venkovni-posilovny-se-4-stanovisti-cena\/\",\"name\":\"Venkovn\u00ed posilovny se 4 stanovi\u0161ti - Venkovn\u00ed fitness stroje\",\"isPartOf\":{\"@id\":\"https:\/\/outdoor-gym.com\/cz\/#website\"},\"datePublished\":\"2021-01-18T12:18:40+00:00\",\"dateModified\":\"2023-04-25T11:13:34+00:00\",\"breadcrumb\":{\"@id\":\"https:\/\/outdoor-gym.com\/cz\/vyrobky\/venkovni-posilovny-se-4-stanovisti-cena\/#breadcrumb\"},\"inLanguage\":\"pl-PL\",\"potentialAction\":[{\"@type\":\"ReadAction\",\"target\":[\"https:\/\/outdoor-gym.com\/cz\/vyrobky\/venkovni-posilovny-se-4-stanovisti-cena\/\"]}]},{\"@type\":\"BreadcrumbList\",\"@id\":\"https:\/\/outdoor-gym.com\/cz\/vyrobky\/venkovni-posilovny-se-4-stanovisti-cena\/#breadcrumb\",\"itemListElement\":[{\"@type\":\"ListItem\",\"position\":1,\"name\":\"cz\",\"item\":\"https:\/\/outdoor-gym.com\/cz\/\"},{\"@type\":\"ListItem\",\"position\":2,\"name\":\"V\u00ddROBKY\",\"item\":\"https:\/\/outdoor-gym.com\/cz\/vyrobky\/\"},{\"@type\":\"ListItem\",\"position\":3,\"name\":\"Venkovn\u00ed posilovny se 4 stanovi\u0161ti\"}]},{\"@type\":\"WebSite\",\"@id\":\"https:\/\/outdoor-gym.com\/cz\/#website\",\"url\":\"https:\/\/outdoor-gym.com\/cz\/\",\"name\":\"Trainer\",\"description\":\"Trainer  Venkovn\u00ed posilovna\",\"potentialAction\":[{\"@type\":\"SearchAction\",\"target\":{\"@type\":\"EntryPoint\",\"urlTemplate\":\"https:\/\/outdoor-gym.com\/cz\/?s={search_term_string}\"},\"query-input\":{\"@type\":\"PropertyValueSpecification\",\"valueRequired\":true,\"valueName\":\"search_term_string\"}}],\"inLanguage\":\"pl-PL\"}]}<\/script>\n<!-- \/ Yoast SEO plugin. -->","yoast_head_json":{"title":"Venkovn\u00ed posilovny se 4 stanovi\u0161ti - Venkovn\u00ed fitness stroje","robots":{"index":"index","follow":"follow","max-snippet":"max-snippet:-1","max-image-preview":"max-image-preview:large","max-video-preview":"max-video-preview:-1"},"canonical":"https:\/\/outdoor-gym.com\/cz\/vyrobky\/venkovni-posilovny-se-4-stanovisti-cena\/","og_locale":"cs_CZ","og_type":"article","og_title":"Venkovn\u00ed posilovny se 4 stanovi\u0161ti - Venkovn\u00ed fitness stroje","og_description":"&nbsp; &nbsp;","og_url":"https:\/\/outdoor-gym.com\/cz\/vyrobky\/venkovni-posilovny-se-4-stanovisti-cena\/","og_site_name":"Trainer","article_modified_time":"2023-04-25T11:13:34+00:00","twitter_card":"summary_large_image","twitter_misc":{"Szacowany czas czytania":"1 minuta"},"schema":{"@context":"https:\/\/schema.org","@graph":[{"@type":"WebPage","@id":"https:\/\/outdoor-gym.com\/cz\/vyrobky\/venkovni-posilovny-se-4-stanovisti-cena\/","url":"https:\/\/outdoor-gym.com\/cz\/vyrobky\/venkovni-posilovny-se-4-stanovisti-cena\/","name":"Venkovn\u00ed posilovny se 4 stanovi\u0161ti - Venkovn\u00ed fitness stroje","isPartOf":{"@id":"https:\/\/outdoor-gym.com\/cz\/#website"},"datePublished":"2021-01-18T12:18:40+00:00","dateModified":"2023-04-25T11:13:34+00:00","breadcrumb":{"@id":"https:\/\/outdoor-gym.com\/cz\/vyrobky\/venkovni-posilovny-se-4-stanovisti-cena\/#breadcrumb"},"inLanguage":"pl-PL","potentialAction":[{"@type":"ReadAction","target":["https:\/\/outdoor-gym.com\/cz\/vyrobky\/venkovni-posilovny-se-4-stanovisti-cena\/"]}]},{"@type":"BreadcrumbList","@id":"https:\/\/outdoor-gym.com\/cz\/vyrobky\/venkovni-posilovny-se-4-stanovisti-cena\/#breadcrumb","itemListElement":[{"@type":"ListItem","position":1,"name":"cz","item":"https:\/\/outdoor-gym.com\/cz\/"},{"@type":"ListItem","position":2,"name":"V\u00ddROBKY","item":"https:\/\/outdoor-gym.com\/cz\/vyrobky\/"},{"@type":"ListItem","position":3,"name":"Venkovn\u00ed posilovny se 4 stanovi\u0161ti"}]},{"@type":"WebSite","@id":"https:\/\/outdoor-gym.com\/cz\/#website","url":"https:\/\/outdoor-gym.com\/cz\/","name":"Trainer","description":"Trainer  Venkovn\u00ed posilovna","potentialAction":[{"@type":"SearchAction","target":{"@type":"EntryPoint","urlTemplate":"https:\/\/outdoor-gym.com\/cz\/?s={search_term_string}"},"query-input":{"@type":"PropertyValueSpecification","valueRequired":true,"valueName":"search_term_string"}}],"inLanguage":"pl-PL"}]}},"_links":{"self":[{"href":"https:\/\/outdoor-gym.com\/cz\/wp-json\/wp\/v2\/pages\/1238","targetHints":{"allow":["GET"]}}],"collection":[{"href":"https:\/\/outdoor-gym.com\/cz\/wp-json\/wp\/v2\/pages"}],"about":[{"href":"https:\/\/outdoor-gym.com\/cz\/wp-json\/wp\/v2\/types\/page"}],"author":[{"embeddable":true,"href":"https:\/\/outdoor-gym.com\/cz\/wp-json\/wp\/v2\/users\/1"}],"replies":[{"embeddable":true,"href":"https:\/\/outdoor-gym.com\/cz\/wp-json\/wp\/v2\/comments?post=1238"}],"version-history":[{"count":17,"href":"https:\/\/outdoor-gym.com\/cz\/wp-json\/wp\/v2\/pages\/1238\/revisions"}],"predecessor-version":[{"id":4225,"href":"https:\/\/outdoor-gym.com\/cz\/wp-json\/wp\/v2\/pages\/1238\/revisions\/4225"}],"up":[{"embeddable":true,"href":"https:\/\/outdoor-gym.com\/cz\/wp-json\/wp\/v2\/pages\/928"}],"wp:attachment":[{"href":"https:\/\/outdoor-gym.com\/cz\/wp-json\/wp\/v2\/media?parent=1238"}],"curies":[{"name":"wp","href":"https:\/\/api.w.org\/{rel}","templated":true}]}}