{"id":3425,"date":"2021-09-28T15:22:58","date_gmt":"2021-09-28T13:22:58","guid":{"rendered":"https:\/\/outdoor-gym.com\/cz\/?page_id=3425"},"modified":"2023-12-20T13:14:25","modified_gmt":"2023-12-20T12:14:25","slug":"zaruka","status":"publish","type":"page","link":"https:\/\/outdoor-gym.com\/cz\/sluzby\/zaruka\/","title":{"rendered":"Z\u00e1ruka"},"content":{"rendered":"<p><img loading=\"lazy\" decoding=\"async\" class=\"alignnone wp-image-4028 size-full\" src=\"https:\/\/outdoor-gym.com\/cz\/wp-content\/uploads\/Zaruka.jpg\" alt=\"Venkovn\u00ed posilovac\u00ed stroje- Z\u00e1ruka\" width=\"1000\" height=\"666\" srcset=\"https:\/\/outdoor-gym.com\/cz\/wp-content\/uploads\/Zaruka.jpg 1000w, https:\/\/outdoor-gym.com\/cz\/wp-content\/uploads\/Zaruka-600x400.jpg 600w, https:\/\/outdoor-gym.com\/cz\/wp-content\/uploads\/Zaruka-768x511.jpg 768w\" sizes=\"auto, (max-width: 1000px) 100vw, 1000px\" \/><\/p>\n<p><strong>Trainer Outdoor Gym je jedn\u00edm z p\u0159edn\u00edch evropsk\u00fdch v\u00fdrobc\u016f venkovn\u00edch posiloven.<\/strong><\/p>\n<p>V\u00fdroba prob\u00edh\u00e1 v Evrop\u011b v souladu s aktu\u00e1ln\u00edmi <strong>po\u017eadavky norem bezpe\u010dnosti a kvality<\/strong>. M\u00e1me certifik\u00e1t shody s normou\u00a0<strong>EN 16630:2015-06\u00a0<\/strong>a certifik\u00e1t vydan\u00fd\u00a0<strong>T\u00dcV Rheinland<\/strong>.\u00a0 Vybaven\u00ed pro venkovn\u00ed posilovny a street workout <strong>vyr\u00e1b\u00edme ji\u017e v\u00edce ne\u017e 10 let<\/strong>. Na na\u0161e v\u00fdrobky poskytujeme z\u00e1ruku.<\/p>\n<h4>20 YEARS\u00a0\u00a0 &#8211;\u00a0 STRUCTUAL GUARANTEE<\/h4>\n<h4>5 YEARS\u00a0 &#8211;\u00a0 PAINT GUARANTEE<\/h4>\n<h4>2 YEARS &#8211;\u00a0 MOVING PARTS GUARANTEE<\/h4>\n<p>Jsme si jisti kvalitou na\u0161\u00edch posiloven. <strong>D\u016fv\u011b\u0159uj\u00ed n\u00e1m tis\u00edce z\u00e1kazn\u00edk\u016f.<\/strong><\/p>\n<h4><a class=\"in-button in-download-button\" href=\"https:\/\/outdoor-gym.com\/cz\/wp-content\/uploads\/trainer-zaruka.pdf\" target=\"_blank\" rel=\"noopener\">ST\u00c1HN\u011aTE SI Z\u00c1RUKU<\/a><\/h4>\n<p>&nbsp;<\/p>\n","protected":false},"excerpt":{"rendered":"<p>Trainer Outdoor Gym je jedn\u00edm z p\u0159edn\u00edch evropsk\u00fdch v\u00fdrobc\u016f venkovn\u00edch posiloven. V\u00fdroba prob\u00edh\u00e1 v Evrop\u011b v souladu s aktu\u00e1ln\u00edmi po\u017eadavky norem bezpe\u010dnosti a kvality. M\u00e1me certifik\u00e1t shody s normou\u00a0EN 16630:2015-06\u00a0a certifik\u00e1t vydan\u00fd\u00a0T\u00dcV Rheinland.\u00a0 Vybaven\u00ed pro venkovn\u00ed posilovny a street workout vyr\u00e1b\u00edme ji\u017e v\u00edce ne\u017e 10 let. Na na\u0161e v\u00fdrobky poskytujeme z\u00e1ruku. 20 YEARS\u00a0\u00a0 &#8211;\u00a0 STRUCTUAL [&hellip;]<\/p>\n","protected":false},"author":1,"featured_media":0,"parent":932,"menu_order":0,"comment_status":"closed","ping_status":"closed","template":"template-usluga.php","meta":{"_acf_changed":false,"footnotes":""},"class_list":["post-3425","page","type-page","status-publish","hentry"],"acf":[],"yoast_head":"<!-- This site is optimized with the Yoast SEO plugin v26.8 - https:\/\/yoast.com\/product\/yoast-seo-wordpress\/ -->\n<title>Z\u00e1ruka - Venkovn\u00ed posilovac\u00ed stroje<\/title>\n<meta name=\"robots\" content=\"index, follow, max-snippet:-1, max-image-preview:large, max-video-preview:-1\" \/>\n<link rel=\"canonical\" href=\"https:\/\/outdoor-gym.com\/cz\/sluzby\/zaruka\/\" \/>\n<meta property=\"og:locale\" content=\"cs_CZ\" \/>\n<meta property=\"og:type\" content=\"article\" \/>\n<meta property=\"og:title\" content=\"Z\u00e1ruka - Venkovn\u00ed posilovac\u00ed stroje\" \/>\n<meta property=\"og:description\" content=\"Trainer Outdoor Gym je jedn\u00edm z p\u0159edn\u00edch evropsk\u00fdch v\u00fdrobc\u016f venkovn\u00edch posiloven. V\u00fdroba prob\u00edh\u00e1 v Evrop\u011b v souladu s aktu\u00e1ln\u00edmi po\u017eadavky norem bezpe\u010dnosti a kvality. M\u00e1me certifik\u00e1t shody s normou\u00a0EN 16630:2015-06\u00a0a certifik\u00e1t vydan\u00fd\u00a0T\u00dcV Rheinland.\u00a0 Vybaven\u00ed pro venkovn\u00ed posilovny a street workout vyr\u00e1b\u00edme ji\u017e v\u00edce ne\u017e 10 let. Na na\u0161e v\u00fdrobky poskytujeme z\u00e1ruku. 20 YEARS\u00a0\u00a0 &#8211;\u00a0 STRUCTUAL [&hellip;]\" \/>\n<meta property=\"og:url\" content=\"https:\/\/outdoor-gym.com\/cz\/sluzby\/zaruka\/\" \/>\n<meta property=\"og:site_name\" content=\"Trainer\" \/>\n<meta property=\"article:modified_time\" content=\"2023-12-20T12:14:25+00:00\" \/>\n<meta property=\"og:image\" content=\"https:\/\/outdoor-gym.com\/cz\/wp-content\/uploads\/Zaruka.jpg\" \/>\n<meta name=\"twitter:card\" content=\"summary_large_image\" \/>\n<meta name=\"twitter:label1\" content=\"Szacowany czas czytania\" \/>\n\t<meta name=\"twitter:data1\" content=\"1 minuta\" \/>\n<script type=\"application\/ld+json\" class=\"yoast-schema-graph\">{\"@context\":\"https:\/\/schema.org\",\"@graph\":[{\"@type\":\"WebPage\",\"@id\":\"https:\/\/outdoor-gym.com\/cz\/sluzby\/zaruka\/\",\"url\":\"https:\/\/outdoor-gym.com\/cz\/sluzby\/zaruka\/\",\"name\":\"Z\u00e1ruka - Venkovn\u00ed posilovac\u00ed stroje\",\"isPartOf\":{\"@id\":\"https:\/\/outdoor-gym.com\/cz\/#website\"},\"primaryImageOfPage\":{\"@id\":\"https:\/\/outdoor-gym.com\/cz\/sluzby\/zaruka\/#primaryimage\"},\"image\":{\"@id\":\"https:\/\/outdoor-gym.com\/cz\/sluzby\/zaruka\/#primaryimage\"},\"thumbnailUrl\":\"https:\/\/outdoor-gym.com\/cz\/wp-content\/uploads\/Zaruka.jpg\",\"datePublished\":\"2021-09-28T13:22:58+00:00\",\"dateModified\":\"2023-12-20T12:14:25+00:00\",\"breadcrumb\":{\"@id\":\"https:\/\/outdoor-gym.com\/cz\/sluzby\/zaruka\/#breadcrumb\"},\"inLanguage\":\"pl-PL\",\"potentialAction\":[{\"@type\":\"ReadAction\",\"target\":[\"https:\/\/outdoor-gym.com\/cz\/sluzby\/zaruka\/\"]}]},{\"@type\":\"ImageObject\",\"inLanguage\":\"pl-PL\",\"@id\":\"https:\/\/outdoor-gym.com\/cz\/sluzby\/zaruka\/#primaryimage\",\"url\":\"https:\/\/outdoor-gym.com\/cz\/wp-content\/uploads\/Zaruka.jpg\",\"contentUrl\":\"https:\/\/outdoor-gym.com\/cz\/wp-content\/uploads\/Zaruka.jpg\",\"width\":1000,\"height\":666,\"caption\":\"Venkovn\u00ed posilovac\u00ed stroje- Z\u00e1ruka\"},{\"@type\":\"BreadcrumbList\",\"@id\":\"https:\/\/outdoor-gym.com\/cz\/sluzby\/zaruka\/#breadcrumb\",\"itemListElement\":[{\"@type\":\"ListItem\",\"position\":1,\"name\":\"cz\",\"item\":\"https:\/\/outdoor-gym.com\/cz\/\"},{\"@type\":\"ListItem\",\"position\":2,\"name\":\"SLU\u017dBY\",\"item\":\"https:\/\/outdoor-gym.com\/cz\/sluzby\/\"},{\"@type\":\"ListItem\",\"position\":3,\"name\":\"Z\u00e1ruka\"}]},{\"@type\":\"WebSite\",\"@id\":\"https:\/\/outdoor-gym.com\/cz\/#website\",\"url\":\"https:\/\/outdoor-gym.com\/cz\/\",\"name\":\"Trainer\",\"description\":\"Trainer  Venkovn\u00ed posilovna\",\"potentialAction\":[{\"@type\":\"SearchAction\",\"target\":{\"@type\":\"EntryPoint\",\"urlTemplate\":\"https:\/\/outdoor-gym.com\/cz\/?s={search_term_string}\"},\"query-input\":{\"@type\":\"PropertyValueSpecification\",\"valueRequired\":true,\"valueName\":\"search_term_string\"}}],\"inLanguage\":\"pl-PL\"}]}<\/script>\n<!-- \/ Yoast SEO plugin. -->","yoast_head_json":{"title":"Z\u00e1ruka - Venkovn\u00ed posilovac\u00ed stroje","robots":{"index":"index","follow":"follow","max-snippet":"max-snippet:-1","max-image-preview":"max-image-preview:large","max-video-preview":"max-video-preview:-1"},"canonical":"https:\/\/outdoor-gym.com\/cz\/sluzby\/zaruka\/","og_locale":"cs_CZ","og_type":"article","og_title":"Z\u00e1ruka - Venkovn\u00ed posilovac\u00ed stroje","og_description":"Trainer Outdoor Gym je jedn\u00edm z p\u0159edn\u00edch evropsk\u00fdch v\u00fdrobc\u016f venkovn\u00edch posiloven. V\u00fdroba prob\u00edh\u00e1 v Evrop\u011b v souladu s aktu\u00e1ln\u00edmi po\u017eadavky norem bezpe\u010dnosti a kvality. M\u00e1me certifik\u00e1t shody s normou\u00a0EN 16630:2015-06\u00a0a certifik\u00e1t vydan\u00fd\u00a0T\u00dcV Rheinland.\u00a0 Vybaven\u00ed pro venkovn\u00ed posilovny a street workout vyr\u00e1b\u00edme ji\u017e v\u00edce ne\u017e 10 let. Na na\u0161e v\u00fdrobky poskytujeme z\u00e1ruku. 20 YEARS\u00a0\u00a0 &#8211;\u00a0 STRUCTUAL [&hellip;]","og_url":"https:\/\/outdoor-gym.com\/cz\/sluzby\/zaruka\/","og_site_name":"Trainer","article_modified_time":"2023-12-20T12:14:25+00:00","og_image":[{"url":"https:\/\/outdoor-gym.com\/cz\/wp-content\/uploads\/Zaruka.jpg","type":"","width":"","height":""}],"twitter_card":"summary_large_image","twitter_misc":{"Szacowany czas czytania":"1 minuta"},"schema":{"@context":"https:\/\/schema.org","@graph":[{"@type":"WebPage","@id":"https:\/\/outdoor-gym.com\/cz\/sluzby\/zaruka\/","url":"https:\/\/outdoor-gym.com\/cz\/sluzby\/zaruka\/","name":"Z\u00e1ruka - Venkovn\u00ed posilovac\u00ed stroje","isPartOf":{"@id":"https:\/\/outdoor-gym.com\/cz\/#website"},"primaryImageOfPage":{"@id":"https:\/\/outdoor-gym.com\/cz\/sluzby\/zaruka\/#primaryimage"},"image":{"@id":"https:\/\/outdoor-gym.com\/cz\/sluzby\/zaruka\/#primaryimage"},"thumbnailUrl":"https:\/\/outdoor-gym.com\/cz\/wp-content\/uploads\/Zaruka.jpg","datePublished":"2021-09-28T13:22:58+00:00","dateModified":"2023-12-20T12:14:25+00:00","breadcrumb":{"@id":"https:\/\/outdoor-gym.com\/cz\/sluzby\/zaruka\/#breadcrumb"},"inLanguage":"pl-PL","potentialAction":[{"@type":"ReadAction","target":["https:\/\/outdoor-gym.com\/cz\/sluzby\/zaruka\/"]}]},{"@type":"ImageObject","inLanguage":"pl-PL","@id":"https:\/\/outdoor-gym.com\/cz\/sluzby\/zaruka\/#primaryimage","url":"https:\/\/outdoor-gym.com\/cz\/wp-content\/uploads\/Zaruka.jpg","contentUrl":"https:\/\/outdoor-gym.com\/cz\/wp-content\/uploads\/Zaruka.jpg","width":1000,"height":666,"caption":"Venkovn\u00ed posilovac\u00ed stroje- Z\u00e1ruka"},{"@type":"BreadcrumbList","@id":"https:\/\/outdoor-gym.com\/cz\/sluzby\/zaruka\/#breadcrumb","itemListElement":[{"@type":"ListItem","position":1,"name":"cz","item":"https:\/\/outdoor-gym.com\/cz\/"},{"@type":"ListItem","position":2,"name":"SLU\u017dBY","item":"https:\/\/outdoor-gym.com\/cz\/sluzby\/"},{"@type":"ListItem","position":3,"name":"Z\u00e1ruka"}]},{"@type":"WebSite","@id":"https:\/\/outdoor-gym.com\/cz\/#website","url":"https:\/\/outdoor-gym.com\/cz\/","name":"Trainer","description":"Trainer  Venkovn\u00ed posilovna","potentialAction":[{"@type":"SearchAction","target":{"@type":"EntryPoint","urlTemplate":"https:\/\/outdoor-gym.com\/cz\/?s={search_term_string}"},"query-input":{"@type":"PropertyValueSpecification","valueRequired":true,"valueName":"search_term_string"}}],"inLanguage":"pl-PL"}]}},"_links":{"self":[{"href":"https:\/\/outdoor-gym.com\/cz\/wp-json\/wp\/v2\/pages\/3425","targetHints":{"allow":["GET"]}}],"collection":[{"href":"https:\/\/outdoor-gym.com\/cz\/wp-json\/wp\/v2\/pages"}],"about":[{"href":"https:\/\/outdoor-gym.com\/cz\/wp-json\/wp\/v2\/types\/page"}],"author":[{"embeddable":true,"href":"https:\/\/outdoor-gym.com\/cz\/wp-json\/wp\/v2\/users\/1"}],"replies":[{"embeddable":true,"href":"https:\/\/outdoor-gym.com\/cz\/wp-json\/wp\/v2\/comments?post=3425"}],"version-history":[{"count":11,"href":"https:\/\/outdoor-gym.com\/cz\/wp-json\/wp\/v2\/pages\/3425\/revisions"}],"predecessor-version":[{"id":4949,"href":"https:\/\/outdoor-gym.com\/cz\/wp-json\/wp\/v2\/pages\/3425\/revisions\/4949"}],"up":[{"embeddable":true,"href":"https:\/\/outdoor-gym.com\/cz\/wp-json\/wp\/v2\/pages\/932"}],"wp:attachment":[{"href":"https:\/\/outdoor-gym.com\/cz\/wp-json\/wp\/v2\/media?parent=3425"}],"curies":[{"name":"wp","href":"https:\/\/api.w.org\/{rel}","templated":true}]}}