{"id":3427,"date":"2021-09-28T15:21:51","date_gmt":"2021-09-28T13:21:51","guid":{"rendered":"https:\/\/outdoor-gym.com\/cz\/?page_id=3427"},"modified":"2023-02-01T11:55:09","modified_gmt":"2023-02-01T10:55:09","slug":"navrhy-posiloven","status":"publish","type":"page","link":"https:\/\/outdoor-gym.com\/cz\/sluzby\/navrhy-posiloven\/","title":{"rendered":"N\u00e1vrhy posiloven"},"content":{"rendered":"<h3><img loading=\"lazy\" decoding=\"async\" class=\"alignnone wp-image-4051 size-full\" src=\"https:\/\/outdoor-gym.com\/cz\/wp-content\/uploads\/navrhy-posiloven.png\" alt=\"N\u00e1vrhy posiloven - TRAINER Venkovn\u00ed posilovna\" width=\"1920\" height=\"1080\" srcset=\"https:\/\/outdoor-gym.com\/cz\/wp-content\/uploads\/navrhy-posiloven.png 1920w, https:\/\/outdoor-gym.com\/cz\/wp-content\/uploads\/navrhy-posiloven-600x338.png 600w, https:\/\/outdoor-gym.com\/cz\/wp-content\/uploads\/navrhy-posiloven-768x432.png 768w, https:\/\/outdoor-gym.com\/cz\/wp-content\/uploads\/navrhy-posiloven-1536x864.png 1536w\" sizes=\"auto, (max-width: 1920px) 100vw, 1920px\" \/><\/h3>\n<h3>Navrhn\u011bte si s n\u00e1mi svou vysn\u011bnou posilovnu!<\/h3>\n<p>Jsme jednou z m\u00e1la firem, kter\u00e9 <strong>m\u00e1 v\u00fdrobu v Evrop\u011b.<\/strong> Mnoho firem, kter\u00e9 se ozna\u010duj\u00ed jako v\u00fdrobci, ve skute\u010dnosti dov\u00e1\u017eej\u00ed venkovn\u00ed posilovny z jin\u00fdch zem\u00ed, hlavn\u011b z Asie. Pokud si chcete b\u00fdt jisti, kde byly venkovn\u00ed posilovny, kter\u00e9 hodl\u00e1te koupit, vyrobeny, v\u017edy se prodejce dotazujte na konkretn\u00ed zemi v\u00fdroby.<\/p>\n<p><strong>Navrhujeme a vyr\u00e1b\u00edme za\u0159\u00edzeni pro venkovn\u00ed posilovny.<\/strong> Nab\u00edz\u00edme tak\u00e9 odborn\u00e9 poradenstv\u00ed a mont\u00e1\u017e. Db\u00e1me na to, aby na\u0161i z\u00e1kazn\u00edci byli spokojeni v ka\u017ed\u00e9 f\u00e1zi poskytov\u00e1n\u00ed slu\u017eby. Na\u0161e nab\u00eddka je velmi rozs\u00e1hl\u00e1, vyr\u00e1b\u00edme p\u0159es<strong> 250 r\u016fzn\u00fdch za\u0159\u00edzen\u00ed,<\/strong> kter\u00e1 lze libovoln\u011b konfigurovat.\u00a0 Ka\u017ed\u00e9 \u0159e\u0161en\u00ed lze upravit a p\u0159izp\u016fsobit va\u0161im pot\u0159eb\u00e1m. M\u016f\u017eete si tak\u00e9 navrhnout za\u0159\u00edzen\u00ed od nuly s na\u0161\u00edm <strong>speci\u00e1ln\u00edm n\u00e1vrh\u00e1\u0159sk\u00fdm t\u00fdmem.<\/strong><\/p>\n\n\t\t<style type=\"text\/css\">\n\t\t\t#gallery-1 {\n\t\t\t\tmargin: auto;\n\t\t\t}\n\t\t\t#gallery-1 .gallery-item {\n\t\t\t\tfloat: left;\n\t\t\t\tmargin-top: 10px;\n\t\t\t\ttext-align: center;\n\t\t\t\twidth: 100%;\n\t\t\t}\n\t\t\t#gallery-1 img {\n\t\t\t\tborder: 2px solid #cfcfcf;\n\t\t\t}\n\t\t\t#gallery-1 .gallery-caption {\n\t\t\t\tmargin-left: 0;\n\t\t\t}\n\t\t\t\/* see gallery_shortcode() in wp-includes\/media.php *\/\n\t\t<\/style>\n\t\t<div id='gallery-1' class='gallery galleryid-3427 gallery-columns-1 gallery-size-full'><dl class='gallery-item'>\n\t\t\t<dt class='gallery-icon landscape'>\n\t\t\t\t<a href='https:\/\/outdoor-gym.com\/cz\/sluzby\/sluzby-trainer-venkovni-posilovna\/'><img loading=\"lazy\" decoding=\"async\" width=\"1215\" height=\"531\" src=\"https:\/\/outdoor-gym.com\/cz\/wp-content\/uploads\/SLUZBY-TRAINER-venkovni-posilovna.jpg\" class=\"attachment-full size-full\" alt=\"SLU\u017dBY\" srcset=\"https:\/\/outdoor-gym.com\/cz\/wp-content\/uploads\/SLUZBY-TRAINER-venkovni-posilovna.jpg 1215w, https:\/\/outdoor-gym.com\/cz\/wp-content\/uploads\/SLUZBY-TRAINER-venkovni-posilovna-600x262.jpg 600w, https:\/\/outdoor-gym.com\/cz\/wp-content\/uploads\/SLUZBY-TRAINER-venkovni-posilovna-768x336.jpg 768w\" sizes=\"auto, (max-width: 1215px) 100vw, 1215px\" \/><\/a>\n\t\t\t<\/dt><\/dl><br style=\"clear: both\" \/><dl class='gallery-item'>\n\t\t\t<dt class='gallery-icon landscape'>\n\t\t\t\t<a href='https:\/\/outdoor-gym.com\/cz\/sluzby\/navrhy-posiloven\/navrhy-venkovnich-posiloven-5\/'><img loading=\"lazy\" decoding=\"async\" width=\"1920\" height=\"1080\" src=\"https:\/\/outdoor-gym.com\/cz\/wp-content\/uploads\/navrhy-venkovnich-posiloven-5.png\" class=\"attachment-full size-full\" alt=\"\" srcset=\"https:\/\/outdoor-gym.com\/cz\/wp-content\/uploads\/navrhy-venkovnich-posiloven-5.png 1920w, https:\/\/outdoor-gym.com\/cz\/wp-content\/uploads\/navrhy-venkovnich-posiloven-5-600x338.png 600w, https:\/\/outdoor-gym.com\/cz\/wp-content\/uploads\/navrhy-venkovnich-posiloven-5-768x432.png 768w, https:\/\/outdoor-gym.com\/cz\/wp-content\/uploads\/navrhy-venkovnich-posiloven-5-1536x864.png 1536w\" sizes=\"auto, (max-width: 1920px) 100vw, 1920px\" \/><\/a>\n\t\t\t<\/dt><\/dl><br style=\"clear: both\" \/>\n\t\t<\/div>\n\n","protected":false},"excerpt":{"rendered":"<p>Navrhn\u011bte si s n\u00e1mi svou vysn\u011bnou posilovnu! Jsme jednou z m\u00e1la firem, kter\u00e9 m\u00e1 v\u00fdrobu v Evrop\u011b. Mnoho firem, kter\u00e9 se ozna\u010duj\u00ed jako v\u00fdrobci, ve skute\u010dnosti dov\u00e1\u017eej\u00ed venkovn\u00ed posilovny z jin\u00fdch zem\u00ed, hlavn\u011b z Asie. Pokud si chcete b\u00fdt jisti, kde byly venkovn\u00ed posilovny, kter\u00e9 hodl\u00e1te koupit, vyrobeny, v\u017edy se prodejce dotazujte na konkretn\u00ed zemi [&hellip;]<\/p>\n","protected":false},"author":1,"featured_media":0,"parent":932,"menu_order":0,"comment_status":"closed","ping_status":"closed","template":"template-usluga.php","meta":{"_acf_changed":false,"footnotes":""},"class_list":["post-3427","page","type-page","status-publish","hentry"],"acf":[],"yoast_head":"<!-- This site is optimized with the Yoast SEO plugin v26.8 - https:\/\/yoast.com\/product\/yoast-seo-wordpress\/ -->\n<title>N\u00e1vrhy posiloven - Trainer<\/title>\n<meta name=\"robots\" content=\"index, follow, max-snippet:-1, max-image-preview:large, max-video-preview:-1\" \/>\n<link rel=\"canonical\" href=\"https:\/\/outdoor-gym.com\/cz\/sluzby\/navrhy-posiloven\/\" \/>\n<meta property=\"og:locale\" content=\"cs_CZ\" \/>\n<meta property=\"og:type\" content=\"article\" \/>\n<meta property=\"og:title\" content=\"N\u00e1vrhy posiloven - Trainer\" \/>\n<meta property=\"og:description\" content=\"Navrhn\u011bte si s n\u00e1mi svou vysn\u011bnou posilovnu! Jsme jednou z m\u00e1la firem, kter\u00e9 m\u00e1 v\u00fdrobu v Evrop\u011b. Mnoho firem, kter\u00e9 se ozna\u010duj\u00ed jako v\u00fdrobci, ve skute\u010dnosti dov\u00e1\u017eej\u00ed venkovn\u00ed posilovny z jin\u00fdch zem\u00ed, hlavn\u011b z Asie. Pokud si chcete b\u00fdt jisti, kde byly venkovn\u00ed posilovny, kter\u00e9 hodl\u00e1te koupit, vyrobeny, v\u017edy se prodejce dotazujte na konkretn\u00ed zemi [&hellip;]\" \/>\n<meta property=\"og:url\" content=\"https:\/\/outdoor-gym.com\/cz\/sluzby\/navrhy-posiloven\/\" \/>\n<meta property=\"og:site_name\" content=\"Trainer\" \/>\n<meta property=\"article:modified_time\" content=\"2023-02-01T10:55:09+00:00\" \/>\n<meta property=\"og:image\" content=\"https:\/\/outdoor-gym.com\/cz\/wp-content\/uploads\/SLUZBY-TRAINER-venkovni-posilovna.jpg\" \/>\n<meta name=\"twitter:card\" content=\"summary_large_image\" \/>\n<meta name=\"twitter:label1\" content=\"Szacowany czas czytania\" \/>\n\t<meta name=\"twitter:data1\" content=\"1 minuta\" \/>\n<script type=\"application\/ld+json\" class=\"yoast-schema-graph\">{\"@context\":\"https:\/\/schema.org\",\"@graph\":[{\"@type\":\"WebPage\",\"@id\":\"https:\/\/outdoor-gym.com\/cz\/sluzby\/navrhy-posiloven\/\",\"url\":\"https:\/\/outdoor-gym.com\/cz\/sluzby\/navrhy-posiloven\/\",\"name\":\"N\u00e1vrhy posiloven - Trainer\",\"isPartOf\":{\"@id\":\"https:\/\/outdoor-gym.com\/cz\/#website\"},\"primaryImageOfPage\":{\"@id\":\"https:\/\/outdoor-gym.com\/cz\/sluzby\/navrhy-posiloven\/#primaryimage\"},\"image\":{\"@id\":\"https:\/\/outdoor-gym.com\/cz\/sluzby\/navrhy-posiloven\/#primaryimage\"},\"thumbnailUrl\":\"https:\/\/outdoor-gym.com\/cz\/wp-content\/uploads\/navrhy-posiloven.png\",\"datePublished\":\"2021-09-28T13:21:51+00:00\",\"dateModified\":\"2023-02-01T10:55:09+00:00\",\"breadcrumb\":{\"@id\":\"https:\/\/outdoor-gym.com\/cz\/sluzby\/navrhy-posiloven\/#breadcrumb\"},\"inLanguage\":\"pl-PL\",\"potentialAction\":[{\"@type\":\"ReadAction\",\"target\":[\"https:\/\/outdoor-gym.com\/cz\/sluzby\/navrhy-posiloven\/\"]}]},{\"@type\":\"ImageObject\",\"inLanguage\":\"pl-PL\",\"@id\":\"https:\/\/outdoor-gym.com\/cz\/sluzby\/navrhy-posiloven\/#primaryimage\",\"url\":\"https:\/\/outdoor-gym.com\/cz\/wp-content\/uploads\/navrhy-posiloven.png\",\"contentUrl\":\"https:\/\/outdoor-gym.com\/cz\/wp-content\/uploads\/navrhy-posiloven.png\",\"width\":1920,\"height\":1080,\"caption\":\"N\u00e1vrhy posiloven - TRAINER Venkovn\u00ed posilovna\"},{\"@type\":\"BreadcrumbList\",\"@id\":\"https:\/\/outdoor-gym.com\/cz\/sluzby\/navrhy-posiloven\/#breadcrumb\",\"itemListElement\":[{\"@type\":\"ListItem\",\"position\":1,\"name\":\"cz\",\"item\":\"https:\/\/outdoor-gym.com\/cz\/\"},{\"@type\":\"ListItem\",\"position\":2,\"name\":\"SLU\u017dBY\",\"item\":\"https:\/\/outdoor-gym.com\/cz\/sluzby\/\"},{\"@type\":\"ListItem\",\"position\":3,\"name\":\"N\u00e1vrhy posiloven\"}]},{\"@type\":\"WebSite\",\"@id\":\"https:\/\/outdoor-gym.com\/cz\/#website\",\"url\":\"https:\/\/outdoor-gym.com\/cz\/\",\"name\":\"Trainer\",\"description\":\"Trainer  Venkovn\u00ed posilovna\",\"potentialAction\":[{\"@type\":\"SearchAction\",\"target\":{\"@type\":\"EntryPoint\",\"urlTemplate\":\"https:\/\/outdoor-gym.com\/cz\/?s={search_term_string}\"},\"query-input\":{\"@type\":\"PropertyValueSpecification\",\"valueRequired\":true,\"valueName\":\"search_term_string\"}}],\"inLanguage\":\"pl-PL\"}]}<\/script>\n<!-- \/ Yoast SEO plugin. -->","yoast_head_json":{"title":"N\u00e1vrhy posiloven - Trainer","robots":{"index":"index","follow":"follow","max-snippet":"max-snippet:-1","max-image-preview":"max-image-preview:large","max-video-preview":"max-video-preview:-1"},"canonical":"https:\/\/outdoor-gym.com\/cz\/sluzby\/navrhy-posiloven\/","og_locale":"cs_CZ","og_type":"article","og_title":"N\u00e1vrhy posiloven - Trainer","og_description":"Navrhn\u011bte si s n\u00e1mi svou vysn\u011bnou posilovnu! Jsme jednou z m\u00e1la firem, kter\u00e9 m\u00e1 v\u00fdrobu v Evrop\u011b. Mnoho firem, kter\u00e9 se ozna\u010duj\u00ed jako v\u00fdrobci, ve skute\u010dnosti dov\u00e1\u017eej\u00ed venkovn\u00ed posilovny z jin\u00fdch zem\u00ed, hlavn\u011b z Asie. Pokud si chcete b\u00fdt jisti, kde byly venkovn\u00ed posilovny, kter\u00e9 hodl\u00e1te koupit, vyrobeny, v\u017edy se prodejce dotazujte na konkretn\u00ed zemi [&hellip;]","og_url":"https:\/\/outdoor-gym.com\/cz\/sluzby\/navrhy-posiloven\/","og_site_name":"Trainer","article_modified_time":"2023-02-01T10:55:09+00:00","og_image":[{"url":"https:\/\/outdoor-gym.com\/cz\/wp-content\/uploads\/SLUZBY-TRAINER-venkovni-posilovna.jpg","type":"","width":"","height":""}],"twitter_card":"summary_large_image","twitter_misc":{"Szacowany czas czytania":"1 minuta"},"schema":{"@context":"https:\/\/schema.org","@graph":[{"@type":"WebPage","@id":"https:\/\/outdoor-gym.com\/cz\/sluzby\/navrhy-posiloven\/","url":"https:\/\/outdoor-gym.com\/cz\/sluzby\/navrhy-posiloven\/","name":"N\u00e1vrhy posiloven - Trainer","isPartOf":{"@id":"https:\/\/outdoor-gym.com\/cz\/#website"},"primaryImageOfPage":{"@id":"https:\/\/outdoor-gym.com\/cz\/sluzby\/navrhy-posiloven\/#primaryimage"},"image":{"@id":"https:\/\/outdoor-gym.com\/cz\/sluzby\/navrhy-posiloven\/#primaryimage"},"thumbnailUrl":"https:\/\/outdoor-gym.com\/cz\/wp-content\/uploads\/navrhy-posiloven.png","datePublished":"2021-09-28T13:21:51+00:00","dateModified":"2023-02-01T10:55:09+00:00","breadcrumb":{"@id":"https:\/\/outdoor-gym.com\/cz\/sluzby\/navrhy-posiloven\/#breadcrumb"},"inLanguage":"pl-PL","potentialAction":[{"@type":"ReadAction","target":["https:\/\/outdoor-gym.com\/cz\/sluzby\/navrhy-posiloven\/"]}]},{"@type":"ImageObject","inLanguage":"pl-PL","@id":"https:\/\/outdoor-gym.com\/cz\/sluzby\/navrhy-posiloven\/#primaryimage","url":"https:\/\/outdoor-gym.com\/cz\/wp-content\/uploads\/navrhy-posiloven.png","contentUrl":"https:\/\/outdoor-gym.com\/cz\/wp-content\/uploads\/navrhy-posiloven.png","width":1920,"height":1080,"caption":"N\u00e1vrhy posiloven - TRAINER Venkovn\u00ed posilovna"},{"@type":"BreadcrumbList","@id":"https:\/\/outdoor-gym.com\/cz\/sluzby\/navrhy-posiloven\/#breadcrumb","itemListElement":[{"@type":"ListItem","position":1,"name":"cz","item":"https:\/\/outdoor-gym.com\/cz\/"},{"@type":"ListItem","position":2,"name":"SLU\u017dBY","item":"https:\/\/outdoor-gym.com\/cz\/sluzby\/"},{"@type":"ListItem","position":3,"name":"N\u00e1vrhy posiloven"}]},{"@type":"WebSite","@id":"https:\/\/outdoor-gym.com\/cz\/#website","url":"https:\/\/outdoor-gym.com\/cz\/","name":"Trainer","description":"Trainer  Venkovn\u00ed posilovna","potentialAction":[{"@type":"SearchAction","target":{"@type":"EntryPoint","urlTemplate":"https:\/\/outdoor-gym.com\/cz\/?s={search_term_string}"},"query-input":{"@type":"PropertyValueSpecification","valueRequired":true,"valueName":"search_term_string"}}],"inLanguage":"pl-PL"}]}},"_links":{"self":[{"href":"https:\/\/outdoor-gym.com\/cz\/wp-json\/wp\/v2\/pages\/3427","targetHints":{"allow":["GET"]}}],"collection":[{"href":"https:\/\/outdoor-gym.com\/cz\/wp-json\/wp\/v2\/pages"}],"about":[{"href":"https:\/\/outdoor-gym.com\/cz\/wp-json\/wp\/v2\/types\/page"}],"author":[{"embeddable":true,"href":"https:\/\/outdoor-gym.com\/cz\/wp-json\/wp\/v2\/users\/1"}],"replies":[{"embeddable":true,"href":"https:\/\/outdoor-gym.com\/cz\/wp-json\/wp\/v2\/comments?post=3427"}],"version-history":[{"count":7,"href":"https:\/\/outdoor-gym.com\/cz\/wp-json\/wp\/v2\/pages\/3427\/revisions"}],"predecessor-version":[{"id":4053,"href":"https:\/\/outdoor-gym.com\/cz\/wp-json\/wp\/v2\/pages\/3427\/revisions\/4053"}],"up":[{"embeddable":true,"href":"https:\/\/outdoor-gym.com\/cz\/wp-json\/wp\/v2\/pages\/932"}],"wp:attachment":[{"href":"https:\/\/outdoor-gym.com\/cz\/wp-json\/wp\/v2\/media?parent=3427"}],"curies":[{"name":"wp","href":"https:\/\/api.w.org\/{rel}","templated":true}]}}