{"id":5299,"date":"2025-02-06T08:34:14","date_gmt":"2025-02-06T07:34:14","guid":{"rendered":"https:\/\/outdoor-gym.com\/cz\/?page_id=5299"},"modified":"2025-02-06T14:37:40","modified_gmt":"2025-02-06T13:37:40","slug":"ninja-prekazkova-draha","status":"publish","type":"page","link":"https:\/\/outdoor-gym.com\/cz\/vyrobky\/ninja-prekazkova-draha\/","title":{"rendered":"Ninja p\u0159ek\u00e1\u017ekov\u00e1 dr\u00e1ha"},"content":{"rendered":"<p>Ninja p\u0159ek\u00e1\u017ekov\u00e1 dr\u00e1ha \u2013 inovativn\u00ed tr\u00e9ninkov\u00e1 za\u0159\u00edzen\u00ed spojuj\u00edc\u00ed sportovn\u00ed v\u00fdzvu a z\u00e1bavu!<\/p>\n<p>Ninja dr\u00e1hy jsou modern\u00ed a modul\u00e1rn\u00ed konstrukce navr\u017een\u00e9 pro rozvoj fyzick\u00e9 kondice, s\u00edly a koordinace pohyb\u016f. Byly vytvo\u0159eny s ohledem na ve\u0159ejn\u00e9 prostory, \u0161koly, sportovn\u00ed are\u00e1ly a rekrea\u010dn\u00ed projekty. Na\u0161e za\u0159\u00edzen\u00ed jsou atraktivn\u00edm \u0159e\u0161en\u00edm pro samospr\u00e1vy, developery, stavebn\u00ed firmy a krajin\u00e1\u0159sk\u00e9 architekty.<\/p>\n<p>Ninja dr\u00e1hy TRAINER d\u00edky odoln\u00fdm materi\u00e1l\u016fm a modern\u00edmu designu zaji\u0161\u0165uj\u00ed maxim\u00e1ln\u00ed bezpe\u010dnost u\u017eivatel\u016f. P\u0159ek\u00e1\u017eky lze p\u0159izp\u016fsobit r\u016fzn\u00fdm v\u011bkov\u00fdm skupin\u00e1m a \u00farovn\u00edm pokro\u010dilosti, co\u017e umo\u017e\u0148uje vytvo\u0159en\u00ed prostor p\u0159esn\u011b podle pot\u0159eb u\u017eivatel\u016f.<\/p>\n<p>Objevte na\u0161e \u0159e\u0161en\u00ed a vybudujte si vlastn\u00ed Ninja z\u00f3nu!<\/p>\n","protected":false},"excerpt":{"rendered":"<p>Ninja p\u0159ek\u00e1\u017ekov\u00e1 dr\u00e1ha \u2013 inovativn\u00ed tr\u00e9ninkov\u00e1 za\u0159\u00edzen\u00ed spojuj\u00edc\u00ed sportovn\u00ed v\u00fdzvu a z\u00e1bavu! Ninja dr\u00e1hy jsou modern\u00ed a modul\u00e1rn\u00ed konstrukce navr\u017een\u00e9 pro rozvoj fyzick\u00e9 kondice, s\u00edly a koordinace pohyb\u016f. Byly vytvo\u0159eny s ohledem na ve\u0159ejn\u00e9 prostory, \u0161koly, sportovn\u00ed are\u00e1ly a rekrea\u010dn\u00ed projekty. Na\u0161e za\u0159\u00edzen\u00ed jsou atraktivn\u00edm \u0159e\u0161en\u00edm pro samospr\u00e1vy, developery, stavebn\u00ed firmy a krajin\u00e1\u0159sk\u00e9 architekty. Ninja [&hellip;]<\/p>\n","protected":false},"author":9,"featured_media":0,"parent":928,"menu_order":0,"comment_status":"closed","ping_status":"closed","template":"template-seria.php","meta":{"_acf_changed":false,"footnotes":""},"class_list":["post-5299","page","type-page","status-publish","hentry"],"acf":[],"yoast_head":"<!-- This site is optimized with the Yoast SEO plugin v26.8 - https:\/\/yoast.com\/product\/yoast-seo-wordpress\/ -->\n<title>Ninja p\u0159ek\u00e1\u017ekov\u00e1 dr\u00e1ha - TRAINER<\/title>\n<meta name=\"description\" content=\"Ninja p\u0159ek\u00e1\u017ekov\u00e1 dr\u00e1ha. Nab\u00edz\u00edme profesion\u00e1ln\u00ed ninja p\u0159ek\u00e1\u017ekov\u00e9 dr\u00e1hy ur\u010den\u00e9 pro ve\u0159ejn\u00e9 parky, workoutov\u00e1 h\u0159i\u0161t\u011b a sportovn\u00ed centra. Na\u0161e venkovn\u00ed ninja p\u0159ek\u00e1\u017eky jsou vyrobeny z odoln\u00fdch materi\u00e1l\u016f, kter\u00e9 zaji\u0161\u0165uj\u00ed bezpe\u010dnost a dlouhou \u017eivotnost. Objevte ninja warrior vybaven\u00ed pro dosp\u011bl\u00e9.\" \/>\n<meta name=\"robots\" content=\"index, follow, max-snippet:-1, max-image-preview:large, max-video-preview:-1\" \/>\n<link rel=\"canonical\" href=\"https:\/\/outdoor-gym.com\/cz\/vyrobky\/ninja-prekazkova-draha\/\" \/>\n<meta property=\"og:locale\" content=\"cs_CZ\" \/>\n<meta property=\"og:type\" content=\"article\" \/>\n<meta property=\"og:title\" content=\"Ninja p\u0159ek\u00e1\u017ekov\u00e1 dr\u00e1ha - TRAINER\" \/>\n<meta property=\"og:description\" content=\"Ninja p\u0159ek\u00e1\u017ekov\u00e1 dr\u00e1ha. Nab\u00edz\u00edme profesion\u00e1ln\u00ed ninja p\u0159ek\u00e1\u017ekov\u00e9 dr\u00e1hy ur\u010den\u00e9 pro ve\u0159ejn\u00e9 parky, workoutov\u00e1 h\u0159i\u0161t\u011b a sportovn\u00ed centra. Na\u0161e venkovn\u00ed ninja p\u0159ek\u00e1\u017eky jsou vyrobeny z odoln\u00fdch materi\u00e1l\u016f, kter\u00e9 zaji\u0161\u0165uj\u00ed bezpe\u010dnost a dlouhou \u017eivotnost. Objevte ninja warrior vybaven\u00ed pro dosp\u011bl\u00e9.\" \/>\n<meta property=\"og:url\" content=\"https:\/\/outdoor-gym.com\/cz\/vyrobky\/ninja-prekazkova-draha\/\" \/>\n<meta property=\"og:site_name\" content=\"Trainer\" \/>\n<meta property=\"article:modified_time\" content=\"2025-02-06T13:37:40+00:00\" \/>\n<meta name=\"twitter:card\" content=\"summary_large_image\" \/>\n<meta name=\"twitter:label1\" content=\"Szacowany czas czytania\" \/>\n\t<meta name=\"twitter:data1\" content=\"1 minuta\" \/>\n<script type=\"application\/ld+json\" class=\"yoast-schema-graph\">{\"@context\":\"https:\/\/schema.org\",\"@graph\":[{\"@type\":\"WebPage\",\"@id\":\"https:\/\/outdoor-gym.com\/cz\/vyrobky\/ninja-prekazkova-draha\/\",\"url\":\"https:\/\/outdoor-gym.com\/cz\/vyrobky\/ninja-prekazkova-draha\/\",\"name\":\"Ninja p\u0159ek\u00e1\u017ekov\u00e1 dr\u00e1ha - TRAINER\",\"isPartOf\":{\"@id\":\"https:\/\/outdoor-gym.com\/cz\/#website\"},\"datePublished\":\"2025-02-06T07:34:14+00:00\",\"dateModified\":\"2025-02-06T13:37:40+00:00\",\"description\":\"Ninja p\u0159ek\u00e1\u017ekov\u00e1 dr\u00e1ha. Nab\u00edz\u00edme profesion\u00e1ln\u00ed ninja p\u0159ek\u00e1\u017ekov\u00e9 dr\u00e1hy ur\u010den\u00e9 pro ve\u0159ejn\u00e9 parky, workoutov\u00e1 h\u0159i\u0161t\u011b a sportovn\u00ed centra. Na\u0161e venkovn\u00ed ninja p\u0159ek\u00e1\u017eky jsou vyrobeny z odoln\u00fdch materi\u00e1l\u016f, kter\u00e9 zaji\u0161\u0165uj\u00ed bezpe\u010dnost a dlouhou \u017eivotnost. Objevte ninja warrior vybaven\u00ed pro dosp\u011bl\u00e9.\",\"breadcrumb\":{\"@id\":\"https:\/\/outdoor-gym.com\/cz\/vyrobky\/ninja-prekazkova-draha\/#breadcrumb\"},\"inLanguage\":\"pl-PL\",\"potentialAction\":[{\"@type\":\"ReadAction\",\"target\":[\"https:\/\/outdoor-gym.com\/cz\/vyrobky\/ninja-prekazkova-draha\/\"]}]},{\"@type\":\"BreadcrumbList\",\"@id\":\"https:\/\/outdoor-gym.com\/cz\/vyrobky\/ninja-prekazkova-draha\/#breadcrumb\",\"itemListElement\":[{\"@type\":\"ListItem\",\"position\":1,\"name\":\"cz\",\"item\":\"https:\/\/outdoor-gym.com\/cz\/\"},{\"@type\":\"ListItem\",\"position\":2,\"name\":\"V\u00ddROBKY\",\"item\":\"https:\/\/outdoor-gym.com\/cz\/vyrobky\/\"},{\"@type\":\"ListItem\",\"position\":3,\"name\":\"Ninja p\u0159ek\u00e1\u017ekov\u00e1 dr\u00e1ha\"}]},{\"@type\":\"WebSite\",\"@id\":\"https:\/\/outdoor-gym.com\/cz\/#website\",\"url\":\"https:\/\/outdoor-gym.com\/cz\/\",\"name\":\"Trainer\",\"description\":\"Trainer  Venkovn\u00ed posilovna\",\"potentialAction\":[{\"@type\":\"SearchAction\",\"target\":{\"@type\":\"EntryPoint\",\"urlTemplate\":\"https:\/\/outdoor-gym.com\/cz\/?s={search_term_string}\"},\"query-input\":{\"@type\":\"PropertyValueSpecification\",\"valueRequired\":true,\"valueName\":\"search_term_string\"}}],\"inLanguage\":\"pl-PL\"}]}<\/script>\n<!-- \/ Yoast SEO plugin. -->","yoast_head_json":{"title":"Ninja p\u0159ek\u00e1\u017ekov\u00e1 dr\u00e1ha - TRAINER","description":"Ninja p\u0159ek\u00e1\u017ekov\u00e1 dr\u00e1ha. Nab\u00edz\u00edme profesion\u00e1ln\u00ed ninja p\u0159ek\u00e1\u017ekov\u00e9 dr\u00e1hy ur\u010den\u00e9 pro ve\u0159ejn\u00e9 parky, workoutov\u00e1 h\u0159i\u0161t\u011b a sportovn\u00ed centra. Na\u0161e venkovn\u00ed ninja p\u0159ek\u00e1\u017eky jsou vyrobeny z odoln\u00fdch materi\u00e1l\u016f, kter\u00e9 zaji\u0161\u0165uj\u00ed bezpe\u010dnost a dlouhou \u017eivotnost. Objevte ninja warrior vybaven\u00ed pro dosp\u011bl\u00e9.","robots":{"index":"index","follow":"follow","max-snippet":"max-snippet:-1","max-image-preview":"max-image-preview:large","max-video-preview":"max-video-preview:-1"},"canonical":"https:\/\/outdoor-gym.com\/cz\/vyrobky\/ninja-prekazkova-draha\/","og_locale":"cs_CZ","og_type":"article","og_title":"Ninja p\u0159ek\u00e1\u017ekov\u00e1 dr\u00e1ha - TRAINER","og_description":"Ninja p\u0159ek\u00e1\u017ekov\u00e1 dr\u00e1ha. Nab\u00edz\u00edme profesion\u00e1ln\u00ed ninja p\u0159ek\u00e1\u017ekov\u00e9 dr\u00e1hy ur\u010den\u00e9 pro ve\u0159ejn\u00e9 parky, workoutov\u00e1 h\u0159i\u0161t\u011b a sportovn\u00ed centra. Na\u0161e venkovn\u00ed ninja p\u0159ek\u00e1\u017eky jsou vyrobeny z odoln\u00fdch materi\u00e1l\u016f, kter\u00e9 zaji\u0161\u0165uj\u00ed bezpe\u010dnost a dlouhou \u017eivotnost. Objevte ninja warrior vybaven\u00ed pro dosp\u011bl\u00e9.","og_url":"https:\/\/outdoor-gym.com\/cz\/vyrobky\/ninja-prekazkova-draha\/","og_site_name":"Trainer","article_modified_time":"2025-02-06T13:37:40+00:00","twitter_card":"summary_large_image","twitter_misc":{"Szacowany czas czytania":"1 minuta"},"schema":{"@context":"https:\/\/schema.org","@graph":[{"@type":"WebPage","@id":"https:\/\/outdoor-gym.com\/cz\/vyrobky\/ninja-prekazkova-draha\/","url":"https:\/\/outdoor-gym.com\/cz\/vyrobky\/ninja-prekazkova-draha\/","name":"Ninja p\u0159ek\u00e1\u017ekov\u00e1 dr\u00e1ha - TRAINER","isPartOf":{"@id":"https:\/\/outdoor-gym.com\/cz\/#website"},"datePublished":"2025-02-06T07:34:14+00:00","dateModified":"2025-02-06T13:37:40+00:00","description":"Ninja p\u0159ek\u00e1\u017ekov\u00e1 dr\u00e1ha. Nab\u00edz\u00edme profesion\u00e1ln\u00ed ninja p\u0159ek\u00e1\u017ekov\u00e9 dr\u00e1hy ur\u010den\u00e9 pro ve\u0159ejn\u00e9 parky, workoutov\u00e1 h\u0159i\u0161t\u011b a sportovn\u00ed centra. Na\u0161e venkovn\u00ed ninja p\u0159ek\u00e1\u017eky jsou vyrobeny z odoln\u00fdch materi\u00e1l\u016f, kter\u00e9 zaji\u0161\u0165uj\u00ed bezpe\u010dnost a dlouhou \u017eivotnost. Objevte ninja warrior vybaven\u00ed pro dosp\u011bl\u00e9.","breadcrumb":{"@id":"https:\/\/outdoor-gym.com\/cz\/vyrobky\/ninja-prekazkova-draha\/#breadcrumb"},"inLanguage":"pl-PL","potentialAction":[{"@type":"ReadAction","target":["https:\/\/outdoor-gym.com\/cz\/vyrobky\/ninja-prekazkova-draha\/"]}]},{"@type":"BreadcrumbList","@id":"https:\/\/outdoor-gym.com\/cz\/vyrobky\/ninja-prekazkova-draha\/#breadcrumb","itemListElement":[{"@type":"ListItem","position":1,"name":"cz","item":"https:\/\/outdoor-gym.com\/cz\/"},{"@type":"ListItem","position":2,"name":"V\u00ddROBKY","item":"https:\/\/outdoor-gym.com\/cz\/vyrobky\/"},{"@type":"ListItem","position":3,"name":"Ninja p\u0159ek\u00e1\u017ekov\u00e1 dr\u00e1ha"}]},{"@type":"WebSite","@id":"https:\/\/outdoor-gym.com\/cz\/#website","url":"https:\/\/outdoor-gym.com\/cz\/","name":"Trainer","description":"Trainer  Venkovn\u00ed posilovna","potentialAction":[{"@type":"SearchAction","target":{"@type":"EntryPoint","urlTemplate":"https:\/\/outdoor-gym.com\/cz\/?s={search_term_string}"},"query-input":{"@type":"PropertyValueSpecification","valueRequired":true,"valueName":"search_term_string"}}],"inLanguage":"pl-PL"}]}},"_links":{"self":[{"href":"https:\/\/outdoor-gym.com\/cz\/wp-json\/wp\/v2\/pages\/5299","targetHints":{"allow":["GET"]}}],"collection":[{"href":"https:\/\/outdoor-gym.com\/cz\/wp-json\/wp\/v2\/pages"}],"about":[{"href":"https:\/\/outdoor-gym.com\/cz\/wp-json\/wp\/v2\/types\/page"}],"author":[{"embeddable":true,"href":"https:\/\/outdoor-gym.com\/cz\/wp-json\/wp\/v2\/users\/9"}],"replies":[{"embeddable":true,"href":"https:\/\/outdoor-gym.com\/cz\/wp-json\/wp\/v2\/comments?post=5299"}],"version-history":[{"count":6,"href":"https:\/\/outdoor-gym.com\/cz\/wp-json\/wp\/v2\/pages\/5299\/revisions"}],"predecessor-version":[{"id":5359,"href":"https:\/\/outdoor-gym.com\/cz\/wp-json\/wp\/v2\/pages\/5299\/revisions\/5359"}],"up":[{"embeddable":true,"href":"https:\/\/outdoor-gym.com\/cz\/wp-json\/wp\/v2\/pages\/928"}],"wp:attachment":[{"href":"https:\/\/outdoor-gym.com\/cz\/wp-json\/wp\/v2\/media?parent=5299"}],"curies":[{"name":"wp","href":"https:\/\/api.w.org\/{rel}","templated":true}]}}