{"id":5429,"date":"2025-03-24T13:20:03","date_gmt":"2025-03-24T12:20:03","guid":{"rendered":"https:\/\/outdoor-gym.com\/cz\/?page_id=5429"},"modified":"2025-05-05T09:31:19","modified_gmt":"2025-05-05T07:31:19","slug":"mestsky-mobiliar","status":"publish","type":"page","link":"https:\/\/outdoor-gym.com\/cz\/mestsky-mobiliar\/","title":{"rendered":"M\u011bstsk\u00fd mobili\u00e1\u0159"},"content":{"rendered":"<p><span style=\"font-weight: 400;\">N\u00e1\u0161 m\u011bstsk\u00fd mobili\u00e1\u0159 je ide\u00e1ln\u00edm dopl\u0148kem pro pl\u00e1novanou venkovn\u00ed posilovnu nebo z\u00f3nu pro volno\u010dasov\u00e9 aktivity. Nab\u00edz\u00edme odoln\u00e9 a estetick\u00e9 parkov\u00e9 lavi\u010dky, venkovn\u00ed odpadkov\u00e9 ko\u0161e a stojany na kola. Jedn\u00e1 se o funk\u010dn\u00ed vybaven\u00ed pro ve\u0159ejn\u00e1 prostranstv\u00ed, \u0161koly, parky, s\u00eddli\u0161t\u011b i rekrea\u010dn\u00ed plochy.<\/span><\/p>\n<p><span style=\"font-weight: 400;\">V\u0161echny produkty jsou vyrobeny z materi\u00e1l\u016f odoln\u00fdch v\u016f\u010di pov\u011btrnostn\u00edm vliv\u016fm a intenzivn\u00edmu pou\u017e\u00edv\u00e1n\u00ed. Lavi\u010dky poskytuj\u00ed komfortn\u00ed odpo\u010dinek, ko\u0161e podporuj\u00ed \u010distotu prost\u0159ed\u00ed a stojany zaji\u0161\u0165uj\u00ed bezpe\u010dn\u00e9 parkov\u00e1n\u00ed kol. Nab\u00edz\u00edme r\u016fzn\u00e9 styly od klasick\u00fdch po modern\u00ed, co\u017e umo\u017e\u0148uje snadno vytvo\u0159it ucelen\u00fd, funk\u010dn\u00ed a p\u0159\u00edjemn\u00fd ve\u0159ejn\u00fd prostor.<\/span><\/p>\n","protected":false},"excerpt":{"rendered":"<p>N\u00e1\u0161 m\u011bstsk\u00fd mobili\u00e1\u0159 je ide\u00e1ln\u00edm dopl\u0148kem pro pl\u00e1novanou venkovn\u00ed posilovnu nebo z\u00f3nu pro volno\u010dasov\u00e9 aktivity. Nab\u00edz\u00edme odoln\u00e9 a estetick\u00e9 parkov\u00e9 lavi\u010dky, venkovn\u00ed odpadkov\u00e9 ko\u0161e a stojany na kola. Jedn\u00e1 se o funk\u010dn\u00ed vybaven\u00ed pro ve\u0159ejn\u00e1 prostranstv\u00ed, \u0161koly, parky, s\u00eddli\u0161t\u011b i rekrea\u010dn\u00ed plochy. V\u0161echny produkty jsou vyrobeny z materi\u00e1l\u016f odoln\u00fdch v\u016f\u010di pov\u011btrnostn\u00edm vliv\u016fm a intenzivn\u00edmu pou\u017e\u00edv\u00e1n\u00ed. [&hellip;]<\/p>\n","protected":false},"author":16,"featured_media":0,"parent":0,"menu_order":0,"comment_status":"closed","ping_status":"closed","template":"template-seria.php","meta":{"_acf_changed":false,"footnotes":""},"class_list":["post-5429","page","type-page","status-publish","hentry"],"acf":[],"yoast_head":"<!-- This site is optimized with the Yoast SEO plugin v26.8 - https:\/\/yoast.com\/product\/yoast-seo-wordpress\/ -->\n<title>M\u011bstsk\u00fd mobili\u00e1\u0159 - Trainer<\/title>\n<meta name=\"robots\" content=\"index, follow, max-snippet:-1, max-image-preview:large, max-video-preview:-1\" \/>\n<link rel=\"canonical\" href=\"https:\/\/outdoor-gym.com\/cz\/mestsky-mobiliar\/\" \/>\n<meta property=\"og:locale\" content=\"cs_CZ\" \/>\n<meta property=\"og:type\" content=\"article\" \/>\n<meta property=\"og:title\" content=\"M\u011bstsk\u00fd mobili\u00e1\u0159 - Trainer\" \/>\n<meta property=\"og:description\" content=\"N\u00e1\u0161 m\u011bstsk\u00fd mobili\u00e1\u0159 je ide\u00e1ln\u00edm dopl\u0148kem pro pl\u00e1novanou venkovn\u00ed posilovnu nebo z\u00f3nu pro volno\u010dasov\u00e9 aktivity. Nab\u00edz\u00edme odoln\u00e9 a estetick\u00e9 parkov\u00e9 lavi\u010dky, venkovn\u00ed odpadkov\u00e9 ko\u0161e a stojany na kola. Jedn\u00e1 se o funk\u010dn\u00ed vybaven\u00ed pro ve\u0159ejn\u00e1 prostranstv\u00ed, \u0161koly, parky, s\u00eddli\u0161t\u011b i rekrea\u010dn\u00ed plochy. V\u0161echny produkty jsou vyrobeny z materi\u00e1l\u016f odoln\u00fdch v\u016f\u010di pov\u011btrnostn\u00edm vliv\u016fm a intenzivn\u00edmu pou\u017e\u00edv\u00e1n\u00ed. [&hellip;]\" \/>\n<meta property=\"og:url\" content=\"https:\/\/outdoor-gym.com\/cz\/mestsky-mobiliar\/\" \/>\n<meta property=\"og:site_name\" content=\"Trainer\" \/>\n<meta property=\"article:modified_time\" content=\"2025-05-05T07:31:19+00:00\" \/>\n<meta name=\"twitter:card\" content=\"summary_large_image\" \/>\n<meta name=\"twitter:label1\" content=\"Szacowany czas czytania\" \/>\n\t<meta name=\"twitter:data1\" content=\"1 minuta\" \/>\n<script type=\"application\/ld+json\" class=\"yoast-schema-graph\">{\"@context\":\"https:\/\/schema.org\",\"@graph\":[{\"@type\":\"WebPage\",\"@id\":\"https:\/\/outdoor-gym.com\/cz\/mestsky-mobiliar\/\",\"url\":\"https:\/\/outdoor-gym.com\/cz\/mestsky-mobiliar\/\",\"name\":\"M\u011bstsk\u00fd mobili\u00e1\u0159 - Trainer\",\"isPartOf\":{\"@id\":\"https:\/\/outdoor-gym.com\/cz\/#website\"},\"datePublished\":\"2025-03-24T12:20:03+00:00\",\"dateModified\":\"2025-05-05T07:31:19+00:00\",\"breadcrumb\":{\"@id\":\"https:\/\/outdoor-gym.com\/cz\/mestsky-mobiliar\/#breadcrumb\"},\"inLanguage\":\"pl-PL\",\"potentialAction\":[{\"@type\":\"ReadAction\",\"target\":[\"https:\/\/outdoor-gym.com\/cz\/mestsky-mobiliar\/\"]}]},{\"@type\":\"BreadcrumbList\",\"@id\":\"https:\/\/outdoor-gym.com\/cz\/mestsky-mobiliar\/#breadcrumb\",\"itemListElement\":[{\"@type\":\"ListItem\",\"position\":1,\"name\":\"cz\",\"item\":\"https:\/\/outdoor-gym.com\/cz\/\"},{\"@type\":\"ListItem\",\"position\":2,\"name\":\"M\u011bstsk\u00fd mobili\u00e1\u0159\"}]},{\"@type\":\"WebSite\",\"@id\":\"https:\/\/outdoor-gym.com\/cz\/#website\",\"url\":\"https:\/\/outdoor-gym.com\/cz\/\",\"name\":\"Trainer\",\"description\":\"Trainer  Venkovn\u00ed posilovna\",\"potentialAction\":[{\"@type\":\"SearchAction\",\"target\":{\"@type\":\"EntryPoint\",\"urlTemplate\":\"https:\/\/outdoor-gym.com\/cz\/?s={search_term_string}\"},\"query-input\":{\"@type\":\"PropertyValueSpecification\",\"valueRequired\":true,\"valueName\":\"search_term_string\"}}],\"inLanguage\":\"pl-PL\"}]}<\/script>\n<!-- \/ Yoast SEO plugin. -->","yoast_head_json":{"title":"M\u011bstsk\u00fd mobili\u00e1\u0159 - Trainer","robots":{"index":"index","follow":"follow","max-snippet":"max-snippet:-1","max-image-preview":"max-image-preview:large","max-video-preview":"max-video-preview:-1"},"canonical":"https:\/\/outdoor-gym.com\/cz\/mestsky-mobiliar\/","og_locale":"cs_CZ","og_type":"article","og_title":"M\u011bstsk\u00fd mobili\u00e1\u0159 - Trainer","og_description":"N\u00e1\u0161 m\u011bstsk\u00fd mobili\u00e1\u0159 je ide\u00e1ln\u00edm dopl\u0148kem pro pl\u00e1novanou venkovn\u00ed posilovnu nebo z\u00f3nu pro volno\u010dasov\u00e9 aktivity. Nab\u00edz\u00edme odoln\u00e9 a estetick\u00e9 parkov\u00e9 lavi\u010dky, venkovn\u00ed odpadkov\u00e9 ko\u0161e a stojany na kola. Jedn\u00e1 se o funk\u010dn\u00ed vybaven\u00ed pro ve\u0159ejn\u00e1 prostranstv\u00ed, \u0161koly, parky, s\u00eddli\u0161t\u011b i rekrea\u010dn\u00ed plochy. V\u0161echny produkty jsou vyrobeny z materi\u00e1l\u016f odoln\u00fdch v\u016f\u010di pov\u011btrnostn\u00edm vliv\u016fm a intenzivn\u00edmu pou\u017e\u00edv\u00e1n\u00ed. [&hellip;]","og_url":"https:\/\/outdoor-gym.com\/cz\/mestsky-mobiliar\/","og_site_name":"Trainer","article_modified_time":"2025-05-05T07:31:19+00:00","twitter_card":"summary_large_image","twitter_misc":{"Szacowany czas czytania":"1 minuta"},"schema":{"@context":"https:\/\/schema.org","@graph":[{"@type":"WebPage","@id":"https:\/\/outdoor-gym.com\/cz\/mestsky-mobiliar\/","url":"https:\/\/outdoor-gym.com\/cz\/mestsky-mobiliar\/","name":"M\u011bstsk\u00fd mobili\u00e1\u0159 - Trainer","isPartOf":{"@id":"https:\/\/outdoor-gym.com\/cz\/#website"},"datePublished":"2025-03-24T12:20:03+00:00","dateModified":"2025-05-05T07:31:19+00:00","breadcrumb":{"@id":"https:\/\/outdoor-gym.com\/cz\/mestsky-mobiliar\/#breadcrumb"},"inLanguage":"pl-PL","potentialAction":[{"@type":"ReadAction","target":["https:\/\/outdoor-gym.com\/cz\/mestsky-mobiliar\/"]}]},{"@type":"BreadcrumbList","@id":"https:\/\/outdoor-gym.com\/cz\/mestsky-mobiliar\/#breadcrumb","itemListElement":[{"@type":"ListItem","position":1,"name":"cz","item":"https:\/\/outdoor-gym.com\/cz\/"},{"@type":"ListItem","position":2,"name":"M\u011bstsk\u00fd mobili\u00e1\u0159"}]},{"@type":"WebSite","@id":"https:\/\/outdoor-gym.com\/cz\/#website","url":"https:\/\/outdoor-gym.com\/cz\/","name":"Trainer","description":"Trainer  Venkovn\u00ed posilovna","potentialAction":[{"@type":"SearchAction","target":{"@type":"EntryPoint","urlTemplate":"https:\/\/outdoor-gym.com\/cz\/?s={search_term_string}"},"query-input":{"@type":"PropertyValueSpecification","valueRequired":true,"valueName":"search_term_string"}}],"inLanguage":"pl-PL"}]}},"_links":{"self":[{"href":"https:\/\/outdoor-gym.com\/cz\/wp-json\/wp\/v2\/pages\/5429","targetHints":{"allow":["GET"]}}],"collection":[{"href":"https:\/\/outdoor-gym.com\/cz\/wp-json\/wp\/v2\/pages"}],"about":[{"href":"https:\/\/outdoor-gym.com\/cz\/wp-json\/wp\/v2\/types\/page"}],"author":[{"embeddable":true,"href":"https:\/\/outdoor-gym.com\/cz\/wp-json\/wp\/v2\/users\/16"}],"replies":[{"embeddable":true,"href":"https:\/\/outdoor-gym.com\/cz\/wp-json\/wp\/v2\/comments?post=5429"}],"version-history":[{"count":3,"href":"https:\/\/outdoor-gym.com\/cz\/wp-json\/wp\/v2\/pages\/5429\/revisions"}],"predecessor-version":[{"id":5596,"href":"https:\/\/outdoor-gym.com\/cz\/wp-json\/wp\/v2\/pages\/5429\/revisions\/5596"}],"wp:attachment":[{"href":"https:\/\/outdoor-gym.com\/cz\/wp-json\/wp\/v2\/media?parent=5429"}],"curies":[{"name":"wp","href":"https:\/\/api.w.org\/{rel}","templated":true}]}}