{"id":5765,"date":"2025-12-11T12:55:38","date_gmt":"2025-12-11T11:55:38","guid":{"rendered":"https:\/\/outdoor-gym.com\/cz\/?page_id=5765"},"modified":"2025-12-11T12:55:38","modified_gmt":"2025-12-11T11:55:38","slug":"vraceni-zbozi","status":"publish","type":"page","link":"https:\/\/outdoor-gym.com\/cz\/sluzby\/vraceni-zbozi\/","title":{"rendered":"Vr\u00e1cen\u00ed zbo\u017e\u00ed"},"content":{"rendered":"<p><strong>Vr\u00e1cen\u00ed zbo\u017e\u00ed<\/strong><\/p>\n<p><strong>Informace o pr\u00e1vu odstoupit od smlouvy uzav\u0159en\u00e9 na d\u00e1lku<\/strong><\/p>\n<p>Jako spot\u0159ebitel m\u00e1te pr\u00e1vo odstoupit od smlouvy uzav\u0159en\u00e9 v Internetov\u00e9m obchod\u011b ve lh\u016ft\u011b 14 dn\u016f bez uveden\u00ed d\u016fvodu. Lh\u016fta pro odstoupen\u00ed od smlouvy uplyne po 14 dnech ode dne, kdy Vy nebo V\u00e1mi ur\u010den\u00e1 t\u0159et\u00ed osoba odli\u0161n\u00e1 od dopravce p\u0159evezmete zbo\u017e\u00ed do dr\u017een\u00ed.<\/p>\n<p>Abyste mohli vyu\u017e\u00edt pr\u00e1vo odstoupit od smlouvy, mus\u00edte n\u00e1s informovat o sv\u00e9m rozhodnut\u00ed odstoupit od t\u00e9to smlouvy prost\u0159ednictv\u00edm jednozna\u010dn\u00e9ho prohl\u00e1\u0161en\u00ed (nap\u0159\u00edklad dopisem zaslan\u00fdm po\u0161tou nebo e-mailem). Prohl\u00e1\u0161en\u00ed m\u016f\u017eete zaslat:<\/p>\n<ul>\n<li><strong>e-mailem:<\/strong> trainer@outdoor-gym.com<\/li>\n<li><strong>in writing to the address:<\/strong><br \/>\n<strong>TRAINER Outdoor Gym sp. z o.o.<\/strong><br \/>\nul. Hetma\u0144ska 38<br \/>\n85-039 Bydgoszcz<\/li>\n<\/ul>\n<p>Vzorov\u00fd formul\u00e1\u0159 pro odstoupen\u00ed od smlouvy se nach\u00e1z\u00ed na konci tohoto dokumentu. M\u016f\u017eete pou\u017e\u00edt p\u0159ilo\u017een\u00fd vzor formul\u00e1\u0159e, nen\u00ed to v\u0161ak povinn\u00e9.<\/p>\n<p>Aby byla dodr\u017eena lh\u016fta pro odstoupen\u00ed od smlouvy, sta\u010d\u00ed odeslat informaci o uplatn\u011bn\u00ed pr\u00e1va odstoupit od smlouvy p\u0159ed uplynut\u00edm t\u00e9to lh\u016fty.<\/p>\n<p>V p\u0159\u00edpad\u011b odstoupen\u00ed od t\u00e9to smlouvy V\u00e1m vr\u00e1t\u00edme v\u0161echny platby, kter\u00e9 jsme od V\u00e1s obdr\u017eeli, v\u010detn\u011b n\u00e1klad\u016f na dod\u00e1n\u00ed zbo\u017e\u00ed (s v\u00fdjimkou dodate\u010dn\u00fdch n\u00e1klad\u016f vznikl\u00fdch v d\u016fsledku V\u00e1mi zvolen\u00e9ho zp\u016fsobu dod\u00e1n\u00ed, kter\u00fd je jin\u00fd ne\u017e nejlevn\u011bj\u0161\u00ed b\u011b\u017en\u00fd zp\u016fsob dod\u00e1n\u00ed, kter\u00fd nab\u00edz\u00edme), a to bez zbyte\u010dn\u00e9ho odkladu, nejpozd\u011bji do 14 dn\u016f ode dne, kdy jsme byli informov\u00e1ni o Va\u0161em rozhodnut\u00ed odstoupit od t\u00e9to smlouvy.<\/p>\n<p>Vr\u00e1cen\u00ed plateb provedeme stejn\u00fdm platebn\u00edm prost\u0159edkem, jak\u00fd jste pou\u017eili p\u0159i p\u016fvodn\u00ed transakci, pokud jste v\u00fdslovn\u011b nesouhlasili s jin\u00fdm \u0159e\u0161en\u00edm; v ka\u017ed\u00e9m p\u0159\u00edpad\u011b V\u00e1m nevzniknou \u017e\u00e1dn\u00e9 dodate\u010dn\u00e9 poplatky v souvislosti s t\u00edmto vr\u00e1cen\u00edm. M\u016f\u017eeme zadr\u017eet vr\u00e1cen\u00ed platby, dokud neobdr\u017e\u00edme zbo\u017e\u00ed zp\u011bt, nebo dokud n\u00e1m nebude doru\u010den doklad o jeho odesl\u00e1n\u00ed \u2013 podle toho, kter\u00e1 skute\u010dnost nastane d\u0159\u00edve.<\/p>\n<p>Pokud jste ji\u017e zakoupen\u00e9 zbo\u017e\u00ed obdr\u017eeli, ode\u0161lete jej nebo p\u0159ed\u00e1te na n\u00e1sleduj\u00edc\u00ed adresu:<\/p>\n<p><strong>TRAINER Outdoor Gym sp. z o.o.<\/strong><br \/>\nul. Milcherta 10<br \/>\n85-862 Bydgoszcz<\/p>\n<p>a to bez zbyte\u010dn\u00e9ho odkladu, v ka\u017ed\u00e9m p\u0159\u00edpad\u011b nejpozd\u011bji do 14 dn\u016f ode dne, kdy jste n\u00e1s informovali o odstoupen\u00ed od smlouvy. Lh\u016fta je dodr\u017eena, pokud ode\u0161lete zbo\u017e\u00ed zp\u011bt p\u0159ed uplynut\u00edm 14 dn\u016f.<\/p>\n<p>Budete muset n\u00e9st p\u0159\u00edm\u00e9 n\u00e1klady na vr\u00e1cen\u00ed zbo\u017e\u00ed. Odpov\u00edd\u00e1te pouze za p\u0159\u00edpadn\u00e9 sn\u00ed\u017een\u00ed hodnoty zbo\u017e\u00ed, kter\u00e9 vzniklo v d\u016fsledku nakl\u00e1d\u00e1n\u00ed se zbo\u017e\u00edm jin\u00fdm zp\u016fsobem, ne\u017e jak\u00fd je nezbytn\u00fd k sezn\u00e1men\u00ed se s povahou, vlastnostmi a fungov\u00e1n\u00edm zbo\u017e\u00ed.<\/p>\n<p>Pr\u00e1vo odstoupit od smlouvy se nevztahuje na produkty vyr\u00e1b\u011bn\u00e9 na individu\u00e1ln\u00ed zak\u00e1zku, zejm\u00e9na na produkty vyroben\u00e9 podle individu\u00e1ln\u00ed specifikace, konstrukce personalizovan\u00e9 z hlediska barevn\u00e9ho proveden\u00ed, vybaven\u00ed nebo konfigurace, kter\u00e9 byly po doru\u010den\u00ed trvale spojeny s jinou instalac\u00ed nebo se zem\u00ed, nebo kter\u00e9 byly vyrobeny podle jin\u00fdch individu\u00e1ln\u00edch po\u017eadavk\u016f.<\/p>\n<p>&nbsp;<\/p>\n<p>&nbsp;<\/p>\n<p><strong>VZOR FORMUL\u00c1\u0158E ODSTOUPEN\u00cd OD SMLOUVY<\/strong><\/p>\n<p><em>(vypl\u0148te a ode\u0161lete pouze v p\u0159\u00edpad\u011b, \u017ee chcete odstoupit od smlouvy)<\/em><\/p>\n<p><strong>\u00dadaje z\u00e1kazn\u00edka:<\/strong><br \/>\nJm\u00e9no a p\u0159\u00edjmen\u00ed:&#8230;&#8230;&#8230;&#8230;&#8230;&#8230;&#8230;&#8230;&#8230;&#8230;&#8230;&#8230;&#8230;&#8230;&#8230;&#8230;&#8230;&#8230;&#8230;..<br \/>\nAdresa:&#8230;&#8230;&#8230;&#8230;&#8230;&#8230;&#8230;&#8230;&#8230;&#8230;&#8230;&#8230;&#8230;&#8230;&#8230;&#8230;&#8230;&#8230;&#8230;&#8230;&#8230;&#8230;&#8230;&#8230;.<br \/>\nTelefon: &#8230;&#8230;&#8230;&#8230;&#8230;&#8230;&#8230;&#8230;&#8230;&#8230;&#8230;&#8230; E-mail: &#8230;&#8230;&#8230;&#8230;&#8230;&#8230;&#8230;&#8230;&#8230;.<\/p>\n<p><strong>Adres\u00e1t:<\/strong><br \/>\nTRAINER Outdoor Gym sp. z o.o.<br \/>\nul. Hetma\u0144ska 38<br \/>\n85-039 Bydgoszcz<br \/>\ne-mail: trainer@outdoor-gym.com<\/p>\n<p><strong>Prohl\u00e1\u0161en\u00ed o odstoupen\u00ed od smlouvy<\/strong><\/p>\n<p>J\u00e1, n\u00ed\u017ee podepsan\u00fd\/\u00e1, t\u00edmto oznamuji, \u017ee odstupuji od smlouvy uzav\u0159en\u00e9 na d\u00e1lku t\u00fdkaj\u00edc\u00ed se n\u00e1kupu:<\/p>\n<p>&#8230;&#8230;&#8230;&#8230;&#8230;&#8230;&#8230;&#8230;&#8230;&#8230;&#8230;&#8230;&#8230;&#8230;&#8230;&#8230;&#8230;&#8230;&#8230;&#8230;&#8230;&#8230;&#8230;&#8230;&#8230;&#8230;..<br \/>\n&#8230;&#8230;&#8230;&#8230;&#8230;&#8230;&#8230;&#8230;&#8230;&#8230;&#8230;&#8230;&#8230;&#8230;&#8230;&#8230;&#8230;&#8230;&#8230;&#8230;&#8230;&#8230;&#8230;&#8230;&#8230;&#8230;..<\/p>\n<p>Datum p\u0159evzet\u00ed produktu: &#8230;&#8230;&#8230;&#8230;&#8230;&#8230;&#8230;&#8230;&#8230;&#8230;&#8230;&#8230;&#8230;&#8230;&#8230;&#8230;&#8230;&#8230;.<\/p>\n<p>\u017d\u00e1d\u00e1m o vr\u00e1cen\u00ed platby na bankovn\u00ed \u00fa\u010det:<\/p>\n<p>&#8230;&#8230;&#8230;&#8230;&#8230;&#8230;&#8230;&#8230;&#8230;&#8230;&#8230;&#8230;&#8230;&#8230;&#8230;&#8230;&#8230;&#8230;&#8230;&#8230;&#8230;&#8230;&#8230;&#8230;&#8230;&#8230;..<\/p>\n<p>Datum: &#8230;&#8230;&#8230;&#8230;&#8230;&#8230;&#8230;&#8230;&#8230;&#8230;&#8230;&#8230;&#8230;&#8230;&#8230;<\/p>\n<p>Podpis (pouze pokud je formul\u00e1\u0159 zas\u00edl\u00e1n v listinn\u00e9 podob\u011b):<\/p>\n<p>&#8230;&#8230;&#8230;&#8230;&#8230;&#8230;&#8230;&#8230;&#8230;&#8230;&#8230;&#8230;&#8230;&#8230;&#8230;&#8230;&#8230;&#8230;&#8230;&#8230;&#8230;&#8230;&#8230;&#8230;&#8230;&#8230;..<\/p>\n<p>&nbsp;<\/p>\n","protected":false},"excerpt":{"rendered":"<p>Vr\u00e1cen\u00ed zbo\u017e\u00ed Informace o pr\u00e1vu odstoupit od smlouvy uzav\u0159en\u00e9 na d\u00e1lku Jako spot\u0159ebitel m\u00e1te pr\u00e1vo odstoupit od smlouvy uzav\u0159en\u00e9 v Internetov\u00e9m obchod\u011b ve lh\u016ft\u011b 14 dn\u016f bez uveden\u00ed d\u016fvodu. Lh\u016fta pro odstoupen\u00ed od smlouvy uplyne po 14 dnech ode dne, kdy Vy nebo V\u00e1mi ur\u010den\u00e1 t\u0159et\u00ed osoba odli\u0161n\u00e1 od dopravce p\u0159evezmete zbo\u017e\u00ed do dr\u017een\u00ed. Abyste [&hellip;]<\/p>\n","protected":false},"author":9,"featured_media":0,"parent":932,"menu_order":0,"comment_status":"closed","ping_status":"closed","template":"template-usluga.php","meta":{"_acf_changed":false,"footnotes":""},"class_list":["post-5765","page","type-page","status-publish","hentry"],"acf":[],"yoast_head":"<!-- This site is optimized with the Yoast SEO plugin v26.8 - https:\/\/yoast.com\/product\/yoast-seo-wordpress\/ -->\n<title>Vr\u00e1cen\u00ed zbo\u017e\u00ed - Trainer<\/title>\n<meta name=\"robots\" content=\"index, follow, max-snippet:-1, max-image-preview:large, max-video-preview:-1\" \/>\n<link rel=\"canonical\" href=\"https:\/\/outdoor-gym.com\/cz\/sluzby\/vraceni-zbozi\/\" \/>\n<meta property=\"og:locale\" content=\"cs_CZ\" \/>\n<meta property=\"og:type\" content=\"article\" \/>\n<meta property=\"og:title\" content=\"Vr\u00e1cen\u00ed zbo\u017e\u00ed - Trainer\" \/>\n<meta property=\"og:description\" content=\"Vr\u00e1cen\u00ed zbo\u017e\u00ed Informace o pr\u00e1vu odstoupit od smlouvy uzav\u0159en\u00e9 na d\u00e1lku Jako spot\u0159ebitel m\u00e1te pr\u00e1vo odstoupit od smlouvy uzav\u0159en\u00e9 v Internetov\u00e9m obchod\u011b ve lh\u016ft\u011b 14 dn\u016f bez uveden\u00ed d\u016fvodu. Lh\u016fta pro odstoupen\u00ed od smlouvy uplyne po 14 dnech ode dne, kdy Vy nebo V\u00e1mi ur\u010den\u00e1 t\u0159et\u00ed osoba odli\u0161n\u00e1 od dopravce p\u0159evezmete zbo\u017e\u00ed do dr\u017een\u00ed. Abyste [&hellip;]\" \/>\n<meta property=\"og:url\" content=\"https:\/\/outdoor-gym.com\/cz\/sluzby\/vraceni-zbozi\/\" \/>\n<meta property=\"og:site_name\" content=\"Trainer\" \/>\n<meta name=\"twitter:card\" content=\"summary_large_image\" \/>\n<meta name=\"twitter:label1\" content=\"Szacowany czas czytania\" \/>\n\t<meta name=\"twitter:data1\" content=\"3 minuty\" \/>\n<script type=\"application\/ld+json\" class=\"yoast-schema-graph\">{\"@context\":\"https:\/\/schema.org\",\"@graph\":[{\"@type\":\"WebPage\",\"@id\":\"https:\/\/outdoor-gym.com\/cz\/sluzby\/vraceni-zbozi\/\",\"url\":\"https:\/\/outdoor-gym.com\/cz\/sluzby\/vraceni-zbozi\/\",\"name\":\"Vr\u00e1cen\u00ed zbo\u017e\u00ed - Trainer\",\"isPartOf\":{\"@id\":\"https:\/\/outdoor-gym.com\/cz\/#website\"},\"datePublished\":\"2025-12-11T11:55:38+00:00\",\"breadcrumb\":{\"@id\":\"https:\/\/outdoor-gym.com\/cz\/sluzby\/vraceni-zbozi\/#breadcrumb\"},\"inLanguage\":\"pl-PL\",\"potentialAction\":[{\"@type\":\"ReadAction\",\"target\":[\"https:\/\/outdoor-gym.com\/cz\/sluzby\/vraceni-zbozi\/\"]}]},{\"@type\":\"BreadcrumbList\",\"@id\":\"https:\/\/outdoor-gym.com\/cz\/sluzby\/vraceni-zbozi\/#breadcrumb\",\"itemListElement\":[{\"@type\":\"ListItem\",\"position\":1,\"name\":\"cz\",\"item\":\"https:\/\/outdoor-gym.com\/cz\/\"},{\"@type\":\"ListItem\",\"position\":2,\"name\":\"SLU\u017dBY\",\"item\":\"https:\/\/outdoor-gym.com\/cz\/sluzby\/\"},{\"@type\":\"ListItem\",\"position\":3,\"name\":\"Vr\u00e1cen\u00ed zbo\u017e\u00ed\"}]},{\"@type\":\"WebSite\",\"@id\":\"https:\/\/outdoor-gym.com\/cz\/#website\",\"url\":\"https:\/\/outdoor-gym.com\/cz\/\",\"name\":\"Trainer\",\"description\":\"Trainer  Venkovn\u00ed posilovna\",\"potentialAction\":[{\"@type\":\"SearchAction\",\"target\":{\"@type\":\"EntryPoint\",\"urlTemplate\":\"https:\/\/outdoor-gym.com\/cz\/?s={search_term_string}\"},\"query-input\":{\"@type\":\"PropertyValueSpecification\",\"valueRequired\":true,\"valueName\":\"search_term_string\"}}],\"inLanguage\":\"pl-PL\"}]}<\/script>\n<!-- \/ Yoast SEO plugin. -->","yoast_head_json":{"title":"Vr\u00e1cen\u00ed zbo\u017e\u00ed - Trainer","robots":{"index":"index","follow":"follow","max-snippet":"max-snippet:-1","max-image-preview":"max-image-preview:large","max-video-preview":"max-video-preview:-1"},"canonical":"https:\/\/outdoor-gym.com\/cz\/sluzby\/vraceni-zbozi\/","og_locale":"cs_CZ","og_type":"article","og_title":"Vr\u00e1cen\u00ed zbo\u017e\u00ed - Trainer","og_description":"Vr\u00e1cen\u00ed zbo\u017e\u00ed Informace o pr\u00e1vu odstoupit od smlouvy uzav\u0159en\u00e9 na d\u00e1lku Jako spot\u0159ebitel m\u00e1te pr\u00e1vo odstoupit od smlouvy uzav\u0159en\u00e9 v Internetov\u00e9m obchod\u011b ve lh\u016ft\u011b 14 dn\u016f bez uveden\u00ed d\u016fvodu. Lh\u016fta pro odstoupen\u00ed od smlouvy uplyne po 14 dnech ode dne, kdy Vy nebo V\u00e1mi ur\u010den\u00e1 t\u0159et\u00ed osoba odli\u0161n\u00e1 od dopravce p\u0159evezmete zbo\u017e\u00ed do dr\u017een\u00ed. Abyste [&hellip;]","og_url":"https:\/\/outdoor-gym.com\/cz\/sluzby\/vraceni-zbozi\/","og_site_name":"Trainer","twitter_card":"summary_large_image","twitter_misc":{"Szacowany czas czytania":"3 minuty"},"schema":{"@context":"https:\/\/schema.org","@graph":[{"@type":"WebPage","@id":"https:\/\/outdoor-gym.com\/cz\/sluzby\/vraceni-zbozi\/","url":"https:\/\/outdoor-gym.com\/cz\/sluzby\/vraceni-zbozi\/","name":"Vr\u00e1cen\u00ed zbo\u017e\u00ed - Trainer","isPartOf":{"@id":"https:\/\/outdoor-gym.com\/cz\/#website"},"datePublished":"2025-12-11T11:55:38+00:00","breadcrumb":{"@id":"https:\/\/outdoor-gym.com\/cz\/sluzby\/vraceni-zbozi\/#breadcrumb"},"inLanguage":"pl-PL","potentialAction":[{"@type":"ReadAction","target":["https:\/\/outdoor-gym.com\/cz\/sluzby\/vraceni-zbozi\/"]}]},{"@type":"BreadcrumbList","@id":"https:\/\/outdoor-gym.com\/cz\/sluzby\/vraceni-zbozi\/#breadcrumb","itemListElement":[{"@type":"ListItem","position":1,"name":"cz","item":"https:\/\/outdoor-gym.com\/cz\/"},{"@type":"ListItem","position":2,"name":"SLU\u017dBY","item":"https:\/\/outdoor-gym.com\/cz\/sluzby\/"},{"@type":"ListItem","position":3,"name":"Vr\u00e1cen\u00ed zbo\u017e\u00ed"}]},{"@type":"WebSite","@id":"https:\/\/outdoor-gym.com\/cz\/#website","url":"https:\/\/outdoor-gym.com\/cz\/","name":"Trainer","description":"Trainer  Venkovn\u00ed posilovna","potentialAction":[{"@type":"SearchAction","target":{"@type":"EntryPoint","urlTemplate":"https:\/\/outdoor-gym.com\/cz\/?s={search_term_string}"},"query-input":{"@type":"PropertyValueSpecification","valueRequired":true,"valueName":"search_term_string"}}],"inLanguage":"pl-PL"}]}},"_links":{"self":[{"href":"https:\/\/outdoor-gym.com\/cz\/wp-json\/wp\/v2\/pages\/5765","targetHints":{"allow":["GET"]}}],"collection":[{"href":"https:\/\/outdoor-gym.com\/cz\/wp-json\/wp\/v2\/pages"}],"about":[{"href":"https:\/\/outdoor-gym.com\/cz\/wp-json\/wp\/v2\/types\/page"}],"author":[{"embeddable":true,"href":"https:\/\/outdoor-gym.com\/cz\/wp-json\/wp\/v2\/users\/9"}],"replies":[{"embeddable":true,"href":"https:\/\/outdoor-gym.com\/cz\/wp-json\/wp\/v2\/comments?post=5765"}],"version-history":[{"count":1,"href":"https:\/\/outdoor-gym.com\/cz\/wp-json\/wp\/v2\/pages\/5765\/revisions"}],"predecessor-version":[{"id":5766,"href":"https:\/\/outdoor-gym.com\/cz\/wp-json\/wp\/v2\/pages\/5765\/revisions\/5766"}],"up":[{"embeddable":true,"href":"https:\/\/outdoor-gym.com\/cz\/wp-json\/wp\/v2\/pages\/932"}],"wp:attachment":[{"href":"https:\/\/outdoor-gym.com\/cz\/wp-json\/wp\/v2\/media?parent=5765"}],"curies":[{"name":"wp","href":"https:\/\/api.w.org\/{rel}","templated":true}]}}