{"id":5771,"date":"2026-04-08T13:42:31","date_gmt":"2026-04-08T11:42:31","guid":{"rendered":"https:\/\/outdoor-gym.com\/cz\/?page_id=5771"},"modified":"2026-04-08T13:43:33","modified_gmt":"2026-04-08T11:43:33","slug":"multifunkcni-venkovni-park","status":"publish","type":"page","link":"https:\/\/outdoor-gym.com\/cz\/vyrobky\/multifunkcni-venkovni-park\/","title":{"rendered":"Multifunk\u010dn\u00ed venkovn\u00ed park"},"content":{"rendered":"","protected":false},"excerpt":{"rendered":"","protected":false},"author":16,"featured_media":0,"parent":928,"menu_order":0,"comment_status":"closed","ping_status":"closed","template":"template-seria.php","meta":{"_acf_changed":false,"footnotes":""},"class_list":["post-5771","page","type-page","status-publish","hentry"],"acf":[],"yoast_head":"<!-- This site is optimized with the Yoast SEO plugin v26.8 - https:\/\/yoast.com\/product\/yoast-seo-wordpress\/ -->\n<title>Multifunk\u010dn\u00ed venkovn\u00ed park - TRAINER<\/title>\n<meta name=\"description\" content=\"Multifunk\u010dn\u00ed venkovn\u00ed park\" \/>\n<meta name=\"robots\" content=\"index, follow, max-snippet:-1, max-image-preview:large, max-video-preview:-1\" \/>\n<link rel=\"canonical\" href=\"https:\/\/outdoor-gym.com\/cz\/vyrobky\/multifunkcni-venkovni-park\/\" \/>\n<meta property=\"og:locale\" content=\"cs_CZ\" \/>\n<meta property=\"og:type\" content=\"article\" \/>\n<meta property=\"og:title\" content=\"Multifunk\u010dn\u00ed venkovn\u00ed park - TRAINER\" \/>\n<meta property=\"og:description\" content=\"Multifunk\u010dn\u00ed venkovn\u00ed park\" \/>\n<meta property=\"og:url\" content=\"https:\/\/outdoor-gym.com\/cz\/vyrobky\/multifunkcni-venkovni-park\/\" \/>\n<meta property=\"og:site_name\" content=\"Trainer\" \/>\n<meta property=\"article:modified_time\" content=\"2026-04-08T11:43:33+00:00\" \/>\n<meta name=\"twitter:card\" content=\"summary_large_image\" \/>\n<script type=\"application\/ld+json\" class=\"yoast-schema-graph\">{\"@context\":\"https:\/\/schema.org\",\"@graph\":[{\"@type\":\"WebPage\",\"@id\":\"https:\/\/outdoor-gym.com\/cz\/vyrobky\/multifunkcni-venkovni-park\/\",\"url\":\"https:\/\/outdoor-gym.com\/cz\/vyrobky\/multifunkcni-venkovni-park\/\",\"name\":\"Multifunk\u010dn\u00ed venkovn\u00ed park - TRAINER\",\"isPartOf\":{\"@id\":\"https:\/\/outdoor-gym.com\/cz\/#website\"},\"datePublished\":\"2026-04-08T11:42:31+00:00\",\"dateModified\":\"2026-04-08T11:43:33+00:00\",\"description\":\"Multifunk\u010dn\u00ed venkovn\u00ed park\",\"breadcrumb\":{\"@id\":\"https:\/\/outdoor-gym.com\/cz\/vyrobky\/multifunkcni-venkovni-park\/#breadcrumb\"},\"inLanguage\":\"pl-PL\",\"potentialAction\":[{\"@type\":\"ReadAction\",\"target\":[\"https:\/\/outdoor-gym.com\/cz\/vyrobky\/multifunkcni-venkovni-park\/\"]}]},{\"@type\":\"BreadcrumbList\",\"@id\":\"https:\/\/outdoor-gym.com\/cz\/vyrobky\/multifunkcni-venkovni-park\/#breadcrumb\",\"itemListElement\":[{\"@type\":\"ListItem\",\"position\":1,\"name\":\"cz\",\"item\":\"https:\/\/outdoor-gym.com\/cz\/\"},{\"@type\":\"ListItem\",\"position\":2,\"name\":\"V\u00ddROBKY\",\"item\":\"https:\/\/outdoor-gym.com\/cz\/vyrobky\/\"},{\"@type\":\"ListItem\",\"position\":3,\"name\":\"Multifunk\u010dn\u00ed venkovn\u00ed park\"}]},{\"@type\":\"WebSite\",\"@id\":\"https:\/\/outdoor-gym.com\/cz\/#website\",\"url\":\"https:\/\/outdoor-gym.com\/cz\/\",\"name\":\"Trainer\",\"description\":\"Trainer  Venkovn\u00ed posilovna\",\"potentialAction\":[{\"@type\":\"SearchAction\",\"target\":{\"@type\":\"EntryPoint\",\"urlTemplate\":\"https:\/\/outdoor-gym.com\/cz\/?s={search_term_string}\"},\"query-input\":{\"@type\":\"PropertyValueSpecification\",\"valueRequired\":true,\"valueName\":\"search_term_string\"}}],\"inLanguage\":\"pl-PL\"}]}<\/script>\n<!-- \/ Yoast SEO plugin. -->","yoast_head_json":{"title":"Multifunk\u010dn\u00ed venkovn\u00ed park - TRAINER","description":"Multifunk\u010dn\u00ed venkovn\u00ed park","robots":{"index":"index","follow":"follow","max-snippet":"max-snippet:-1","max-image-preview":"max-image-preview:large","max-video-preview":"max-video-preview:-1"},"canonical":"https:\/\/outdoor-gym.com\/cz\/vyrobky\/multifunkcni-venkovni-park\/","og_locale":"cs_CZ","og_type":"article","og_title":"Multifunk\u010dn\u00ed venkovn\u00ed park - TRAINER","og_description":"Multifunk\u010dn\u00ed venkovn\u00ed park","og_url":"https:\/\/outdoor-gym.com\/cz\/vyrobky\/multifunkcni-venkovni-park\/","og_site_name":"Trainer","article_modified_time":"2026-04-08T11:43:33+00:00","twitter_card":"summary_large_image","schema":{"@context":"https:\/\/schema.org","@graph":[{"@type":"WebPage","@id":"https:\/\/outdoor-gym.com\/cz\/vyrobky\/multifunkcni-venkovni-park\/","url":"https:\/\/outdoor-gym.com\/cz\/vyrobky\/multifunkcni-venkovni-park\/","name":"Multifunk\u010dn\u00ed venkovn\u00ed park - TRAINER","isPartOf":{"@id":"https:\/\/outdoor-gym.com\/cz\/#website"},"datePublished":"2026-04-08T11:42:31+00:00","dateModified":"2026-04-08T11:43:33+00:00","description":"Multifunk\u010dn\u00ed venkovn\u00ed park","breadcrumb":{"@id":"https:\/\/outdoor-gym.com\/cz\/vyrobky\/multifunkcni-venkovni-park\/#breadcrumb"},"inLanguage":"pl-PL","potentialAction":[{"@type":"ReadAction","target":["https:\/\/outdoor-gym.com\/cz\/vyrobky\/multifunkcni-venkovni-park\/"]}]},{"@type":"BreadcrumbList","@id":"https:\/\/outdoor-gym.com\/cz\/vyrobky\/multifunkcni-venkovni-park\/#breadcrumb","itemListElement":[{"@type":"ListItem","position":1,"name":"cz","item":"https:\/\/outdoor-gym.com\/cz\/"},{"@type":"ListItem","position":2,"name":"V\u00ddROBKY","item":"https:\/\/outdoor-gym.com\/cz\/vyrobky\/"},{"@type":"ListItem","position":3,"name":"Multifunk\u010dn\u00ed venkovn\u00ed park"}]},{"@type":"WebSite","@id":"https:\/\/outdoor-gym.com\/cz\/#website","url":"https:\/\/outdoor-gym.com\/cz\/","name":"Trainer","description":"Trainer  Venkovn\u00ed posilovna","potentialAction":[{"@type":"SearchAction","target":{"@type":"EntryPoint","urlTemplate":"https:\/\/outdoor-gym.com\/cz\/?s={search_term_string}"},"query-input":{"@type":"PropertyValueSpecification","valueRequired":true,"valueName":"search_term_string"}}],"inLanguage":"pl-PL"}]}},"_links":{"self":[{"href":"https:\/\/outdoor-gym.com\/cz\/wp-json\/wp\/v2\/pages\/5771","targetHints":{"allow":["GET"]}}],"collection":[{"href":"https:\/\/outdoor-gym.com\/cz\/wp-json\/wp\/v2\/pages"}],"about":[{"href":"https:\/\/outdoor-gym.com\/cz\/wp-json\/wp\/v2\/types\/page"}],"author":[{"embeddable":true,"href":"https:\/\/outdoor-gym.com\/cz\/wp-json\/wp\/v2\/users\/16"}],"replies":[{"embeddable":true,"href":"https:\/\/outdoor-gym.com\/cz\/wp-json\/wp\/v2\/comments?post=5771"}],"version-history":[{"count":3,"href":"https:\/\/outdoor-gym.com\/cz\/wp-json\/wp\/v2\/pages\/5771\/revisions"}],"predecessor-version":[{"id":5774,"href":"https:\/\/outdoor-gym.com\/cz\/wp-json\/wp\/v2\/pages\/5771\/revisions\/5774"}],"up":[{"embeddable":true,"href":"https:\/\/outdoor-gym.com\/cz\/wp-json\/wp\/v2\/pages\/928"}],"wp:attachment":[{"href":"https:\/\/outdoor-gym.com\/cz\/wp-json\/wp\/v2\/media?parent=5771"}],"curies":[{"name":"wp","href":"https:\/\/api.w.org\/{rel}","templated":true}]}}