{"id":928,"date":"2021-01-07T08:23:34","date_gmt":"2021-01-07T07:23:34","guid":{"rendered":"https:\/\/outdoor-gym.com\/cz\/?page_id=928"},"modified":"2023-01-16T09:59:06","modified_gmt":"2023-01-16T08:59:06","slug":"vyrobky","status":"publish","type":"page","link":"https:\/\/outdoor-gym.com\/cz\/vyrobky\/","title":{"rendered":"V\u00ddROBKY"},"content":{"rendered":"","protected":false},"excerpt":{"rendered":"","protected":false},"author":1,"featured_media":0,"parent":0,"menu_order":0,"comment_status":"closed","ping_status":"closed","template":"template-produkty.php","meta":{"_acf_changed":false,"footnotes":""},"class_list":["post-928","page","type-page","status-publish","hentry"],"acf":[],"yoast_head":"<!-- This site is optimized with the Yoast SEO plugin v26.8 - https:\/\/yoast.com\/product\/yoast-seo-wordpress\/ -->\n<title>Outdoor Gym Equipment for Adults - TRAINER Outdoor Gym<\/title>\n<meta name=\"description\" content=\"Venkovni fitness h\u0159i\u0161t\u011b pro seniory a ml\u00e1de\u017e. Nej\u0161ir\u0161\u00ed v\u00fdb\u011br posilovac\u00edch stroj\u016f. V\u00fdrobce vybaven\u00ed pro venkovn\u00ed posilovny a street workout. Venkovn\u00ed posilovny za\u0159\u00edzen\u00ed pro park, zahradu a d\u016fm.\" \/>\n<meta name=\"robots\" content=\"index, follow, max-snippet:-1, max-image-preview:large, max-video-preview:-1\" \/>\n<link rel=\"canonical\" href=\"https:\/\/outdoor-gym.com\/cz\/vyrobky\/\" \/>\n<meta property=\"og:locale\" content=\"cs_CZ\" \/>\n<meta property=\"og:type\" content=\"article\" \/>\n<meta property=\"og:title\" content=\"Outdoor Gym Equipment for Adults - TRAINER Outdoor Gym\" \/>\n<meta property=\"og:description\" content=\"Venkovni fitness h\u0159i\u0161t\u011b pro seniory a ml\u00e1de\u017e. Nej\u0161ir\u0161\u00ed v\u00fdb\u011br posilovac\u00edch stroj\u016f. V\u00fdrobce vybaven\u00ed pro venkovn\u00ed posilovny a street workout. Venkovn\u00ed posilovny za\u0159\u00edzen\u00ed pro park, zahradu a d\u016fm.\" \/>\n<meta property=\"og:url\" content=\"https:\/\/outdoor-gym.com\/cz\/vyrobky\/\" \/>\n<meta property=\"og:site_name\" content=\"Trainer\" \/>\n<meta property=\"article:modified_time\" content=\"2023-01-16T08:59:06+00:00\" \/>\n<meta name=\"twitter:card\" content=\"summary_large_image\" \/>\n<script type=\"application\/ld+json\" class=\"yoast-schema-graph\">{\"@context\":\"https:\/\/schema.org\",\"@graph\":[{\"@type\":\"WebPage\",\"@id\":\"https:\/\/outdoor-gym.com\/cz\/vyrobky\/\",\"url\":\"https:\/\/outdoor-gym.com\/cz\/vyrobky\/\",\"name\":\"Outdoor Gym Equipment for Adults - TRAINER Outdoor Gym\",\"isPartOf\":{\"@id\":\"https:\/\/outdoor-gym.com\/cz\/#website\"},\"datePublished\":\"2021-01-07T07:23:34+00:00\",\"dateModified\":\"2023-01-16T08:59:06+00:00\",\"description\":\"Venkovni fitness h\u0159i\u0161t\u011b pro seniory a ml\u00e1de\u017e. Nej\u0161ir\u0161\u00ed v\u00fdb\u011br posilovac\u00edch stroj\u016f. V\u00fdrobce vybaven\u00ed pro venkovn\u00ed posilovny a street workout. Venkovn\u00ed posilovny za\u0159\u00edzen\u00ed pro park, zahradu a d\u016fm.\",\"breadcrumb\":{\"@id\":\"https:\/\/outdoor-gym.com\/cz\/vyrobky\/#breadcrumb\"},\"inLanguage\":\"pl-PL\",\"potentialAction\":[{\"@type\":\"ReadAction\",\"target\":[\"https:\/\/outdoor-gym.com\/cz\/vyrobky\/\"]}]},{\"@type\":\"BreadcrumbList\",\"@id\":\"https:\/\/outdoor-gym.com\/cz\/vyrobky\/#breadcrumb\",\"itemListElement\":[{\"@type\":\"ListItem\",\"position\":1,\"name\":\"cz\",\"item\":\"https:\/\/outdoor-gym.com\/cz\/\"},{\"@type\":\"ListItem\",\"position\":2,\"name\":\"V\u00ddROBKY\"}]},{\"@type\":\"WebSite\",\"@id\":\"https:\/\/outdoor-gym.com\/cz\/#website\",\"url\":\"https:\/\/outdoor-gym.com\/cz\/\",\"name\":\"Trainer\",\"description\":\"Trainer  Venkovn\u00ed posilovna\",\"potentialAction\":[{\"@type\":\"SearchAction\",\"target\":{\"@type\":\"EntryPoint\",\"urlTemplate\":\"https:\/\/outdoor-gym.com\/cz\/?s={search_term_string}\"},\"query-input\":{\"@type\":\"PropertyValueSpecification\",\"valueRequired\":true,\"valueName\":\"search_term_string\"}}],\"inLanguage\":\"pl-PL\"}]}<\/script>\n<!-- \/ Yoast SEO plugin. -->","yoast_head_json":{"title":"Outdoor Gym Equipment for Adults - TRAINER Outdoor Gym","description":"Venkovni fitness h\u0159i\u0161t\u011b pro seniory a ml\u00e1de\u017e. Nej\u0161ir\u0161\u00ed v\u00fdb\u011br posilovac\u00edch stroj\u016f. V\u00fdrobce vybaven\u00ed pro venkovn\u00ed posilovny a street workout. Venkovn\u00ed posilovny za\u0159\u00edzen\u00ed pro park, zahradu a d\u016fm.","robots":{"index":"index","follow":"follow","max-snippet":"max-snippet:-1","max-image-preview":"max-image-preview:large","max-video-preview":"max-video-preview:-1"},"canonical":"https:\/\/outdoor-gym.com\/cz\/vyrobky\/","og_locale":"cs_CZ","og_type":"article","og_title":"Outdoor Gym Equipment for Adults - TRAINER Outdoor Gym","og_description":"Venkovni fitness h\u0159i\u0161t\u011b pro seniory a ml\u00e1de\u017e. Nej\u0161ir\u0161\u00ed v\u00fdb\u011br posilovac\u00edch stroj\u016f. V\u00fdrobce vybaven\u00ed pro venkovn\u00ed posilovny a street workout. Venkovn\u00ed posilovny za\u0159\u00edzen\u00ed pro park, zahradu a d\u016fm.","og_url":"https:\/\/outdoor-gym.com\/cz\/vyrobky\/","og_site_name":"Trainer","article_modified_time":"2023-01-16T08:59:06+00:00","twitter_card":"summary_large_image","schema":{"@context":"https:\/\/schema.org","@graph":[{"@type":"WebPage","@id":"https:\/\/outdoor-gym.com\/cz\/vyrobky\/","url":"https:\/\/outdoor-gym.com\/cz\/vyrobky\/","name":"Outdoor Gym Equipment for Adults - TRAINER Outdoor Gym","isPartOf":{"@id":"https:\/\/outdoor-gym.com\/cz\/#website"},"datePublished":"2021-01-07T07:23:34+00:00","dateModified":"2023-01-16T08:59:06+00:00","description":"Venkovni fitness h\u0159i\u0161t\u011b pro seniory a ml\u00e1de\u017e. Nej\u0161ir\u0161\u00ed v\u00fdb\u011br posilovac\u00edch stroj\u016f. V\u00fdrobce vybaven\u00ed pro venkovn\u00ed posilovny a street workout. Venkovn\u00ed posilovny za\u0159\u00edzen\u00ed pro park, zahradu a d\u016fm.","breadcrumb":{"@id":"https:\/\/outdoor-gym.com\/cz\/vyrobky\/#breadcrumb"},"inLanguage":"pl-PL","potentialAction":[{"@type":"ReadAction","target":["https:\/\/outdoor-gym.com\/cz\/vyrobky\/"]}]},{"@type":"BreadcrumbList","@id":"https:\/\/outdoor-gym.com\/cz\/vyrobky\/#breadcrumb","itemListElement":[{"@type":"ListItem","position":1,"name":"cz","item":"https:\/\/outdoor-gym.com\/cz\/"},{"@type":"ListItem","position":2,"name":"V\u00ddROBKY"}]},{"@type":"WebSite","@id":"https:\/\/outdoor-gym.com\/cz\/#website","url":"https:\/\/outdoor-gym.com\/cz\/","name":"Trainer","description":"Trainer  Venkovn\u00ed posilovna","potentialAction":[{"@type":"SearchAction","target":{"@type":"EntryPoint","urlTemplate":"https:\/\/outdoor-gym.com\/cz\/?s={search_term_string}"},"query-input":{"@type":"PropertyValueSpecification","valueRequired":true,"valueName":"search_term_string"}}],"inLanguage":"pl-PL"}]}},"_links":{"self":[{"href":"https:\/\/outdoor-gym.com\/cz\/wp-json\/wp\/v2\/pages\/928","targetHints":{"allow":["GET"]}}],"collection":[{"href":"https:\/\/outdoor-gym.com\/cz\/wp-json\/wp\/v2\/pages"}],"about":[{"href":"https:\/\/outdoor-gym.com\/cz\/wp-json\/wp\/v2\/types\/page"}],"author":[{"embeddable":true,"href":"https:\/\/outdoor-gym.com\/cz\/wp-json\/wp\/v2\/users\/1"}],"replies":[{"embeddable":true,"href":"https:\/\/outdoor-gym.com\/cz\/wp-json\/wp\/v2\/comments?post=928"}],"version-history":[{"count":31,"href":"https:\/\/outdoor-gym.com\/cz\/wp-json\/wp\/v2\/pages\/928\/revisions"}],"predecessor-version":[{"id":3617,"href":"https:\/\/outdoor-gym.com\/cz\/wp-json\/wp\/v2\/pages\/928\/revisions\/3617"}],"wp:attachment":[{"href":"https:\/\/outdoor-gym.com\/cz\/wp-json\/wp\/v2\/media?parent=928"}],"curies":[{"name":"wp","href":"https:\/\/api.w.org\/{rel}","templated":true}]}}