{"id":930,"date":"2021-01-07T08:24:31","date_gmt":"2021-01-07T07:24:31","guid":{"rendered":"https:\/\/outdoor-gym.com\/cz\/?page_id=930"},"modified":"2023-01-16T11:26:57","modified_gmt":"2023-01-16T10:26:57","slug":"zakaznici","status":"publish","type":"page","link":"https:\/\/outdoor-gym.com\/cz\/zakaznici\/","title":{"rendered":"Z\u00c1KAZN\u00cdCI"},"content":{"rendered":"","protected":false},"excerpt":{"rendered":"","protected":false},"author":1,"featured_media":0,"parent":0,"menu_order":0,"comment_status":"closed","ping_status":"closed","template":"template-klienci.php","meta":{"_acf_changed":false,"footnotes":""},"class_list":["post-930","page","type-page","status-publish","hentry"],"acf":[],"yoast_head":"<!-- This site is optimized with the Yoast SEO plugin v26.8 - https:\/\/yoast.com\/product\/yoast-seo-wordpress\/ -->\n<title>Outdoor Fitness - Customers - TRAINER<\/title>\n<meta name=\"description\" content=\"Venkovn\u00ed posilovac\u00ed stroje pro \u0161koly a ml\u00e1de\u017e.Vybudovat venkovn\u00ed posilovnu pro obyvatele - Venkovn\u00ed Fitness vybaven\u00ed pro m\u011bsta a obce. Venkovn\u00ed posilovac\u00ed a cvi\u010debn\u00ed stroje pro fitness kluby a hotely za atraktivn\u00ed ceny. Venkovn\u00ed h\u0159i\u0161t\u011b kalistenika a street workout v centrech velk\u00fdch m\u011bst, obc\u00ed a m\u011bst.\" \/>\n<meta name=\"robots\" content=\"index, follow, max-snippet:-1, max-image-preview:large, max-video-preview:-1\" \/>\n<link rel=\"canonical\" href=\"https:\/\/outdoor-gym.com\/cz\/zakaznici\/\" \/>\n<meta property=\"og:locale\" content=\"cs_CZ\" \/>\n<meta property=\"og:type\" content=\"article\" \/>\n<meta property=\"og:title\" content=\"Outdoor Fitness - Customers - TRAINER\" \/>\n<meta property=\"og:description\" content=\"Venkovn\u00ed posilovac\u00ed stroje pro \u0161koly a ml\u00e1de\u017e.Vybudovat venkovn\u00ed posilovnu pro obyvatele - Venkovn\u00ed Fitness vybaven\u00ed pro m\u011bsta a obce. Venkovn\u00ed posilovac\u00ed a cvi\u010debn\u00ed stroje pro fitness kluby a hotely za atraktivn\u00ed ceny. Venkovn\u00ed h\u0159i\u0161t\u011b kalistenika a street workout v centrech velk\u00fdch m\u011bst, obc\u00ed a m\u011bst.\" \/>\n<meta property=\"og:url\" content=\"https:\/\/outdoor-gym.com\/cz\/zakaznici\/\" \/>\n<meta property=\"og:site_name\" content=\"Trainer\" \/>\n<meta property=\"article:modified_time\" content=\"2023-01-16T10:26:57+00:00\" \/>\n<meta name=\"twitter:card\" content=\"summary_large_image\" \/>\n<script type=\"application\/ld+json\" class=\"yoast-schema-graph\">{\"@context\":\"https:\/\/schema.org\",\"@graph\":[{\"@type\":\"WebPage\",\"@id\":\"https:\/\/outdoor-gym.com\/cz\/zakaznici\/\",\"url\":\"https:\/\/outdoor-gym.com\/cz\/zakaznici\/\",\"name\":\"Outdoor Fitness - Customers - TRAINER\",\"isPartOf\":{\"@id\":\"https:\/\/outdoor-gym.com\/cz\/#website\"},\"datePublished\":\"2021-01-07T07:24:31+00:00\",\"dateModified\":\"2023-01-16T10:26:57+00:00\",\"description\":\"Venkovn\u00ed posilovac\u00ed stroje pro \u0161koly a ml\u00e1de\u017e.Vybudovat venkovn\u00ed posilovnu pro obyvatele - Venkovn\u00ed Fitness vybaven\u00ed pro m\u011bsta a obce. Venkovn\u00ed posilovac\u00ed a cvi\u010debn\u00ed stroje pro fitness kluby a hotely za atraktivn\u00ed ceny. Venkovn\u00ed h\u0159i\u0161t\u011b kalistenika a street workout v centrech velk\u00fdch m\u011bst, obc\u00ed a m\u011bst.\",\"breadcrumb\":{\"@id\":\"https:\/\/outdoor-gym.com\/cz\/zakaznici\/#breadcrumb\"},\"inLanguage\":\"pl-PL\",\"potentialAction\":[{\"@type\":\"ReadAction\",\"target\":[\"https:\/\/outdoor-gym.com\/cz\/zakaznici\/\"]}]},{\"@type\":\"BreadcrumbList\",\"@id\":\"https:\/\/outdoor-gym.com\/cz\/zakaznici\/#breadcrumb\",\"itemListElement\":[{\"@type\":\"ListItem\",\"position\":1,\"name\":\"cz\",\"item\":\"https:\/\/outdoor-gym.com\/cz\/\"},{\"@type\":\"ListItem\",\"position\":2,\"name\":\"Z\u00c1KAZN\u00cdCI\"}]},{\"@type\":\"WebSite\",\"@id\":\"https:\/\/outdoor-gym.com\/cz\/#website\",\"url\":\"https:\/\/outdoor-gym.com\/cz\/\",\"name\":\"Trainer\",\"description\":\"Trainer  Venkovn\u00ed posilovna\",\"potentialAction\":[{\"@type\":\"SearchAction\",\"target\":{\"@type\":\"EntryPoint\",\"urlTemplate\":\"https:\/\/outdoor-gym.com\/cz\/?s={search_term_string}\"},\"query-input\":{\"@type\":\"PropertyValueSpecification\",\"valueRequired\":true,\"valueName\":\"search_term_string\"}}],\"inLanguage\":\"pl-PL\"}]}<\/script>\n<!-- \/ Yoast SEO plugin. -->","yoast_head_json":{"title":"Outdoor Fitness - Customers - TRAINER","description":"Venkovn\u00ed posilovac\u00ed stroje pro \u0161koly a ml\u00e1de\u017e.Vybudovat venkovn\u00ed posilovnu pro obyvatele - Venkovn\u00ed Fitness vybaven\u00ed pro m\u011bsta a obce. Venkovn\u00ed posilovac\u00ed a cvi\u010debn\u00ed stroje pro fitness kluby a hotely za atraktivn\u00ed ceny. Venkovn\u00ed h\u0159i\u0161t\u011b kalistenika a street workout v centrech velk\u00fdch m\u011bst, obc\u00ed a m\u011bst.","robots":{"index":"index","follow":"follow","max-snippet":"max-snippet:-1","max-image-preview":"max-image-preview:large","max-video-preview":"max-video-preview:-1"},"canonical":"https:\/\/outdoor-gym.com\/cz\/zakaznici\/","og_locale":"cs_CZ","og_type":"article","og_title":"Outdoor Fitness - Customers - TRAINER","og_description":"Venkovn\u00ed posilovac\u00ed stroje pro \u0161koly a ml\u00e1de\u017e.Vybudovat venkovn\u00ed posilovnu pro obyvatele - Venkovn\u00ed Fitness vybaven\u00ed pro m\u011bsta a obce. Venkovn\u00ed posilovac\u00ed a cvi\u010debn\u00ed stroje pro fitness kluby a hotely za atraktivn\u00ed ceny. Venkovn\u00ed h\u0159i\u0161t\u011b kalistenika a street workout v centrech velk\u00fdch m\u011bst, obc\u00ed a m\u011bst.","og_url":"https:\/\/outdoor-gym.com\/cz\/zakaznici\/","og_site_name":"Trainer","article_modified_time":"2023-01-16T10:26:57+00:00","twitter_card":"summary_large_image","schema":{"@context":"https:\/\/schema.org","@graph":[{"@type":"WebPage","@id":"https:\/\/outdoor-gym.com\/cz\/zakaznici\/","url":"https:\/\/outdoor-gym.com\/cz\/zakaznici\/","name":"Outdoor Fitness - Customers - TRAINER","isPartOf":{"@id":"https:\/\/outdoor-gym.com\/cz\/#website"},"datePublished":"2021-01-07T07:24:31+00:00","dateModified":"2023-01-16T10:26:57+00:00","description":"Venkovn\u00ed posilovac\u00ed stroje pro \u0161koly a ml\u00e1de\u017e.Vybudovat venkovn\u00ed posilovnu pro obyvatele - Venkovn\u00ed Fitness vybaven\u00ed pro m\u011bsta a obce. Venkovn\u00ed posilovac\u00ed a cvi\u010debn\u00ed stroje pro fitness kluby a hotely za atraktivn\u00ed ceny. Venkovn\u00ed h\u0159i\u0161t\u011b kalistenika a street workout v centrech velk\u00fdch m\u011bst, obc\u00ed a m\u011bst.","breadcrumb":{"@id":"https:\/\/outdoor-gym.com\/cz\/zakaznici\/#breadcrumb"},"inLanguage":"pl-PL","potentialAction":[{"@type":"ReadAction","target":["https:\/\/outdoor-gym.com\/cz\/zakaznici\/"]}]},{"@type":"BreadcrumbList","@id":"https:\/\/outdoor-gym.com\/cz\/zakaznici\/#breadcrumb","itemListElement":[{"@type":"ListItem","position":1,"name":"cz","item":"https:\/\/outdoor-gym.com\/cz\/"},{"@type":"ListItem","position":2,"name":"Z\u00c1KAZN\u00cdCI"}]},{"@type":"WebSite","@id":"https:\/\/outdoor-gym.com\/cz\/#website","url":"https:\/\/outdoor-gym.com\/cz\/","name":"Trainer","description":"Trainer  Venkovn\u00ed posilovna","potentialAction":[{"@type":"SearchAction","target":{"@type":"EntryPoint","urlTemplate":"https:\/\/outdoor-gym.com\/cz\/?s={search_term_string}"},"query-input":{"@type":"PropertyValueSpecification","valueRequired":true,"valueName":"search_term_string"}}],"inLanguage":"pl-PL"}]}},"_links":{"self":[{"href":"https:\/\/outdoor-gym.com\/cz\/wp-json\/wp\/v2\/pages\/930","targetHints":{"allow":["GET"]}}],"collection":[{"href":"https:\/\/outdoor-gym.com\/cz\/wp-json\/wp\/v2\/pages"}],"about":[{"href":"https:\/\/outdoor-gym.com\/cz\/wp-json\/wp\/v2\/types\/page"}],"author":[{"embeddable":true,"href":"https:\/\/outdoor-gym.com\/cz\/wp-json\/wp\/v2\/users\/1"}],"replies":[{"embeddable":true,"href":"https:\/\/outdoor-gym.com\/cz\/wp-json\/wp\/v2\/comments?post=930"}],"version-history":[{"count":3,"href":"https:\/\/outdoor-gym.com\/cz\/wp-json\/wp\/v2\/pages\/930\/revisions"}],"predecessor-version":[{"id":3611,"href":"https:\/\/outdoor-gym.com\/cz\/wp-json\/wp\/v2\/pages\/930\/revisions\/3611"}],"wp:attachment":[{"href":"https:\/\/outdoor-gym.com\/cz\/wp-json\/wp\/v2\/media?parent=930"}],"curies":[{"name":"wp","href":"https:\/\/api.w.org\/{rel}","templated":true}]}}