{"id":932,"date":"2021-01-07T08:24:38","date_gmt":"2021-01-07T07:24:38","guid":{"rendered":"https:\/\/outdoor-gym.com\/cz\/?page_id=932"},"modified":"2023-02-01T11:04:50","modified_gmt":"2023-02-01T10:04:50","slug":"sluzby","status":"publish","type":"page","link":"https:\/\/outdoor-gym.com\/cz\/sluzby\/","title":{"rendered":"SLU\u017dBY"},"content":{"rendered":"<p><img loading=\"lazy\" decoding=\"async\" class=\"alignnone wp-image-3999 size-full\" src=\"https:\/\/outdoor-gym.com\/cz\/wp-content\/uploads\/SLUZBY-TRAINER-venkovni-posilovna.jpg\" alt=\"SLU\u017dBY- Venkovn\u00ed fitness\" width=\"1215\" height=\"531\" srcset=\"https:\/\/outdoor-gym.com\/cz\/wp-content\/uploads\/SLUZBY-TRAINER-venkovni-posilovna.jpg 1215w, https:\/\/outdoor-gym.com\/cz\/wp-content\/uploads\/SLUZBY-TRAINER-venkovni-posilovna-600x262.jpg 600w, https:\/\/outdoor-gym.com\/cz\/wp-content\/uploads\/SLUZBY-TRAINER-venkovni-posilovna-768x336.jpg 768w\" sizes=\"auto, (max-width: 1215px) 100vw, 1215px\" \/><\/p>\n","protected":false},"excerpt":{"rendered":"","protected":false},"author":1,"featured_media":0,"parent":0,"menu_order":0,"comment_status":"closed","ping_status":"closed","template":"template-uslugi.php","meta":{"_acf_changed":false,"footnotes":""},"class_list":["post-932","page","type-page","status-publish","hentry"],"acf":[],"yoast_head":"<!-- This site is optimized with the Yoast SEO plugin v26.8 - https:\/\/yoast.com\/product\/yoast-seo-wordpress\/ -->\n<title>SLU\u017dBY - Trainer Outdoor Gym<\/title>\n<meta name=\"description\" content=\"Venkovn\u00ed posilovny se skv\u011ble hod\u00ed do park\u016f, ve\u0159ejn\u00fdch prostranstv\u00ed, \u0161kol, h\u0159i\u0161\u0165 nebo do soukrom\u00e9 zahrady. Po\u0159i\u010fte si outdoorov\u00e9 cvi\u010debn\u00ed vybaven\u00ed \u2013 p\u0159\u00edmo od v\u00fdrobce. Cvi\u010den\u00ed na venkovn\u00edm fitness vybaven\u00ed ovliv\u0148uje fyzick\u00e9 a du\u0161evn\u00ed zdrav\u00ed a zlep\u0161uje celkovou koordinaci pohybu.\" \/>\n<meta name=\"robots\" content=\"index, follow, max-snippet:-1, max-image-preview:large, max-video-preview:-1\" \/>\n<link rel=\"canonical\" href=\"https:\/\/outdoor-gym.com\/cz\/sluzby\/\" \/>\n<meta property=\"og:locale\" content=\"cs_CZ\" \/>\n<meta property=\"og:type\" content=\"article\" \/>\n<meta property=\"og:title\" content=\"SLU\u017dBY - Trainer Outdoor Gym\" \/>\n<meta property=\"og:description\" content=\"Venkovn\u00ed posilovny se skv\u011ble hod\u00ed do park\u016f, ve\u0159ejn\u00fdch prostranstv\u00ed, \u0161kol, h\u0159i\u0161\u0165 nebo do soukrom\u00e9 zahrady. Po\u0159i\u010fte si outdoorov\u00e9 cvi\u010debn\u00ed vybaven\u00ed \u2013 p\u0159\u00edmo od v\u00fdrobce. Cvi\u010den\u00ed na venkovn\u00edm fitness vybaven\u00ed ovliv\u0148uje fyzick\u00e9 a du\u0161evn\u00ed zdrav\u00ed a zlep\u0161uje celkovou koordinaci pohybu.\" \/>\n<meta property=\"og:url\" content=\"https:\/\/outdoor-gym.com\/cz\/sluzby\/\" \/>\n<meta property=\"og:site_name\" content=\"Trainer\" \/>\n<meta property=\"article:modified_time\" content=\"2023-02-01T10:04:50+00:00\" \/>\n<meta property=\"og:image\" content=\"https:\/\/outdoor-gym.com\/cz\/wp-content\/uploads\/SLUZBY-TRAINER-venkovni-posilovna.jpg\" \/>\n<meta name=\"twitter:card\" content=\"summary_large_image\" \/>\n<meta name=\"twitter:label1\" content=\"Szacowany czas czytania\" \/>\n\t<meta name=\"twitter:data1\" content=\"1 minuta\" \/>\n<script type=\"application\/ld+json\" class=\"yoast-schema-graph\">{\"@context\":\"https:\/\/schema.org\",\"@graph\":[{\"@type\":\"WebPage\",\"@id\":\"https:\/\/outdoor-gym.com\/cz\/sluzby\/\",\"url\":\"https:\/\/outdoor-gym.com\/cz\/sluzby\/\",\"name\":\"SLU\u017dBY - Trainer Outdoor Gym\",\"isPartOf\":{\"@id\":\"https:\/\/outdoor-gym.com\/cz\/#website\"},\"primaryImageOfPage\":{\"@id\":\"https:\/\/outdoor-gym.com\/cz\/sluzby\/#primaryimage\"},\"image\":{\"@id\":\"https:\/\/outdoor-gym.com\/cz\/sluzby\/#primaryimage\"},\"thumbnailUrl\":\"https:\/\/outdoor-gym.com\/cz\/wp-content\/uploads\/SLUZBY-TRAINER-venkovni-posilovna.jpg\",\"datePublished\":\"2021-01-07T07:24:38+00:00\",\"dateModified\":\"2023-02-01T10:04:50+00:00\",\"description\":\"Venkovn\u00ed posilovny se skv\u011ble hod\u00ed do park\u016f, ve\u0159ejn\u00fdch prostranstv\u00ed, \u0161kol, h\u0159i\u0161\u0165 nebo do soukrom\u00e9 zahrady. Po\u0159i\u010fte si outdoorov\u00e9 cvi\u010debn\u00ed vybaven\u00ed \u2013 p\u0159\u00edmo od v\u00fdrobce. Cvi\u010den\u00ed na venkovn\u00edm fitness vybaven\u00ed ovliv\u0148uje fyzick\u00e9 a du\u0161evn\u00ed zdrav\u00ed a zlep\u0161uje celkovou koordinaci pohybu.\",\"breadcrumb\":{\"@id\":\"https:\/\/outdoor-gym.com\/cz\/sluzby\/#breadcrumb\"},\"inLanguage\":\"pl-PL\",\"potentialAction\":[{\"@type\":\"ReadAction\",\"target\":[\"https:\/\/outdoor-gym.com\/cz\/sluzby\/\"]}]},{\"@type\":\"ImageObject\",\"inLanguage\":\"pl-PL\",\"@id\":\"https:\/\/outdoor-gym.com\/cz\/sluzby\/#primaryimage\",\"url\":\"https:\/\/outdoor-gym.com\/cz\/wp-content\/uploads\/SLUZBY-TRAINER-venkovni-posilovna.jpg\",\"contentUrl\":\"https:\/\/outdoor-gym.com\/cz\/wp-content\/uploads\/SLUZBY-TRAINER-venkovni-posilovna.jpg\",\"width\":1215,\"height\":531,\"caption\":\"SLU\u017dBY\"},{\"@type\":\"BreadcrumbList\",\"@id\":\"https:\/\/outdoor-gym.com\/cz\/sluzby\/#breadcrumb\",\"itemListElement\":[{\"@type\":\"ListItem\",\"position\":1,\"name\":\"cz\",\"item\":\"https:\/\/outdoor-gym.com\/cz\/\"},{\"@type\":\"ListItem\",\"position\":2,\"name\":\"SLU\u017dBY\"}]},{\"@type\":\"WebSite\",\"@id\":\"https:\/\/outdoor-gym.com\/cz\/#website\",\"url\":\"https:\/\/outdoor-gym.com\/cz\/\",\"name\":\"Trainer\",\"description\":\"Trainer  Venkovn\u00ed posilovna\",\"potentialAction\":[{\"@type\":\"SearchAction\",\"target\":{\"@type\":\"EntryPoint\",\"urlTemplate\":\"https:\/\/outdoor-gym.com\/cz\/?s={search_term_string}\"},\"query-input\":{\"@type\":\"PropertyValueSpecification\",\"valueRequired\":true,\"valueName\":\"search_term_string\"}}],\"inLanguage\":\"pl-PL\"}]}<\/script>\n<!-- \/ Yoast SEO plugin. -->","yoast_head_json":{"title":"SLU\u017dBY - Trainer Outdoor Gym","description":"Venkovn\u00ed posilovny se skv\u011ble hod\u00ed do park\u016f, ve\u0159ejn\u00fdch prostranstv\u00ed, \u0161kol, h\u0159i\u0161\u0165 nebo do soukrom\u00e9 zahrady. Po\u0159i\u010fte si outdoorov\u00e9 cvi\u010debn\u00ed vybaven\u00ed \u2013 p\u0159\u00edmo od v\u00fdrobce. Cvi\u010den\u00ed na venkovn\u00edm fitness vybaven\u00ed ovliv\u0148uje fyzick\u00e9 a du\u0161evn\u00ed zdrav\u00ed a zlep\u0161uje celkovou koordinaci pohybu.","robots":{"index":"index","follow":"follow","max-snippet":"max-snippet:-1","max-image-preview":"max-image-preview:large","max-video-preview":"max-video-preview:-1"},"canonical":"https:\/\/outdoor-gym.com\/cz\/sluzby\/","og_locale":"cs_CZ","og_type":"article","og_title":"SLU\u017dBY - Trainer Outdoor Gym","og_description":"Venkovn\u00ed posilovny se skv\u011ble hod\u00ed do park\u016f, ve\u0159ejn\u00fdch prostranstv\u00ed, \u0161kol, h\u0159i\u0161\u0165 nebo do soukrom\u00e9 zahrady. Po\u0159i\u010fte si outdoorov\u00e9 cvi\u010debn\u00ed vybaven\u00ed \u2013 p\u0159\u00edmo od v\u00fdrobce. Cvi\u010den\u00ed na venkovn\u00edm fitness vybaven\u00ed ovliv\u0148uje fyzick\u00e9 a du\u0161evn\u00ed zdrav\u00ed a zlep\u0161uje celkovou koordinaci pohybu.","og_url":"https:\/\/outdoor-gym.com\/cz\/sluzby\/","og_site_name":"Trainer","article_modified_time":"2023-02-01T10:04:50+00:00","og_image":[{"url":"https:\/\/outdoor-gym.com\/cz\/wp-content\/uploads\/SLUZBY-TRAINER-venkovni-posilovna.jpg","type":"","width":"","height":""}],"twitter_card":"summary_large_image","twitter_misc":{"Szacowany czas czytania":"1 minuta"},"schema":{"@context":"https:\/\/schema.org","@graph":[{"@type":"WebPage","@id":"https:\/\/outdoor-gym.com\/cz\/sluzby\/","url":"https:\/\/outdoor-gym.com\/cz\/sluzby\/","name":"SLU\u017dBY - Trainer Outdoor Gym","isPartOf":{"@id":"https:\/\/outdoor-gym.com\/cz\/#website"},"primaryImageOfPage":{"@id":"https:\/\/outdoor-gym.com\/cz\/sluzby\/#primaryimage"},"image":{"@id":"https:\/\/outdoor-gym.com\/cz\/sluzby\/#primaryimage"},"thumbnailUrl":"https:\/\/outdoor-gym.com\/cz\/wp-content\/uploads\/SLUZBY-TRAINER-venkovni-posilovna.jpg","datePublished":"2021-01-07T07:24:38+00:00","dateModified":"2023-02-01T10:04:50+00:00","description":"Venkovn\u00ed posilovny se skv\u011ble hod\u00ed do park\u016f, ve\u0159ejn\u00fdch prostranstv\u00ed, \u0161kol, h\u0159i\u0161\u0165 nebo do soukrom\u00e9 zahrady. Po\u0159i\u010fte si outdoorov\u00e9 cvi\u010debn\u00ed vybaven\u00ed \u2013 p\u0159\u00edmo od v\u00fdrobce. Cvi\u010den\u00ed na venkovn\u00edm fitness vybaven\u00ed ovliv\u0148uje fyzick\u00e9 a du\u0161evn\u00ed zdrav\u00ed a zlep\u0161uje celkovou koordinaci pohybu.","breadcrumb":{"@id":"https:\/\/outdoor-gym.com\/cz\/sluzby\/#breadcrumb"},"inLanguage":"pl-PL","potentialAction":[{"@type":"ReadAction","target":["https:\/\/outdoor-gym.com\/cz\/sluzby\/"]}]},{"@type":"ImageObject","inLanguage":"pl-PL","@id":"https:\/\/outdoor-gym.com\/cz\/sluzby\/#primaryimage","url":"https:\/\/outdoor-gym.com\/cz\/wp-content\/uploads\/SLUZBY-TRAINER-venkovni-posilovna.jpg","contentUrl":"https:\/\/outdoor-gym.com\/cz\/wp-content\/uploads\/SLUZBY-TRAINER-venkovni-posilovna.jpg","width":1215,"height":531,"caption":"SLU\u017dBY"},{"@type":"BreadcrumbList","@id":"https:\/\/outdoor-gym.com\/cz\/sluzby\/#breadcrumb","itemListElement":[{"@type":"ListItem","position":1,"name":"cz","item":"https:\/\/outdoor-gym.com\/cz\/"},{"@type":"ListItem","position":2,"name":"SLU\u017dBY"}]},{"@type":"WebSite","@id":"https:\/\/outdoor-gym.com\/cz\/#website","url":"https:\/\/outdoor-gym.com\/cz\/","name":"Trainer","description":"Trainer  Venkovn\u00ed posilovna","potentialAction":[{"@type":"SearchAction","target":{"@type":"EntryPoint","urlTemplate":"https:\/\/outdoor-gym.com\/cz\/?s={search_term_string}"},"query-input":{"@type":"PropertyValueSpecification","valueRequired":true,"valueName":"search_term_string"}}],"inLanguage":"pl-PL"}]}},"_links":{"self":[{"href":"https:\/\/outdoor-gym.com\/cz\/wp-json\/wp\/v2\/pages\/932","targetHints":{"allow":["GET"]}}],"collection":[{"href":"https:\/\/outdoor-gym.com\/cz\/wp-json\/wp\/v2\/pages"}],"about":[{"href":"https:\/\/outdoor-gym.com\/cz\/wp-json\/wp\/v2\/types\/page"}],"author":[{"embeddable":true,"href":"https:\/\/outdoor-gym.com\/cz\/wp-json\/wp\/v2\/users\/1"}],"replies":[{"embeddable":true,"href":"https:\/\/outdoor-gym.com\/cz\/wp-json\/wp\/v2\/comments?post=932"}],"version-history":[{"count":5,"href":"https:\/\/outdoor-gym.com\/cz\/wp-json\/wp\/v2\/pages\/932\/revisions"}],"predecessor-version":[{"id":4001,"href":"https:\/\/outdoor-gym.com\/cz\/wp-json\/wp\/v2\/pages\/932\/revisions\/4001"}],"wp:attachment":[{"href":"https:\/\/outdoor-gym.com\/cz\/wp-json\/wp\/v2\/media?parent=932"}],"curies":[{"name":"wp","href":"https:\/\/api.w.org\/{rel}","templated":true}]}}