{"id":936,"date":"2021-01-07T08:25:31","date_gmt":"2021-01-07T07:25:31","guid":{"rendered":"https:\/\/outdoor-gym.com\/cz\/?page_id=936"},"modified":"2023-07-18T10:00:48","modified_gmt":"2023-07-18T08:00:48","slug":"o-firme","status":"publish","type":"page","link":"https:\/\/outdoor-gym.com\/cz\/o-firme\/","title":{"rendered":"O FIRM\u011a"},"content":{"rendered":"<p>Jsme jedn\u00edm z l\u00eddr\u016f ve v\u00fdrob\u011b venkovn\u00edch posiloven v Evrop\u011b. V\u00edce ne\u017e 10 let vyr\u00e1b\u00edme venkovn\u00ed posilovny a Street Workout pod zna\u010dkou TRAINER Venkovn\u00ed Posilovna. D\u016fv\u011b\u0159ovaly n\u00e1m tis\u00edce z\u00e1kazn\u00edk\u016f z cel\u00e9ho sv\u011bta \u2013 <strong>ve v\u00edce ne\u017e 25 st\u00e1tech na 4 sv\u011btad\u00edlech<\/strong> (Evropa, Asie, Afrika, Amerika). Instalace TRAINER Venkovn\u00ed Posilovna lze naj\u00edt ve velk\u00fdch i mal\u00fdch m\u011bstech, vesnic\u00edch, v okol\u00ed d\u011btsk\u00fdch h\u0159i\u0161\u0165, odpo\u010dinkov\u00fdch resort\u016f, hotel\u016f, rehabilita\u010dn\u00edch \u00fastav\u016f a v parc\u00edch nebo zahrad\u00e1ch.<\/p>\n<h3><strong>Na\u0161e mise spo\u010d\u00edv\u00e1 ve v\u00fdrob\u011b velmi kvalitn\u00edch a bezpe\u010dn\u00fdch za\u0159\u00edzen\u00ed, kter\u00e1 jsou ve ve\u0159ejn\u00e9m prostoru dostupn\u00e1 v\u0161em. D\u00edky tomu nab\u00edz\u00edme ka\u017ed\u00e9mu mo\u017enost tr\u00e9ninku, fyzick\u00e9ho cvi\u010den\u00ed a aktivn\u00edho tr\u00e1ven\u00ed \u010dasu na \u010derstv\u00e9m vzduchu.<\/strong><\/h3>\n<p>Za\u0159\u00edzen\u00ed TRAINER Venkovn\u00ed Posilovna vyr\u00e1b\u00edme v Polsku. Mezi nimi m\u016f\u017eete naj\u00edt \u0161irok\u00fd v\u00fdb\u011br za\u0159\u00edzen\u00ed pro cvi\u010den\u00ed pro ml\u00e1de\u017e, dosp\u011bl\u00e9 a tak\u00e9 pro seniory. Na\u0161e za\u0159\u00edzen\u00ed jsou dostupn\u00e1 tak\u00e9 v integra\u010dn\u00ed verzi pro posti\u017een\u00e9 osoby, tato za\u0159\u00edzen\u00ed jsou \u00fasp\u011b\u0161n\u011b pou\u017e\u00edv\u00e1na pro rehabilita\u010dn\u00ed cvi\u010den\u00ed.<\/p>\n<p>Jako spole\u010dnost s glob\u00e1ln\u00edm dosahem oce\u0148ujeme jak bezpe\u010dnost a\u00a0odolnost za\u0159\u00edzen\u00ed, tak jejich estetiku a kvalitu. S\u00e1z\u00edme na modern\u00ed design a inovativn\u00ed \u0159e\u0161en\u00ed. Posilovny jsme p\u0159izp\u016fsobili bezpe\u010dnostn\u00edm norm\u00e1m, kter\u00e9 jsou platn\u00e9 na \u00fazem\u00ed Evropsk\u00e9 unie. V\u0161echna za\u0159\u00edzen\u00ed jsou certifikov\u00e1na v souladu s normou <strong>EN\u00a016630:2015-06<\/strong>. Jsme tak\u00e9 majiteli certifik\u00e1t\u016f <strong>T\u00dcV Rheinland<\/strong> a tak\u00e9 certifik\u00e1tu normy \u0159\u00edzen\u00ed kvality <strong>EN\u00a0ISO\u00a013485:2016.<\/strong><\/p>\n<p>N\u00e1\u0161 zku\u0161en\u00fd t\u00fdm poradc\u016f navrhne sestavu za\u0159\u00edzen\u00ed, kter\u00e1 bude nejv\u00edc vyhovovat va\u0161im pot\u0159eb\u00e1m a po\u017eadavk\u016fm, a zajist\u00ed komplexn\u00ed pomoc v ka\u017ed\u00e9 etap\u011b realizace investice.<\/p>\n<p><iframe src=\"https:\/\/www.youtube.com\/embed\/Zmfu2eitbx4\" frameborder=\"0\" allowfullscreen=\"allowfullscreen\"><\/iframe><\/p>\n<h3>Kontaktujte n\u00e1s! Ocen\u011bn\u00ed a vyznamen\u00e1n\u00ed<\/h3>\n","protected":false},"excerpt":{"rendered":"<p>Jsme jedn\u00edm z l\u00eddr\u016f ve v\u00fdrob\u011b venkovn\u00edch posiloven v Evrop\u011b. V\u00edce ne\u017e 10 let vyr\u00e1b\u00edme venkovn\u00ed posilovny a Street Workout pod zna\u010dkou TRAINER Venkovn\u00ed Posilovna. D\u016fv\u011b\u0159ovaly n\u00e1m tis\u00edce z\u00e1kazn\u00edk\u016f z cel\u00e9ho sv\u011bta \u2013 ve v\u00edce ne\u017e 25 st\u00e1tech na 4 sv\u011btad\u00edlech (Evropa, Asie, Afrika, Amerika). Instalace TRAINER Venkovn\u00ed Posilovna lze naj\u00edt ve velk\u00fdch i mal\u00fdch [&hellip;]<\/p>\n","protected":false},"author":1,"featured_media":0,"parent":0,"menu_order":0,"comment_status":"closed","ping_status":"closed","template":"template-o-firmie.php","meta":{"_acf_changed":false,"footnotes":""},"class_list":["post-936","page","type-page","status-publish","hentry"],"acf":[],"yoast_head":"<!-- This site is optimized with the Yoast SEO plugin v26.8 - https:\/\/yoast.com\/product\/yoast-seo-wordpress\/ -->\n<title>O firm\u011b - TRAINER Venkovn\u00ed posilovna<\/title>\n<meta name=\"robots\" content=\"index, follow, max-snippet:-1, max-image-preview:large, max-video-preview:-1\" \/>\n<link rel=\"canonical\" href=\"https:\/\/outdoor-gym.com\/cz\/o-firme\/\" \/>\n<meta property=\"og:locale\" content=\"cs_CZ\" \/>\n<meta property=\"og:type\" content=\"article\" \/>\n<meta property=\"og:title\" content=\"O firm\u011b - TRAINER Venkovn\u00ed posilovna\" \/>\n<meta property=\"og:description\" content=\"Jsme jedn\u00edm z l\u00eddr\u016f ve v\u00fdrob\u011b venkovn\u00edch posiloven v Evrop\u011b. V\u00edce ne\u017e 10 let vyr\u00e1b\u00edme venkovn\u00ed posilovny a Street Workout pod zna\u010dkou TRAINER Venkovn\u00ed Posilovna. D\u016fv\u011b\u0159ovaly n\u00e1m tis\u00edce z\u00e1kazn\u00edk\u016f z cel\u00e9ho sv\u011bta \u2013 ve v\u00edce ne\u017e 25 st\u00e1tech na 4 sv\u011btad\u00edlech (Evropa, Asie, Afrika, Amerika). Instalace TRAINER Venkovn\u00ed Posilovna lze naj\u00edt ve velk\u00fdch i mal\u00fdch [&hellip;]\" \/>\n<meta property=\"og:url\" content=\"https:\/\/outdoor-gym.com\/cz\/o-firme\/\" \/>\n<meta property=\"og:site_name\" content=\"Trainer\" \/>\n<meta property=\"article:modified_time\" content=\"2023-07-18T08:00:48+00:00\" \/>\n<meta name=\"twitter:card\" content=\"summary_large_image\" \/>\n<meta name=\"twitter:label1\" content=\"Szacowany czas czytania\" \/>\n\t<meta name=\"twitter:data1\" content=\"2 minuty\" \/>\n<script type=\"application\/ld+json\" class=\"yoast-schema-graph\">{\"@context\":\"https:\/\/schema.org\",\"@graph\":[{\"@type\":\"WebPage\",\"@id\":\"https:\/\/outdoor-gym.com\/cz\/o-firme\/\",\"url\":\"https:\/\/outdoor-gym.com\/cz\/o-firme\/\",\"name\":\"O firm\u011b - TRAINER Venkovn\u00ed posilovna\",\"isPartOf\":{\"@id\":\"https:\/\/outdoor-gym.com\/cz\/#website\"},\"datePublished\":\"2021-01-07T07:25:31+00:00\",\"dateModified\":\"2023-07-18T08:00:48+00:00\",\"breadcrumb\":{\"@id\":\"https:\/\/outdoor-gym.com\/cz\/o-firme\/#breadcrumb\"},\"inLanguage\":\"pl-PL\",\"potentialAction\":[{\"@type\":\"ReadAction\",\"target\":[\"https:\/\/outdoor-gym.com\/cz\/o-firme\/\"]}]},{\"@type\":\"BreadcrumbList\",\"@id\":\"https:\/\/outdoor-gym.com\/cz\/o-firme\/#breadcrumb\",\"itemListElement\":[{\"@type\":\"ListItem\",\"position\":1,\"name\":\"cz\",\"item\":\"https:\/\/outdoor-gym.com\/cz\/\"},{\"@type\":\"ListItem\",\"position\":2,\"name\":\"O FIRM\u011a\"}]},{\"@type\":\"WebSite\",\"@id\":\"https:\/\/outdoor-gym.com\/cz\/#website\",\"url\":\"https:\/\/outdoor-gym.com\/cz\/\",\"name\":\"Trainer\",\"description\":\"Trainer  Venkovn\u00ed posilovna\",\"potentialAction\":[{\"@type\":\"SearchAction\",\"target\":{\"@type\":\"EntryPoint\",\"urlTemplate\":\"https:\/\/outdoor-gym.com\/cz\/?s={search_term_string}\"},\"query-input\":{\"@type\":\"PropertyValueSpecification\",\"valueRequired\":true,\"valueName\":\"search_term_string\"}}],\"inLanguage\":\"pl-PL\"}]}<\/script>\n<!-- \/ Yoast SEO plugin. -->","yoast_head_json":{"title":"O firm\u011b - TRAINER Venkovn\u00ed posilovna","robots":{"index":"index","follow":"follow","max-snippet":"max-snippet:-1","max-image-preview":"max-image-preview:large","max-video-preview":"max-video-preview:-1"},"canonical":"https:\/\/outdoor-gym.com\/cz\/o-firme\/","og_locale":"cs_CZ","og_type":"article","og_title":"O firm\u011b - TRAINER Venkovn\u00ed posilovna","og_description":"Jsme jedn\u00edm z l\u00eddr\u016f ve v\u00fdrob\u011b venkovn\u00edch posiloven v Evrop\u011b. V\u00edce ne\u017e 10 let vyr\u00e1b\u00edme venkovn\u00ed posilovny a Street Workout pod zna\u010dkou TRAINER Venkovn\u00ed Posilovna. D\u016fv\u011b\u0159ovaly n\u00e1m tis\u00edce z\u00e1kazn\u00edk\u016f z cel\u00e9ho sv\u011bta \u2013 ve v\u00edce ne\u017e 25 st\u00e1tech na 4 sv\u011btad\u00edlech (Evropa, Asie, Afrika, Amerika). Instalace TRAINER Venkovn\u00ed Posilovna lze naj\u00edt ve velk\u00fdch i mal\u00fdch [&hellip;]","og_url":"https:\/\/outdoor-gym.com\/cz\/o-firme\/","og_site_name":"Trainer","article_modified_time":"2023-07-18T08:00:48+00:00","twitter_card":"summary_large_image","twitter_misc":{"Szacowany czas czytania":"2 minuty"},"schema":{"@context":"https:\/\/schema.org","@graph":[{"@type":"WebPage","@id":"https:\/\/outdoor-gym.com\/cz\/o-firme\/","url":"https:\/\/outdoor-gym.com\/cz\/o-firme\/","name":"O firm\u011b - TRAINER Venkovn\u00ed posilovna","isPartOf":{"@id":"https:\/\/outdoor-gym.com\/cz\/#website"},"datePublished":"2021-01-07T07:25:31+00:00","dateModified":"2023-07-18T08:00:48+00:00","breadcrumb":{"@id":"https:\/\/outdoor-gym.com\/cz\/o-firme\/#breadcrumb"},"inLanguage":"pl-PL","potentialAction":[{"@type":"ReadAction","target":["https:\/\/outdoor-gym.com\/cz\/o-firme\/"]}]},{"@type":"BreadcrumbList","@id":"https:\/\/outdoor-gym.com\/cz\/o-firme\/#breadcrumb","itemListElement":[{"@type":"ListItem","position":1,"name":"cz","item":"https:\/\/outdoor-gym.com\/cz\/"},{"@type":"ListItem","position":2,"name":"O FIRM\u011a"}]},{"@type":"WebSite","@id":"https:\/\/outdoor-gym.com\/cz\/#website","url":"https:\/\/outdoor-gym.com\/cz\/","name":"Trainer","description":"Trainer  Venkovn\u00ed posilovna","potentialAction":[{"@type":"SearchAction","target":{"@type":"EntryPoint","urlTemplate":"https:\/\/outdoor-gym.com\/cz\/?s={search_term_string}"},"query-input":{"@type":"PropertyValueSpecification","valueRequired":true,"valueName":"search_term_string"}}],"inLanguage":"pl-PL"}]}},"_links":{"self":[{"href":"https:\/\/outdoor-gym.com\/cz\/wp-json\/wp\/v2\/pages\/936","targetHints":{"allow":["GET"]}}],"collection":[{"href":"https:\/\/outdoor-gym.com\/cz\/wp-json\/wp\/v2\/pages"}],"about":[{"href":"https:\/\/outdoor-gym.com\/cz\/wp-json\/wp\/v2\/types\/page"}],"author":[{"embeddable":true,"href":"https:\/\/outdoor-gym.com\/cz\/wp-json\/wp\/v2\/users\/1"}],"replies":[{"embeddable":true,"href":"https:\/\/outdoor-gym.com\/cz\/wp-json\/wp\/v2\/comments?post=936"}],"version-history":[{"count":45,"href":"https:\/\/outdoor-gym.com\/cz\/wp-json\/wp\/v2\/pages\/936\/revisions"}],"predecessor-version":[{"id":4373,"href":"https:\/\/outdoor-gym.com\/cz\/wp-json\/wp\/v2\/pages\/936\/revisions\/4373"}],"wp:attachment":[{"href":"https:\/\/outdoor-gym.com\/cz\/wp-json\/wp\/v2\/media?parent=936"}],"curies":[{"name":"wp","href":"https:\/\/api.w.org\/{rel}","templated":true}]}}