{"id":950,"date":"2021-01-08T15:35:42","date_gmt":"2021-01-08T14:35:42","guid":{"rendered":"https:\/\/outdoor-gym.com\/cz\/?page_id=950"},"modified":"2025-02-06T14:37:01","modified_gmt":"2025-02-06T13:37:01","slug":"venkovni-posilovaci-stroje-cena","status":"publish","type":"page","link":"https:\/\/outdoor-gym.com\/cz\/vyrobky\/venkovni-posilovaci-stroje-cena\/","title":{"rendered":"Venkovn\u00ed posilovac\u00ed stroje"},"content":{"rendered":"<div class=\"page\" title=\"Page 1\">\n<div class=\"section\">\n<div class=\"layoutArea\">\n<div class=\"column\">\n<h3>S\u00e9rie Start<\/h3>\n<p>Vybaven\u00ed venkovn\u00ed posilovny <strong>s\u00e9rie Start.<\/strong><\/p>\n<p>Venkovn\u00ed fitness za\u0159\u00edzen\u00ed t\u00e9to \u0159ady jsou vynikaj\u00edc\u00ed volbou. Tato voln\u011b stoj\u00edc\u00ed za\u0159\u00edzen\u00ed za p\u0159\u00edzniv\u00e9 ceny (jedno-, dvou- nebo dokonce t\u0159\u00edm\u00edstn\u00e1). Za\u0159\u00edzen\u00ed jsou pevn\u00e1, bezpe\u010dn\u00e1 a dob\u0159e chr\u00e1n\u011bn\u00e1 proti pov\u011btrnostn\u00edm podm\u00ednk\u00e1m a vandalismu. Venkovn\u00ed posilovac\u00ed za\u0159\u00edzen\u00ed TRAINER \u0159ady Start spl\u0148uj\u00ed evropsk\u00e9 bezpe\u010dnostn\u00ed normy: EN 16630:2015-06. Jsou velmi odoln\u00e1 d\u00edky tomu, \u017ee hlavn\u00ed konstruk\u010dn\u00ed trubka m\u00e1 pr\u016fm\u011br 140 mm<\/p>\n<\/div>\n<\/div>\n<\/div>\n<\/div>\n","protected":false},"excerpt":{"rendered":"<p>S\u00e9rie Start Vybaven\u00ed venkovn\u00ed posilovny s\u00e9rie Start. Venkovn\u00ed fitness za\u0159\u00edzen\u00ed t\u00e9to \u0159ady jsou vynikaj\u00edc\u00ed volbou. Tato voln\u011b stoj\u00edc\u00ed za\u0159\u00edzen\u00ed za p\u0159\u00edzniv\u00e9 ceny (jedno-, dvou- nebo dokonce t\u0159\u00edm\u00edstn\u00e1). Za\u0159\u00edzen\u00ed jsou pevn\u00e1, bezpe\u010dn\u00e1 a dob\u0159e chr\u00e1n\u011bn\u00e1 proti pov\u011btrnostn\u00edm podm\u00ednk\u00e1m a vandalismu. Venkovn\u00ed posilovac\u00ed za\u0159\u00edzen\u00ed TRAINER \u0159ady Start spl\u0148uj\u00ed evropsk\u00e9 bezpe\u010dnostn\u00ed normy: EN 16630:2015-06. Jsou velmi odoln\u00e1 d\u00edky [&hellip;]<\/p>\n","protected":false},"author":1,"featured_media":0,"parent":928,"menu_order":0,"comment_status":"closed","ping_status":"closed","template":"template-seria.php","meta":{"_acf_changed":false,"footnotes":""},"class_list":["post-950","page","type-page","status-publish","hentry"],"acf":[],"yoast_head":"<!-- This site is optimized with the Yoast SEO plugin v26.8 - https:\/\/yoast.com\/product\/yoast-seo-wordpress\/ -->\n<title>Venkovn\u00ed posilovac\u00ed stroje - TRAINER<\/title>\n<meta name=\"description\" content=\"Venkovn\u00ed fitness h\u0159i\u0161t\u011b pro seniory, dosp\u011bl\u00e9 a ml\u00e1de\u017e. Fitness vybaven\u00ed pro venkovn\u00ed pou\u017eit\u00ed. Kvalitn\u00ed vybaven\u00ed posilovny - cena. Kupte si venkovn\u00ed cvi\u010debn\u00ed za\u0159\u00edzen\u00ed a venkovni posilovaci stroje.\" \/>\n<meta name=\"robots\" content=\"index, follow, max-snippet:-1, max-image-preview:large, max-video-preview:-1\" \/>\n<link rel=\"canonical\" href=\"https:\/\/outdoor-gym.com\/cz\/vyrobky\/venkovni-posilovaci-stroje-cena\/\" \/>\n<meta property=\"og:locale\" content=\"cs_CZ\" \/>\n<meta property=\"og:type\" content=\"article\" \/>\n<meta property=\"og:title\" content=\"Venkovn\u00ed posilovac\u00ed stroje - TRAINER\" \/>\n<meta property=\"og:description\" content=\"Venkovn\u00ed fitness h\u0159i\u0161t\u011b pro seniory, dosp\u011bl\u00e9 a ml\u00e1de\u017e. Fitness vybaven\u00ed pro venkovn\u00ed pou\u017eit\u00ed. Kvalitn\u00ed vybaven\u00ed posilovny - cena. Kupte si venkovn\u00ed cvi\u010debn\u00ed za\u0159\u00edzen\u00ed a venkovni posilovaci stroje.\" \/>\n<meta property=\"og:url\" content=\"https:\/\/outdoor-gym.com\/cz\/vyrobky\/venkovni-posilovaci-stroje-cena\/\" \/>\n<meta property=\"og:site_name\" content=\"Trainer\" \/>\n<meta property=\"article:modified_time\" content=\"2025-02-06T13:37:01+00:00\" \/>\n<meta name=\"twitter:card\" content=\"summary_large_image\" \/>\n<meta name=\"twitter:label1\" content=\"Szacowany czas czytania\" \/>\n\t<meta name=\"twitter:data1\" content=\"1 minuta\" \/>\n<script type=\"application\/ld+json\" class=\"yoast-schema-graph\">{\"@context\":\"https:\/\/schema.org\",\"@graph\":[{\"@type\":\"WebPage\",\"@id\":\"https:\/\/outdoor-gym.com\/cz\/vyrobky\/venkovni-posilovaci-stroje-cena\/\",\"url\":\"https:\/\/outdoor-gym.com\/cz\/vyrobky\/venkovni-posilovaci-stroje-cena\/\",\"name\":\"Venkovn\u00ed posilovac\u00ed stroje - TRAINER\",\"isPartOf\":{\"@id\":\"https:\/\/outdoor-gym.com\/cz\/#website\"},\"datePublished\":\"2021-01-08T14:35:42+00:00\",\"dateModified\":\"2025-02-06T13:37:01+00:00\",\"description\":\"Venkovn\u00ed fitness h\u0159i\u0161t\u011b pro seniory, dosp\u011bl\u00e9 a ml\u00e1de\u017e. Fitness vybaven\u00ed pro venkovn\u00ed pou\u017eit\u00ed. Kvalitn\u00ed vybaven\u00ed posilovny - cena. Kupte si venkovn\u00ed cvi\u010debn\u00ed za\u0159\u00edzen\u00ed a venkovni posilovaci stroje.\",\"breadcrumb\":{\"@id\":\"https:\/\/outdoor-gym.com\/cz\/vyrobky\/venkovni-posilovaci-stroje-cena\/#breadcrumb\"},\"inLanguage\":\"pl-PL\",\"potentialAction\":[{\"@type\":\"ReadAction\",\"target\":[\"https:\/\/outdoor-gym.com\/cz\/vyrobky\/venkovni-posilovaci-stroje-cena\/\"]}]},{\"@type\":\"BreadcrumbList\",\"@id\":\"https:\/\/outdoor-gym.com\/cz\/vyrobky\/venkovni-posilovaci-stroje-cena\/#breadcrumb\",\"itemListElement\":[{\"@type\":\"ListItem\",\"position\":1,\"name\":\"cz\",\"item\":\"https:\/\/outdoor-gym.com\/cz\/\"},{\"@type\":\"ListItem\",\"position\":2,\"name\":\"V\u00ddROBKY\",\"item\":\"https:\/\/outdoor-gym.com\/cz\/vyrobky\/\"},{\"@type\":\"ListItem\",\"position\":3,\"name\":\"Venkovn\u00ed posilovac\u00ed stroje\"}]},{\"@type\":\"WebSite\",\"@id\":\"https:\/\/outdoor-gym.com\/cz\/#website\",\"url\":\"https:\/\/outdoor-gym.com\/cz\/\",\"name\":\"Trainer\",\"description\":\"Trainer  Venkovn\u00ed posilovna\",\"potentialAction\":[{\"@type\":\"SearchAction\",\"target\":{\"@type\":\"EntryPoint\",\"urlTemplate\":\"https:\/\/outdoor-gym.com\/cz\/?s={search_term_string}\"},\"query-input\":{\"@type\":\"PropertyValueSpecification\",\"valueRequired\":true,\"valueName\":\"search_term_string\"}}],\"inLanguage\":\"pl-PL\"}]}<\/script>\n<!-- \/ Yoast SEO plugin. -->","yoast_head_json":{"title":"Venkovn\u00ed posilovac\u00ed stroje - TRAINER","description":"Venkovn\u00ed fitness h\u0159i\u0161t\u011b pro seniory, dosp\u011bl\u00e9 a ml\u00e1de\u017e. Fitness vybaven\u00ed pro venkovn\u00ed pou\u017eit\u00ed. Kvalitn\u00ed vybaven\u00ed posilovny - cena. Kupte si venkovn\u00ed cvi\u010debn\u00ed za\u0159\u00edzen\u00ed a venkovni posilovaci stroje.","robots":{"index":"index","follow":"follow","max-snippet":"max-snippet:-1","max-image-preview":"max-image-preview:large","max-video-preview":"max-video-preview:-1"},"canonical":"https:\/\/outdoor-gym.com\/cz\/vyrobky\/venkovni-posilovaci-stroje-cena\/","og_locale":"cs_CZ","og_type":"article","og_title":"Venkovn\u00ed posilovac\u00ed stroje - TRAINER","og_description":"Venkovn\u00ed fitness h\u0159i\u0161t\u011b pro seniory, dosp\u011bl\u00e9 a ml\u00e1de\u017e. Fitness vybaven\u00ed pro venkovn\u00ed pou\u017eit\u00ed. Kvalitn\u00ed vybaven\u00ed posilovny - cena. Kupte si venkovn\u00ed cvi\u010debn\u00ed za\u0159\u00edzen\u00ed a venkovni posilovaci stroje.","og_url":"https:\/\/outdoor-gym.com\/cz\/vyrobky\/venkovni-posilovaci-stroje-cena\/","og_site_name":"Trainer","article_modified_time":"2025-02-06T13:37:01+00:00","twitter_card":"summary_large_image","twitter_misc":{"Szacowany czas czytania":"1 minuta"},"schema":{"@context":"https:\/\/schema.org","@graph":[{"@type":"WebPage","@id":"https:\/\/outdoor-gym.com\/cz\/vyrobky\/venkovni-posilovaci-stroje-cena\/","url":"https:\/\/outdoor-gym.com\/cz\/vyrobky\/venkovni-posilovaci-stroje-cena\/","name":"Venkovn\u00ed posilovac\u00ed stroje - TRAINER","isPartOf":{"@id":"https:\/\/outdoor-gym.com\/cz\/#website"},"datePublished":"2021-01-08T14:35:42+00:00","dateModified":"2025-02-06T13:37:01+00:00","description":"Venkovn\u00ed fitness h\u0159i\u0161t\u011b pro seniory, dosp\u011bl\u00e9 a ml\u00e1de\u017e. Fitness vybaven\u00ed pro venkovn\u00ed pou\u017eit\u00ed. Kvalitn\u00ed vybaven\u00ed posilovny - cena. Kupte si venkovn\u00ed cvi\u010debn\u00ed za\u0159\u00edzen\u00ed a venkovni posilovaci stroje.","breadcrumb":{"@id":"https:\/\/outdoor-gym.com\/cz\/vyrobky\/venkovni-posilovaci-stroje-cena\/#breadcrumb"},"inLanguage":"pl-PL","potentialAction":[{"@type":"ReadAction","target":["https:\/\/outdoor-gym.com\/cz\/vyrobky\/venkovni-posilovaci-stroje-cena\/"]}]},{"@type":"BreadcrumbList","@id":"https:\/\/outdoor-gym.com\/cz\/vyrobky\/venkovni-posilovaci-stroje-cena\/#breadcrumb","itemListElement":[{"@type":"ListItem","position":1,"name":"cz","item":"https:\/\/outdoor-gym.com\/cz\/"},{"@type":"ListItem","position":2,"name":"V\u00ddROBKY","item":"https:\/\/outdoor-gym.com\/cz\/vyrobky\/"},{"@type":"ListItem","position":3,"name":"Venkovn\u00ed posilovac\u00ed stroje"}]},{"@type":"WebSite","@id":"https:\/\/outdoor-gym.com\/cz\/#website","url":"https:\/\/outdoor-gym.com\/cz\/","name":"Trainer","description":"Trainer  Venkovn\u00ed posilovna","potentialAction":[{"@type":"SearchAction","target":{"@type":"EntryPoint","urlTemplate":"https:\/\/outdoor-gym.com\/cz\/?s={search_term_string}"},"query-input":{"@type":"PropertyValueSpecification","valueRequired":true,"valueName":"search_term_string"}}],"inLanguage":"pl-PL"}]}},"_links":{"self":[{"href":"https:\/\/outdoor-gym.com\/cz\/wp-json\/wp\/v2\/pages\/950","targetHints":{"allow":["GET"]}}],"collection":[{"href":"https:\/\/outdoor-gym.com\/cz\/wp-json\/wp\/v2\/pages"}],"about":[{"href":"https:\/\/outdoor-gym.com\/cz\/wp-json\/wp\/v2\/types\/page"}],"author":[{"embeddable":true,"href":"https:\/\/outdoor-gym.com\/cz\/wp-json\/wp\/v2\/users\/1"}],"replies":[{"embeddable":true,"href":"https:\/\/outdoor-gym.com\/cz\/wp-json\/wp\/v2\/comments?post=950"}],"version-history":[{"count":42,"href":"https:\/\/outdoor-gym.com\/cz\/wp-json\/wp\/v2\/pages\/950\/revisions"}],"predecessor-version":[{"id":4945,"href":"https:\/\/outdoor-gym.com\/cz\/wp-json\/wp\/v2\/pages\/950\/revisions\/4945"}],"up":[{"embeddable":true,"href":"https:\/\/outdoor-gym.com\/cz\/wp-json\/wp\/v2\/pages\/928"}],"wp:attachment":[{"href":"https:\/\/outdoor-gym.com\/cz\/wp-json\/wp\/v2\/media?parent=950"}],"curies":[{"name":"wp","href":"https:\/\/api.w.org\/{rel}","templated":true}]}}