{"id":954,"date":"2021-01-09T13:50:49","date_gmt":"2021-01-09T12:50:49","guid":{"rendered":"https:\/\/outdoor-gym.com\/cz\/?page_id=954"},"modified":"2023-05-30T09:40:09","modified_gmt":"2023-05-30T07:40:09","slug":"venkovni-posilovna-na-zahradu","status":"publish","type":"page","link":"https:\/\/outdoor-gym.com\/cz\/zakaznici\/venkovni-posilovna-na-zahradu\/","title":{"rendered":"Venkovn\u00ed posilovny pro m\u011bsta a obce"},"content":{"rendered":"<p>Venkovn\u00ed posilovny se v posledn\u00edch n\u011bkolika letech staly nepostradatelnou sou\u010d\u00e1st\u00ed velk\u00fdch a mal\u00fdch m\u011bst a obc\u00ed. Zvy\u0161uj\u00ed atraktivitu park\u016f, d\u011btsk\u00fdch h\u0159i\u0161\u0165, n\u00e1m\u011bst\u00ed, ve\u0159ejn\u00fdch prostranstv\u00ed a zahrad. Jsme evropsk\u00fd v\u00fdrobce venkovn\u00edch posiloven. Na z\u00e1klad\u011b na\u0161ich dlouholet\u00fdch zku\u0161enost\u00ed v\u00e1m r\u00e1di porad\u00edme s v\u00fdb\u011brem spr\u00e1vn\u00e9ho vybaven\u00ed pro venkovn\u00ed posilovnu.<\/p>\n<p><img loading=\"lazy\" decoding=\"async\" class=\"alignnone wp-image-1949 size-full\" src=\"https:\/\/outdoor-gym.com\/cz\/wp-content\/uploads\/Venkovn\u00ed posilovac\u00ed stroje pro bytov\u00e1 dru\u017estva -7.png\" alt=\"Outdoor fitness equipment for cities and municipalities\" width=\"1920\" height=\"1080\" srcset=\"https:\/\/outdoor-gym.com\/cz\/wp-content\/uploads\/Venkovn\u00ed%20posilovac\u00ed%20stroje%20pro%20bytov\u00e1%20dru\u017estva%20-7.png 1920w, https:\/\/outdoor-gym.com\/cz\/wp-content\/uploads\/Venkovn\u00ed%20posilovac\u00ed%20stroje%20pro%20bytov\u00e1%20dru\u017estva%20-7-600x338.png 600w, https:\/\/outdoor-gym.com\/cz\/wp-content\/uploads\/Venkovn\u00ed%20posilovac\u00ed%20stroje%20pro%20bytov\u00e1%20dru\u017estva%20-7-768x432.png 768w, https:\/\/outdoor-gym.com\/cz\/wp-content\/uploads\/Venkovn\u00ed%20posilovac\u00ed%20stroje%20pro%20bytov\u00e1%20dru\u017estva%20-7-1536x864.png 1536w\" sizes=\"auto, (max-width: 1920px) 100vw, 1920px\" \/><\/p>\n<p>&nbsp;<\/p>\n<p>&nbsp;<\/p>\n","protected":false},"excerpt":{"rendered":"<p>Venkovn\u00ed posilovny se v posledn\u00edch n\u011bkolika letech staly nepostradatelnou sou\u010d\u00e1st\u00ed velk\u00fdch a mal\u00fdch m\u011bst a obc\u00ed. Zvy\u0161uj\u00ed atraktivitu park\u016f, d\u011btsk\u00fdch h\u0159i\u0161\u0165, n\u00e1m\u011bst\u00ed, ve\u0159ejn\u00fdch prostranstv\u00ed a zahrad. Jsme evropsk\u00fd v\u00fdrobce venkovn\u00edch posiloven. Na z\u00e1klad\u011b na\u0161ich dlouholet\u00fdch zku\u0161enost\u00ed v\u00e1m r\u00e1di porad\u00edme s v\u00fdb\u011brem spr\u00e1vn\u00e9ho vybaven\u00ed pro venkovn\u00ed posilovnu. &nbsp; &nbsp;<\/p>\n","protected":false},"author":1,"featured_media":0,"parent":930,"menu_order":0,"comment_status":"closed","ping_status":"closed","template":"template-klienci-podstrona.php","meta":{"_acf_changed":false,"footnotes":""},"class_list":["post-954","page","type-page","status-publish","hentry"],"acf":[],"yoast_head":"<!-- This site is optimized with the Yoast SEO plugin v26.8 - https:\/\/yoast.com\/product\/yoast-seo-wordpress\/ -->\n<title>Venkovn\u00ed posilovny pro m\u011bsta a obce - TRAINER<\/title>\n<meta name=\"robots\" content=\"index, follow, max-snippet:-1, max-image-preview:large, max-video-preview:-1\" \/>\n<link rel=\"canonical\" href=\"https:\/\/outdoor-gym.com\/cz\/zakaznici\/venkovni-posilovna-na-zahradu\/\" \/>\n<meta property=\"og:locale\" content=\"cs_CZ\" \/>\n<meta property=\"og:type\" content=\"article\" \/>\n<meta property=\"og:title\" content=\"Venkovn\u00ed posilovny pro m\u011bsta a obce - TRAINER\" \/>\n<meta property=\"og:description\" content=\"Venkovn\u00ed posilovny se v posledn\u00edch n\u011bkolika letech staly nepostradatelnou sou\u010d\u00e1st\u00ed velk\u00fdch a mal\u00fdch m\u011bst a obc\u00ed. Zvy\u0161uj\u00ed atraktivitu park\u016f, d\u011btsk\u00fdch h\u0159i\u0161\u0165, n\u00e1m\u011bst\u00ed, ve\u0159ejn\u00fdch prostranstv\u00ed a zahrad. Jsme evropsk\u00fd v\u00fdrobce venkovn\u00edch posiloven. Na z\u00e1klad\u011b na\u0161ich dlouholet\u00fdch zku\u0161enost\u00ed v\u00e1m r\u00e1di porad\u00edme s v\u00fdb\u011brem spr\u00e1vn\u00e9ho vybaven\u00ed pro venkovn\u00ed posilovnu. &nbsp; &nbsp;\" \/>\n<meta property=\"og:url\" content=\"https:\/\/outdoor-gym.com\/cz\/zakaznici\/venkovni-posilovna-na-zahradu\/\" \/>\n<meta property=\"og:site_name\" content=\"Trainer\" \/>\n<meta property=\"article:modified_time\" content=\"2023-05-30T07:40:09+00:00\" \/>\n<meta name=\"twitter:card\" content=\"summary_large_image\" \/>\n<meta name=\"twitter:label1\" content=\"Szacowany czas czytania\" \/>\n\t<meta name=\"twitter:data1\" content=\"1 minuta\" \/>\n<script type=\"application\/ld+json\" class=\"yoast-schema-graph\">{\"@context\":\"https:\/\/schema.org\",\"@graph\":[{\"@type\":\"WebPage\",\"@id\":\"https:\/\/outdoor-gym.com\/cz\/zakaznici\/venkovni-posilovna-na-zahradu\/\",\"url\":\"https:\/\/outdoor-gym.com\/cz\/zakaznici\/venkovni-posilovna-na-zahradu\/\",\"name\":\"Venkovn\u00ed posilovny pro m\u011bsta a obce - TRAINER\",\"isPartOf\":{\"@id\":\"https:\/\/outdoor-gym.com\/cz\/#website\"},\"datePublished\":\"2021-01-09T12:50:49+00:00\",\"dateModified\":\"2023-05-30T07:40:09+00:00\",\"breadcrumb\":{\"@id\":\"https:\/\/outdoor-gym.com\/cz\/zakaznici\/venkovni-posilovna-na-zahradu\/#breadcrumb\"},\"inLanguage\":\"pl-PL\",\"potentialAction\":[{\"@type\":\"ReadAction\",\"target\":[\"https:\/\/outdoor-gym.com\/cz\/zakaznici\/venkovni-posilovna-na-zahradu\/\"]}]},{\"@type\":\"BreadcrumbList\",\"@id\":\"https:\/\/outdoor-gym.com\/cz\/zakaznici\/venkovni-posilovna-na-zahradu\/#breadcrumb\",\"itemListElement\":[{\"@type\":\"ListItem\",\"position\":1,\"name\":\"cz\",\"item\":\"https:\/\/outdoor-gym.com\/cz\/\"},{\"@type\":\"ListItem\",\"position\":2,\"name\":\"Z\u00c1KAZN\u00cdCI\",\"item\":\"https:\/\/outdoor-gym.com\/cz\/zakaznici\/\"},{\"@type\":\"ListItem\",\"position\":3,\"name\":\"Venkovn\u00ed posilovny pro m\u011bsta a obce\"}]},{\"@type\":\"WebSite\",\"@id\":\"https:\/\/outdoor-gym.com\/cz\/#website\",\"url\":\"https:\/\/outdoor-gym.com\/cz\/\",\"name\":\"Trainer\",\"description\":\"Trainer  Venkovn\u00ed posilovna\",\"potentialAction\":[{\"@type\":\"SearchAction\",\"target\":{\"@type\":\"EntryPoint\",\"urlTemplate\":\"https:\/\/outdoor-gym.com\/cz\/?s={search_term_string}\"},\"query-input\":{\"@type\":\"PropertyValueSpecification\",\"valueRequired\":true,\"valueName\":\"search_term_string\"}}],\"inLanguage\":\"pl-PL\"}]}<\/script>\n<!-- \/ Yoast SEO plugin. -->","yoast_head_json":{"title":"Venkovn\u00ed posilovny pro m\u011bsta a obce - TRAINER","robots":{"index":"index","follow":"follow","max-snippet":"max-snippet:-1","max-image-preview":"max-image-preview:large","max-video-preview":"max-video-preview:-1"},"canonical":"https:\/\/outdoor-gym.com\/cz\/zakaznici\/venkovni-posilovna-na-zahradu\/","og_locale":"cs_CZ","og_type":"article","og_title":"Venkovn\u00ed posilovny pro m\u011bsta a obce - TRAINER","og_description":"Venkovn\u00ed posilovny se v posledn\u00edch n\u011bkolika letech staly nepostradatelnou sou\u010d\u00e1st\u00ed velk\u00fdch a mal\u00fdch m\u011bst a obc\u00ed. Zvy\u0161uj\u00ed atraktivitu park\u016f, d\u011btsk\u00fdch h\u0159i\u0161\u0165, n\u00e1m\u011bst\u00ed, ve\u0159ejn\u00fdch prostranstv\u00ed a zahrad. Jsme evropsk\u00fd v\u00fdrobce venkovn\u00edch posiloven. Na z\u00e1klad\u011b na\u0161ich dlouholet\u00fdch zku\u0161enost\u00ed v\u00e1m r\u00e1di porad\u00edme s v\u00fdb\u011brem spr\u00e1vn\u00e9ho vybaven\u00ed pro venkovn\u00ed posilovnu. &nbsp; &nbsp;","og_url":"https:\/\/outdoor-gym.com\/cz\/zakaznici\/venkovni-posilovna-na-zahradu\/","og_site_name":"Trainer","article_modified_time":"2023-05-30T07:40:09+00:00","twitter_card":"summary_large_image","twitter_misc":{"Szacowany czas czytania":"1 minuta"},"schema":{"@context":"https:\/\/schema.org","@graph":[{"@type":"WebPage","@id":"https:\/\/outdoor-gym.com\/cz\/zakaznici\/venkovni-posilovna-na-zahradu\/","url":"https:\/\/outdoor-gym.com\/cz\/zakaznici\/venkovni-posilovna-na-zahradu\/","name":"Venkovn\u00ed posilovny pro m\u011bsta a obce - TRAINER","isPartOf":{"@id":"https:\/\/outdoor-gym.com\/cz\/#website"},"datePublished":"2021-01-09T12:50:49+00:00","dateModified":"2023-05-30T07:40:09+00:00","breadcrumb":{"@id":"https:\/\/outdoor-gym.com\/cz\/zakaznici\/venkovni-posilovna-na-zahradu\/#breadcrumb"},"inLanguage":"pl-PL","potentialAction":[{"@type":"ReadAction","target":["https:\/\/outdoor-gym.com\/cz\/zakaznici\/venkovni-posilovna-na-zahradu\/"]}]},{"@type":"BreadcrumbList","@id":"https:\/\/outdoor-gym.com\/cz\/zakaznici\/venkovni-posilovna-na-zahradu\/#breadcrumb","itemListElement":[{"@type":"ListItem","position":1,"name":"cz","item":"https:\/\/outdoor-gym.com\/cz\/"},{"@type":"ListItem","position":2,"name":"Z\u00c1KAZN\u00cdCI","item":"https:\/\/outdoor-gym.com\/cz\/zakaznici\/"},{"@type":"ListItem","position":3,"name":"Venkovn\u00ed posilovny pro m\u011bsta a obce"}]},{"@type":"WebSite","@id":"https:\/\/outdoor-gym.com\/cz\/#website","url":"https:\/\/outdoor-gym.com\/cz\/","name":"Trainer","description":"Trainer  Venkovn\u00ed posilovna","potentialAction":[{"@type":"SearchAction","target":{"@type":"EntryPoint","urlTemplate":"https:\/\/outdoor-gym.com\/cz\/?s={search_term_string}"},"query-input":{"@type":"PropertyValueSpecification","valueRequired":true,"valueName":"search_term_string"}}],"inLanguage":"pl-PL"}]}},"_links":{"self":[{"href":"https:\/\/outdoor-gym.com\/cz\/wp-json\/wp\/v2\/pages\/954","targetHints":{"allow":["GET"]}}],"collection":[{"href":"https:\/\/outdoor-gym.com\/cz\/wp-json\/wp\/v2\/pages"}],"about":[{"href":"https:\/\/outdoor-gym.com\/cz\/wp-json\/wp\/v2\/types\/page"}],"author":[{"embeddable":true,"href":"https:\/\/outdoor-gym.com\/cz\/wp-json\/wp\/v2\/users\/1"}],"replies":[{"embeddable":true,"href":"https:\/\/outdoor-gym.com\/cz\/wp-json\/wp\/v2\/comments?post=954"}],"version-history":[{"count":50,"href":"https:\/\/outdoor-gym.com\/cz\/wp-json\/wp\/v2\/pages\/954\/revisions"}],"predecessor-version":[{"id":4340,"href":"https:\/\/outdoor-gym.com\/cz\/wp-json\/wp\/v2\/pages\/954\/revisions\/4340"}],"up":[{"embeddable":true,"href":"https:\/\/outdoor-gym.com\/cz\/wp-json\/wp\/v2\/pages\/930"}],"wp:attachment":[{"href":"https:\/\/outdoor-gym.com\/cz\/wp-json\/wp\/v2\/media?parent=954"}],"curies":[{"name":"wp","href":"https:\/\/api.w.org\/{rel}","templated":true}]}}