{"id":959,"date":"2021-01-12T08:46:54","date_gmt":"2021-01-12T07:46:54","guid":{"rendered":"https:\/\/outdoor-gym.com\/cz\/?page_id=959"},"modified":"2023-05-30T09:43:40","modified_gmt":"2023-05-30T07:43:40","slug":"venkovni-posilovny-pro-skoly","status":"publish","type":"page","link":"https:\/\/outdoor-gym.com\/cz\/zakaznici\/venkovni-posilovny-pro-skoly\/","title":{"rendered":"Venkovn\u00ed posilovny pro \u0161koly"},"content":{"rendered":"<p>Venkovn\u00ed posilovny jsou vynikaj\u00edc\u00ed sportovi\u0161t\u011b pro d\u011bti a ml\u00e1de\u017e ve \u0161koln\u00edm v\u011bku. Je to skv\u011bl\u00fd n\u00e1pad, jak povzbudit \u017e\u00e1ky a studenty, aby se h\u00fdbali na \u010derstv\u00e9m vzduchu. Tato za\u0159\u00edzen\u00ed nab\u00edzej\u00ed vynikaj\u00edc\u00ed alternativu k b\u011b\u017en\u00fdm hodin\u00e1m t\u011blesn\u00e9 v\u00fdchovy a mo\u017enost, jak tr\u00e1vit \u010das po vyu\u010dov\u00e1n\u00ed. Nab\u00edz\u00edme velmi \u0161irokou \u0161k\u00e1lu stroj\u016f ur\u010den\u00fdch pro posilov\u00e1n\u00ed jednotliv\u00fdch svalov\u00fdch skupin, zlep\u0161en\u00ed kondice a zaji\u0161t\u011bn\u00ed spr\u00e1vn\u00e9ho dr\u017een\u00ed t\u011bla.<\/p>\n<p><img loading=\"lazy\" decoding=\"async\" class=\"alignnone wp-image-1886 size-full\" title=\"Outdoor fitness equipment for schools\" src=\"https:\/\/outdoor-gym.com\/cz\/wp-content\/uploads\/Venkovn\u00ed posilovny pro \u0161koly3.png\" alt=\"Outdoor gym equipment for schools\" width=\"1920\" height=\"1080\" srcset=\"https:\/\/outdoor-gym.com\/cz\/wp-content\/uploads\/Venkovn\u00ed%20posilovny%20pro%20\u0161koly3.png 1920w, https:\/\/outdoor-gym.com\/cz\/wp-content\/uploads\/Venkovn\u00ed%20posilovny%20pro%20\u0161koly3-600x338.png 600w, https:\/\/outdoor-gym.com\/cz\/wp-content\/uploads\/Venkovn\u00ed%20posilovny%20pro%20\u0161koly3-768x432.png 768w, https:\/\/outdoor-gym.com\/cz\/wp-content\/uploads\/Venkovn\u00ed%20posilovny%20pro%20\u0161koly3-1536x864.png 1536w\" sizes=\"auto, (max-width: 1920px) 100vw, 1920px\" \/><\/p>\n","protected":false},"excerpt":{"rendered":"<p>Venkovn\u00ed posilovny jsou vynikaj\u00edc\u00ed sportovi\u0161t\u011b pro d\u011bti a ml\u00e1de\u017e ve \u0161koln\u00edm v\u011bku. Je to skv\u011bl\u00fd n\u00e1pad, jak povzbudit \u017e\u00e1ky a studenty, aby se h\u00fdbali na \u010derstv\u00e9m vzduchu. Tato za\u0159\u00edzen\u00ed nab\u00edzej\u00ed vynikaj\u00edc\u00ed alternativu k b\u011b\u017en\u00fdm hodin\u00e1m t\u011blesn\u00e9 v\u00fdchovy a mo\u017enost, jak tr\u00e1vit \u010das po vyu\u010dov\u00e1n\u00ed. Nab\u00edz\u00edme velmi \u0161irokou \u0161k\u00e1lu stroj\u016f ur\u010den\u00fdch pro posilov\u00e1n\u00ed jednotliv\u00fdch svalov\u00fdch skupin, [&hellip;]<\/p>\n","protected":false},"author":1,"featured_media":0,"parent":930,"menu_order":0,"comment_status":"closed","ping_status":"closed","template":"template-klienci-podstrona.php","meta":{"_acf_changed":false,"footnotes":""},"class_list":["post-959","page","type-page","status-publish","hentry"],"acf":[],"yoast_head":"<!-- This site is optimized with the Yoast SEO plugin v26.8 - https:\/\/yoast.com\/product\/yoast-seo-wordpress\/ -->\n<title>Venkovn\u00ed posilovny pro \u0161koly - TRAINER Venkovn\u00ed posilovny<\/title>\n<meta name=\"robots\" content=\"index, follow, max-snippet:-1, max-image-preview:large, max-video-preview:-1\" \/>\n<link rel=\"canonical\" href=\"https:\/\/outdoor-gym.com\/cz\/zakaznici\/venkovni-posilovny-pro-skoly\/\" \/>\n<meta property=\"og:locale\" content=\"cs_CZ\" \/>\n<meta property=\"og:type\" content=\"article\" \/>\n<meta property=\"og:title\" content=\"Venkovn\u00ed posilovny pro \u0161koly - TRAINER Venkovn\u00ed posilovny\" \/>\n<meta property=\"og:description\" content=\"Venkovn\u00ed posilovny jsou vynikaj\u00edc\u00ed sportovi\u0161t\u011b pro d\u011bti a ml\u00e1de\u017e ve \u0161koln\u00edm v\u011bku. Je to skv\u011bl\u00fd n\u00e1pad, jak povzbudit \u017e\u00e1ky a studenty, aby se h\u00fdbali na \u010derstv\u00e9m vzduchu. Tato za\u0159\u00edzen\u00ed nab\u00edzej\u00ed vynikaj\u00edc\u00ed alternativu k b\u011b\u017en\u00fdm hodin\u00e1m t\u011blesn\u00e9 v\u00fdchovy a mo\u017enost, jak tr\u00e1vit \u010das po vyu\u010dov\u00e1n\u00ed. Nab\u00edz\u00edme velmi \u0161irokou \u0161k\u00e1lu stroj\u016f ur\u010den\u00fdch pro posilov\u00e1n\u00ed jednotliv\u00fdch svalov\u00fdch skupin, [&hellip;]\" \/>\n<meta property=\"og:url\" content=\"https:\/\/outdoor-gym.com\/cz\/zakaznici\/venkovni-posilovny-pro-skoly\/\" \/>\n<meta property=\"og:site_name\" content=\"Trainer\" \/>\n<meta property=\"article:modified_time\" content=\"2023-05-30T07:43:40+00:00\" \/>\n<meta name=\"twitter:card\" content=\"summary_large_image\" \/>\n<meta name=\"twitter:label1\" content=\"Szacowany czas czytania\" \/>\n\t<meta name=\"twitter:data1\" content=\"1 minuta\" \/>\n<script type=\"application\/ld+json\" class=\"yoast-schema-graph\">{\"@context\":\"https:\/\/schema.org\",\"@graph\":[{\"@type\":\"WebPage\",\"@id\":\"https:\/\/outdoor-gym.com\/cz\/zakaznici\/venkovni-posilovny-pro-skoly\/\",\"url\":\"https:\/\/outdoor-gym.com\/cz\/zakaznici\/venkovni-posilovny-pro-skoly\/\",\"name\":\"Venkovn\u00ed posilovny pro \u0161koly - TRAINER Venkovn\u00ed posilovny\",\"isPartOf\":{\"@id\":\"https:\/\/outdoor-gym.com\/cz\/#website\"},\"datePublished\":\"2021-01-12T07:46:54+00:00\",\"dateModified\":\"2023-05-30T07:43:40+00:00\",\"breadcrumb\":{\"@id\":\"https:\/\/outdoor-gym.com\/cz\/zakaznici\/venkovni-posilovny-pro-skoly\/#breadcrumb\"},\"inLanguage\":\"pl-PL\",\"potentialAction\":[{\"@type\":\"ReadAction\",\"target\":[\"https:\/\/outdoor-gym.com\/cz\/zakaznici\/venkovni-posilovny-pro-skoly\/\"]}]},{\"@type\":\"BreadcrumbList\",\"@id\":\"https:\/\/outdoor-gym.com\/cz\/zakaznici\/venkovni-posilovny-pro-skoly\/#breadcrumb\",\"itemListElement\":[{\"@type\":\"ListItem\",\"position\":1,\"name\":\"cz\",\"item\":\"https:\/\/outdoor-gym.com\/cz\/\"},{\"@type\":\"ListItem\",\"position\":2,\"name\":\"Z\u00c1KAZN\u00cdCI\",\"item\":\"https:\/\/outdoor-gym.com\/cz\/zakaznici\/\"},{\"@type\":\"ListItem\",\"position\":3,\"name\":\"Venkovn\u00ed posilovny pro \u0161koly\"}]},{\"@type\":\"WebSite\",\"@id\":\"https:\/\/outdoor-gym.com\/cz\/#website\",\"url\":\"https:\/\/outdoor-gym.com\/cz\/\",\"name\":\"Trainer\",\"description\":\"Trainer  Venkovn\u00ed posilovna\",\"potentialAction\":[{\"@type\":\"SearchAction\",\"target\":{\"@type\":\"EntryPoint\",\"urlTemplate\":\"https:\/\/outdoor-gym.com\/cz\/?s={search_term_string}\"},\"query-input\":{\"@type\":\"PropertyValueSpecification\",\"valueRequired\":true,\"valueName\":\"search_term_string\"}}],\"inLanguage\":\"pl-PL\"}]}<\/script>\n<!-- \/ Yoast SEO plugin. -->","yoast_head_json":{"title":"Venkovn\u00ed posilovny pro \u0161koly - TRAINER Venkovn\u00ed posilovny","robots":{"index":"index","follow":"follow","max-snippet":"max-snippet:-1","max-image-preview":"max-image-preview:large","max-video-preview":"max-video-preview:-1"},"canonical":"https:\/\/outdoor-gym.com\/cz\/zakaznici\/venkovni-posilovny-pro-skoly\/","og_locale":"cs_CZ","og_type":"article","og_title":"Venkovn\u00ed posilovny pro \u0161koly - TRAINER Venkovn\u00ed posilovny","og_description":"Venkovn\u00ed posilovny jsou vynikaj\u00edc\u00ed sportovi\u0161t\u011b pro d\u011bti a ml\u00e1de\u017e ve \u0161koln\u00edm v\u011bku. Je to skv\u011bl\u00fd n\u00e1pad, jak povzbudit \u017e\u00e1ky a studenty, aby se h\u00fdbali na \u010derstv\u00e9m vzduchu. Tato za\u0159\u00edzen\u00ed nab\u00edzej\u00ed vynikaj\u00edc\u00ed alternativu k b\u011b\u017en\u00fdm hodin\u00e1m t\u011blesn\u00e9 v\u00fdchovy a mo\u017enost, jak tr\u00e1vit \u010das po vyu\u010dov\u00e1n\u00ed. Nab\u00edz\u00edme velmi \u0161irokou \u0161k\u00e1lu stroj\u016f ur\u010den\u00fdch pro posilov\u00e1n\u00ed jednotliv\u00fdch svalov\u00fdch skupin, [&hellip;]","og_url":"https:\/\/outdoor-gym.com\/cz\/zakaznici\/venkovni-posilovny-pro-skoly\/","og_site_name":"Trainer","article_modified_time":"2023-05-30T07:43:40+00:00","twitter_card":"summary_large_image","twitter_misc":{"Szacowany czas czytania":"1 minuta"},"schema":{"@context":"https:\/\/schema.org","@graph":[{"@type":"WebPage","@id":"https:\/\/outdoor-gym.com\/cz\/zakaznici\/venkovni-posilovny-pro-skoly\/","url":"https:\/\/outdoor-gym.com\/cz\/zakaznici\/venkovni-posilovny-pro-skoly\/","name":"Venkovn\u00ed posilovny pro \u0161koly - TRAINER Venkovn\u00ed posilovny","isPartOf":{"@id":"https:\/\/outdoor-gym.com\/cz\/#website"},"datePublished":"2021-01-12T07:46:54+00:00","dateModified":"2023-05-30T07:43:40+00:00","breadcrumb":{"@id":"https:\/\/outdoor-gym.com\/cz\/zakaznici\/venkovni-posilovny-pro-skoly\/#breadcrumb"},"inLanguage":"pl-PL","potentialAction":[{"@type":"ReadAction","target":["https:\/\/outdoor-gym.com\/cz\/zakaznici\/venkovni-posilovny-pro-skoly\/"]}]},{"@type":"BreadcrumbList","@id":"https:\/\/outdoor-gym.com\/cz\/zakaznici\/venkovni-posilovny-pro-skoly\/#breadcrumb","itemListElement":[{"@type":"ListItem","position":1,"name":"cz","item":"https:\/\/outdoor-gym.com\/cz\/"},{"@type":"ListItem","position":2,"name":"Z\u00c1KAZN\u00cdCI","item":"https:\/\/outdoor-gym.com\/cz\/zakaznici\/"},{"@type":"ListItem","position":3,"name":"Venkovn\u00ed posilovny pro \u0161koly"}]},{"@type":"WebSite","@id":"https:\/\/outdoor-gym.com\/cz\/#website","url":"https:\/\/outdoor-gym.com\/cz\/","name":"Trainer","description":"Trainer  Venkovn\u00ed posilovna","potentialAction":[{"@type":"SearchAction","target":{"@type":"EntryPoint","urlTemplate":"https:\/\/outdoor-gym.com\/cz\/?s={search_term_string}"},"query-input":{"@type":"PropertyValueSpecification","valueRequired":true,"valueName":"search_term_string"}}],"inLanguage":"pl-PL"}]}},"_links":{"self":[{"href":"https:\/\/outdoor-gym.com\/cz\/wp-json\/wp\/v2\/pages\/959","targetHints":{"allow":["GET"]}}],"collection":[{"href":"https:\/\/outdoor-gym.com\/cz\/wp-json\/wp\/v2\/pages"}],"about":[{"href":"https:\/\/outdoor-gym.com\/cz\/wp-json\/wp\/v2\/types\/page"}],"author":[{"embeddable":true,"href":"https:\/\/outdoor-gym.com\/cz\/wp-json\/wp\/v2\/users\/1"}],"replies":[{"embeddable":true,"href":"https:\/\/outdoor-gym.com\/cz\/wp-json\/wp\/v2\/comments?post=959"}],"version-history":[{"count":31,"href":"https:\/\/outdoor-gym.com\/cz\/wp-json\/wp\/v2\/pages\/959\/revisions"}],"predecessor-version":[{"id":4342,"href":"https:\/\/outdoor-gym.com\/cz\/wp-json\/wp\/v2\/pages\/959\/revisions\/4342"}],"up":[{"embeddable":true,"href":"https:\/\/outdoor-gym.com\/cz\/wp-json\/wp\/v2\/pages\/930"}],"wp:attachment":[{"href":"https:\/\/outdoor-gym.com\/cz\/wp-json\/wp\/v2\/media?parent=959"}],"curies":[{"name":"wp","href":"https:\/\/api.w.org\/{rel}","templated":true}]}}