{"id":963,"date":"2021-01-12T08:47:54","date_gmt":"2021-01-12T07:47:54","guid":{"rendered":"https:\/\/outdoor-gym.com\/cz\/?page_id=963"},"modified":"2023-05-30T09:45:08","modified_gmt":"2023-05-30T07:45:08","slug":"venkovni-posilovaci-stroje-pro-bytova-druzstva","status":"publish","type":"page","link":"https:\/\/outdoor-gym.com\/cz\/zakaznici\/venkovni-posilovaci-stroje-pro-bytova-druzstva\/","title":{"rendered":"Venkovn\u00ed posilovac\u00ed stroje pro bytov\u00e1 dru\u017estva"},"content":{"rendered":"<p>Na\u0161e spole\u010dnost spolupracuje se s\u00eddli\u0161ti a podobn\u00fdmi organizacemi. V\u00edme, \u017ee venkovn\u00ed t\u011blocvi\u010dny jsou skv\u011bl\u00fdm zp\u016fsobem, jak integrovat v\u0161echny obyvatele. Vzhledem k tomu, \u017ee se tyto t\u011blocvi\u010dny nach\u00e1zej\u00ed v m\u011bstsk\u00e9m parku, jsou ide\u00e1ln\u00edm m\u00edstem pro setk\u00e1n\u00ed a konverzace, Modern\u00ed tr\u00e9ninkov\u00e9 vybaven\u00ed nav\u00edc v\u00fdrazn\u011b zvy\u0161uje atraktivitu ve\u0159ejn\u00e9ho prostoru a povzbuzuje lidi v\u0161ech v\u011bkov\u00fdch skupin k fyzick\u00e9 aktivit\u011b.<\/p>\n<p><img loading=\"lazy\" decoding=\"async\" class=\"alignnone size-full wp-image-1949\" src=\"https:\/\/outdoor-gym.com\/cz\/wp-content\/uploads\/Venkovn\u00ed posilovac\u00ed stroje pro bytov\u00e1 dru\u017estva -7.png\" alt=\"\" width=\"1920\" height=\"1080\" srcset=\"https:\/\/outdoor-gym.com\/cz\/wp-content\/uploads\/Venkovn\u00ed%20posilovac\u00ed%20stroje%20pro%20bytov\u00e1%20dru\u017estva%20-7.png 1920w, https:\/\/outdoor-gym.com\/cz\/wp-content\/uploads\/Venkovn\u00ed%20posilovac\u00ed%20stroje%20pro%20bytov\u00e1%20dru\u017estva%20-7-600x338.png 600w, https:\/\/outdoor-gym.com\/cz\/wp-content\/uploads\/Venkovn\u00ed%20posilovac\u00ed%20stroje%20pro%20bytov\u00e1%20dru\u017estva%20-7-768x432.png 768w, https:\/\/outdoor-gym.com\/cz\/wp-content\/uploads\/Venkovn\u00ed%20posilovac\u00ed%20stroje%20pro%20bytov\u00e1%20dru\u017estva%20-7-1536x864.png 1536w\" sizes=\"auto, (max-width: 1920px) 100vw, 1920px\" \/><\/p>\n<p>&nbsp;<\/p>\n","protected":false},"excerpt":{"rendered":"<p>Na\u0161e spole\u010dnost spolupracuje se s\u00eddli\u0161ti a podobn\u00fdmi organizacemi. V\u00edme, \u017ee venkovn\u00ed t\u011blocvi\u010dny jsou skv\u011bl\u00fdm zp\u016fsobem, jak integrovat v\u0161echny obyvatele. Vzhledem k tomu, \u017ee se tyto t\u011blocvi\u010dny nach\u00e1zej\u00ed v m\u011bstsk\u00e9m parku, jsou ide\u00e1ln\u00edm m\u00edstem pro setk\u00e1n\u00ed a konverzace, Modern\u00ed tr\u00e9ninkov\u00e9 vybaven\u00ed nav\u00edc v\u00fdrazn\u011b zvy\u0161uje atraktivitu ve\u0159ejn\u00e9ho prostoru a povzbuzuje lidi v\u0161ech v\u011bkov\u00fdch skupin k fyzick\u00e9 aktivit\u011b. [&hellip;]<\/p>\n","protected":false},"author":1,"featured_media":0,"parent":930,"menu_order":0,"comment_status":"closed","ping_status":"closed","template":"template-klienci-podstrona.php","meta":{"_acf_changed":false,"footnotes":""},"class_list":["post-963","page","type-page","status-publish","hentry"],"acf":[],"yoast_head":"<!-- This site is optimized with the Yoast SEO plugin v26.8 - https:\/\/yoast.com\/product\/yoast-seo-wordpress\/ -->\n<title>Venkovn\u00ed posilovac\u00ed stroje pro bytov\u00e1 dru\u017estva - TRAINER<\/title>\n<meta name=\"robots\" content=\"index, follow, max-snippet:-1, max-image-preview:large, max-video-preview:-1\" \/>\n<link rel=\"canonical\" href=\"https:\/\/outdoor-gym.com\/cz\/zakaznici\/venkovni-posilovaci-stroje-pro-bytova-druzstva\/\" \/>\n<meta property=\"og:locale\" content=\"cs_CZ\" \/>\n<meta property=\"og:type\" content=\"article\" \/>\n<meta property=\"og:title\" content=\"Venkovn\u00ed posilovac\u00ed stroje pro bytov\u00e1 dru\u017estva - TRAINER\" \/>\n<meta property=\"og:description\" content=\"Na\u0161e spole\u010dnost spolupracuje se s\u00eddli\u0161ti a podobn\u00fdmi organizacemi. V\u00edme, \u017ee venkovn\u00ed t\u011blocvi\u010dny jsou skv\u011bl\u00fdm zp\u016fsobem, jak integrovat v\u0161echny obyvatele. Vzhledem k tomu, \u017ee se tyto t\u011blocvi\u010dny nach\u00e1zej\u00ed v m\u011bstsk\u00e9m parku, jsou ide\u00e1ln\u00edm m\u00edstem pro setk\u00e1n\u00ed a konverzace, Modern\u00ed tr\u00e9ninkov\u00e9 vybaven\u00ed nav\u00edc v\u00fdrazn\u011b zvy\u0161uje atraktivitu ve\u0159ejn\u00e9ho prostoru a povzbuzuje lidi v\u0161ech v\u011bkov\u00fdch skupin k fyzick\u00e9 aktivit\u011b. [&hellip;]\" \/>\n<meta property=\"og:url\" content=\"https:\/\/outdoor-gym.com\/cz\/zakaznici\/venkovni-posilovaci-stroje-pro-bytova-druzstva\/\" \/>\n<meta property=\"og:site_name\" content=\"Trainer\" \/>\n<meta property=\"article:modified_time\" content=\"2023-05-30T07:45:08+00:00\" \/>\n<meta name=\"twitter:card\" content=\"summary_large_image\" \/>\n<meta name=\"twitter:label1\" content=\"Szacowany czas czytania\" \/>\n\t<meta name=\"twitter:data1\" content=\"1 minuta\" \/>\n<script type=\"application\/ld+json\" class=\"yoast-schema-graph\">{\"@context\":\"https:\/\/schema.org\",\"@graph\":[{\"@type\":\"WebPage\",\"@id\":\"https:\/\/outdoor-gym.com\/cz\/zakaznici\/venkovni-posilovaci-stroje-pro-bytova-druzstva\/\",\"url\":\"https:\/\/outdoor-gym.com\/cz\/zakaznici\/venkovni-posilovaci-stroje-pro-bytova-druzstva\/\",\"name\":\"Venkovn\u00ed posilovac\u00ed stroje pro bytov\u00e1 dru\u017estva - TRAINER\",\"isPartOf\":{\"@id\":\"https:\/\/outdoor-gym.com\/cz\/#website\"},\"datePublished\":\"2021-01-12T07:47:54+00:00\",\"dateModified\":\"2023-05-30T07:45:08+00:00\",\"breadcrumb\":{\"@id\":\"https:\/\/outdoor-gym.com\/cz\/zakaznici\/venkovni-posilovaci-stroje-pro-bytova-druzstva\/#breadcrumb\"},\"inLanguage\":\"pl-PL\",\"potentialAction\":[{\"@type\":\"ReadAction\",\"target\":[\"https:\/\/outdoor-gym.com\/cz\/zakaznici\/venkovni-posilovaci-stroje-pro-bytova-druzstva\/\"]}]},{\"@type\":\"BreadcrumbList\",\"@id\":\"https:\/\/outdoor-gym.com\/cz\/zakaznici\/venkovni-posilovaci-stroje-pro-bytova-druzstva\/#breadcrumb\",\"itemListElement\":[{\"@type\":\"ListItem\",\"position\":1,\"name\":\"cz\",\"item\":\"https:\/\/outdoor-gym.com\/cz\/\"},{\"@type\":\"ListItem\",\"position\":2,\"name\":\"Z\u00c1KAZN\u00cdCI\",\"item\":\"https:\/\/outdoor-gym.com\/cz\/zakaznici\/\"},{\"@type\":\"ListItem\",\"position\":3,\"name\":\"Venkovn\u00ed posilovac\u00ed stroje pro bytov\u00e1 dru\u017estva\"}]},{\"@type\":\"WebSite\",\"@id\":\"https:\/\/outdoor-gym.com\/cz\/#website\",\"url\":\"https:\/\/outdoor-gym.com\/cz\/\",\"name\":\"Trainer\",\"description\":\"Trainer  Venkovn\u00ed posilovna\",\"potentialAction\":[{\"@type\":\"SearchAction\",\"target\":{\"@type\":\"EntryPoint\",\"urlTemplate\":\"https:\/\/outdoor-gym.com\/cz\/?s={search_term_string}\"},\"query-input\":{\"@type\":\"PropertyValueSpecification\",\"valueRequired\":true,\"valueName\":\"search_term_string\"}}],\"inLanguage\":\"pl-PL\"}]}<\/script>\n<!-- \/ Yoast SEO plugin. -->","yoast_head_json":{"title":"Venkovn\u00ed posilovac\u00ed stroje pro bytov\u00e1 dru\u017estva - TRAINER","robots":{"index":"index","follow":"follow","max-snippet":"max-snippet:-1","max-image-preview":"max-image-preview:large","max-video-preview":"max-video-preview:-1"},"canonical":"https:\/\/outdoor-gym.com\/cz\/zakaznici\/venkovni-posilovaci-stroje-pro-bytova-druzstva\/","og_locale":"cs_CZ","og_type":"article","og_title":"Venkovn\u00ed posilovac\u00ed stroje pro bytov\u00e1 dru\u017estva - TRAINER","og_description":"Na\u0161e spole\u010dnost spolupracuje se s\u00eddli\u0161ti a podobn\u00fdmi organizacemi. V\u00edme, \u017ee venkovn\u00ed t\u011blocvi\u010dny jsou skv\u011bl\u00fdm zp\u016fsobem, jak integrovat v\u0161echny obyvatele. Vzhledem k tomu, \u017ee se tyto t\u011blocvi\u010dny nach\u00e1zej\u00ed v m\u011bstsk\u00e9m parku, jsou ide\u00e1ln\u00edm m\u00edstem pro setk\u00e1n\u00ed a konverzace, Modern\u00ed tr\u00e9ninkov\u00e9 vybaven\u00ed nav\u00edc v\u00fdrazn\u011b zvy\u0161uje atraktivitu ve\u0159ejn\u00e9ho prostoru a povzbuzuje lidi v\u0161ech v\u011bkov\u00fdch skupin k fyzick\u00e9 aktivit\u011b. [&hellip;]","og_url":"https:\/\/outdoor-gym.com\/cz\/zakaznici\/venkovni-posilovaci-stroje-pro-bytova-druzstva\/","og_site_name":"Trainer","article_modified_time":"2023-05-30T07:45:08+00:00","twitter_card":"summary_large_image","twitter_misc":{"Szacowany czas czytania":"1 minuta"},"schema":{"@context":"https:\/\/schema.org","@graph":[{"@type":"WebPage","@id":"https:\/\/outdoor-gym.com\/cz\/zakaznici\/venkovni-posilovaci-stroje-pro-bytova-druzstva\/","url":"https:\/\/outdoor-gym.com\/cz\/zakaznici\/venkovni-posilovaci-stroje-pro-bytova-druzstva\/","name":"Venkovn\u00ed posilovac\u00ed stroje pro bytov\u00e1 dru\u017estva - TRAINER","isPartOf":{"@id":"https:\/\/outdoor-gym.com\/cz\/#website"},"datePublished":"2021-01-12T07:47:54+00:00","dateModified":"2023-05-30T07:45:08+00:00","breadcrumb":{"@id":"https:\/\/outdoor-gym.com\/cz\/zakaznici\/venkovni-posilovaci-stroje-pro-bytova-druzstva\/#breadcrumb"},"inLanguage":"pl-PL","potentialAction":[{"@type":"ReadAction","target":["https:\/\/outdoor-gym.com\/cz\/zakaznici\/venkovni-posilovaci-stroje-pro-bytova-druzstva\/"]}]},{"@type":"BreadcrumbList","@id":"https:\/\/outdoor-gym.com\/cz\/zakaznici\/venkovni-posilovaci-stroje-pro-bytova-druzstva\/#breadcrumb","itemListElement":[{"@type":"ListItem","position":1,"name":"cz","item":"https:\/\/outdoor-gym.com\/cz\/"},{"@type":"ListItem","position":2,"name":"Z\u00c1KAZN\u00cdCI","item":"https:\/\/outdoor-gym.com\/cz\/zakaznici\/"},{"@type":"ListItem","position":3,"name":"Venkovn\u00ed posilovac\u00ed stroje pro bytov\u00e1 dru\u017estva"}]},{"@type":"WebSite","@id":"https:\/\/outdoor-gym.com\/cz\/#website","url":"https:\/\/outdoor-gym.com\/cz\/","name":"Trainer","description":"Trainer  Venkovn\u00ed posilovna","potentialAction":[{"@type":"SearchAction","target":{"@type":"EntryPoint","urlTemplate":"https:\/\/outdoor-gym.com\/cz\/?s={search_term_string}"},"query-input":{"@type":"PropertyValueSpecification","valueRequired":true,"valueName":"search_term_string"}}],"inLanguage":"pl-PL"}]}},"_links":{"self":[{"href":"https:\/\/outdoor-gym.com\/cz\/wp-json\/wp\/v2\/pages\/963","targetHints":{"allow":["GET"]}}],"collection":[{"href":"https:\/\/outdoor-gym.com\/cz\/wp-json\/wp\/v2\/pages"}],"about":[{"href":"https:\/\/outdoor-gym.com\/cz\/wp-json\/wp\/v2\/types\/page"}],"author":[{"embeddable":true,"href":"https:\/\/outdoor-gym.com\/cz\/wp-json\/wp\/v2\/users\/1"}],"replies":[{"embeddable":true,"href":"https:\/\/outdoor-gym.com\/cz\/wp-json\/wp\/v2\/comments?post=963"}],"version-history":[{"count":17,"href":"https:\/\/outdoor-gym.com\/cz\/wp-json\/wp\/v2\/pages\/963\/revisions"}],"predecessor-version":[{"id":4344,"href":"https:\/\/outdoor-gym.com\/cz\/wp-json\/wp\/v2\/pages\/963\/revisions\/4344"}],"up":[{"embeddable":true,"href":"https:\/\/outdoor-gym.com\/cz\/wp-json\/wp\/v2\/pages\/930"}],"wp:attachment":[{"href":"https:\/\/outdoor-gym.com\/cz\/wp-json\/wp\/v2\/media?parent=963"}],"curies":[{"name":"wp","href":"https:\/\/api.w.org\/{rel}","templated":true}]}}