{"id":964,"date":"2021-01-12T08:48:13","date_gmt":"2021-01-12T07:48:13","guid":{"rendered":"https:\/\/outdoor-gym.com\/cz\/?page_id=964"},"modified":"2023-05-30T09:45:40","modified_gmt":"2023-05-30T07:45:40","slug":"outdoor-fitness-stroje-pro-firmy","status":"publish","type":"page","link":"https:\/\/outdoor-gym.com\/cz\/zakaznici\/outdoor-fitness-stroje-pro-firmy\/","title":{"rendered":"Outdoor fitness stroje pro firmy"},"content":{"rendered":"<p>Venkovn\u00ed posilovny pro firmy, kter\u00e9 oce\u0148uj\u00ed zdrav\u00fd \u017eivotn\u00ed styl zam\u011bstnanc\u016f<\/p>\n<p>Jako modern\u00ed spole\u010dnost ct\u00edc\u00ed tradice v\u00edme, \u017ee pokrok bez kvalifikovan\u00e9ho person\u00e1lu nen\u00ed mo\u017en\u00fd; proto chceme na\u0161i nab\u00eddku outdoorov\u00fdch posiloven sm\u011b\u0159ovat k firm\u00e1m, kter\u00e9 dbaj\u00ed na svou image zam\u011bstnavatele na trhu pr\u00e1ce.<\/p>\n<p><img loading=\"lazy\" decoding=\"async\" class=\"alignnone wp-image-1829 size-full\" title=\"Outdoor fitness equipment for companies\" src=\"https:\/\/outdoor-gym.com\/cz\/wp-content\/uploads\/venkovni-cvicebni-prvky.jpg\" alt=\"Outdoor gym equipment for companies\" width=\"2560\" height=\"1707\" srcset=\"https:\/\/outdoor-gym.com\/cz\/wp-content\/uploads\/venkovni-cvicebni-prvky.jpg 2560w, https:\/\/outdoor-gym.com\/cz\/wp-content\/uploads\/venkovni-cvicebni-prvky-600x400.jpg 600w, https:\/\/outdoor-gym.com\/cz\/wp-content\/uploads\/venkovni-cvicebni-prvky-2000x1334.jpg 2000w, https:\/\/outdoor-gym.com\/cz\/wp-content\/uploads\/venkovni-cvicebni-prvky-768x512.jpg 768w, https:\/\/outdoor-gym.com\/cz\/wp-content\/uploads\/venkovni-cvicebni-prvky-1536x1024.jpg 1536w, https:\/\/outdoor-gym.com\/cz\/wp-content\/uploads\/venkovni-cvicebni-prvky-2048x1366.jpg 2048w\" sizes=\"auto, (max-width: 2560px) 100vw, 2560px\" \/><\/p>\n","protected":false},"excerpt":{"rendered":"<p>Venkovn\u00ed posilovny pro firmy, kter\u00e9 oce\u0148uj\u00ed zdrav\u00fd \u017eivotn\u00ed styl zam\u011bstnanc\u016f Jako modern\u00ed spole\u010dnost ct\u00edc\u00ed tradice v\u00edme, \u017ee pokrok bez kvalifikovan\u00e9ho person\u00e1lu nen\u00ed mo\u017en\u00fd; proto chceme na\u0161i nab\u00eddku outdoorov\u00fdch posiloven sm\u011b\u0159ovat k firm\u00e1m, kter\u00e9 dbaj\u00ed na svou image zam\u011bstnavatele na trhu pr\u00e1ce.<\/p>\n","protected":false},"author":1,"featured_media":0,"parent":930,"menu_order":0,"comment_status":"closed","ping_status":"closed","template":"template-klienci-podstrona.php","meta":{"_acf_changed":false,"footnotes":""},"class_list":["post-964","page","type-page","status-publish","hentry"],"acf":[],"yoast_head":"<!-- This site is optimized with the Yoast SEO plugin v26.8 - https:\/\/yoast.com\/product\/yoast-seo-wordpress\/ -->\n<title>Outdoor fitness stroje pro firmy - TRAINER<\/title>\n<meta name=\"robots\" content=\"index, follow, max-snippet:-1, max-image-preview:large, max-video-preview:-1\" \/>\n<link rel=\"canonical\" href=\"https:\/\/outdoor-gym.com\/cz\/zakaznici\/outdoor-fitness-stroje-pro-firmy\/\" \/>\n<meta property=\"og:locale\" content=\"cs_CZ\" \/>\n<meta property=\"og:type\" content=\"article\" \/>\n<meta property=\"og:title\" content=\"Outdoor fitness stroje pro firmy - TRAINER\" \/>\n<meta property=\"og:description\" content=\"Venkovn\u00ed posilovny pro firmy, kter\u00e9 oce\u0148uj\u00ed zdrav\u00fd \u017eivotn\u00ed styl zam\u011bstnanc\u016f Jako modern\u00ed spole\u010dnost ct\u00edc\u00ed tradice v\u00edme, \u017ee pokrok bez kvalifikovan\u00e9ho person\u00e1lu nen\u00ed mo\u017en\u00fd; proto chceme na\u0161i nab\u00eddku outdoorov\u00fdch posiloven sm\u011b\u0159ovat k firm\u00e1m, kter\u00e9 dbaj\u00ed na svou image zam\u011bstnavatele na trhu pr\u00e1ce.\" \/>\n<meta property=\"og:url\" content=\"https:\/\/outdoor-gym.com\/cz\/zakaznici\/outdoor-fitness-stroje-pro-firmy\/\" \/>\n<meta property=\"og:site_name\" content=\"Trainer\" \/>\n<meta property=\"article:modified_time\" content=\"2023-05-30T07:45:40+00:00\" \/>\n<meta property=\"og:image\" content=\"https:\/\/outdoor-gym.com\/cz\/wp-content\/uploads\/venkovni-cvicebni-prvky.jpg\" \/>\n<meta name=\"twitter:card\" content=\"summary_large_image\" \/>\n<meta name=\"twitter:label1\" content=\"Szacowany czas czytania\" \/>\n\t<meta name=\"twitter:data1\" content=\"1 minuta\" \/>\n<script type=\"application\/ld+json\" class=\"yoast-schema-graph\">{\"@context\":\"https:\/\/schema.org\",\"@graph\":[{\"@type\":\"WebPage\",\"@id\":\"https:\/\/outdoor-gym.com\/cz\/zakaznici\/outdoor-fitness-stroje-pro-firmy\/\",\"url\":\"https:\/\/outdoor-gym.com\/cz\/zakaznici\/outdoor-fitness-stroje-pro-firmy\/\",\"name\":\"Outdoor fitness stroje pro firmy - TRAINER\",\"isPartOf\":{\"@id\":\"https:\/\/outdoor-gym.com\/cz\/#website\"},\"primaryImageOfPage\":{\"@id\":\"https:\/\/outdoor-gym.com\/cz\/zakaznici\/outdoor-fitness-stroje-pro-firmy\/#primaryimage\"},\"image\":{\"@id\":\"https:\/\/outdoor-gym.com\/cz\/zakaznici\/outdoor-fitness-stroje-pro-firmy\/#primaryimage\"},\"thumbnailUrl\":\"https:\/\/outdoor-gym.com\/cz\/wp-content\/uploads\/venkovni-cvicebni-prvky.jpg\",\"datePublished\":\"2021-01-12T07:48:13+00:00\",\"dateModified\":\"2023-05-30T07:45:40+00:00\",\"breadcrumb\":{\"@id\":\"https:\/\/outdoor-gym.com\/cz\/zakaznici\/outdoor-fitness-stroje-pro-firmy\/#breadcrumb\"},\"inLanguage\":\"pl-PL\",\"potentialAction\":[{\"@type\":\"ReadAction\",\"target\":[\"https:\/\/outdoor-gym.com\/cz\/zakaznici\/outdoor-fitness-stroje-pro-firmy\/\"]}]},{\"@type\":\"ImageObject\",\"inLanguage\":\"pl-PL\",\"@id\":\"https:\/\/outdoor-gym.com\/cz\/zakaznici\/outdoor-fitness-stroje-pro-firmy\/#primaryimage\",\"url\":\"https:\/\/outdoor-gym.com\/cz\/wp-content\/uploads\/venkovni-cvicebni-prvky.jpg\",\"contentUrl\":\"https:\/\/outdoor-gym.com\/cz\/wp-content\/uploads\/venkovni-cvicebni-prvky.jpg\",\"width\":2560,\"height\":1707},{\"@type\":\"BreadcrumbList\",\"@id\":\"https:\/\/outdoor-gym.com\/cz\/zakaznici\/outdoor-fitness-stroje-pro-firmy\/#breadcrumb\",\"itemListElement\":[{\"@type\":\"ListItem\",\"position\":1,\"name\":\"cz\",\"item\":\"https:\/\/outdoor-gym.com\/cz\/\"},{\"@type\":\"ListItem\",\"position\":2,\"name\":\"Z\u00c1KAZN\u00cdCI\",\"item\":\"https:\/\/outdoor-gym.com\/cz\/zakaznici\/\"},{\"@type\":\"ListItem\",\"position\":3,\"name\":\"Outdoor fitness stroje pro firmy\"}]},{\"@type\":\"WebSite\",\"@id\":\"https:\/\/outdoor-gym.com\/cz\/#website\",\"url\":\"https:\/\/outdoor-gym.com\/cz\/\",\"name\":\"Trainer\",\"description\":\"Trainer  Venkovn\u00ed posilovna\",\"potentialAction\":[{\"@type\":\"SearchAction\",\"target\":{\"@type\":\"EntryPoint\",\"urlTemplate\":\"https:\/\/outdoor-gym.com\/cz\/?s={search_term_string}\"},\"query-input\":{\"@type\":\"PropertyValueSpecification\",\"valueRequired\":true,\"valueName\":\"search_term_string\"}}],\"inLanguage\":\"pl-PL\"}]}<\/script>\n<!-- \/ Yoast SEO plugin. -->","yoast_head_json":{"title":"Outdoor fitness stroje pro firmy - TRAINER","robots":{"index":"index","follow":"follow","max-snippet":"max-snippet:-1","max-image-preview":"max-image-preview:large","max-video-preview":"max-video-preview:-1"},"canonical":"https:\/\/outdoor-gym.com\/cz\/zakaznici\/outdoor-fitness-stroje-pro-firmy\/","og_locale":"cs_CZ","og_type":"article","og_title":"Outdoor fitness stroje pro firmy - TRAINER","og_description":"Venkovn\u00ed posilovny pro firmy, kter\u00e9 oce\u0148uj\u00ed zdrav\u00fd \u017eivotn\u00ed styl zam\u011bstnanc\u016f Jako modern\u00ed spole\u010dnost ct\u00edc\u00ed tradice v\u00edme, \u017ee pokrok bez kvalifikovan\u00e9ho person\u00e1lu nen\u00ed mo\u017en\u00fd; proto chceme na\u0161i nab\u00eddku outdoorov\u00fdch posiloven sm\u011b\u0159ovat k firm\u00e1m, kter\u00e9 dbaj\u00ed na svou image zam\u011bstnavatele na trhu pr\u00e1ce.","og_url":"https:\/\/outdoor-gym.com\/cz\/zakaznici\/outdoor-fitness-stroje-pro-firmy\/","og_site_name":"Trainer","article_modified_time":"2023-05-30T07:45:40+00:00","og_image":[{"url":"https:\/\/outdoor-gym.com\/cz\/wp-content\/uploads\/venkovni-cvicebni-prvky.jpg","type":"","width":"","height":""}],"twitter_card":"summary_large_image","twitter_misc":{"Szacowany czas czytania":"1 minuta"},"schema":{"@context":"https:\/\/schema.org","@graph":[{"@type":"WebPage","@id":"https:\/\/outdoor-gym.com\/cz\/zakaznici\/outdoor-fitness-stroje-pro-firmy\/","url":"https:\/\/outdoor-gym.com\/cz\/zakaznici\/outdoor-fitness-stroje-pro-firmy\/","name":"Outdoor fitness stroje pro firmy - TRAINER","isPartOf":{"@id":"https:\/\/outdoor-gym.com\/cz\/#website"},"primaryImageOfPage":{"@id":"https:\/\/outdoor-gym.com\/cz\/zakaznici\/outdoor-fitness-stroje-pro-firmy\/#primaryimage"},"image":{"@id":"https:\/\/outdoor-gym.com\/cz\/zakaznici\/outdoor-fitness-stroje-pro-firmy\/#primaryimage"},"thumbnailUrl":"https:\/\/outdoor-gym.com\/cz\/wp-content\/uploads\/venkovni-cvicebni-prvky.jpg","datePublished":"2021-01-12T07:48:13+00:00","dateModified":"2023-05-30T07:45:40+00:00","breadcrumb":{"@id":"https:\/\/outdoor-gym.com\/cz\/zakaznici\/outdoor-fitness-stroje-pro-firmy\/#breadcrumb"},"inLanguage":"pl-PL","potentialAction":[{"@type":"ReadAction","target":["https:\/\/outdoor-gym.com\/cz\/zakaznici\/outdoor-fitness-stroje-pro-firmy\/"]}]},{"@type":"ImageObject","inLanguage":"pl-PL","@id":"https:\/\/outdoor-gym.com\/cz\/zakaznici\/outdoor-fitness-stroje-pro-firmy\/#primaryimage","url":"https:\/\/outdoor-gym.com\/cz\/wp-content\/uploads\/venkovni-cvicebni-prvky.jpg","contentUrl":"https:\/\/outdoor-gym.com\/cz\/wp-content\/uploads\/venkovni-cvicebni-prvky.jpg","width":2560,"height":1707},{"@type":"BreadcrumbList","@id":"https:\/\/outdoor-gym.com\/cz\/zakaznici\/outdoor-fitness-stroje-pro-firmy\/#breadcrumb","itemListElement":[{"@type":"ListItem","position":1,"name":"cz","item":"https:\/\/outdoor-gym.com\/cz\/"},{"@type":"ListItem","position":2,"name":"Z\u00c1KAZN\u00cdCI","item":"https:\/\/outdoor-gym.com\/cz\/zakaznici\/"},{"@type":"ListItem","position":3,"name":"Outdoor fitness stroje pro firmy"}]},{"@type":"WebSite","@id":"https:\/\/outdoor-gym.com\/cz\/#website","url":"https:\/\/outdoor-gym.com\/cz\/","name":"Trainer","description":"Trainer  Venkovn\u00ed posilovna","potentialAction":[{"@type":"SearchAction","target":{"@type":"EntryPoint","urlTemplate":"https:\/\/outdoor-gym.com\/cz\/?s={search_term_string}"},"query-input":{"@type":"PropertyValueSpecification","valueRequired":true,"valueName":"search_term_string"}}],"inLanguage":"pl-PL"}]}},"_links":{"self":[{"href":"https:\/\/outdoor-gym.com\/cz\/wp-json\/wp\/v2\/pages\/964","targetHints":{"allow":["GET"]}}],"collection":[{"href":"https:\/\/outdoor-gym.com\/cz\/wp-json\/wp\/v2\/pages"}],"about":[{"href":"https:\/\/outdoor-gym.com\/cz\/wp-json\/wp\/v2\/types\/page"}],"author":[{"embeddable":true,"href":"https:\/\/outdoor-gym.com\/cz\/wp-json\/wp\/v2\/users\/1"}],"replies":[{"embeddable":true,"href":"https:\/\/outdoor-gym.com\/cz\/wp-json\/wp\/v2\/comments?post=964"}],"version-history":[{"count":17,"href":"https:\/\/outdoor-gym.com\/cz\/wp-json\/wp\/v2\/pages\/964\/revisions"}],"predecessor-version":[{"id":4345,"href":"https:\/\/outdoor-gym.com\/cz\/wp-json\/wp\/v2\/pages\/964\/revisions\/4345"}],"up":[{"embeddable":true,"href":"https:\/\/outdoor-gym.com\/cz\/wp-json\/wp\/v2\/pages\/930"}],"wp:attachment":[{"href":"https:\/\/outdoor-gym.com\/cz\/wp-json\/wp\/v2\/media?parent=964"}],"curies":[{"name":"wp","href":"https:\/\/api.w.org\/{rel}","templated":true}]}}