{"id":965,"date":"2021-01-12T08:49:16","date_gmt":"2021-01-12T07:49:16","guid":{"rendered":"https:\/\/outdoor-gym.com\/cz\/?page_id=965"},"modified":"2023-05-30T09:46:23","modified_gmt":"2023-05-30T07:46:23","slug":"venkovni-posilovny-do-zahradu","status":"publish","type":"page","link":"https:\/\/outdoor-gym.com\/cz\/zakaznici\/venkovni-posilovny-do-zahradu\/","title":{"rendered":"Venkovn\u00ed posilovny do zahrady"},"content":{"rendered":"<h2>Venkovn\u00ed posilovny do zahrady \u2013 ide\u00e1ln\u00ed \u0159e\u0161en\u00ed pro cvi\u010den\u00ed na \u010derstv\u00e9m vzduchu.<\/h2>\n<p>\u017dijeme ve sv\u011bt\u011b, kde b\u011bhem dne tr\u00e1v\u00edme hodn\u011b \u010dasu v sed\u011b. Pracujeme u po\u010d\u00edta\u010de, d\u011bl\u00e1me dom\u00e1c\u00ed \u00fakoly, sledujeme televizi \u2013 to v\u0161e zp\u016fsobuje, \u017ee na\u0161e t\u011blo vy\u017eaduje pohyb a fyzickou aktivitu. Bohu\u017eel ne v\u017edy m\u00e1me mo\u017enost koupit si permanentku do posilovny a tr\u00e1vit v n\u00ed n\u011bkolik hodin t\u00fddn\u011b. Venkovn\u00ed posilovna v zahrad\u011b je dokonal\u00fdm \u0159e\u0161en\u00edm pro lidi, kte\u0159\u00ed jsou unaveni po ka\u017edodenn\u00ed pr\u00e1ci v sed\u011b.<\/p>\n<p><img loading=\"lazy\" decoding=\"async\" class=\"alignnone wp-image-1944 size-full\" title=\"Outdoor gym for garden\" src=\"https:\/\/outdoor-gym.com\/cz\/wp-content\/uploads\/TRAINER-Venkovn\u00ed posilovny do zahrady-8.jpg\" alt=\"Outdoor Fitness for garden\" width=\"2560\" height=\"1704\" srcset=\"https:\/\/outdoor-gym.com\/cz\/wp-content\/uploads\/TRAINER-Venkovn\u00ed%20posilovny%20do%20zahrady-8.jpg 2560w, https:\/\/outdoor-gym.com\/cz\/wp-content\/uploads\/TRAINER-Venkovn\u00ed%20posilovny%20do%20zahrady-8-600x399.jpg 600w, https:\/\/outdoor-gym.com\/cz\/wp-content\/uploads\/TRAINER-Venkovn\u00ed%20posilovny%20do%20zahrady-8-2000x1331.jpg 2000w, https:\/\/outdoor-gym.com\/cz\/wp-content\/uploads\/TRAINER-Venkovn\u00ed%20posilovny%20do%20zahrady-8-768x511.jpg 768w, https:\/\/outdoor-gym.com\/cz\/wp-content\/uploads\/TRAINER-Venkovn\u00ed%20posilovny%20do%20zahrady-8-1536x1022.jpg 1536w, https:\/\/outdoor-gym.com\/cz\/wp-content\/uploads\/TRAINER-Venkovn\u00ed%20posilovny%20do%20zahrady-8-2048x1363.jpg 2048w\" sizes=\"auto, (max-width: 2560px) 100vw, 2560px\" \/><\/p>\n<p><img loading=\"lazy\" decoding=\"async\" class=\"alignnone wp-image-1939 size-full\" title=\"Outdoor fitness equipmen for garden\" src=\"https:\/\/outdoor-gym.com\/cz\/wp-content\/uploads\/outdoor-fitness-equipment-for-individual-clients-3.jpg\" alt=\"Outdoor gym equipmen for garden\" width=\"2560\" height=\"1704\" \/><\/p>\n","protected":false},"excerpt":{"rendered":"<p>Venkovn\u00ed posilovny do zahrady \u2013 ide\u00e1ln\u00ed \u0159e\u0161en\u00ed pro cvi\u010den\u00ed na \u010derstv\u00e9m vzduchu. \u017dijeme ve sv\u011bt\u011b, kde b\u011bhem dne tr\u00e1v\u00edme hodn\u011b \u010dasu v sed\u011b. Pracujeme u po\u010d\u00edta\u010de, d\u011bl\u00e1me dom\u00e1c\u00ed \u00fakoly, sledujeme televizi \u2013 to v\u0161e zp\u016fsobuje, \u017ee na\u0161e t\u011blo vy\u017eaduje pohyb a fyzickou aktivitu. Bohu\u017eel ne v\u017edy m\u00e1me mo\u017enost koupit si permanentku do posilovny a tr\u00e1vit [&hellip;]<\/p>\n","protected":false},"author":1,"featured_media":0,"parent":930,"menu_order":0,"comment_status":"closed","ping_status":"closed","template":"template-klienci-podstrona.php","meta":{"_acf_changed":false,"footnotes":""},"class_list":["post-965","page","type-page","status-publish","hentry"],"acf":[],"yoast_head":"<!-- This site is optimized with the Yoast SEO plugin v26.8 - https:\/\/yoast.com\/product\/yoast-seo-wordpress\/ -->\n<title>Venkovn\u00ed posilovny do zahradu - TRAINER<\/title>\n<meta name=\"robots\" content=\"index, follow, max-snippet:-1, max-image-preview:large, max-video-preview:-1\" \/>\n<link rel=\"canonical\" href=\"https:\/\/outdoor-gym.com\/cz\/zakaznici\/venkovni-posilovny-do-zahradu\/\" \/>\n<meta property=\"og:locale\" content=\"cs_CZ\" \/>\n<meta property=\"og:type\" content=\"article\" \/>\n<meta property=\"og:title\" content=\"Venkovn\u00ed posilovny do zahradu - TRAINER\" \/>\n<meta property=\"og:description\" content=\"Venkovn\u00ed posilovny do zahrady \u2013 ide\u00e1ln\u00ed \u0159e\u0161en\u00ed pro cvi\u010den\u00ed na \u010derstv\u00e9m vzduchu. \u017dijeme ve sv\u011bt\u011b, kde b\u011bhem dne tr\u00e1v\u00edme hodn\u011b \u010dasu v sed\u011b. Pracujeme u po\u010d\u00edta\u010de, d\u011bl\u00e1me dom\u00e1c\u00ed \u00fakoly, sledujeme televizi \u2013 to v\u0161e zp\u016fsobuje, \u017ee na\u0161e t\u011blo vy\u017eaduje pohyb a fyzickou aktivitu. Bohu\u017eel ne v\u017edy m\u00e1me mo\u017enost koupit si permanentku do posilovny a tr\u00e1vit [&hellip;]\" \/>\n<meta property=\"og:url\" content=\"https:\/\/outdoor-gym.com\/cz\/zakaznici\/venkovni-posilovny-do-zahradu\/\" \/>\n<meta property=\"og:site_name\" content=\"Trainer\" \/>\n<meta property=\"article:modified_time\" content=\"2023-05-30T07:46:23+00:00\" \/>\n<meta property=\"og:image\" content=\"https:\/\/outdoor-gym.com\/cz\/wp-content\/uploads\/outdoor-fitness-equipment-for-individual-clients-3.jpg\" \/>\n<meta name=\"twitter:card\" content=\"summary_large_image\" \/>\n<meta name=\"twitter:label1\" content=\"Szacowany czas czytania\" \/>\n\t<meta name=\"twitter:data1\" content=\"1 minuta\" \/>\n<script type=\"application\/ld+json\" class=\"yoast-schema-graph\">{\"@context\":\"https:\/\/schema.org\",\"@graph\":[{\"@type\":\"WebPage\",\"@id\":\"https:\/\/outdoor-gym.com\/cz\/zakaznici\/venkovni-posilovny-do-zahradu\/\",\"url\":\"https:\/\/outdoor-gym.com\/cz\/zakaznici\/venkovni-posilovny-do-zahradu\/\",\"name\":\"Venkovn\u00ed posilovny do zahradu - TRAINER\",\"isPartOf\":{\"@id\":\"https:\/\/outdoor-gym.com\/cz\/#website\"},\"primaryImageOfPage\":{\"@id\":\"https:\/\/outdoor-gym.com\/cz\/zakaznici\/venkovni-posilovny-do-zahradu\/#primaryimage\"},\"image\":{\"@id\":\"https:\/\/outdoor-gym.com\/cz\/zakaznici\/venkovni-posilovny-do-zahradu\/#primaryimage\"},\"thumbnailUrl\":\"https:\/\/outdoor-gym.com\/cz\/wp-content\/uploads\/outdoor-fitness-equipment-for-individual-clients-3.jpg\",\"datePublished\":\"2021-01-12T07:49:16+00:00\",\"dateModified\":\"2023-05-30T07:46:23+00:00\",\"breadcrumb\":{\"@id\":\"https:\/\/outdoor-gym.com\/cz\/zakaznici\/venkovni-posilovny-do-zahradu\/#breadcrumb\"},\"inLanguage\":\"pl-PL\",\"potentialAction\":[{\"@type\":\"ReadAction\",\"target\":[\"https:\/\/outdoor-gym.com\/cz\/zakaznici\/venkovni-posilovny-do-zahradu\/\"]}]},{\"@type\":\"ImageObject\",\"inLanguage\":\"pl-PL\",\"@id\":\"https:\/\/outdoor-gym.com\/cz\/zakaznici\/venkovni-posilovny-do-zahradu\/#primaryimage\",\"url\":\"https:\/\/outdoor-gym.com\/cz\/wp-content\/uploads\/venkovni-posilovny-do-zahrady.jpg\",\"contentUrl\":\"https:\/\/outdoor-gym.com\/cz\/wp-content\/uploads\/venkovni-posilovny-do-zahrady.jpg\",\"width\":2560,\"height\":1704,\"caption\":\"Venkovn\u00ed posilovac\u00ed stroje\"},{\"@type\":\"BreadcrumbList\",\"@id\":\"https:\/\/outdoor-gym.com\/cz\/zakaznici\/venkovni-posilovny-do-zahradu\/#breadcrumb\",\"itemListElement\":[{\"@type\":\"ListItem\",\"position\":1,\"name\":\"cz\",\"item\":\"https:\/\/outdoor-gym.com\/cz\/\"},{\"@type\":\"ListItem\",\"position\":2,\"name\":\"Z\u00c1KAZN\u00cdCI\",\"item\":\"https:\/\/outdoor-gym.com\/cz\/zakaznici\/\"},{\"@type\":\"ListItem\",\"position\":3,\"name\":\"Venkovn\u00ed posilovny do zahrady\"}]},{\"@type\":\"WebSite\",\"@id\":\"https:\/\/outdoor-gym.com\/cz\/#website\",\"url\":\"https:\/\/outdoor-gym.com\/cz\/\",\"name\":\"Trainer\",\"description\":\"Trainer  Venkovn\u00ed posilovna\",\"potentialAction\":[{\"@type\":\"SearchAction\",\"target\":{\"@type\":\"EntryPoint\",\"urlTemplate\":\"https:\/\/outdoor-gym.com\/cz\/?s={search_term_string}\"},\"query-input\":{\"@type\":\"PropertyValueSpecification\",\"valueRequired\":true,\"valueName\":\"search_term_string\"}}],\"inLanguage\":\"pl-PL\"}]}<\/script>\n<!-- \/ Yoast SEO plugin. -->","yoast_head_json":{"title":"Venkovn\u00ed posilovny do zahradu - TRAINER","robots":{"index":"index","follow":"follow","max-snippet":"max-snippet:-1","max-image-preview":"max-image-preview:large","max-video-preview":"max-video-preview:-1"},"canonical":"https:\/\/outdoor-gym.com\/cz\/zakaznici\/venkovni-posilovny-do-zahradu\/","og_locale":"cs_CZ","og_type":"article","og_title":"Venkovn\u00ed posilovny do zahradu - TRAINER","og_description":"Venkovn\u00ed posilovny do zahrady \u2013 ide\u00e1ln\u00ed \u0159e\u0161en\u00ed pro cvi\u010den\u00ed na \u010derstv\u00e9m vzduchu. \u017dijeme ve sv\u011bt\u011b, kde b\u011bhem dne tr\u00e1v\u00edme hodn\u011b \u010dasu v sed\u011b. Pracujeme u po\u010d\u00edta\u010de, d\u011bl\u00e1me dom\u00e1c\u00ed \u00fakoly, sledujeme televizi \u2013 to v\u0161e zp\u016fsobuje, \u017ee na\u0161e t\u011blo vy\u017eaduje pohyb a fyzickou aktivitu. Bohu\u017eel ne v\u017edy m\u00e1me mo\u017enost koupit si permanentku do posilovny a tr\u00e1vit [&hellip;]","og_url":"https:\/\/outdoor-gym.com\/cz\/zakaznici\/venkovni-posilovny-do-zahradu\/","og_site_name":"Trainer","article_modified_time":"2023-05-30T07:46:23+00:00","og_image":[{"url":"https:\/\/outdoor-gym.com\/cz\/wp-content\/uploads\/outdoor-fitness-equipment-for-individual-clients-3.jpg","type":"","width":"","height":""}],"twitter_card":"summary_large_image","twitter_misc":{"Szacowany czas czytania":"1 minuta"},"schema":{"@context":"https:\/\/schema.org","@graph":[{"@type":"WebPage","@id":"https:\/\/outdoor-gym.com\/cz\/zakaznici\/venkovni-posilovny-do-zahradu\/","url":"https:\/\/outdoor-gym.com\/cz\/zakaznici\/venkovni-posilovny-do-zahradu\/","name":"Venkovn\u00ed posilovny do zahradu - TRAINER","isPartOf":{"@id":"https:\/\/outdoor-gym.com\/cz\/#website"},"primaryImageOfPage":{"@id":"https:\/\/outdoor-gym.com\/cz\/zakaznici\/venkovni-posilovny-do-zahradu\/#primaryimage"},"image":{"@id":"https:\/\/outdoor-gym.com\/cz\/zakaznici\/venkovni-posilovny-do-zahradu\/#primaryimage"},"thumbnailUrl":"https:\/\/outdoor-gym.com\/cz\/wp-content\/uploads\/outdoor-fitness-equipment-for-individual-clients-3.jpg","datePublished":"2021-01-12T07:49:16+00:00","dateModified":"2023-05-30T07:46:23+00:00","breadcrumb":{"@id":"https:\/\/outdoor-gym.com\/cz\/zakaznici\/venkovni-posilovny-do-zahradu\/#breadcrumb"},"inLanguage":"pl-PL","potentialAction":[{"@type":"ReadAction","target":["https:\/\/outdoor-gym.com\/cz\/zakaznici\/venkovni-posilovny-do-zahradu\/"]}]},{"@type":"ImageObject","inLanguage":"pl-PL","@id":"https:\/\/outdoor-gym.com\/cz\/zakaznici\/venkovni-posilovny-do-zahradu\/#primaryimage","url":"https:\/\/outdoor-gym.com\/cz\/wp-content\/uploads\/venkovni-posilovny-do-zahrady.jpg","contentUrl":"https:\/\/outdoor-gym.com\/cz\/wp-content\/uploads\/venkovni-posilovny-do-zahrady.jpg","width":2560,"height":1704,"caption":"Venkovn\u00ed posilovac\u00ed stroje"},{"@type":"BreadcrumbList","@id":"https:\/\/outdoor-gym.com\/cz\/zakaznici\/venkovni-posilovny-do-zahradu\/#breadcrumb","itemListElement":[{"@type":"ListItem","position":1,"name":"cz","item":"https:\/\/outdoor-gym.com\/cz\/"},{"@type":"ListItem","position":2,"name":"Z\u00c1KAZN\u00cdCI","item":"https:\/\/outdoor-gym.com\/cz\/zakaznici\/"},{"@type":"ListItem","position":3,"name":"Venkovn\u00ed posilovny do zahrady"}]},{"@type":"WebSite","@id":"https:\/\/outdoor-gym.com\/cz\/#website","url":"https:\/\/outdoor-gym.com\/cz\/","name":"Trainer","description":"Trainer  Venkovn\u00ed posilovna","potentialAction":[{"@type":"SearchAction","target":{"@type":"EntryPoint","urlTemplate":"https:\/\/outdoor-gym.com\/cz\/?s={search_term_string}"},"query-input":{"@type":"PropertyValueSpecification","valueRequired":true,"valueName":"search_term_string"}}],"inLanguage":"pl-PL"}]}},"_links":{"self":[{"href":"https:\/\/outdoor-gym.com\/cz\/wp-json\/wp\/v2\/pages\/965","targetHints":{"allow":["GET"]}}],"collection":[{"href":"https:\/\/outdoor-gym.com\/cz\/wp-json\/wp\/v2\/pages"}],"about":[{"href":"https:\/\/outdoor-gym.com\/cz\/wp-json\/wp\/v2\/types\/page"}],"author":[{"embeddable":true,"href":"https:\/\/outdoor-gym.com\/cz\/wp-json\/wp\/v2\/users\/1"}],"replies":[{"embeddable":true,"href":"https:\/\/outdoor-gym.com\/cz\/wp-json\/wp\/v2\/comments?post=965"}],"version-history":[{"count":28,"href":"https:\/\/outdoor-gym.com\/cz\/wp-json\/wp\/v2\/pages\/965\/revisions"}],"predecessor-version":[{"id":4346,"href":"https:\/\/outdoor-gym.com\/cz\/wp-json\/wp\/v2\/pages\/965\/revisions\/4346"}],"up":[{"embeddable":true,"href":"https:\/\/outdoor-gym.com\/cz\/wp-json\/wp\/v2\/pages\/930"}],"wp:attachment":[{"href":"https:\/\/outdoor-gym.com\/cz\/wp-json\/wp\/v2\/media?parent=965"}],"curies":[{"name":"wp","href":"https:\/\/api.w.org\/{rel}","templated":true}]}}