{"id":1039,"date":"2021-01-12T13:05:33","date_gmt":"2021-01-12T12:05:33","guid":{"rendered":"https:\/\/outdoor-gym.com\/de\/?page_id=1039"},"modified":"2025-03-27T09:29:35","modified_gmt":"2025-03-27T08:29:35","slug":"outdoor-trainingsgerate-kaufen","status":"publish","type":"page","link":"https:\/\/outdoor-gym.com\/de\/produkte\/outdoor-trainingsgerate-kaufen\/","title":{"rendered":"Outdoor Trainingsger\u00e4te kaufen"},"content":{"rendered":"<p><strong>Fit-Serie<\/strong><\/p>\n<p>Das Hauptmerkmal dieser Serie ist ein besonders starkes Pylon \u2013 auf einem solchen Pylon k\u00f6nnen 2 beliebige Einzelprodukte zusammengef\u00fcgt werden. Die Ger\u00e4te der Fitness-Serie sind \u00e4u\u00dferst solide, sicher, bieten einen \u00fcberdurchschnittlichen Korrosionsschutz. Die Hauptstrukturrohre haben einen Durchmesser von 89,9 mm \u2013 90 mm, die Wandst\u00e4rke betr\u00e4gt 2,75 mm. Die Fitness-Serie erf\u00fcllt die europ\u00e4ischen Sicherheitsstandards: EN 16630: 2015. Outdoor-Trainingsger\u00e4te kaufen.<\/p>\n<h4>*Die angegebenen Preise enthalten nicht den Preis f\u00fcr den Pylon.<\/h4>\n","protected":false},"excerpt":{"rendered":"<p>Fit-Serie Das Hauptmerkmal dieser Serie ist ein besonders starkes Pylon \u2013 auf einem solchen Pylon k\u00f6nnen 2 beliebige Einzelprodukte zusammengef\u00fcgt werden. Die Ger\u00e4te der Fitness-Serie sind \u00e4u\u00dferst solide, sicher, bieten einen \u00fcberdurchschnittlichen Korrosionsschutz. Die Hauptstrukturrohre haben einen Durchmesser von 89,9 mm \u2013 90 mm, die Wandst\u00e4rke betr\u00e4gt 2,75 mm. Die Fitness-Serie erf\u00fcllt die europ\u00e4ischen Sicherheitsstandards: [&hellip;]<\/p>\n","protected":false},"author":1,"featured_media":0,"parent":928,"menu_order":0,"comment_status":"closed","ping_status":"closed","template":"template-seria.php","meta":[],"acf":[],"yoast_head":"<!-- This site is optimized with the Yoast SEO plugin v20.6 - https:\/\/yoast.com\/wordpress\/plugins\/seo\/ -->\n<title>Outdoor Trainingsger\u00e4te kaufen - TRAINER Outdoor Gym<\/title>\n<meta name=\"description\" content=\"Outdoor Trainingsger\u00e4te kaufen. Fitnessger\u00e4te, die auf einem Pylon montiert sind. Dadurch ist es m\u00f6glich, einen einzigartigen Fitnesspark zu gestalten. Outdoor-Trainingsger\u00e4te f\u00fcr ein effektives Outdoor-Training\" \/>\n<meta name=\"robots\" content=\"index, follow, max-snippet:-1, max-image-preview:large, max-video-preview:-1\" \/>\n<link rel=\"canonical\" href=\"https:\/\/outdoor-gym.com\/de\/produkte\/outdoor-trainingsgerate-kaufen\/\" \/>\n<meta property=\"og:locale\" content=\"de_DE\" \/>\n<meta property=\"og:type\" content=\"article\" \/>\n<meta property=\"og:title\" content=\"Outdoor Trainingsger\u00e4te kaufen - TRAINER Outdoor Gym\" \/>\n<meta property=\"og:description\" content=\"Outdoor Trainingsger\u00e4te kaufen. Fitnessger\u00e4te, die auf einem Pylon montiert sind. Dadurch ist es m\u00f6glich, einen einzigartigen Fitnesspark zu gestalten. Outdoor-Trainingsger\u00e4te f\u00fcr ein effektives Outdoor-Training\" \/>\n<meta property=\"og:url\" content=\"https:\/\/outdoor-gym.com\/de\/produkte\/outdoor-trainingsgerate-kaufen\/\" \/>\n<meta property=\"og:site_name\" content=\"Trainer\" \/>\n<meta property=\"article:modified_time\" content=\"2025-03-27T08:29:35+00:00\" \/>\n<meta name=\"twitter:card\" content=\"summary_large_image\" \/>\n<meta name=\"twitter:label1\" content=\"Szacowany czas czytania\" \/>\n\t<meta name=\"twitter:data1\" content=\"1 minuta\" \/>\n<script type=\"application\/ld+json\" class=\"yoast-schema-graph\">{\"@context\":\"https:\/\/schema.org\",\"@graph\":[{\"@type\":\"WebPage\",\"@id\":\"https:\/\/outdoor-gym.com\/de\/produkte\/outdoor-trainingsgerate-kaufen\/\",\"url\":\"https:\/\/outdoor-gym.com\/de\/produkte\/outdoor-trainingsgerate-kaufen\/\",\"name\":\"Outdoor Trainingsger\u00e4te kaufen - TRAINER Outdoor Gym\",\"isPartOf\":{\"@id\":\"https:\/\/outdoor-gym.com\/de\/#website\"},\"datePublished\":\"2021-01-12T12:05:33+00:00\",\"dateModified\":\"2025-03-27T08:29:35+00:00\",\"description\":\"Outdoor Trainingsger\u00e4te kaufen. Fitnessger\u00e4te, die auf einem Pylon montiert sind. Dadurch ist es m\u00f6glich, einen einzigartigen Fitnesspark zu gestalten. Outdoor-Trainingsger\u00e4te f\u00fcr ein effektives Outdoor-Training\",\"breadcrumb\":{\"@id\":\"https:\/\/outdoor-gym.com\/de\/produkte\/outdoor-trainingsgerate-kaufen\/#breadcrumb\"},\"inLanguage\":\"pl-PL\",\"potentialAction\":[{\"@type\":\"ReadAction\",\"target\":[\"https:\/\/outdoor-gym.com\/de\/produkte\/outdoor-trainingsgerate-kaufen\/\"]}]},{\"@type\":\"BreadcrumbList\",\"@id\":\"https:\/\/outdoor-gym.com\/de\/produkte\/outdoor-trainingsgerate-kaufen\/#breadcrumb\",\"itemListElement\":[{\"@type\":\"ListItem\",\"position\":1,\"name\":\"de\",\"item\":\"https:\/\/outdoor-gym.com\/de\/\"},{\"@type\":\"ListItem\",\"position\":2,\"name\":\"Produkte\",\"item\":\"https:\/\/outdoor-gym.com\/de\/produkte\/\"},{\"@type\":\"ListItem\",\"position\":3,\"name\":\"Outdoor Trainingsger\u00e4te kaufen\"}]},{\"@type\":\"WebSite\",\"@id\":\"https:\/\/outdoor-gym.com\/de\/#website\",\"url\":\"https:\/\/outdoor-gym.com\/de\/\",\"name\":\"Trainer\",\"description\":\"Trainer\",\"potentialAction\":[{\"@type\":\"SearchAction\",\"target\":{\"@type\":\"EntryPoint\",\"urlTemplate\":\"https:\/\/outdoor-gym.com\/de\/?s={search_term_string}\"},\"query-input\":\"required name=search_term_string\"}],\"inLanguage\":\"pl-PL\"}]}<\/script>\n<!-- \/ Yoast SEO plugin. -->","yoast_head_json":{"title":"Outdoor Trainingsger\u00e4te kaufen - TRAINER Outdoor Gym","description":"Outdoor Trainingsger\u00e4te kaufen. Fitnessger\u00e4te, die auf einem Pylon montiert sind. Dadurch ist es m\u00f6glich, einen einzigartigen Fitnesspark zu gestalten. Outdoor-Trainingsger\u00e4te f\u00fcr ein effektives Outdoor-Training","robots":{"index":"index","follow":"follow","max-snippet":"max-snippet:-1","max-image-preview":"max-image-preview:large","max-video-preview":"max-video-preview:-1"},"canonical":"https:\/\/outdoor-gym.com\/de\/produkte\/outdoor-trainingsgerate-kaufen\/","og_locale":"de_DE","og_type":"article","og_title":"Outdoor Trainingsger\u00e4te kaufen - TRAINER Outdoor Gym","og_description":"Outdoor Trainingsger\u00e4te kaufen. Fitnessger\u00e4te, die auf einem Pylon montiert sind. Dadurch ist es m\u00f6glich, einen einzigartigen Fitnesspark zu gestalten. Outdoor-Trainingsger\u00e4te f\u00fcr ein effektives Outdoor-Training","og_url":"https:\/\/outdoor-gym.com\/de\/produkte\/outdoor-trainingsgerate-kaufen\/","og_site_name":"Trainer","article_modified_time":"2025-03-27T08:29:35+00:00","twitter_card":"summary_large_image","twitter_misc":{"Szacowany czas czytania":"1 minuta"},"schema":{"@context":"https:\/\/schema.org","@graph":[{"@type":"WebPage","@id":"https:\/\/outdoor-gym.com\/de\/produkte\/outdoor-trainingsgerate-kaufen\/","url":"https:\/\/outdoor-gym.com\/de\/produkte\/outdoor-trainingsgerate-kaufen\/","name":"Outdoor Trainingsger\u00e4te kaufen - TRAINER Outdoor Gym","isPartOf":{"@id":"https:\/\/outdoor-gym.com\/de\/#website"},"datePublished":"2021-01-12T12:05:33+00:00","dateModified":"2025-03-27T08:29:35+00:00","description":"Outdoor Trainingsger\u00e4te kaufen. Fitnessger\u00e4te, die auf einem Pylon montiert sind. Dadurch ist es m\u00f6glich, einen einzigartigen Fitnesspark zu gestalten. Outdoor-Trainingsger\u00e4te f\u00fcr ein effektives Outdoor-Training","breadcrumb":{"@id":"https:\/\/outdoor-gym.com\/de\/produkte\/outdoor-trainingsgerate-kaufen\/#breadcrumb"},"inLanguage":"pl-PL","potentialAction":[{"@type":"ReadAction","target":["https:\/\/outdoor-gym.com\/de\/produkte\/outdoor-trainingsgerate-kaufen\/"]}]},{"@type":"BreadcrumbList","@id":"https:\/\/outdoor-gym.com\/de\/produkte\/outdoor-trainingsgerate-kaufen\/#breadcrumb","itemListElement":[{"@type":"ListItem","position":1,"name":"de","item":"https:\/\/outdoor-gym.com\/de\/"},{"@type":"ListItem","position":2,"name":"Produkte","item":"https:\/\/outdoor-gym.com\/de\/produkte\/"},{"@type":"ListItem","position":3,"name":"Outdoor Trainingsger\u00e4te kaufen"}]},{"@type":"WebSite","@id":"https:\/\/outdoor-gym.com\/de\/#website","url":"https:\/\/outdoor-gym.com\/de\/","name":"Trainer","description":"Trainer","potentialAction":[{"@type":"SearchAction","target":{"@type":"EntryPoint","urlTemplate":"https:\/\/outdoor-gym.com\/de\/?s={search_term_string}"},"query-input":"required name=search_term_string"}],"inLanguage":"pl-PL"}]}},"_links":{"self":[{"href":"https:\/\/outdoor-gym.com\/de\/wp-json\/wp\/v2\/pages\/1039"}],"collection":[{"href":"https:\/\/outdoor-gym.com\/de\/wp-json\/wp\/v2\/pages"}],"about":[{"href":"https:\/\/outdoor-gym.com\/de\/wp-json\/wp\/v2\/types\/page"}],"author":[{"embeddable":true,"href":"https:\/\/outdoor-gym.com\/de\/wp-json\/wp\/v2\/users\/1"}],"replies":[{"embeddable":true,"href":"https:\/\/outdoor-gym.com\/de\/wp-json\/wp\/v2\/comments?post=1039"}],"version-history":[{"count":23,"href":"https:\/\/outdoor-gym.com\/de\/wp-json\/wp\/v2\/pages\/1039\/revisions"}],"predecessor-version":[{"id":6145,"href":"https:\/\/outdoor-gym.com\/de\/wp-json\/wp\/v2\/pages\/1039\/revisions\/6145"}],"up":[{"embeddable":true,"href":"https:\/\/outdoor-gym.com\/de\/wp-json\/wp\/v2\/pages\/928"}],"wp:attachment":[{"href":"https:\/\/outdoor-gym.com\/de\/wp-json\/wp\/v2\/media?parent=1039"}],"curies":[{"name":"wp","href":"https:\/\/api.w.org\/{rel}","templated":true}]}}