{"id":1041,"date":"2021-01-12T13:07:00","date_gmt":"2021-01-12T12:07:00","guid":{"rendered":"https:\/\/outdoor-gym.com\/de\/?page_id=1041"},"modified":"2022-08-08T10:13:14","modified_gmt":"2022-08-08T08:13:14","slug":"outdoor-sportgerate-fur-behinderte","status":"publish","type":"page","link":"https:\/\/outdoor-gym.com\/de\/produkte\/outdoor-sportgerate-fur-behinderte\/","title":{"rendered":"Outdoor-Sportger\u00e4te f\u00fcr Behinderte"},"content":{"rendered":"<p>Innovative Ausstattung mit einem Klappsitz, so dass &#8211; je nach Bedarf &#8211; auch behinderte Menschen sie nutzen k\u00f6nnen.<br \/>\nK\u00f6rperliche Aktivit\u00e4t bringt viele Vorteile f\u00fcr jeden, unabh\u00e4ngig von Fitnesslevel, Geschlecht oder Alter. Ausgehend von dieser Annahme haben wir daf\u00fcr gesorgt, dass unser umfangreiches Angebot auch perfekte Fitnessger\u00e4te f\u00fcr Behinderte umfasst.<\/p>\n<p>Unser Angebot umfasst u.a. Liegerad, Deckenlifter, Beinpresse, Tai-Chi-R\u00e4der sowie Armtrainer in vielen verschiedenen Ausf\u00fchrungen. Sie alle erm\u00f6glichen es, spezielle Turnhallen f\u00fcr Behinderte zu schaffen. Unsere Trainingsger\u00e4te sind sowohl in Pylon- als auch in Mastausf\u00fchrung erh\u00e4ltlich.<br \/>\nDie von uns zur Verf\u00fcgung gestellten Ger\u00e4te wurden unter Verwendung von Materialien hergestellt, die langlebig und resistent gegen \u00e4u\u00dfere Einfl\u00fcsse sind. Au\u00dferdem sind die Ger\u00e4te ordnungsgem\u00e4\u00df gegen Besch\u00e4digung und Vandalismus gesch\u00fctzt.<\/p>\n<p>Wir bieten Trainingsger\u00e4te f\u00fcr Behinderte im Rollstuhl an, mit denen Sie verschiedene K\u00f6rperteile st\u00e4rken k\u00f6nnen und die sich positiv auf die k\u00f6rperliche Fitness auswirken. Unser Angebot f\u00fcr Fitnessstudios umfasst Ger\u00e4te, mit denen Sie Arme, Beine, Brustmuskeln, R\u00fccken und viele andere st\u00e4rken k\u00f6nnen. Zus\u00e4tzlich verbessern unsere Trainingsger\u00e4te f\u00fcr Behinderte die kardio-respiratorische Fitness.<br \/>\nEin unbestreitbarer Vorteil unserer Trainingsger\u00e4te ist ihre einfache Handhabung. Zu jedem Ger\u00e4t gibt es eine ausf\u00fchrliche Bedienungsanleitung, die den richtigen Umgang mit dem Ger\u00e4t veranschaulicht. Heutzutage sollte zweifelsohne jedes Fitnessstudio \u00fcber entsprechende Ger\u00e4te f\u00fcr Menschen im Rollstuhl verf\u00fcgen.<\/p>\n","protected":false},"excerpt":{"rendered":"<p>Innovative Ausstattung mit einem Klappsitz, so dass &#8211; je nach Bedarf &#8211; auch behinderte Menschen sie nutzen k\u00f6nnen. K\u00f6rperliche Aktivit\u00e4t bringt viele Vorteile f\u00fcr jeden, unabh\u00e4ngig von Fitnesslevel, Geschlecht oder Alter. Ausgehend von dieser Annahme haben wir daf\u00fcr gesorgt, dass unser umfangreiches Angebot auch perfekte Fitnessger\u00e4te f\u00fcr Behinderte umfasst. Unser Angebot umfasst u.a. Liegerad, Deckenlifter, [&hellip;]<\/p>\n","protected":false},"author":1,"featured_media":0,"parent":928,"menu_order":0,"comment_status":"closed","ping_status":"closed","template":"template-seria.php","meta":[],"acf":[],"yoast_head":"<!-- This site is optimized with the Yoast SEO plugin v20.6 - https:\/\/yoast.com\/wordpress\/plugins\/seo\/ -->\n<title>Outdoor-Sportger\u00e4te f\u00fcr Behinderte - TRAINER<\/title>\n<meta name=\"robots\" content=\"index, follow, max-snippet:-1, max-image-preview:large, max-video-preview:-1\" \/>\n<link rel=\"canonical\" href=\"https:\/\/outdoor-gym.com\/de\/produkte\/outdoor-sportgerate-fur-behinderte\/\" \/>\n<meta property=\"og:locale\" content=\"de_DE\" \/>\n<meta property=\"og:type\" content=\"article\" \/>\n<meta property=\"og:title\" content=\"Outdoor-Sportger\u00e4te f\u00fcr Behinderte - TRAINER\" \/>\n<meta property=\"og:description\" content=\"Innovative Ausstattung mit einem Klappsitz, so dass &#8211; je nach Bedarf &#8211; auch behinderte Menschen sie nutzen k\u00f6nnen. K\u00f6rperliche Aktivit\u00e4t bringt viele Vorteile f\u00fcr jeden, unabh\u00e4ngig von Fitnesslevel, Geschlecht oder Alter. Ausgehend von dieser Annahme haben wir daf\u00fcr gesorgt, dass unser umfangreiches Angebot auch perfekte Fitnessger\u00e4te f\u00fcr Behinderte umfasst. Unser Angebot umfasst u.a. Liegerad, Deckenlifter, [&hellip;]\" \/>\n<meta property=\"og:url\" content=\"https:\/\/outdoor-gym.com\/de\/produkte\/outdoor-sportgerate-fur-behinderte\/\" \/>\n<meta property=\"og:site_name\" content=\"Trainer\" \/>\n<meta property=\"article:modified_time\" content=\"2022-08-08T08:13:14+00:00\" \/>\n<meta name=\"twitter:card\" content=\"summary_large_image\" \/>\n<meta name=\"twitter:label1\" content=\"Szacowany czas czytania\" \/>\n\t<meta name=\"twitter:data1\" content=\"1 minuta\" \/>\n<script type=\"application\/ld+json\" class=\"yoast-schema-graph\">{\"@context\":\"https:\/\/schema.org\",\"@graph\":[{\"@type\":\"WebPage\",\"@id\":\"https:\/\/outdoor-gym.com\/de\/produkte\/outdoor-sportgerate-fur-behinderte\/\",\"url\":\"https:\/\/outdoor-gym.com\/de\/produkte\/outdoor-sportgerate-fur-behinderte\/\",\"name\":\"Outdoor-Sportger\u00e4te f\u00fcr Behinderte - TRAINER\",\"isPartOf\":{\"@id\":\"https:\/\/outdoor-gym.com\/de\/#website\"},\"datePublished\":\"2021-01-12T12:07:00+00:00\",\"dateModified\":\"2022-08-08T08:13:14+00:00\",\"breadcrumb\":{\"@id\":\"https:\/\/outdoor-gym.com\/de\/produkte\/outdoor-sportgerate-fur-behinderte\/#breadcrumb\"},\"inLanguage\":\"pl-PL\",\"potentialAction\":[{\"@type\":\"ReadAction\",\"target\":[\"https:\/\/outdoor-gym.com\/de\/produkte\/outdoor-sportgerate-fur-behinderte\/\"]}]},{\"@type\":\"BreadcrumbList\",\"@id\":\"https:\/\/outdoor-gym.com\/de\/produkte\/outdoor-sportgerate-fur-behinderte\/#breadcrumb\",\"itemListElement\":[{\"@type\":\"ListItem\",\"position\":1,\"name\":\"de\",\"item\":\"https:\/\/outdoor-gym.com\/de\/\"},{\"@type\":\"ListItem\",\"position\":2,\"name\":\"Produkte\",\"item\":\"https:\/\/outdoor-gym.com\/de\/produkte\/\"},{\"@type\":\"ListItem\",\"position\":3,\"name\":\"Outdoor-Sportger\u00e4te f\u00fcr Behinderte\"}]},{\"@type\":\"WebSite\",\"@id\":\"https:\/\/outdoor-gym.com\/de\/#website\",\"url\":\"https:\/\/outdoor-gym.com\/de\/\",\"name\":\"Trainer\",\"description\":\"Trainer\",\"potentialAction\":[{\"@type\":\"SearchAction\",\"target\":{\"@type\":\"EntryPoint\",\"urlTemplate\":\"https:\/\/outdoor-gym.com\/de\/?s={search_term_string}\"},\"query-input\":\"required name=search_term_string\"}],\"inLanguage\":\"pl-PL\"}]}<\/script>\n<!-- \/ Yoast SEO plugin. -->","yoast_head_json":{"title":"Outdoor-Sportger\u00e4te f\u00fcr Behinderte - TRAINER","robots":{"index":"index","follow":"follow","max-snippet":"max-snippet:-1","max-image-preview":"max-image-preview:large","max-video-preview":"max-video-preview:-1"},"canonical":"https:\/\/outdoor-gym.com\/de\/produkte\/outdoor-sportgerate-fur-behinderte\/","og_locale":"de_DE","og_type":"article","og_title":"Outdoor-Sportger\u00e4te f\u00fcr Behinderte - TRAINER","og_description":"Innovative Ausstattung mit einem Klappsitz, so dass &#8211; je nach Bedarf &#8211; auch behinderte Menschen sie nutzen k\u00f6nnen. K\u00f6rperliche Aktivit\u00e4t bringt viele Vorteile f\u00fcr jeden, unabh\u00e4ngig von Fitnesslevel, Geschlecht oder Alter. Ausgehend von dieser Annahme haben wir daf\u00fcr gesorgt, dass unser umfangreiches Angebot auch perfekte Fitnessger\u00e4te f\u00fcr Behinderte umfasst. Unser Angebot umfasst u.a. Liegerad, Deckenlifter, [&hellip;]","og_url":"https:\/\/outdoor-gym.com\/de\/produkte\/outdoor-sportgerate-fur-behinderte\/","og_site_name":"Trainer","article_modified_time":"2022-08-08T08:13:14+00:00","twitter_card":"summary_large_image","twitter_misc":{"Szacowany czas czytania":"1 minuta"},"schema":{"@context":"https:\/\/schema.org","@graph":[{"@type":"WebPage","@id":"https:\/\/outdoor-gym.com\/de\/produkte\/outdoor-sportgerate-fur-behinderte\/","url":"https:\/\/outdoor-gym.com\/de\/produkte\/outdoor-sportgerate-fur-behinderte\/","name":"Outdoor-Sportger\u00e4te f\u00fcr Behinderte - TRAINER","isPartOf":{"@id":"https:\/\/outdoor-gym.com\/de\/#website"},"datePublished":"2021-01-12T12:07:00+00:00","dateModified":"2022-08-08T08:13:14+00:00","breadcrumb":{"@id":"https:\/\/outdoor-gym.com\/de\/produkte\/outdoor-sportgerate-fur-behinderte\/#breadcrumb"},"inLanguage":"pl-PL","potentialAction":[{"@type":"ReadAction","target":["https:\/\/outdoor-gym.com\/de\/produkte\/outdoor-sportgerate-fur-behinderte\/"]}]},{"@type":"BreadcrumbList","@id":"https:\/\/outdoor-gym.com\/de\/produkte\/outdoor-sportgerate-fur-behinderte\/#breadcrumb","itemListElement":[{"@type":"ListItem","position":1,"name":"de","item":"https:\/\/outdoor-gym.com\/de\/"},{"@type":"ListItem","position":2,"name":"Produkte","item":"https:\/\/outdoor-gym.com\/de\/produkte\/"},{"@type":"ListItem","position":3,"name":"Outdoor-Sportger\u00e4te f\u00fcr Behinderte"}]},{"@type":"WebSite","@id":"https:\/\/outdoor-gym.com\/de\/#website","url":"https:\/\/outdoor-gym.com\/de\/","name":"Trainer","description":"Trainer","potentialAction":[{"@type":"SearchAction","target":{"@type":"EntryPoint","urlTemplate":"https:\/\/outdoor-gym.com\/de\/?s={search_term_string}"},"query-input":"required name=search_term_string"}],"inLanguage":"pl-PL"}]}},"_links":{"self":[{"href":"https:\/\/outdoor-gym.com\/de\/wp-json\/wp\/v2\/pages\/1041"}],"collection":[{"href":"https:\/\/outdoor-gym.com\/de\/wp-json\/wp\/v2\/pages"}],"about":[{"href":"https:\/\/outdoor-gym.com\/de\/wp-json\/wp\/v2\/types\/page"}],"author":[{"embeddable":true,"href":"https:\/\/outdoor-gym.com\/de\/wp-json\/wp\/v2\/users\/1"}],"replies":[{"embeddable":true,"href":"https:\/\/outdoor-gym.com\/de\/wp-json\/wp\/v2\/comments?post=1041"}],"version-history":[{"count":14,"href":"https:\/\/outdoor-gym.com\/de\/wp-json\/wp\/v2\/pages\/1041\/revisions"}],"predecessor-version":[{"id":4061,"href":"https:\/\/outdoor-gym.com\/de\/wp-json\/wp\/v2\/pages\/1041\/revisions\/4061"}],"up":[{"embeddable":true,"href":"https:\/\/outdoor-gym.com\/de\/wp-json\/wp\/v2\/pages\/928"}],"wp:attachment":[{"href":"https:\/\/outdoor-gym.com\/de\/wp-json\/wp\/v2\/media?parent=1041"}],"curies":[{"name":"wp","href":"https:\/\/api.w.org\/{rel}","templated":true}]}}