{"id":1043,"date":"2021-01-12T13:07:39","date_gmt":"2021-01-12T12:07:39","guid":{"rendered":"https:\/\/outdoor-gym.com\/de\/?page_id=1043"},"modified":"2025-11-12T11:31:58","modified_gmt":"2025-11-12T10:31:58","slug":"calisthenics-geraete","status":"publish","type":"page","link":"https:\/\/outdoor-gym.com\/de\/produkte\/calisthenics-geraete\/","title":{"rendered":"Calisthenics Ger\u00e4te"},"content":{"rendered":"<p>Beim Calisthenics-Krafttraining werden st\u00e4dtische Bauelemente genutzt: B\u00e4nke, Gel\u00e4nder, W\u00e4nde usw. Unsere Ger\u00e4te wurden speziell f\u00fcr diejenigen entwickelt, die Calisthenics im Freien praktizieren. In unserem Sortiment finden Sie robuste und funktionelle Leitern, Stangen, Handl\u00e4ufe, Griffe, R\u00e4der, B\u00e4nke und vieles mehr. TRAINER Calisthenics bietet praktische L\u00f6sungen f\u00fcr das Training im Freien, im Park und im Garten mit dem eigenen K\u00f6rpergewicht.<\/p>\n","protected":false},"excerpt":{"rendered":"<p>Beim Calisthenics-Krafttraining werden st\u00e4dtische Bauelemente genutzt: B\u00e4nke, Gel\u00e4nder, W\u00e4nde usw. Unsere Ger\u00e4te wurden speziell f\u00fcr diejenigen entwickelt, die Calisthenics im Freien praktizieren. In unserem Sortiment finden Sie robuste und funktionelle Leitern, Stangen, Handl\u00e4ufe, Griffe, R\u00e4der, B\u00e4nke und vieles mehr. TRAINER Calisthenics bietet praktische L\u00f6sungen f\u00fcr das Training im Freien, im Park und im Garten mit [&hellip;]<\/p>\n","protected":false},"author":1,"featured_media":0,"parent":928,"menu_order":0,"comment_status":"closed","ping_status":"closed","template":"template-seria.php","meta":[],"acf":[],"yoast_head":"<!-- This site is optimized with the Yoast SEO plugin v20.6 - https:\/\/yoast.com\/wordpress\/plugins\/seo\/ -->\n<title>Calisthenics Ger\u00e4te f\u00fcr Fitness Park kaufen &gt; Outdoor Gym<\/title>\n<meta name=\"description\" content=\"Calisthenics Ger\u00e4te f\u00fcr das Training im Freien im Park. Anlagen f\u00fcr \u00dcbungen wie Klimmz\u00fcge, Dips, Liegest\u00fctze (Push-Ups), Kniebeugen, Beinheben. Calisthenics Ger\u00e4te f\u00fcr das Muskeltraining: Stangen, Leitern, Handl\u00e4ufe, Griffe und B\u00e4nke. Die besten Preise direkt vom Hersteller Trainer Outdoor Gym.\" \/>\n<meta name=\"robots\" content=\"index, follow, max-snippet:-1, max-image-preview:large, max-video-preview:-1\" \/>\n<link rel=\"canonical\" href=\"https:\/\/outdoor-gym.com\/de\/produkte\/calisthenics-geraete\/\" \/>\n<meta property=\"og:locale\" content=\"de_DE\" \/>\n<meta property=\"og:type\" content=\"article\" \/>\n<meta property=\"og:title\" content=\"Calisthenics Ger\u00e4te f\u00fcr Fitness Park kaufen &gt; Outdoor Gym\" \/>\n<meta property=\"og:description\" content=\"Calisthenics Ger\u00e4te f\u00fcr das Training im Freien im Park. Anlagen f\u00fcr \u00dcbungen wie Klimmz\u00fcge, Dips, Liegest\u00fctze (Push-Ups), Kniebeugen, Beinheben. Calisthenics Ger\u00e4te f\u00fcr das Muskeltraining: Stangen, Leitern, Handl\u00e4ufe, Griffe und B\u00e4nke. Die besten Preise direkt vom Hersteller Trainer Outdoor Gym.\" \/>\n<meta property=\"og:url\" content=\"https:\/\/outdoor-gym.com\/de\/produkte\/calisthenics-geraete\/\" \/>\n<meta property=\"og:site_name\" content=\"Trainer\" \/>\n<meta property=\"article:modified_time\" content=\"2025-11-12T10:31:58+00:00\" \/>\n<meta name=\"twitter:card\" content=\"summary_large_image\" \/>\n<meta name=\"twitter:label1\" content=\"Szacowany czas czytania\" \/>\n\t<meta name=\"twitter:data1\" content=\"1 minuta\" \/>\n<script type=\"application\/ld+json\" class=\"yoast-schema-graph\">{\"@context\":\"https:\/\/schema.org\",\"@graph\":[{\"@type\":\"WebPage\",\"@id\":\"https:\/\/outdoor-gym.com\/de\/produkte\/calisthenics-geraete\/\",\"url\":\"https:\/\/outdoor-gym.com\/de\/produkte\/calisthenics-geraete\/\",\"name\":\"Calisthenics Ger\u00e4te f\u00fcr Fitness Park kaufen > Outdoor Gym\",\"isPartOf\":{\"@id\":\"https:\/\/outdoor-gym.com\/de\/#website\"},\"datePublished\":\"2021-01-12T12:07:39+00:00\",\"dateModified\":\"2025-11-12T10:31:58+00:00\",\"description\":\"Calisthenics Ger\u00e4te f\u00fcr das Training im Freien im Park. Anlagen f\u00fcr \u00dcbungen wie Klimmz\u00fcge, Dips, Liegest\u00fctze (Push-Ups), Kniebeugen, Beinheben. Calisthenics Ger\u00e4te f\u00fcr das Muskeltraining: Stangen, Leitern, Handl\u00e4ufe, Griffe und B\u00e4nke. Die besten Preise direkt vom Hersteller Trainer Outdoor Gym.\",\"breadcrumb\":{\"@id\":\"https:\/\/outdoor-gym.com\/de\/produkte\/calisthenics-geraete\/#breadcrumb\"},\"inLanguage\":\"pl-PL\",\"potentialAction\":[{\"@type\":\"ReadAction\",\"target\":[\"https:\/\/outdoor-gym.com\/de\/produkte\/calisthenics-geraete\/\"]}]},{\"@type\":\"BreadcrumbList\",\"@id\":\"https:\/\/outdoor-gym.com\/de\/produkte\/calisthenics-geraete\/#breadcrumb\",\"itemListElement\":[{\"@type\":\"ListItem\",\"position\":1,\"name\":\"de\",\"item\":\"https:\/\/outdoor-gym.com\/de\/\"},{\"@type\":\"ListItem\",\"position\":2,\"name\":\"Produkte\",\"item\":\"https:\/\/outdoor-gym.com\/de\/produkte\/\"},{\"@type\":\"ListItem\",\"position\":3,\"name\":\"Calisthenics Ger\u00e4te\"}]},{\"@type\":\"WebSite\",\"@id\":\"https:\/\/outdoor-gym.com\/de\/#website\",\"url\":\"https:\/\/outdoor-gym.com\/de\/\",\"name\":\"Trainer\",\"description\":\"Trainer\",\"potentialAction\":[{\"@type\":\"SearchAction\",\"target\":{\"@type\":\"EntryPoint\",\"urlTemplate\":\"https:\/\/outdoor-gym.com\/de\/?s={search_term_string}\"},\"query-input\":\"required name=search_term_string\"}],\"inLanguage\":\"pl-PL\"}]}<\/script>\n<!-- \/ Yoast SEO plugin. -->","yoast_head_json":{"title":"Calisthenics Ger\u00e4te f\u00fcr Fitness Park kaufen > Outdoor Gym","description":"Calisthenics Ger\u00e4te f\u00fcr das Training im Freien im Park. Anlagen f\u00fcr \u00dcbungen wie Klimmz\u00fcge, Dips, Liegest\u00fctze (Push-Ups), Kniebeugen, Beinheben. Calisthenics Ger\u00e4te f\u00fcr das Muskeltraining: Stangen, Leitern, Handl\u00e4ufe, Griffe und B\u00e4nke. Die besten Preise direkt vom Hersteller Trainer Outdoor Gym.","robots":{"index":"index","follow":"follow","max-snippet":"max-snippet:-1","max-image-preview":"max-image-preview:large","max-video-preview":"max-video-preview:-1"},"canonical":"https:\/\/outdoor-gym.com\/de\/produkte\/calisthenics-geraete\/","og_locale":"de_DE","og_type":"article","og_title":"Calisthenics Ger\u00e4te f\u00fcr Fitness Park kaufen > Outdoor Gym","og_description":"Calisthenics Ger\u00e4te f\u00fcr das Training im Freien im Park. Anlagen f\u00fcr \u00dcbungen wie Klimmz\u00fcge, Dips, Liegest\u00fctze (Push-Ups), Kniebeugen, Beinheben. Calisthenics Ger\u00e4te f\u00fcr das Muskeltraining: Stangen, Leitern, Handl\u00e4ufe, Griffe und B\u00e4nke. Die besten Preise direkt vom Hersteller Trainer Outdoor Gym.","og_url":"https:\/\/outdoor-gym.com\/de\/produkte\/calisthenics-geraete\/","og_site_name":"Trainer","article_modified_time":"2025-11-12T10:31:58+00:00","twitter_card":"summary_large_image","twitter_misc":{"Szacowany czas czytania":"1 minuta"},"schema":{"@context":"https:\/\/schema.org","@graph":[{"@type":"WebPage","@id":"https:\/\/outdoor-gym.com\/de\/produkte\/calisthenics-geraete\/","url":"https:\/\/outdoor-gym.com\/de\/produkte\/calisthenics-geraete\/","name":"Calisthenics Ger\u00e4te f\u00fcr Fitness Park kaufen > Outdoor Gym","isPartOf":{"@id":"https:\/\/outdoor-gym.com\/de\/#website"},"datePublished":"2021-01-12T12:07:39+00:00","dateModified":"2025-11-12T10:31:58+00:00","description":"Calisthenics Ger\u00e4te f\u00fcr das Training im Freien im Park. Anlagen f\u00fcr \u00dcbungen wie Klimmz\u00fcge, Dips, Liegest\u00fctze (Push-Ups), Kniebeugen, Beinheben. Calisthenics Ger\u00e4te f\u00fcr das Muskeltraining: Stangen, Leitern, Handl\u00e4ufe, Griffe und B\u00e4nke. Die besten Preise direkt vom Hersteller Trainer Outdoor Gym.","breadcrumb":{"@id":"https:\/\/outdoor-gym.com\/de\/produkte\/calisthenics-geraete\/#breadcrumb"},"inLanguage":"pl-PL","potentialAction":[{"@type":"ReadAction","target":["https:\/\/outdoor-gym.com\/de\/produkte\/calisthenics-geraete\/"]}]},{"@type":"BreadcrumbList","@id":"https:\/\/outdoor-gym.com\/de\/produkte\/calisthenics-geraete\/#breadcrumb","itemListElement":[{"@type":"ListItem","position":1,"name":"de","item":"https:\/\/outdoor-gym.com\/de\/"},{"@type":"ListItem","position":2,"name":"Produkte","item":"https:\/\/outdoor-gym.com\/de\/produkte\/"},{"@type":"ListItem","position":3,"name":"Calisthenics Ger\u00e4te"}]},{"@type":"WebSite","@id":"https:\/\/outdoor-gym.com\/de\/#website","url":"https:\/\/outdoor-gym.com\/de\/","name":"Trainer","description":"Trainer","potentialAction":[{"@type":"SearchAction","target":{"@type":"EntryPoint","urlTemplate":"https:\/\/outdoor-gym.com\/de\/?s={search_term_string}"},"query-input":"required name=search_term_string"}],"inLanguage":"pl-PL"}]}},"_links":{"self":[{"href":"https:\/\/outdoor-gym.com\/de\/wp-json\/wp\/v2\/pages\/1043"}],"collection":[{"href":"https:\/\/outdoor-gym.com\/de\/wp-json\/wp\/v2\/pages"}],"about":[{"href":"https:\/\/outdoor-gym.com\/de\/wp-json\/wp\/v2\/types\/page"}],"author":[{"embeddable":true,"href":"https:\/\/outdoor-gym.com\/de\/wp-json\/wp\/v2\/users\/1"}],"replies":[{"embeddable":true,"href":"https:\/\/outdoor-gym.com\/de\/wp-json\/wp\/v2\/comments?post=1043"}],"version-history":[{"count":76,"href":"https:\/\/outdoor-gym.com\/de\/wp-json\/wp\/v2\/pages\/1043\/revisions"}],"predecessor-version":[{"id":6525,"href":"https:\/\/outdoor-gym.com\/de\/wp-json\/wp\/v2\/pages\/1043\/revisions\/6525"}],"up":[{"embeddable":true,"href":"https:\/\/outdoor-gym.com\/de\/wp-json\/wp\/v2\/pages\/928"}],"wp:attachment":[{"href":"https:\/\/outdoor-gym.com\/de\/wp-json\/wp\/v2\/media?parent=1043"}],"curies":[{"name":"wp","href":"https:\/\/api.w.org\/{rel}","templated":true}]}}