{"id":1045,"date":"2021-01-12T13:08:31","date_gmt":"2021-01-12T12:08:31","guid":{"rendered":"https:\/\/outdoor-gym.com\/de\/?page_id=1045"},"modified":"2023-09-29T09:39:51","modified_gmt":"2023-09-29T07:39:51","slug":"outdoor-gym-gerate","status":"publish","type":"page","link":"https:\/\/outdoor-gym.com\/de\/produkte\/outdoor-gym-gerate\/","title":{"rendered":"Outdoor Gym Ger\u00e4te &#8211; Steel4Fit"},"content":{"rendered":"<p>Steel4fit-Fitnessger\u00e4te f\u00fcr den Au\u00dfenbereich werden aus bestem Stahl hergestellt und sind durch Feuerverzinkung bestens gegen Korrosion gesch\u00fctzt. Das gesamte Ger\u00e4t (einschlie\u00dflich der Schwei\u00dfn\u00e4hte) ist in hei\u00dfes Zink getaucht worden. Das Ergebnis eines solchen Bades ist die Bildung einer dicken Zinkschicht sowohl au\u00dferhalb als auch innerhalb des Ger\u00e4ts. All dies macht die Steel4fit-Fitnessger\u00e4te zu den wetter best\u00e4ndigsten Ger\u00e4ten. Wir gew\u00e4hren eine 20-j\u00e4hrige Garantie auf Steel4Fit-Ger\u00e4te.<\/p>\n","protected":false},"excerpt":{"rendered":"<p>Steel4fit-Fitnessger\u00e4te f\u00fcr den Au\u00dfenbereich werden aus bestem Stahl hergestellt und sind durch Feuerverzinkung bestens gegen Korrosion gesch\u00fctzt. Das gesamte Ger\u00e4t (einschlie\u00dflich der Schwei\u00dfn\u00e4hte) ist in hei\u00dfes Zink getaucht worden. Das Ergebnis eines solchen Bades ist die Bildung einer dicken Zinkschicht sowohl au\u00dferhalb als auch innerhalb des Ger\u00e4ts. All dies macht die Steel4fit-Fitnessger\u00e4te zu den wetter [&hellip;]<\/p>\n","protected":false},"author":1,"featured_media":0,"parent":928,"menu_order":0,"comment_status":"closed","ping_status":"closed","template":"template-seria.php","meta":[],"acf":[],"yoast_head":"<!-- This site is optimized with the Yoast SEO plugin v20.6 - https:\/\/yoast.com\/wordpress\/plugins\/seo\/ -->\n<title>Outdoor Gym Ger\u00e4te - Steel4Fit - Trainer<\/title>\n<meta name=\"description\" content=\"Outdoor Gym Ger\u00e4te Steel4Fit. Fitnessger\u00e4te f\u00fcr den Au\u00dfenbereich sind die st\u00e4rksten und haltbarsten Ger\u00e4te.\" \/>\n<meta name=\"robots\" content=\"index, follow, max-snippet:-1, max-image-preview:large, max-video-preview:-1\" \/>\n<link rel=\"canonical\" href=\"https:\/\/outdoor-gym.com\/de\/produkte\/outdoor-gym-gerate\/\" \/>\n<meta property=\"og:locale\" content=\"de_DE\" \/>\n<meta property=\"og:type\" content=\"article\" \/>\n<meta property=\"og:title\" content=\"Outdoor Gym Ger\u00e4te - Steel4Fit - Trainer\" \/>\n<meta property=\"og:description\" content=\"Outdoor Gym Ger\u00e4te Steel4Fit. Fitnessger\u00e4te f\u00fcr den Au\u00dfenbereich sind die st\u00e4rksten und haltbarsten Ger\u00e4te.\" \/>\n<meta property=\"og:url\" content=\"https:\/\/outdoor-gym.com\/de\/produkte\/outdoor-gym-gerate\/\" \/>\n<meta property=\"og:site_name\" content=\"Trainer\" \/>\n<meta property=\"article:modified_time\" content=\"2023-09-29T07:39:51+00:00\" \/>\n<meta name=\"twitter:card\" content=\"summary_large_image\" \/>\n<meta name=\"twitter:label1\" content=\"Szacowany czas czytania\" \/>\n\t<meta name=\"twitter:data1\" content=\"1 minuta\" \/>\n<script type=\"application\/ld+json\" class=\"yoast-schema-graph\">{\"@context\":\"https:\/\/schema.org\",\"@graph\":[{\"@type\":\"WebPage\",\"@id\":\"https:\/\/outdoor-gym.com\/de\/produkte\/outdoor-gym-gerate\/\",\"url\":\"https:\/\/outdoor-gym.com\/de\/produkte\/outdoor-gym-gerate\/\",\"name\":\"Outdoor Gym Ger\u00e4te - Steel4Fit - Trainer\",\"isPartOf\":{\"@id\":\"https:\/\/outdoor-gym.com\/de\/#website\"},\"datePublished\":\"2021-01-12T12:08:31+00:00\",\"dateModified\":\"2023-09-29T07:39:51+00:00\",\"description\":\"Outdoor Gym Ger\u00e4te Steel4Fit. Fitnessger\u00e4te f\u00fcr den Au\u00dfenbereich sind die st\u00e4rksten und haltbarsten Ger\u00e4te.\",\"breadcrumb\":{\"@id\":\"https:\/\/outdoor-gym.com\/de\/produkte\/outdoor-gym-gerate\/#breadcrumb\"},\"inLanguage\":\"pl-PL\",\"potentialAction\":[{\"@type\":\"ReadAction\",\"target\":[\"https:\/\/outdoor-gym.com\/de\/produkte\/outdoor-gym-gerate\/\"]}]},{\"@type\":\"BreadcrumbList\",\"@id\":\"https:\/\/outdoor-gym.com\/de\/produkte\/outdoor-gym-gerate\/#breadcrumb\",\"itemListElement\":[{\"@type\":\"ListItem\",\"position\":1,\"name\":\"de\",\"item\":\"https:\/\/outdoor-gym.com\/de\/\"},{\"@type\":\"ListItem\",\"position\":2,\"name\":\"Produkte\",\"item\":\"https:\/\/outdoor-gym.com\/de\/produkte\/\"},{\"@type\":\"ListItem\",\"position\":3,\"name\":\"Outdoor Gym Ger\u00e4te &#8211; Steel4Fit\"}]},{\"@type\":\"WebSite\",\"@id\":\"https:\/\/outdoor-gym.com\/de\/#website\",\"url\":\"https:\/\/outdoor-gym.com\/de\/\",\"name\":\"Trainer\",\"description\":\"Trainer\",\"potentialAction\":[{\"@type\":\"SearchAction\",\"target\":{\"@type\":\"EntryPoint\",\"urlTemplate\":\"https:\/\/outdoor-gym.com\/de\/?s={search_term_string}\"},\"query-input\":\"required name=search_term_string\"}],\"inLanguage\":\"pl-PL\"}]}<\/script>\n<!-- \/ Yoast SEO plugin. -->","yoast_head_json":{"title":"Outdoor Gym Ger\u00e4te - Steel4Fit - Trainer","description":"Outdoor Gym Ger\u00e4te Steel4Fit. Fitnessger\u00e4te f\u00fcr den Au\u00dfenbereich sind die st\u00e4rksten und haltbarsten Ger\u00e4te.","robots":{"index":"index","follow":"follow","max-snippet":"max-snippet:-1","max-image-preview":"max-image-preview:large","max-video-preview":"max-video-preview:-1"},"canonical":"https:\/\/outdoor-gym.com\/de\/produkte\/outdoor-gym-gerate\/","og_locale":"de_DE","og_type":"article","og_title":"Outdoor Gym Ger\u00e4te - Steel4Fit - Trainer","og_description":"Outdoor Gym Ger\u00e4te Steel4Fit. Fitnessger\u00e4te f\u00fcr den Au\u00dfenbereich sind die st\u00e4rksten und haltbarsten Ger\u00e4te.","og_url":"https:\/\/outdoor-gym.com\/de\/produkte\/outdoor-gym-gerate\/","og_site_name":"Trainer","article_modified_time":"2023-09-29T07:39:51+00:00","twitter_card":"summary_large_image","twitter_misc":{"Szacowany czas czytania":"1 minuta"},"schema":{"@context":"https:\/\/schema.org","@graph":[{"@type":"WebPage","@id":"https:\/\/outdoor-gym.com\/de\/produkte\/outdoor-gym-gerate\/","url":"https:\/\/outdoor-gym.com\/de\/produkte\/outdoor-gym-gerate\/","name":"Outdoor Gym Ger\u00e4te - Steel4Fit - Trainer","isPartOf":{"@id":"https:\/\/outdoor-gym.com\/de\/#website"},"datePublished":"2021-01-12T12:08:31+00:00","dateModified":"2023-09-29T07:39:51+00:00","description":"Outdoor Gym Ger\u00e4te Steel4Fit. Fitnessger\u00e4te f\u00fcr den Au\u00dfenbereich sind die st\u00e4rksten und haltbarsten Ger\u00e4te.","breadcrumb":{"@id":"https:\/\/outdoor-gym.com\/de\/produkte\/outdoor-gym-gerate\/#breadcrumb"},"inLanguage":"pl-PL","potentialAction":[{"@type":"ReadAction","target":["https:\/\/outdoor-gym.com\/de\/produkte\/outdoor-gym-gerate\/"]}]},{"@type":"BreadcrumbList","@id":"https:\/\/outdoor-gym.com\/de\/produkte\/outdoor-gym-gerate\/#breadcrumb","itemListElement":[{"@type":"ListItem","position":1,"name":"de","item":"https:\/\/outdoor-gym.com\/de\/"},{"@type":"ListItem","position":2,"name":"Produkte","item":"https:\/\/outdoor-gym.com\/de\/produkte\/"},{"@type":"ListItem","position":3,"name":"Outdoor Gym Ger\u00e4te &#8211; Steel4Fit"}]},{"@type":"WebSite","@id":"https:\/\/outdoor-gym.com\/de\/#website","url":"https:\/\/outdoor-gym.com\/de\/","name":"Trainer","description":"Trainer","potentialAction":[{"@type":"SearchAction","target":{"@type":"EntryPoint","urlTemplate":"https:\/\/outdoor-gym.com\/de\/?s={search_term_string}"},"query-input":"required name=search_term_string"}],"inLanguage":"pl-PL"}]}},"_links":{"self":[{"href":"https:\/\/outdoor-gym.com\/de\/wp-json\/wp\/v2\/pages\/1045"}],"collection":[{"href":"https:\/\/outdoor-gym.com\/de\/wp-json\/wp\/v2\/pages"}],"about":[{"href":"https:\/\/outdoor-gym.com\/de\/wp-json\/wp\/v2\/types\/page"}],"author":[{"embeddable":true,"href":"https:\/\/outdoor-gym.com\/de\/wp-json\/wp\/v2\/users\/1"}],"replies":[{"embeddable":true,"href":"https:\/\/outdoor-gym.com\/de\/wp-json\/wp\/v2\/comments?post=1045"}],"version-history":[{"count":28,"href":"https:\/\/outdoor-gym.com\/de\/wp-json\/wp\/v2\/pages\/1045\/revisions"}],"predecessor-version":[{"id":5102,"href":"https:\/\/outdoor-gym.com\/de\/wp-json\/wp\/v2\/pages\/1045\/revisions\/5102"}],"up":[{"embeddable":true,"href":"https:\/\/outdoor-gym.com\/de\/wp-json\/wp\/v2\/pages\/928"}],"wp:attachment":[{"href":"https:\/\/outdoor-gym.com\/de\/wp-json\/wp\/v2\/media?parent=1045"}],"curies":[{"name":"wp","href":"https:\/\/api.w.org\/{rel}","templated":true}]}}