{"id":1072,"date":"2021-01-12T13:56:08","date_gmt":"2021-01-12T12:56:08","guid":{"rendered":"https:\/\/outdoor-gym.com\/de\/?page_id=1072"},"modified":"2026-01-08T15:10:05","modified_gmt":"2026-01-08T14:10:05","slug":"beratung","status":"publish","type":"page","link":"https:\/\/outdoor-gym.com\/de\/dienstleistungen\/beratung\/","title":{"rendered":"Beratung"},"content":{"rendered":"<p><img loading=\"lazy\" class=\"alignnone wp-image-4146 size-full\" src=\"https:\/\/outdoor-gym.com\/de\/wp-content\/uploads\/Beratung-1.jpg\" alt=\"Beratung - TRAINER Outdoor Fitnessger\u00e4te\" width=\"1000\" height=\"493\" srcset=\"https:\/\/outdoor-gym.com\/de\/wp-content\/uploads\/Beratung-1.jpg 1000w, https:\/\/outdoor-gym.com\/de\/wp-content\/uploads\/Beratung-1-600x296.jpg 600w, https:\/\/outdoor-gym.com\/de\/wp-content\/uploads\/Beratung-1-768x379.jpg 768w\" sizes=\"(max-width: 1000px) 100vw, 1000px\" \/><\/p>\n<p>Wir bieten <strong>professionelle Beratung und Unterst\u00fctzung in jeder Phase der Auftragsausf\u00fchrung<\/strong>. Wir analysieren die Projektdokumentation und beraten bei der Auswahl der geeigneten Ausr\u00fcstung. Wir ber\u00fccksichtigen den Standort von Outdoor-Fitnessger\u00e4ten und ihren Zweck. <strong>Wir helfen Ihnen, aus Dutzenden von M\u00f6glichkeiten die beste auszuw\u00e4hlen!<\/strong><\/p>\n<p>Wir planen die einzelnen Arbeitsschritte, angefangen bei der Vorbereitung der Baustelle <strong>\u00fcber den Transport und die Installation<\/strong> der Ger\u00e4te bis hin zu den Kontrolluntersuchungen der Ger\u00e4te. Dank unseres Wissens und unserer Erfahrung k\u00f6nnen Sie viel wertvolle Zeit und Geld sparen.<\/p>\n<p data-start=\"0\" data-end=\"216\">\n<hr data-start=\"218\" data-end=\"221\" \/>\n<h2 data-start=\"263\" data-end=\"326\">Outdoor-Fitnessanlagen richtig planen \u2013 Schritt f\u00fcr Schritt<\/h2>\n<p>Um die Planung von Outdoor-Fitnessanlagen zu erleichtern und fundierte Investitionsentscheidungen zu unterst\u00fctzen, haben wir einen praxisorientierten E-Book-Leitfaden auf Basis unserer langj\u00e4hrigen Erfahrung in der Zusammenarbeit mit Kommunen und Unternehmen in Deutschland erstellt.<\/p>\n<h4><a class=\"in-button in-download-button\" href=\"https:\/\/outdoor-gym.com\/de\/wp-content\/uploads\/E-book-Wie-plant-man-eine-Outdoor-Fitnessanlage.pdf\" target=\"_blank\" rel=\"noopener\">Jetzt E-Book herunterladen<\/a><\/h4>\n<p>Im E-Book <strong data-start=\"452\" data-end=\"541\">\u201eWie plant man eine Outdoor-Fitnessanlage? 8 Schritte zur erfolgreichen Investition\u201c<\/strong> zeigen wir Schritt f\u00fcr Schritt, wie der gesamte Prozess sicher und effizient umgesetzt werden kann:<\/p>\n<ol>\n<li>von der Analyse des Bedarfs der Nutzerinnen und Nutzer und der Auswahl des geeigneten Standorts,<\/li>\n<li>\u00fcber geltende Normen und Sicherheitsanforderungen,<\/li>\n<li>bis hin zur Ger\u00e4teauswahl, Budgetplanung, Montage sowie der sp\u00e4teren Wartung und Instandhaltung der Anlage.<\/li>\n<\/ol>\n<h3 data-start=\"1317\" data-end=\"1355\">F\u00fcr wen ist der Leitfaden gedacht?<\/h3>\n<p data-start=\"1357\" data-end=\"1397\">Der E-Book richtet sich insbesondere an:<\/p>\n<ul data-start=\"1399\" data-end=\"1577\">\n<li data-start=\"1399\" data-end=\"1425\">\n<p data-start=\"1401\" data-end=\"1425\">St\u00e4dte und Gemeinden<\/p>\n<\/li>\n<li data-start=\"1426\" data-end=\"1451\">\n<p data-start=\"1428\" data-end=\"1451\">Sport- und Bau\u00e4mter<\/p>\n<\/li>\n<li data-start=\"1452\" data-end=\"1491\">\n<p data-start=\"1454\" data-end=\"1491\">Schulen und Bildungseinrichtungen<\/p>\n<\/li>\n<li data-start=\"1492\" data-end=\"1528\">\n<p data-start=\"1494\" data-end=\"1528\">Vereine und \u00f6ffentliche Tr\u00e4ger<\/p>\n<\/li>\n<li data-start=\"1529\" data-end=\"1577\">\n<p data-start=\"1531\" data-end=\"1577\">Planer und Investoren<\/p>\n<\/li>\n<\/ul>\n<p><a href=\"https:\/\/outdoor-gym.com\/de\/wp-content\/uploads\/E-book-Wie-plant-man-eine-Outdoor-Fitnessanlage.pdf\"><img loading=\"lazy\" class=\"alignnone wp-image-6555 size-full\" src=\"https:\/\/outdoor-gym.com\/de\/wp-content\/uploads\/E-book-Wie-plant-man-eine-Outdoor-Fitnessanlage.webp\" alt=\"Outdoor-Fitnessanlagen richtig planen \u2013 Schritt f\u00fcr Schritt\" width=\"1414\" height=\"2000\" srcset=\"https:\/\/outdoor-gym.com\/de\/wp-content\/uploads\/E-book-Wie-plant-man-eine-Outdoor-Fitnessanlage.webp 1414w, https:\/\/outdoor-gym.com\/de\/wp-content\/uploads\/E-book-Wie-plant-man-eine-Outdoor-Fitnessanlage-424x600.webp 424w, https:\/\/outdoor-gym.com\/de\/wp-content\/uploads\/E-book-Wie-plant-man-eine-Outdoor-Fitnessanlage-768x1086.webp 768w, https:\/\/outdoor-gym.com\/de\/wp-content\/uploads\/E-book-Wie-plant-man-eine-Outdoor-Fitnessanlage-1086x1536.webp 1086w\" sizes=\"(max-width: 1414px) 100vw, 1414px\" \/><\/a><\/p>\n","protected":false},"excerpt":{"rendered":"<p>Wir bieten professionelle Beratung und Unterst\u00fctzung in jeder Phase der Auftragsausf\u00fchrung. Wir analysieren die Projektdokumentation und beraten bei der Auswahl der geeigneten Ausr\u00fcstung. Wir ber\u00fccksichtigen den Standort von Outdoor-Fitnessger\u00e4ten und ihren Zweck. Wir helfen Ihnen, aus Dutzenden von M\u00f6glichkeiten die beste auszuw\u00e4hlen! Wir planen die einzelnen Arbeitsschritte, angefangen bei der Vorbereitung der Baustelle \u00fcber den [&hellip;]<\/p>\n","protected":false},"author":1,"featured_media":0,"parent":932,"menu_order":0,"comment_status":"closed","ping_status":"closed","template":"template-usluga.php","meta":[],"acf":[],"yoast_head":"<!-- This site is optimized with the Yoast SEO plugin v20.6 - https:\/\/yoast.com\/wordpress\/plugins\/seo\/ -->\n<title>Beratung - Trainer<\/title>\n<meta name=\"robots\" content=\"index, follow, max-snippet:-1, max-image-preview:large, max-video-preview:-1\" \/>\n<link rel=\"canonical\" href=\"https:\/\/outdoor-gym.com\/de\/dienstleistungen\/beratung\/\" \/>\n<meta property=\"og:locale\" content=\"de_DE\" \/>\n<meta property=\"og:type\" content=\"article\" \/>\n<meta property=\"og:title\" content=\"Beratung - Trainer\" \/>\n<meta property=\"og:description\" content=\"Wir bieten professionelle Beratung und Unterst\u00fctzung in jeder Phase der Auftragsausf\u00fchrung. Wir analysieren die Projektdokumentation und beraten bei der Auswahl der geeigneten Ausr\u00fcstung. Wir ber\u00fccksichtigen den Standort von Outdoor-Fitnessger\u00e4ten und ihren Zweck. Wir helfen Ihnen, aus Dutzenden von M\u00f6glichkeiten die beste auszuw\u00e4hlen! Wir planen die einzelnen Arbeitsschritte, angefangen bei der Vorbereitung der Baustelle \u00fcber den [&hellip;]\" \/>\n<meta property=\"og:url\" content=\"https:\/\/outdoor-gym.com\/de\/dienstleistungen\/beratung\/\" \/>\n<meta property=\"og:site_name\" content=\"Trainer\" \/>\n<meta property=\"article:modified_time\" content=\"2026-01-08T14:10:05+00:00\" \/>\n<meta property=\"og:image\" content=\"https:\/\/outdoor-gym.com\/de\/wp-content\/uploads\/Beratung-1.jpg\" \/>\n<meta name=\"twitter:card\" content=\"summary_large_image\" \/>\n<meta name=\"twitter:label1\" content=\"Szacowany czas czytania\" \/>\n\t<meta name=\"twitter:data1\" content=\"2 minuty\" \/>\n<script type=\"application\/ld+json\" class=\"yoast-schema-graph\">{\"@context\":\"https:\/\/schema.org\",\"@graph\":[{\"@type\":\"WebPage\",\"@id\":\"https:\/\/outdoor-gym.com\/de\/dienstleistungen\/beratung\/\",\"url\":\"https:\/\/outdoor-gym.com\/de\/dienstleistungen\/beratung\/\",\"name\":\"Beratung - Trainer\",\"isPartOf\":{\"@id\":\"https:\/\/outdoor-gym.com\/de\/#website\"},\"datePublished\":\"2021-01-12T12:56:08+00:00\",\"dateModified\":\"2026-01-08T14:10:05+00:00\",\"breadcrumb\":{\"@id\":\"https:\/\/outdoor-gym.com\/de\/dienstleistungen\/beratung\/#breadcrumb\"},\"inLanguage\":\"pl-PL\",\"potentialAction\":[{\"@type\":\"ReadAction\",\"target\":[\"https:\/\/outdoor-gym.com\/de\/dienstleistungen\/beratung\/\"]}]},{\"@type\":\"BreadcrumbList\",\"@id\":\"https:\/\/outdoor-gym.com\/de\/dienstleistungen\/beratung\/#breadcrumb\",\"itemListElement\":[{\"@type\":\"ListItem\",\"position\":1,\"name\":\"de\",\"item\":\"https:\/\/outdoor-gym.com\/de\/\"},{\"@type\":\"ListItem\",\"position\":2,\"name\":\"Dienstleistungen\",\"item\":\"https:\/\/outdoor-gym.com\/de\/dienstleistungen\/\"},{\"@type\":\"ListItem\",\"position\":3,\"name\":\"Beratung\"}]},{\"@type\":\"WebSite\",\"@id\":\"https:\/\/outdoor-gym.com\/de\/#website\",\"url\":\"https:\/\/outdoor-gym.com\/de\/\",\"name\":\"Trainer\",\"description\":\"Trainer\",\"potentialAction\":[{\"@type\":\"SearchAction\",\"target\":{\"@type\":\"EntryPoint\",\"urlTemplate\":\"https:\/\/outdoor-gym.com\/de\/?s={search_term_string}\"},\"query-input\":\"required name=search_term_string\"}],\"inLanguage\":\"pl-PL\"}]}<\/script>\n<!-- \/ Yoast SEO plugin. -->","yoast_head_json":{"title":"Beratung - Trainer","robots":{"index":"index","follow":"follow","max-snippet":"max-snippet:-1","max-image-preview":"max-image-preview:large","max-video-preview":"max-video-preview:-1"},"canonical":"https:\/\/outdoor-gym.com\/de\/dienstleistungen\/beratung\/","og_locale":"de_DE","og_type":"article","og_title":"Beratung - Trainer","og_description":"Wir bieten professionelle Beratung und Unterst\u00fctzung in jeder Phase der Auftragsausf\u00fchrung. Wir analysieren die Projektdokumentation und beraten bei der Auswahl der geeigneten Ausr\u00fcstung. Wir ber\u00fccksichtigen den Standort von Outdoor-Fitnessger\u00e4ten und ihren Zweck. Wir helfen Ihnen, aus Dutzenden von M\u00f6glichkeiten die beste auszuw\u00e4hlen! Wir planen die einzelnen Arbeitsschritte, angefangen bei der Vorbereitung der Baustelle \u00fcber den [&hellip;]","og_url":"https:\/\/outdoor-gym.com\/de\/dienstleistungen\/beratung\/","og_site_name":"Trainer","article_modified_time":"2026-01-08T14:10:05+00:00","og_image":[{"url":"https:\/\/outdoor-gym.com\/de\/wp-content\/uploads\/Beratung-1.jpg"}],"twitter_card":"summary_large_image","twitter_misc":{"Szacowany czas czytania":"2 minuty"},"schema":{"@context":"https:\/\/schema.org","@graph":[{"@type":"WebPage","@id":"https:\/\/outdoor-gym.com\/de\/dienstleistungen\/beratung\/","url":"https:\/\/outdoor-gym.com\/de\/dienstleistungen\/beratung\/","name":"Beratung - Trainer","isPartOf":{"@id":"https:\/\/outdoor-gym.com\/de\/#website"},"datePublished":"2021-01-12T12:56:08+00:00","dateModified":"2026-01-08T14:10:05+00:00","breadcrumb":{"@id":"https:\/\/outdoor-gym.com\/de\/dienstleistungen\/beratung\/#breadcrumb"},"inLanguage":"pl-PL","potentialAction":[{"@type":"ReadAction","target":["https:\/\/outdoor-gym.com\/de\/dienstleistungen\/beratung\/"]}]},{"@type":"BreadcrumbList","@id":"https:\/\/outdoor-gym.com\/de\/dienstleistungen\/beratung\/#breadcrumb","itemListElement":[{"@type":"ListItem","position":1,"name":"de","item":"https:\/\/outdoor-gym.com\/de\/"},{"@type":"ListItem","position":2,"name":"Dienstleistungen","item":"https:\/\/outdoor-gym.com\/de\/dienstleistungen\/"},{"@type":"ListItem","position":3,"name":"Beratung"}]},{"@type":"WebSite","@id":"https:\/\/outdoor-gym.com\/de\/#website","url":"https:\/\/outdoor-gym.com\/de\/","name":"Trainer","description":"Trainer","potentialAction":[{"@type":"SearchAction","target":{"@type":"EntryPoint","urlTemplate":"https:\/\/outdoor-gym.com\/de\/?s={search_term_string}"},"query-input":"required name=search_term_string"}],"inLanguage":"pl-PL"}]}},"_links":{"self":[{"href":"https:\/\/outdoor-gym.com\/de\/wp-json\/wp\/v2\/pages\/1072"}],"collection":[{"href":"https:\/\/outdoor-gym.com\/de\/wp-json\/wp\/v2\/pages"}],"about":[{"href":"https:\/\/outdoor-gym.com\/de\/wp-json\/wp\/v2\/types\/page"}],"author":[{"embeddable":true,"href":"https:\/\/outdoor-gym.com\/de\/wp-json\/wp\/v2\/users\/1"}],"replies":[{"embeddable":true,"href":"https:\/\/outdoor-gym.com\/de\/wp-json\/wp\/v2\/comments?post=1072"}],"version-history":[{"count":9,"href":"https:\/\/outdoor-gym.com\/de\/wp-json\/wp\/v2\/pages\/1072\/revisions"}],"predecessor-version":[{"id":6556,"href":"https:\/\/outdoor-gym.com\/de\/wp-json\/wp\/v2\/pages\/1072\/revisions\/6556"}],"up":[{"embeddable":true,"href":"https:\/\/outdoor-gym.com\/de\/wp-json\/wp\/v2\/pages\/932"}],"wp:attachment":[{"href":"https:\/\/outdoor-gym.com\/de\/wp-json\/wp\/v2\/media?parent=1072"}],"curies":[{"name":"wp","href":"https:\/\/api.w.org\/{rel}","templated":true}]}}