{"id":1217,"date":"2021-01-18T13:11:59","date_gmt":"2021-01-18T12:11:59","guid":{"rendered":"https:\/\/outdoor-gym.com\/de\/?page_id=1217"},"modified":"2024-11-24T19:27:19","modified_gmt":"2024-11-24T18:27:19","slug":"entwurf","status":"publish","type":"page","link":"https:\/\/outdoor-gym.com\/de\/dienstleistungen\/entwurf\/","title":{"rendered":"Entwurf"},"content":{"rendered":"<p>&nbsp;<\/p>\n<p><img loading=\"lazy\" class=\"alignnone size-full wp-image-5742\" src=\"https:\/\/outdoor-gym.com\/de\/wp-content\/uploads\/Outdoor-fitness-Set8-1-stadtmobiliar-abfallbehalter-11.webp\" alt=\"Outdoor fitness Set 8\" width=\"2560\" height=\"1707\" \/><\/p>\n<p><img loading=\"lazy\" class=\"alignnone size-full wp-image-5724\" src=\"https:\/\/outdoor-gym.com\/de\/wp-content\/uploads\/Outdoor-fitness-Set-3-3.webp\" alt=\"Outdoor fitness Set 3\" width=\"2560\" height=\"1707\" srcset=\"https:\/\/outdoor-gym.com\/de\/wp-content\/uploads\/Outdoor-fitness-Set-3-3.webp 2560w, https:\/\/outdoor-gym.com\/de\/wp-content\/uploads\/Outdoor-fitness-Set-3-3-600x400.webp 600w, https:\/\/outdoor-gym.com\/de\/wp-content\/uploads\/Outdoor-fitness-Set-3-3-2000x1334.webp 2000w, https:\/\/outdoor-gym.com\/de\/wp-content\/uploads\/Outdoor-fitness-Set-3-3-768x512.webp 768w, https:\/\/outdoor-gym.com\/de\/wp-content\/uploads\/Outdoor-fitness-Set-3-3-1536x1024.webp 1536w, https:\/\/outdoor-gym.com\/de\/wp-content\/uploads\/Outdoor-fitness-Set-3-3-2048x1366.webp 2048w\" sizes=\"(max-width: 2560px) 100vw, 2560px\" \/><\/p>\n<p>Eine gro\u00dfe Auswahl an Ger\u00e4ten und eine breite Farbpalette, kombiniert mit einer pr\u00e4zisen Verarbeitung, machen TRAINER Outdoor- Fitnessger\u00e4te zu einem echten Schmuckst\u00fcck f\u00fcr Parks, G\u00e4rten, Pl\u00e4tze und Spielpl\u00e4tzen. In <strong>Zusammenarbeit mit Architekten aus ganz Europa und der Welt<\/strong> schaffen wir Erholungsgebiete mit Outdoor- Fitnessger\u00e4ten, die f\u00fcr Menschen jeden Alters geeignet sind.<\/p>\n<p><strong>Wir entwerfen neue R\u00e4ume und verwandeln bestehende R\u00e4ume<\/strong>. Wir freuen uns darauf, Ihre Anforderungen kennen zu lernen und Ihnen bei der Gestaltung Ihres Traum-Fitnesssparks zu helfen.<\/p>\n<div style=\"width: 854px;\" class=\"wp-video\"><!--[if lt IE 9]><script>document.createElement('video');<\/script><![endif]-->\n<video class=\"wp-video-shortcode\" id=\"video-1217-1\" width=\"854\" height=\"480\" loop=\"1\" autoplay=\"1\" preload=\"auto\" controls=\"controls\"><source type=\"video\/webm\" src=\"https:\/\/outdoor-gym.com\/de\/wp-content\/uploads\/Calisthenics-Park-11-1.webm?_=1\" \/><a href=\"https:\/\/outdoor-gym.com\/de\/wp-content\/uploads\/Calisthenics-Park-11-1.webm\">https:\/\/outdoor-gym.com\/de\/wp-content\/uploads\/Calisthenics-Park-11-1.webm<\/a><\/video><\/div>\n<p>&nbsp;<\/p>\n<p>&nbsp;<\/p>\n","protected":false},"excerpt":{"rendered":"<p>&nbsp; Eine gro\u00dfe Auswahl an Ger\u00e4ten und eine breite Farbpalette, kombiniert mit einer pr\u00e4zisen Verarbeitung, machen TRAINER Outdoor- Fitnessger\u00e4te zu einem echten Schmuckst\u00fcck f\u00fcr Parks, G\u00e4rten, Pl\u00e4tze und Spielpl\u00e4tzen. In Zusammenarbeit mit Architekten aus ganz Europa und der Welt schaffen wir Erholungsgebiete mit Outdoor- Fitnessger\u00e4ten, die f\u00fcr Menschen jeden Alters geeignet sind. Wir entwerfen neue [&hellip;]<\/p>\n","protected":false},"author":1,"featured_media":0,"parent":932,"menu_order":0,"comment_status":"closed","ping_status":"closed","template":"template-usluga.php","meta":[],"acf":[],"yoast_head":"<!-- This site is optimized with the Yoast SEO plugin v20.6 - https:\/\/yoast.com\/wordpress\/plugins\/seo\/ -->\n<title>Entwurf - Trainer<\/title>\n<meta name=\"robots\" content=\"index, follow, max-snippet:-1, max-image-preview:large, max-video-preview:-1\" \/>\n<link rel=\"canonical\" href=\"https:\/\/outdoor-gym.com\/de\/dienstleistungen\/entwurf\/\" \/>\n<meta property=\"og:locale\" content=\"de_DE\" \/>\n<meta property=\"og:type\" content=\"article\" \/>\n<meta property=\"og:title\" content=\"Entwurf - Trainer\" \/>\n<meta property=\"og:description\" content=\"&nbsp; Eine gro\u00dfe Auswahl an Ger\u00e4ten und eine breite Farbpalette, kombiniert mit einer pr\u00e4zisen Verarbeitung, machen TRAINER Outdoor- Fitnessger\u00e4te zu einem echten Schmuckst\u00fcck f\u00fcr Parks, G\u00e4rten, Pl\u00e4tze und Spielpl\u00e4tzen. In Zusammenarbeit mit Architekten aus ganz Europa und der Welt schaffen wir Erholungsgebiete mit Outdoor- Fitnessger\u00e4ten, die f\u00fcr Menschen jeden Alters geeignet sind. Wir entwerfen neue [&hellip;]\" \/>\n<meta property=\"og:url\" content=\"https:\/\/outdoor-gym.com\/de\/dienstleistungen\/entwurf\/\" \/>\n<meta property=\"og:site_name\" content=\"Trainer\" \/>\n<meta property=\"article:modified_time\" content=\"2024-11-24T18:27:19+00:00\" \/>\n<meta property=\"og:image\" content=\"https:\/\/outdoor-gym.com\/de\/wp-content\/uploads\/Outdoor-fitness-Set8-1-1.webp\" \/>\n<meta name=\"twitter:card\" content=\"summary_large_image\" \/>\n<meta name=\"twitter:label1\" content=\"Szacowany czas czytania\" \/>\n\t<meta name=\"twitter:data1\" content=\"1 minuta\" \/>\n<script type=\"application\/ld+json\" class=\"yoast-schema-graph\">{\"@context\":\"https:\/\/schema.org\",\"@graph\":[{\"@type\":\"WebPage\",\"@id\":\"https:\/\/outdoor-gym.com\/de\/dienstleistungen\/entwurf\/\",\"url\":\"https:\/\/outdoor-gym.com\/de\/dienstleistungen\/entwurf\/\",\"name\":\"Entwurf - Trainer\",\"isPartOf\":{\"@id\":\"https:\/\/outdoor-gym.com\/de\/#website\"},\"datePublished\":\"2021-01-18T12:11:59+00:00\",\"dateModified\":\"2024-11-24T18:27:19+00:00\",\"breadcrumb\":{\"@id\":\"https:\/\/outdoor-gym.com\/de\/dienstleistungen\/entwurf\/#breadcrumb\"},\"inLanguage\":\"pl-PL\",\"potentialAction\":[{\"@type\":\"ReadAction\",\"target\":[\"https:\/\/outdoor-gym.com\/de\/dienstleistungen\/entwurf\/\"]}]},{\"@type\":\"BreadcrumbList\",\"@id\":\"https:\/\/outdoor-gym.com\/de\/dienstleistungen\/entwurf\/#breadcrumb\",\"itemListElement\":[{\"@type\":\"ListItem\",\"position\":1,\"name\":\"de\",\"item\":\"https:\/\/outdoor-gym.com\/de\/\"},{\"@type\":\"ListItem\",\"position\":2,\"name\":\"Dienstleistungen\",\"item\":\"https:\/\/outdoor-gym.com\/de\/dienstleistungen\/\"},{\"@type\":\"ListItem\",\"position\":3,\"name\":\"Entwurf\"}]},{\"@type\":\"WebSite\",\"@id\":\"https:\/\/outdoor-gym.com\/de\/#website\",\"url\":\"https:\/\/outdoor-gym.com\/de\/\",\"name\":\"Trainer\",\"description\":\"Trainer\",\"potentialAction\":[{\"@type\":\"SearchAction\",\"target\":{\"@type\":\"EntryPoint\",\"urlTemplate\":\"https:\/\/outdoor-gym.com\/de\/?s={search_term_string}\"},\"query-input\":\"required name=search_term_string\"}],\"inLanguage\":\"pl-PL\"}]}<\/script>\n<!-- \/ Yoast SEO plugin. -->","yoast_head_json":{"title":"Entwurf - Trainer","robots":{"index":"index","follow":"follow","max-snippet":"max-snippet:-1","max-image-preview":"max-image-preview:large","max-video-preview":"max-video-preview:-1"},"canonical":"https:\/\/outdoor-gym.com\/de\/dienstleistungen\/entwurf\/","og_locale":"de_DE","og_type":"article","og_title":"Entwurf - Trainer","og_description":"&nbsp; Eine gro\u00dfe Auswahl an Ger\u00e4ten und eine breite Farbpalette, kombiniert mit einer pr\u00e4zisen Verarbeitung, machen TRAINER Outdoor- Fitnessger\u00e4te zu einem echten Schmuckst\u00fcck f\u00fcr Parks, G\u00e4rten, Pl\u00e4tze und Spielpl\u00e4tzen. In Zusammenarbeit mit Architekten aus ganz Europa und der Welt schaffen wir Erholungsgebiete mit Outdoor- Fitnessger\u00e4ten, die f\u00fcr Menschen jeden Alters geeignet sind. Wir entwerfen neue [&hellip;]","og_url":"https:\/\/outdoor-gym.com\/de\/dienstleistungen\/entwurf\/","og_site_name":"Trainer","article_modified_time":"2024-11-24T18:27:19+00:00","og_image":[{"url":"https:\/\/outdoor-gym.com\/de\/wp-content\/uploads\/Outdoor-fitness-Set8-1-1.webp"}],"twitter_card":"summary_large_image","twitter_misc":{"Szacowany czas czytania":"1 minuta"},"schema":{"@context":"https:\/\/schema.org","@graph":[{"@type":"WebPage","@id":"https:\/\/outdoor-gym.com\/de\/dienstleistungen\/entwurf\/","url":"https:\/\/outdoor-gym.com\/de\/dienstleistungen\/entwurf\/","name":"Entwurf - Trainer","isPartOf":{"@id":"https:\/\/outdoor-gym.com\/de\/#website"},"datePublished":"2021-01-18T12:11:59+00:00","dateModified":"2024-11-24T18:27:19+00:00","breadcrumb":{"@id":"https:\/\/outdoor-gym.com\/de\/dienstleistungen\/entwurf\/#breadcrumb"},"inLanguage":"pl-PL","potentialAction":[{"@type":"ReadAction","target":["https:\/\/outdoor-gym.com\/de\/dienstleistungen\/entwurf\/"]}]},{"@type":"BreadcrumbList","@id":"https:\/\/outdoor-gym.com\/de\/dienstleistungen\/entwurf\/#breadcrumb","itemListElement":[{"@type":"ListItem","position":1,"name":"de","item":"https:\/\/outdoor-gym.com\/de\/"},{"@type":"ListItem","position":2,"name":"Dienstleistungen","item":"https:\/\/outdoor-gym.com\/de\/dienstleistungen\/"},{"@type":"ListItem","position":3,"name":"Entwurf"}]},{"@type":"WebSite","@id":"https:\/\/outdoor-gym.com\/de\/#website","url":"https:\/\/outdoor-gym.com\/de\/","name":"Trainer","description":"Trainer","potentialAction":[{"@type":"SearchAction","target":{"@type":"EntryPoint","urlTemplate":"https:\/\/outdoor-gym.com\/de\/?s={search_term_string}"},"query-input":"required name=search_term_string"}],"inLanguage":"pl-PL"}]}},"_links":{"self":[{"href":"https:\/\/outdoor-gym.com\/de\/wp-json\/wp\/v2\/pages\/1217"}],"collection":[{"href":"https:\/\/outdoor-gym.com\/de\/wp-json\/wp\/v2\/pages"}],"about":[{"href":"https:\/\/outdoor-gym.com\/de\/wp-json\/wp\/v2\/types\/page"}],"author":[{"embeddable":true,"href":"https:\/\/outdoor-gym.com\/de\/wp-json\/wp\/v2\/users\/1"}],"replies":[{"embeddable":true,"href":"https:\/\/outdoor-gym.com\/de\/wp-json\/wp\/v2\/comments?post=1217"}],"version-history":[{"count":8,"href":"https:\/\/outdoor-gym.com\/de\/wp-json\/wp\/v2\/pages\/1217\/revisions"}],"predecessor-version":[{"id":5755,"href":"https:\/\/outdoor-gym.com\/de\/wp-json\/wp\/v2\/pages\/1217\/revisions\/5755"}],"up":[{"embeddable":true,"href":"https:\/\/outdoor-gym.com\/de\/wp-json\/wp\/v2\/pages\/932"}],"wp:attachment":[{"href":"https:\/\/outdoor-gym.com\/de\/wp-json\/wp\/v2\/media?parent=1217"}],"curies":[{"name":"wp","href":"https:\/\/api.w.org\/{rel}","templated":true}]}}