{"id":1219,"date":"2021-01-18T13:12:56","date_gmt":"2021-01-18T12:12:56","guid":{"rendered":"https:\/\/outdoor-gym.com\/de\/?page_id=1219"},"modified":"2022-10-01T12:57:31","modified_gmt":"2022-10-01T10:57:31","slug":"lieferung","status":"publish","type":"page","link":"https:\/\/outdoor-gym.com\/de\/dienstleistungen\/lieferung\/","title":{"rendered":"Lieferung"},"content":{"rendered":"<h3><img loading=\"lazy\" class=\"alignnone size-full wp-image-4150\" src=\"https:\/\/outdoor-gym.com\/de\/wp-content\/uploads\/Transport-und-Lieferung.jpg\" alt=\"Transport und Lieferung\" width=\"1000\" height=\"422\" srcset=\"https:\/\/outdoor-gym.com\/de\/wp-content\/uploads\/Transport-und-Lieferung.jpg 1000w, https:\/\/outdoor-gym.com\/de\/wp-content\/uploads\/Transport-und-Lieferung-600x253.jpg 600w, https:\/\/outdoor-gym.com\/de\/wp-content\/uploads\/Transport-und-Lieferung-768x324.jpg 768w\" sizes=\"(max-width: 1000px) 100vw, 1000px\" \/><\/h3>\n<h3>Sichere und schnelle Lieferung von Outdoor-Fitnessger\u00e4ten.<\/h3>\n<p>Wir liefern Outdoor-Fitnessger\u00e4te in ganz Europa und der Welt. Die Lieferung der Ger\u00e4te erfolgt durch unser Unternehmen oder ein zuverl\u00e4ssiges Transportunternehmen. Die Ger\u00e4te werden sorgf\u00e4ltig und <strong>sicher verpackt<\/strong>. Der Liefertermin wird individuell festgelegt. Die Lieferung erfolgt <strong>direkt an die angegebene Adresse<\/strong>.<\/p>\n<p>Die Kosten f\u00fcr die Lieferung werden beim Kauf auf dem Angebotsblatt angegeben.\u00a0<strong>Wir erm\u00f6glichen auch die pers\u00f6nliche Abholung in unserem Lager<\/strong>, das sehr g\u00fcnstig gelegen ist. Sie k\u00f6nnen die bestellten Ger\u00e4te nach vorheriger Absprache abholen.<\/p>\n<p><img loading=\"lazy\" class=\"alignnone size-full wp-image-4019\" src=\"https:\/\/outdoor-gym.com\/de\/wp-content\/uploads\/Lieferung.jpg\" alt=\"Sichere und schnelle Lieferung von Outdoor-Fitnessger\u00e4ten.\" width=\"1000\" height=\"688\" srcset=\"https:\/\/outdoor-gym.com\/de\/wp-content\/uploads\/Lieferung.jpg 1000w, https:\/\/outdoor-gym.com\/de\/wp-content\/uploads\/Lieferung-600x413.jpg 600w, https:\/\/outdoor-gym.com\/de\/wp-content\/uploads\/Lieferung-768x528.jpg 768w\" sizes=\"(max-width: 1000px) 100vw, 1000px\" \/><\/p>\n","protected":false},"excerpt":{"rendered":"<p>Sichere und schnelle Lieferung von Outdoor-Fitnessger\u00e4ten. Wir liefern Outdoor-Fitnessger\u00e4te in ganz Europa und der Welt. Die Lieferung der Ger\u00e4te erfolgt durch unser Unternehmen oder ein zuverl\u00e4ssiges Transportunternehmen. Die Ger\u00e4te werden sorgf\u00e4ltig und sicher verpackt. Der Liefertermin wird individuell festgelegt. Die Lieferung erfolgt direkt an die angegebene Adresse. Die Kosten f\u00fcr die Lieferung werden beim Kauf [&hellip;]<\/p>\n","protected":false},"author":1,"featured_media":0,"parent":932,"menu_order":0,"comment_status":"closed","ping_status":"closed","template":"template-usluga.php","meta":[],"acf":[],"yoast_head":"<!-- This site is optimized with the Yoast SEO plugin v20.6 - https:\/\/yoast.com\/wordpress\/plugins\/seo\/ -->\n<title>Lieferung - Trainer<\/title>\n<meta name=\"robots\" content=\"index, follow, max-snippet:-1, max-image-preview:large, max-video-preview:-1\" \/>\n<link rel=\"canonical\" href=\"https:\/\/outdoor-gym.com\/de\/dienstleistungen\/lieferung\/\" \/>\n<meta property=\"og:locale\" content=\"de_DE\" \/>\n<meta property=\"og:type\" content=\"article\" \/>\n<meta property=\"og:title\" content=\"Lieferung - Trainer\" \/>\n<meta property=\"og:description\" content=\"Sichere und schnelle Lieferung von Outdoor-Fitnessger\u00e4ten. Wir liefern Outdoor-Fitnessger\u00e4te in ganz Europa und der Welt. Die Lieferung der Ger\u00e4te erfolgt durch unser Unternehmen oder ein zuverl\u00e4ssiges Transportunternehmen. Die Ger\u00e4te werden sorgf\u00e4ltig und sicher verpackt. Der Liefertermin wird individuell festgelegt. Die Lieferung erfolgt direkt an die angegebene Adresse. Die Kosten f\u00fcr die Lieferung werden beim Kauf [&hellip;]\" \/>\n<meta property=\"og:url\" content=\"https:\/\/outdoor-gym.com\/de\/dienstleistungen\/lieferung\/\" \/>\n<meta property=\"og:site_name\" content=\"Trainer\" \/>\n<meta property=\"article:modified_time\" content=\"2022-10-01T10:57:31+00:00\" \/>\n<meta property=\"og:image\" content=\"https:\/\/outdoor-gym.com\/de\/wp-content\/uploads\/Transport-und-Lieferung.jpg\" \/>\n<meta name=\"twitter:card\" content=\"summary_large_image\" \/>\n<meta name=\"twitter:label1\" content=\"Szacowany czas czytania\" \/>\n\t<meta name=\"twitter:data1\" content=\"1 minuta\" \/>\n<script type=\"application\/ld+json\" class=\"yoast-schema-graph\">{\"@context\":\"https:\/\/schema.org\",\"@graph\":[{\"@type\":\"WebPage\",\"@id\":\"https:\/\/outdoor-gym.com\/de\/dienstleistungen\/lieferung\/\",\"url\":\"https:\/\/outdoor-gym.com\/de\/dienstleistungen\/lieferung\/\",\"name\":\"Lieferung - Trainer\",\"isPartOf\":{\"@id\":\"https:\/\/outdoor-gym.com\/de\/#website\"},\"datePublished\":\"2021-01-18T12:12:56+00:00\",\"dateModified\":\"2022-10-01T10:57:31+00:00\",\"breadcrumb\":{\"@id\":\"https:\/\/outdoor-gym.com\/de\/dienstleistungen\/lieferung\/#breadcrumb\"},\"inLanguage\":\"pl-PL\",\"potentialAction\":[{\"@type\":\"ReadAction\",\"target\":[\"https:\/\/outdoor-gym.com\/de\/dienstleistungen\/lieferung\/\"]}]},{\"@type\":\"BreadcrumbList\",\"@id\":\"https:\/\/outdoor-gym.com\/de\/dienstleistungen\/lieferung\/#breadcrumb\",\"itemListElement\":[{\"@type\":\"ListItem\",\"position\":1,\"name\":\"de\",\"item\":\"https:\/\/outdoor-gym.com\/de\/\"},{\"@type\":\"ListItem\",\"position\":2,\"name\":\"Dienstleistungen\",\"item\":\"https:\/\/outdoor-gym.com\/de\/dienstleistungen\/\"},{\"@type\":\"ListItem\",\"position\":3,\"name\":\"Lieferung\"}]},{\"@type\":\"WebSite\",\"@id\":\"https:\/\/outdoor-gym.com\/de\/#website\",\"url\":\"https:\/\/outdoor-gym.com\/de\/\",\"name\":\"Trainer\",\"description\":\"Trainer\",\"potentialAction\":[{\"@type\":\"SearchAction\",\"target\":{\"@type\":\"EntryPoint\",\"urlTemplate\":\"https:\/\/outdoor-gym.com\/de\/?s={search_term_string}\"},\"query-input\":\"required name=search_term_string\"}],\"inLanguage\":\"pl-PL\"}]}<\/script>\n<!-- \/ Yoast SEO plugin. -->","yoast_head_json":{"title":"Lieferung - Trainer","robots":{"index":"index","follow":"follow","max-snippet":"max-snippet:-1","max-image-preview":"max-image-preview:large","max-video-preview":"max-video-preview:-1"},"canonical":"https:\/\/outdoor-gym.com\/de\/dienstleistungen\/lieferung\/","og_locale":"de_DE","og_type":"article","og_title":"Lieferung - Trainer","og_description":"Sichere und schnelle Lieferung von Outdoor-Fitnessger\u00e4ten. Wir liefern Outdoor-Fitnessger\u00e4te in ganz Europa und der Welt. Die Lieferung der Ger\u00e4te erfolgt durch unser Unternehmen oder ein zuverl\u00e4ssiges Transportunternehmen. Die Ger\u00e4te werden sorgf\u00e4ltig und sicher verpackt. Der Liefertermin wird individuell festgelegt. Die Lieferung erfolgt direkt an die angegebene Adresse. Die Kosten f\u00fcr die Lieferung werden beim Kauf [&hellip;]","og_url":"https:\/\/outdoor-gym.com\/de\/dienstleistungen\/lieferung\/","og_site_name":"Trainer","article_modified_time":"2022-10-01T10:57:31+00:00","og_image":[{"url":"https:\/\/outdoor-gym.com\/de\/wp-content\/uploads\/Transport-und-Lieferung.jpg"}],"twitter_card":"summary_large_image","twitter_misc":{"Szacowany czas czytania":"1 minuta"},"schema":{"@context":"https:\/\/schema.org","@graph":[{"@type":"WebPage","@id":"https:\/\/outdoor-gym.com\/de\/dienstleistungen\/lieferung\/","url":"https:\/\/outdoor-gym.com\/de\/dienstleistungen\/lieferung\/","name":"Lieferung - Trainer","isPartOf":{"@id":"https:\/\/outdoor-gym.com\/de\/#website"},"datePublished":"2021-01-18T12:12:56+00:00","dateModified":"2022-10-01T10:57:31+00:00","breadcrumb":{"@id":"https:\/\/outdoor-gym.com\/de\/dienstleistungen\/lieferung\/#breadcrumb"},"inLanguage":"pl-PL","potentialAction":[{"@type":"ReadAction","target":["https:\/\/outdoor-gym.com\/de\/dienstleistungen\/lieferung\/"]}]},{"@type":"BreadcrumbList","@id":"https:\/\/outdoor-gym.com\/de\/dienstleistungen\/lieferung\/#breadcrumb","itemListElement":[{"@type":"ListItem","position":1,"name":"de","item":"https:\/\/outdoor-gym.com\/de\/"},{"@type":"ListItem","position":2,"name":"Dienstleistungen","item":"https:\/\/outdoor-gym.com\/de\/dienstleistungen\/"},{"@type":"ListItem","position":3,"name":"Lieferung"}]},{"@type":"WebSite","@id":"https:\/\/outdoor-gym.com\/de\/#website","url":"https:\/\/outdoor-gym.com\/de\/","name":"Trainer","description":"Trainer","potentialAction":[{"@type":"SearchAction","target":{"@type":"EntryPoint","urlTemplate":"https:\/\/outdoor-gym.com\/de\/?s={search_term_string}"},"query-input":"required name=search_term_string"}],"inLanguage":"pl-PL"}]}},"_links":{"self":[{"href":"https:\/\/outdoor-gym.com\/de\/wp-json\/wp\/v2\/pages\/1219"}],"collection":[{"href":"https:\/\/outdoor-gym.com\/de\/wp-json\/wp\/v2\/pages"}],"about":[{"href":"https:\/\/outdoor-gym.com\/de\/wp-json\/wp\/v2\/types\/page"}],"author":[{"embeddable":true,"href":"https:\/\/outdoor-gym.com\/de\/wp-json\/wp\/v2\/users\/1"}],"replies":[{"embeddable":true,"href":"https:\/\/outdoor-gym.com\/de\/wp-json\/wp\/v2\/comments?post=1219"}],"version-history":[{"count":8,"href":"https:\/\/outdoor-gym.com\/de\/wp-json\/wp\/v2\/pages\/1219\/revisions"}],"predecessor-version":[{"id":4151,"href":"https:\/\/outdoor-gym.com\/de\/wp-json\/wp\/v2\/pages\/1219\/revisions\/4151"}],"up":[{"embeddable":true,"href":"https:\/\/outdoor-gym.com\/de\/wp-json\/wp\/v2\/pages\/932"}],"wp:attachment":[{"href":"https:\/\/outdoor-gym.com\/de\/wp-json\/wp\/v2\/media?parent=1219"}],"curies":[{"name":"wp","href":"https:\/\/api.w.org\/{rel}","templated":true}]}}