{"id":1222,"date":"2021-01-18T13:13:05","date_gmt":"2021-01-18T12:13:05","guid":{"rendered":"https:\/\/outdoor-gym.com\/de\/?page_id=1222"},"modified":"2023-12-20T12:22:44","modified_gmt":"2023-12-20T11:22:44","slug":"montage","status":"publish","type":"page","link":"https:\/\/outdoor-gym.com\/de\/dienstleistungen\/montage\/","title":{"rendered":"Montage"},"content":{"rendered":"<p><strong>Einfache Installation von Outdoor-Fitnessger\u00e4ten.<\/strong><\/p>\n<p>Unser Leistungsspektrum umfasst auch die gesamte Palette der Montagearbeiten. Wir besch\u00e4ftigen uns mit der Installation von Outdoor- Fitnessger\u00e4ten in ganz Europa.<\/p>\n<p>Unsere Ger\u00e4te k\u00f6nnen auch <strong>von Ihnen selbst installiert werden<\/strong>. Das ganze Verfahren<strong> ist sehr einfach.<\/strong> Die von unseren Fachleuten erstellte Installationsanleitung f\u00fchrt Sie Schritt f\u00fcr Schritt durch den gesamten Installationsvorgang. Jedes unserer Outdoor- Fitnessger\u00e4te wird mit einem speziellen Bodenanker geliefert, welches im Fundament installiert wird. Sie k\u00f6nnen auch <strong>spezialisierte Unternehmen beauftragen<\/strong>, die die Installation f\u00fcr Sie durchf\u00fchren. Wir arbeiten mit <strong>vielen Unternehmen aus ganz Europa<\/strong> zusammen. Kontaktieren Sie uns.<\/p>\n<h4><a class=\"in-button in-download-button\" href=\"https:\/\/outdoor-gym.com\/de\/wp-content\/uploads\/trainer-montageanleitung-de.pdf\" target=\"_blank\" rel=\"noopener\">MONTAGEANLEITUNG HERUNTERLADEN<\/a><\/h4>\n<p>&nbsp;<\/p>\n","protected":false},"excerpt":{"rendered":"<p>Einfache Installation von Outdoor-Fitnessger\u00e4ten. Unser Leistungsspektrum umfasst auch die gesamte Palette der Montagearbeiten. Wir besch\u00e4ftigen uns mit der Installation von Outdoor- Fitnessger\u00e4ten in ganz Europa. Unsere Ger\u00e4te k\u00f6nnen auch von Ihnen selbst installiert werden. Das ganze Verfahren ist sehr einfach. Die von unseren Fachleuten erstellte Installationsanleitung f\u00fchrt Sie Schritt f\u00fcr Schritt durch den gesamten Installationsvorgang. [&hellip;]<\/p>\n","protected":false},"author":1,"featured_media":0,"parent":932,"menu_order":0,"comment_status":"closed","ping_status":"closed","template":"template-usluga.php","meta":[],"acf":[],"yoast_head":"<!-- This site is optimized with the Yoast SEO plugin v20.6 - https:\/\/yoast.com\/wordpress\/plugins\/seo\/ -->\n<title>Montage - Trainer<\/title>\n<meta name=\"robots\" content=\"index, follow, max-snippet:-1, max-image-preview:large, max-video-preview:-1\" \/>\n<link rel=\"canonical\" href=\"https:\/\/outdoor-gym.com\/de\/dienstleistungen\/montage\/\" \/>\n<meta property=\"og:locale\" content=\"de_DE\" \/>\n<meta property=\"og:type\" content=\"article\" \/>\n<meta property=\"og:title\" content=\"Montage - Trainer\" \/>\n<meta property=\"og:description\" content=\"Einfache Installation von Outdoor-Fitnessger\u00e4ten. Unser Leistungsspektrum umfasst auch die gesamte Palette der Montagearbeiten. Wir besch\u00e4ftigen uns mit der Installation von Outdoor- Fitnessger\u00e4ten in ganz Europa. Unsere Ger\u00e4te k\u00f6nnen auch von Ihnen selbst installiert werden. Das ganze Verfahren ist sehr einfach. Die von unseren Fachleuten erstellte Installationsanleitung f\u00fchrt Sie Schritt f\u00fcr Schritt durch den gesamten Installationsvorgang. [&hellip;]\" \/>\n<meta property=\"og:url\" content=\"https:\/\/outdoor-gym.com\/de\/dienstleistungen\/montage\/\" \/>\n<meta property=\"og:site_name\" content=\"Trainer\" \/>\n<meta property=\"article:modified_time\" content=\"2023-12-20T11:22:44+00:00\" \/>\n<meta name=\"twitter:card\" content=\"summary_large_image\" \/>\n<meta name=\"twitter:label1\" content=\"Szacowany czas czytania\" \/>\n\t<meta name=\"twitter:data1\" content=\"1 minuta\" \/>\n<script type=\"application\/ld+json\" class=\"yoast-schema-graph\">{\"@context\":\"https:\/\/schema.org\",\"@graph\":[{\"@type\":\"WebPage\",\"@id\":\"https:\/\/outdoor-gym.com\/de\/dienstleistungen\/montage\/\",\"url\":\"https:\/\/outdoor-gym.com\/de\/dienstleistungen\/montage\/\",\"name\":\"Montage - Trainer\",\"isPartOf\":{\"@id\":\"https:\/\/outdoor-gym.com\/de\/#website\"},\"datePublished\":\"2021-01-18T12:13:05+00:00\",\"dateModified\":\"2023-12-20T11:22:44+00:00\",\"breadcrumb\":{\"@id\":\"https:\/\/outdoor-gym.com\/de\/dienstleistungen\/montage\/#breadcrumb\"},\"inLanguage\":\"pl-PL\",\"potentialAction\":[{\"@type\":\"ReadAction\",\"target\":[\"https:\/\/outdoor-gym.com\/de\/dienstleistungen\/montage\/\"]}]},{\"@type\":\"BreadcrumbList\",\"@id\":\"https:\/\/outdoor-gym.com\/de\/dienstleistungen\/montage\/#breadcrumb\",\"itemListElement\":[{\"@type\":\"ListItem\",\"position\":1,\"name\":\"de\",\"item\":\"https:\/\/outdoor-gym.com\/de\/\"},{\"@type\":\"ListItem\",\"position\":2,\"name\":\"Dienstleistungen\",\"item\":\"https:\/\/outdoor-gym.com\/de\/dienstleistungen\/\"},{\"@type\":\"ListItem\",\"position\":3,\"name\":\"Montage\"}]},{\"@type\":\"WebSite\",\"@id\":\"https:\/\/outdoor-gym.com\/de\/#website\",\"url\":\"https:\/\/outdoor-gym.com\/de\/\",\"name\":\"Trainer\",\"description\":\"Trainer\",\"potentialAction\":[{\"@type\":\"SearchAction\",\"target\":{\"@type\":\"EntryPoint\",\"urlTemplate\":\"https:\/\/outdoor-gym.com\/de\/?s={search_term_string}\"},\"query-input\":\"required name=search_term_string\"}],\"inLanguage\":\"pl-PL\"}]}<\/script>\n<!-- \/ Yoast SEO plugin. -->","yoast_head_json":{"title":"Montage - Trainer","robots":{"index":"index","follow":"follow","max-snippet":"max-snippet:-1","max-image-preview":"max-image-preview:large","max-video-preview":"max-video-preview:-1"},"canonical":"https:\/\/outdoor-gym.com\/de\/dienstleistungen\/montage\/","og_locale":"de_DE","og_type":"article","og_title":"Montage - Trainer","og_description":"Einfache Installation von Outdoor-Fitnessger\u00e4ten. Unser Leistungsspektrum umfasst auch die gesamte Palette der Montagearbeiten. Wir besch\u00e4ftigen uns mit der Installation von Outdoor- Fitnessger\u00e4ten in ganz Europa. Unsere Ger\u00e4te k\u00f6nnen auch von Ihnen selbst installiert werden. Das ganze Verfahren ist sehr einfach. Die von unseren Fachleuten erstellte Installationsanleitung f\u00fchrt Sie Schritt f\u00fcr Schritt durch den gesamten Installationsvorgang. [&hellip;]","og_url":"https:\/\/outdoor-gym.com\/de\/dienstleistungen\/montage\/","og_site_name":"Trainer","article_modified_time":"2023-12-20T11:22:44+00:00","twitter_card":"summary_large_image","twitter_misc":{"Szacowany czas czytania":"1 minuta"},"schema":{"@context":"https:\/\/schema.org","@graph":[{"@type":"WebPage","@id":"https:\/\/outdoor-gym.com\/de\/dienstleistungen\/montage\/","url":"https:\/\/outdoor-gym.com\/de\/dienstleistungen\/montage\/","name":"Montage - Trainer","isPartOf":{"@id":"https:\/\/outdoor-gym.com\/de\/#website"},"datePublished":"2021-01-18T12:13:05+00:00","dateModified":"2023-12-20T11:22:44+00:00","breadcrumb":{"@id":"https:\/\/outdoor-gym.com\/de\/dienstleistungen\/montage\/#breadcrumb"},"inLanguage":"pl-PL","potentialAction":[{"@type":"ReadAction","target":["https:\/\/outdoor-gym.com\/de\/dienstleistungen\/montage\/"]}]},{"@type":"BreadcrumbList","@id":"https:\/\/outdoor-gym.com\/de\/dienstleistungen\/montage\/#breadcrumb","itemListElement":[{"@type":"ListItem","position":1,"name":"de","item":"https:\/\/outdoor-gym.com\/de\/"},{"@type":"ListItem","position":2,"name":"Dienstleistungen","item":"https:\/\/outdoor-gym.com\/de\/dienstleistungen\/"},{"@type":"ListItem","position":3,"name":"Montage"}]},{"@type":"WebSite","@id":"https:\/\/outdoor-gym.com\/de\/#website","url":"https:\/\/outdoor-gym.com\/de\/","name":"Trainer","description":"Trainer","potentialAction":[{"@type":"SearchAction","target":{"@type":"EntryPoint","urlTemplate":"https:\/\/outdoor-gym.com\/de\/?s={search_term_string}"},"query-input":"required name=search_term_string"}],"inLanguage":"pl-PL"}]}},"_links":{"self":[{"href":"https:\/\/outdoor-gym.com\/de\/wp-json\/wp\/v2\/pages\/1222"}],"collection":[{"href":"https:\/\/outdoor-gym.com\/de\/wp-json\/wp\/v2\/pages"}],"about":[{"href":"https:\/\/outdoor-gym.com\/de\/wp-json\/wp\/v2\/types\/page"}],"author":[{"embeddable":true,"href":"https:\/\/outdoor-gym.com\/de\/wp-json\/wp\/v2\/users\/1"}],"replies":[{"embeddable":true,"href":"https:\/\/outdoor-gym.com\/de\/wp-json\/wp\/v2\/comments?post=1222"}],"version-history":[{"count":14,"href":"https:\/\/outdoor-gym.com\/de\/wp-json\/wp\/v2\/pages\/1222\/revisions"}],"predecessor-version":[{"id":5295,"href":"https:\/\/outdoor-gym.com\/de\/wp-json\/wp\/v2\/pages\/1222\/revisions\/5295"}],"up":[{"embeddable":true,"href":"https:\/\/outdoor-gym.com\/de\/wp-json\/wp\/v2\/pages\/932"}],"wp:attachment":[{"href":"https:\/\/outdoor-gym.com\/de\/wp-json\/wp\/v2\/media?parent=1222"}],"curies":[{"name":"wp","href":"https:\/\/api.w.org\/{rel}","templated":true}]}}