{"id":1238,"date":"2021-01-18T13:18:40","date_gmt":"2021-01-18T12:18:40","guid":{"rendered":"https:\/\/outdoor-gym.com\/de\/?page_id=1238"},"modified":"2022-08-08T10:17:53","modified_gmt":"2022-08-08T08:17:53","slug":"outdoor-fitness-station","status":"publish","type":"page","link":"https:\/\/outdoor-gym.com\/de\/produkte\/outdoor-fitness-station\/","title":{"rendered":"Outdoor Fitness-station"},"content":{"rendered":"<p>Outdoor Fitness-station. Sehen Sie sich unsere Vorschl\u00e4ge f\u00fcr funktionale und komplexe Outdoor Vier stationen Fitnessg\u00e4rete an. Kombinieren Sie beliebige Ger\u00e4te aus der Fitness Serie zum Training im Freien.<\/p>\n","protected":false},"excerpt":{"rendered":"<p>Outdoor Fitness-station. Sehen Sie sich unsere Vorschl\u00e4ge f\u00fcr funktionale und komplexe Outdoor Vier stationen Fitnessg\u00e4rete an. Kombinieren Sie beliebige Ger\u00e4te aus der Fitness Serie zum Training im Freien.<\/p>\n","protected":false},"author":1,"featured_media":0,"parent":928,"menu_order":0,"comment_status":"closed","ping_status":"closed","template":"template-seria.php","meta":[],"acf":[],"yoast_head":"<!-- This site is optimized with the Yoast SEO plugin v20.6 - https:\/\/yoast.com\/wordpress\/plugins\/seo\/ -->\n<title>Outdoor Fitness-station, Vier Stationen Fitnessger\u00e4te - TRAINER<\/title>\n<meta name=\"description\" content=\"Outdoor Fitness-station. Sie sich unsere Vorschl\u00e4ge f\u00fcr funktionale und komplexe Outdoor Vier Stationen Fitnessger\u00e4te an. Kombinieren Sie beliebige Ger\u00e4te aus der Fitness Serie zum Training im Freien. Outdoor Fitness-station Kaufen.\" \/>\n<meta name=\"robots\" content=\"index, follow, max-snippet:-1, max-image-preview:large, max-video-preview:-1\" \/>\n<link rel=\"canonical\" href=\"https:\/\/outdoor-gym.com\/de\/produkte\/outdoor-fitness-station\/\" \/>\n<meta property=\"og:locale\" content=\"de_DE\" \/>\n<meta property=\"og:type\" content=\"article\" \/>\n<meta property=\"og:title\" content=\"Outdoor Fitness-station, Vier Stationen Fitnessger\u00e4te - TRAINER\" \/>\n<meta property=\"og:description\" content=\"Outdoor Fitness-station. Sie sich unsere Vorschl\u00e4ge f\u00fcr funktionale und komplexe Outdoor Vier Stationen Fitnessger\u00e4te an. Kombinieren Sie beliebige Ger\u00e4te aus der Fitness Serie zum Training im Freien. Outdoor Fitness-station Kaufen.\" \/>\n<meta property=\"og:url\" content=\"https:\/\/outdoor-gym.com\/de\/produkte\/outdoor-fitness-station\/\" \/>\n<meta property=\"og:site_name\" content=\"Trainer\" \/>\n<meta property=\"article:modified_time\" content=\"2022-08-08T08:17:53+00:00\" \/>\n<meta name=\"twitter:card\" content=\"summary_large_image\" \/>\n<meta name=\"twitter:label1\" content=\"Szacowany czas czytania\" \/>\n\t<meta name=\"twitter:data1\" content=\"1 minuta\" \/>\n<script type=\"application\/ld+json\" class=\"yoast-schema-graph\">{\"@context\":\"https:\/\/schema.org\",\"@graph\":[{\"@type\":\"WebPage\",\"@id\":\"https:\/\/outdoor-gym.com\/de\/produkte\/outdoor-fitness-station\/\",\"url\":\"https:\/\/outdoor-gym.com\/de\/produkte\/outdoor-fitness-station\/\",\"name\":\"Outdoor Fitness-station, Vier Stationen Fitnessger\u00e4te - TRAINER\",\"isPartOf\":{\"@id\":\"https:\/\/outdoor-gym.com\/de\/#website\"},\"datePublished\":\"2021-01-18T12:18:40+00:00\",\"dateModified\":\"2022-08-08T08:17:53+00:00\",\"description\":\"Outdoor Fitness-station. Sie sich unsere Vorschl\u00e4ge f\u00fcr funktionale und komplexe Outdoor Vier Stationen Fitnessger\u00e4te an. Kombinieren Sie beliebige Ger\u00e4te aus der Fitness Serie zum Training im Freien. Outdoor Fitness-station Kaufen.\",\"breadcrumb\":{\"@id\":\"https:\/\/outdoor-gym.com\/de\/produkte\/outdoor-fitness-station\/#breadcrumb\"},\"inLanguage\":\"pl-PL\",\"potentialAction\":[{\"@type\":\"ReadAction\",\"target\":[\"https:\/\/outdoor-gym.com\/de\/produkte\/outdoor-fitness-station\/\"]}]},{\"@type\":\"BreadcrumbList\",\"@id\":\"https:\/\/outdoor-gym.com\/de\/produkte\/outdoor-fitness-station\/#breadcrumb\",\"itemListElement\":[{\"@type\":\"ListItem\",\"position\":1,\"name\":\"de\",\"item\":\"https:\/\/outdoor-gym.com\/de\/\"},{\"@type\":\"ListItem\",\"position\":2,\"name\":\"Produkte\",\"item\":\"https:\/\/outdoor-gym.com\/de\/produkte\/\"},{\"@type\":\"ListItem\",\"position\":3,\"name\":\"Outdoor Fitness-station\"}]},{\"@type\":\"WebSite\",\"@id\":\"https:\/\/outdoor-gym.com\/de\/#website\",\"url\":\"https:\/\/outdoor-gym.com\/de\/\",\"name\":\"Trainer\",\"description\":\"Trainer\",\"potentialAction\":[{\"@type\":\"SearchAction\",\"target\":{\"@type\":\"EntryPoint\",\"urlTemplate\":\"https:\/\/outdoor-gym.com\/de\/?s={search_term_string}\"},\"query-input\":\"required name=search_term_string\"}],\"inLanguage\":\"pl-PL\"}]}<\/script>\n<!-- \/ Yoast SEO plugin. -->","yoast_head_json":{"title":"Outdoor Fitness-station, Vier Stationen Fitnessger\u00e4te - TRAINER","description":"Outdoor Fitness-station. Sie sich unsere Vorschl\u00e4ge f\u00fcr funktionale und komplexe Outdoor Vier Stationen Fitnessger\u00e4te an. Kombinieren Sie beliebige Ger\u00e4te aus der Fitness Serie zum Training im Freien. Outdoor Fitness-station Kaufen.","robots":{"index":"index","follow":"follow","max-snippet":"max-snippet:-1","max-image-preview":"max-image-preview:large","max-video-preview":"max-video-preview:-1"},"canonical":"https:\/\/outdoor-gym.com\/de\/produkte\/outdoor-fitness-station\/","og_locale":"de_DE","og_type":"article","og_title":"Outdoor Fitness-station, Vier Stationen Fitnessger\u00e4te - TRAINER","og_description":"Outdoor Fitness-station. Sie sich unsere Vorschl\u00e4ge f\u00fcr funktionale und komplexe Outdoor Vier Stationen Fitnessger\u00e4te an. Kombinieren Sie beliebige Ger\u00e4te aus der Fitness Serie zum Training im Freien. Outdoor Fitness-station Kaufen.","og_url":"https:\/\/outdoor-gym.com\/de\/produkte\/outdoor-fitness-station\/","og_site_name":"Trainer","article_modified_time":"2022-08-08T08:17:53+00:00","twitter_card":"summary_large_image","twitter_misc":{"Szacowany czas czytania":"1 minuta"},"schema":{"@context":"https:\/\/schema.org","@graph":[{"@type":"WebPage","@id":"https:\/\/outdoor-gym.com\/de\/produkte\/outdoor-fitness-station\/","url":"https:\/\/outdoor-gym.com\/de\/produkte\/outdoor-fitness-station\/","name":"Outdoor Fitness-station, Vier Stationen Fitnessger\u00e4te - TRAINER","isPartOf":{"@id":"https:\/\/outdoor-gym.com\/de\/#website"},"datePublished":"2021-01-18T12:18:40+00:00","dateModified":"2022-08-08T08:17:53+00:00","description":"Outdoor Fitness-station. Sie sich unsere Vorschl\u00e4ge f\u00fcr funktionale und komplexe Outdoor Vier Stationen Fitnessger\u00e4te an. Kombinieren Sie beliebige Ger\u00e4te aus der Fitness Serie zum Training im Freien. Outdoor Fitness-station Kaufen.","breadcrumb":{"@id":"https:\/\/outdoor-gym.com\/de\/produkte\/outdoor-fitness-station\/#breadcrumb"},"inLanguage":"pl-PL","potentialAction":[{"@type":"ReadAction","target":["https:\/\/outdoor-gym.com\/de\/produkte\/outdoor-fitness-station\/"]}]},{"@type":"BreadcrumbList","@id":"https:\/\/outdoor-gym.com\/de\/produkte\/outdoor-fitness-station\/#breadcrumb","itemListElement":[{"@type":"ListItem","position":1,"name":"de","item":"https:\/\/outdoor-gym.com\/de\/"},{"@type":"ListItem","position":2,"name":"Produkte","item":"https:\/\/outdoor-gym.com\/de\/produkte\/"},{"@type":"ListItem","position":3,"name":"Outdoor Fitness-station"}]},{"@type":"WebSite","@id":"https:\/\/outdoor-gym.com\/de\/#website","url":"https:\/\/outdoor-gym.com\/de\/","name":"Trainer","description":"Trainer","potentialAction":[{"@type":"SearchAction","target":{"@type":"EntryPoint","urlTemplate":"https:\/\/outdoor-gym.com\/de\/?s={search_term_string}"},"query-input":"required name=search_term_string"}],"inLanguage":"pl-PL"}]}},"_links":{"self":[{"href":"https:\/\/outdoor-gym.com\/de\/wp-json\/wp\/v2\/pages\/1238"}],"collection":[{"href":"https:\/\/outdoor-gym.com\/de\/wp-json\/wp\/v2\/pages"}],"about":[{"href":"https:\/\/outdoor-gym.com\/de\/wp-json\/wp\/v2\/types\/page"}],"author":[{"embeddable":true,"href":"https:\/\/outdoor-gym.com\/de\/wp-json\/wp\/v2\/users\/1"}],"replies":[{"embeddable":true,"href":"https:\/\/outdoor-gym.com\/de\/wp-json\/wp\/v2\/comments?post=1238"}],"version-history":[{"count":17,"href":"https:\/\/outdoor-gym.com\/de\/wp-json\/wp\/v2\/pages\/1238\/revisions"}],"predecessor-version":[{"id":4064,"href":"https:\/\/outdoor-gym.com\/de\/wp-json\/wp\/v2\/pages\/1238\/revisions\/4064"}],"up":[{"embeddable":true,"href":"https:\/\/outdoor-gym.com\/de\/wp-json\/wp\/v2\/pages\/928"}],"wp:attachment":[{"href":"https:\/\/outdoor-gym.com\/de\/wp-json\/wp\/v2\/media?parent=1238"}],"curies":[{"name":"wp","href":"https:\/\/api.w.org\/{rel}","templated":true}]}}