{"id":1246,"date":"2021-01-18T13:31:12","date_gmt":"2021-01-18T12:31:12","guid":{"rendered":"https:\/\/outdoor-gym.com\/de\/?page_id=1246"},"modified":"2021-08-20T14:02:55","modified_gmt":"2021-08-20T12:02:55","slug":"spazierganger","status":"publish","type":"page","link":"https:\/\/outdoor-gym.com\/de\/produkte\/spazierganger\/","title":{"rendered":"Spazierg\u00e4nger"},"content":{"rendered":"","protected":false},"excerpt":{"rendered":"","protected":false},"author":1,"featured_media":0,"parent":928,"menu_order":0,"comment_status":"closed","ping_status":"closed","template":"template-rodzaj.php","meta":[],"acf":[],"yoast_head":"<!-- This site is optimized with the Yoast SEO plugin v20.6 - https:\/\/yoast.com\/wordpress\/plugins\/seo\/ -->\n<title>Spazierg\u00e4nger - Outdoor Fitnessger\u00e4te - TRAINER<\/title>\n<meta name=\"description\" content=\"Outdoor Trainingsger\u00e4te Spazierg\u00e4nger. Verbessert die Beweglichkeit der unteren Gliedma\u00dfen, gleicht die Arbeit des gesamten K\u00f6rpers aus und koordiniert sie. St\u00e4rkt die Muskeln der Beine und des Ges\u00e4\u00dfes. Verbessern Sie die kardiorespiratorische Effizienz.\" \/>\n<meta name=\"robots\" content=\"index, follow, max-snippet:-1, max-image-preview:large, max-video-preview:-1\" \/>\n<link rel=\"canonical\" href=\"https:\/\/outdoor-gym.com\/de\/produkte\/spazierganger\/\" \/>\n<meta property=\"og:locale\" content=\"de_DE\" \/>\n<meta property=\"og:type\" content=\"article\" \/>\n<meta property=\"og:title\" content=\"Spazierg\u00e4nger - Outdoor Fitnessger\u00e4te - TRAINER\" \/>\n<meta property=\"og:description\" content=\"Outdoor Trainingsger\u00e4te Spazierg\u00e4nger. Verbessert die Beweglichkeit der unteren Gliedma\u00dfen, gleicht die Arbeit des gesamten K\u00f6rpers aus und koordiniert sie. St\u00e4rkt die Muskeln der Beine und des Ges\u00e4\u00dfes. Verbessern Sie die kardiorespiratorische Effizienz.\" \/>\n<meta property=\"og:url\" content=\"https:\/\/outdoor-gym.com\/de\/produkte\/spazierganger\/\" \/>\n<meta property=\"og:site_name\" content=\"Trainer\" \/>\n<meta property=\"article:modified_time\" content=\"2021-08-20T12:02:55+00:00\" \/>\n<meta name=\"twitter:card\" content=\"summary_large_image\" \/>\n<script type=\"application\/ld+json\" class=\"yoast-schema-graph\">{\"@context\":\"https:\/\/schema.org\",\"@graph\":[{\"@type\":\"WebPage\",\"@id\":\"https:\/\/outdoor-gym.com\/de\/produkte\/spazierganger\/\",\"url\":\"https:\/\/outdoor-gym.com\/de\/produkte\/spazierganger\/\",\"name\":\"Spazierg\u00e4nger - Outdoor Fitnessger\u00e4te - TRAINER\",\"isPartOf\":{\"@id\":\"https:\/\/outdoor-gym.com\/de\/#website\"},\"datePublished\":\"2021-01-18T12:31:12+00:00\",\"dateModified\":\"2021-08-20T12:02:55+00:00\",\"description\":\"Outdoor Trainingsger\u00e4te Spazierg\u00e4nger. Verbessert die Beweglichkeit der unteren Gliedma\u00dfen, gleicht die Arbeit des gesamten K\u00f6rpers aus und koordiniert sie. St\u00e4rkt die Muskeln der Beine und des Ges\u00e4\u00dfes. Verbessern Sie die kardiorespiratorische Effizienz.\",\"breadcrumb\":{\"@id\":\"https:\/\/outdoor-gym.com\/de\/produkte\/spazierganger\/#breadcrumb\"},\"inLanguage\":\"pl-PL\",\"potentialAction\":[{\"@type\":\"ReadAction\",\"target\":[\"https:\/\/outdoor-gym.com\/de\/produkte\/spazierganger\/\"]}]},{\"@type\":\"BreadcrumbList\",\"@id\":\"https:\/\/outdoor-gym.com\/de\/produkte\/spazierganger\/#breadcrumb\",\"itemListElement\":[{\"@type\":\"ListItem\",\"position\":1,\"name\":\"de\",\"item\":\"https:\/\/outdoor-gym.com\/de\/\"},{\"@type\":\"ListItem\",\"position\":2,\"name\":\"Produkte\",\"item\":\"https:\/\/outdoor-gym.com\/de\/produkte\/\"},{\"@type\":\"ListItem\",\"position\":3,\"name\":\"Spazierg\u00e4nger\"}]},{\"@type\":\"WebSite\",\"@id\":\"https:\/\/outdoor-gym.com\/de\/#website\",\"url\":\"https:\/\/outdoor-gym.com\/de\/\",\"name\":\"Trainer\",\"description\":\"Trainer\",\"potentialAction\":[{\"@type\":\"SearchAction\",\"target\":{\"@type\":\"EntryPoint\",\"urlTemplate\":\"https:\/\/outdoor-gym.com\/de\/?s={search_term_string}\"},\"query-input\":\"required name=search_term_string\"}],\"inLanguage\":\"pl-PL\"}]}<\/script>\n<!-- \/ Yoast SEO plugin. -->","yoast_head_json":{"title":"Spazierg\u00e4nger - Outdoor Fitnessger\u00e4te - TRAINER","description":"Outdoor Trainingsger\u00e4te Spazierg\u00e4nger. Verbessert die Beweglichkeit der unteren Gliedma\u00dfen, gleicht die Arbeit des gesamten K\u00f6rpers aus und koordiniert sie. St\u00e4rkt die Muskeln der Beine und des Ges\u00e4\u00dfes. Verbessern Sie die kardiorespiratorische Effizienz.","robots":{"index":"index","follow":"follow","max-snippet":"max-snippet:-1","max-image-preview":"max-image-preview:large","max-video-preview":"max-video-preview:-1"},"canonical":"https:\/\/outdoor-gym.com\/de\/produkte\/spazierganger\/","og_locale":"de_DE","og_type":"article","og_title":"Spazierg\u00e4nger - Outdoor Fitnessger\u00e4te - TRAINER","og_description":"Outdoor Trainingsger\u00e4te Spazierg\u00e4nger. Verbessert die Beweglichkeit der unteren Gliedma\u00dfen, gleicht die Arbeit des gesamten K\u00f6rpers aus und koordiniert sie. St\u00e4rkt die Muskeln der Beine und des Ges\u00e4\u00dfes. Verbessern Sie die kardiorespiratorische Effizienz.","og_url":"https:\/\/outdoor-gym.com\/de\/produkte\/spazierganger\/","og_site_name":"Trainer","article_modified_time":"2021-08-20T12:02:55+00:00","twitter_card":"summary_large_image","schema":{"@context":"https:\/\/schema.org","@graph":[{"@type":"WebPage","@id":"https:\/\/outdoor-gym.com\/de\/produkte\/spazierganger\/","url":"https:\/\/outdoor-gym.com\/de\/produkte\/spazierganger\/","name":"Spazierg\u00e4nger - Outdoor Fitnessger\u00e4te - TRAINER","isPartOf":{"@id":"https:\/\/outdoor-gym.com\/de\/#website"},"datePublished":"2021-01-18T12:31:12+00:00","dateModified":"2021-08-20T12:02:55+00:00","description":"Outdoor Trainingsger\u00e4te Spazierg\u00e4nger. Verbessert die Beweglichkeit der unteren Gliedma\u00dfen, gleicht die Arbeit des gesamten K\u00f6rpers aus und koordiniert sie. St\u00e4rkt die Muskeln der Beine und des Ges\u00e4\u00dfes. Verbessern Sie die kardiorespiratorische Effizienz.","breadcrumb":{"@id":"https:\/\/outdoor-gym.com\/de\/produkte\/spazierganger\/#breadcrumb"},"inLanguage":"pl-PL","potentialAction":[{"@type":"ReadAction","target":["https:\/\/outdoor-gym.com\/de\/produkte\/spazierganger\/"]}]},{"@type":"BreadcrumbList","@id":"https:\/\/outdoor-gym.com\/de\/produkte\/spazierganger\/#breadcrumb","itemListElement":[{"@type":"ListItem","position":1,"name":"de","item":"https:\/\/outdoor-gym.com\/de\/"},{"@type":"ListItem","position":2,"name":"Produkte","item":"https:\/\/outdoor-gym.com\/de\/produkte\/"},{"@type":"ListItem","position":3,"name":"Spazierg\u00e4nger"}]},{"@type":"WebSite","@id":"https:\/\/outdoor-gym.com\/de\/#website","url":"https:\/\/outdoor-gym.com\/de\/","name":"Trainer","description":"Trainer","potentialAction":[{"@type":"SearchAction","target":{"@type":"EntryPoint","urlTemplate":"https:\/\/outdoor-gym.com\/de\/?s={search_term_string}"},"query-input":"required name=search_term_string"}],"inLanguage":"pl-PL"}]}},"_links":{"self":[{"href":"https:\/\/outdoor-gym.com\/de\/wp-json\/wp\/v2\/pages\/1246"}],"collection":[{"href":"https:\/\/outdoor-gym.com\/de\/wp-json\/wp\/v2\/pages"}],"about":[{"href":"https:\/\/outdoor-gym.com\/de\/wp-json\/wp\/v2\/types\/page"}],"author":[{"embeddable":true,"href":"https:\/\/outdoor-gym.com\/de\/wp-json\/wp\/v2\/users\/1"}],"replies":[{"embeddable":true,"href":"https:\/\/outdoor-gym.com\/de\/wp-json\/wp\/v2\/comments?post=1246"}],"version-history":[{"count":6,"href":"https:\/\/outdoor-gym.com\/de\/wp-json\/wp\/v2\/pages\/1246\/revisions"}],"predecessor-version":[{"id":3505,"href":"https:\/\/outdoor-gym.com\/de\/wp-json\/wp\/v2\/pages\/1246\/revisions\/3505"}],"up":[{"embeddable":true,"href":"https:\/\/outdoor-gym.com\/de\/wp-json\/wp\/v2\/pages\/928"}],"wp:attachment":[{"href":"https:\/\/outdoor-gym.com\/de\/wp-json\/wp\/v2\/media?parent=1246"}],"curies":[{"name":"wp","href":"https:\/\/api.w.org\/{rel}","templated":true}]}}