{"id":1281,"date":"2021-01-18T14:20:26","date_gmt":"2021-01-18T13:20:26","guid":{"rendered":"https:\/\/outdoor-gym.com\/de\/?page_id=1281"},"modified":"2021-08-24T14:37:13","modified_gmt":"2021-08-24T12:37:13","slug":"pressebank","status":"publish","type":"page","link":"https:\/\/outdoor-gym.com\/de\/produkte\/pressebank\/","title":{"rendered":"Pressebank"},"content":{"rendered":"","protected":false},"excerpt":{"rendered":"","protected":false},"author":1,"featured_media":0,"parent":928,"menu_order":0,"comment_status":"closed","ping_status":"closed","template":"template-rodzaj.php","meta":[],"acf":[],"yoast_head":"<!-- This site is optimized with the Yoast SEO plugin v20.6 - https:\/\/yoast.com\/wordpress\/plugins\/seo\/ -->\n<title>Pressebank - Outdoor Fitnessger\u00e4te - TRAINER Outdoor Gym<\/title>\n<meta name=\"description\" content=\"Outdoor Trainingsger\u00e4te Pressebank. \u00dcbungen beeinflussen die Entwicklung der Oberk\u00f6rperteile, entwickeln Brustmuskeln, formen die Schultermuskeln und den Trizeps.\" \/>\n<meta name=\"robots\" content=\"index, follow, max-snippet:-1, max-image-preview:large, max-video-preview:-1\" \/>\n<link rel=\"canonical\" href=\"https:\/\/outdoor-gym.com\/de\/produkte\/pressebank\/\" \/>\n<meta property=\"og:locale\" content=\"de_DE\" \/>\n<meta property=\"og:type\" content=\"article\" \/>\n<meta property=\"og:title\" content=\"Pressebank - Outdoor Fitnessger\u00e4te - TRAINER Outdoor Gym\" \/>\n<meta property=\"og:description\" content=\"Outdoor Trainingsger\u00e4te Pressebank. \u00dcbungen beeinflussen die Entwicklung der Oberk\u00f6rperteile, entwickeln Brustmuskeln, formen die Schultermuskeln und den Trizeps.\" \/>\n<meta property=\"og:url\" content=\"https:\/\/outdoor-gym.com\/de\/produkte\/pressebank\/\" \/>\n<meta property=\"og:site_name\" content=\"Trainer\" \/>\n<meta property=\"article:modified_time\" content=\"2021-08-24T12:37:13+00:00\" \/>\n<meta name=\"twitter:card\" content=\"summary_large_image\" \/>\n<script type=\"application\/ld+json\" class=\"yoast-schema-graph\">{\"@context\":\"https:\/\/schema.org\",\"@graph\":[{\"@type\":\"WebPage\",\"@id\":\"https:\/\/outdoor-gym.com\/de\/produkte\/pressebank\/\",\"url\":\"https:\/\/outdoor-gym.com\/de\/produkte\/pressebank\/\",\"name\":\"Pressebank - Outdoor Fitnessger\u00e4te - TRAINER Outdoor Gym\",\"isPartOf\":{\"@id\":\"https:\/\/outdoor-gym.com\/de\/#website\"},\"datePublished\":\"2021-01-18T13:20:26+00:00\",\"dateModified\":\"2021-08-24T12:37:13+00:00\",\"description\":\"Outdoor Trainingsger\u00e4te Pressebank. \u00dcbungen beeinflussen die Entwicklung der Oberk\u00f6rperteile, entwickeln Brustmuskeln, formen die Schultermuskeln und den Trizeps.\",\"breadcrumb\":{\"@id\":\"https:\/\/outdoor-gym.com\/de\/produkte\/pressebank\/#breadcrumb\"},\"inLanguage\":\"pl-PL\",\"potentialAction\":[{\"@type\":\"ReadAction\",\"target\":[\"https:\/\/outdoor-gym.com\/de\/produkte\/pressebank\/\"]}]},{\"@type\":\"BreadcrumbList\",\"@id\":\"https:\/\/outdoor-gym.com\/de\/produkte\/pressebank\/#breadcrumb\",\"itemListElement\":[{\"@type\":\"ListItem\",\"position\":1,\"name\":\"de\",\"item\":\"https:\/\/outdoor-gym.com\/de\/\"},{\"@type\":\"ListItem\",\"position\":2,\"name\":\"Produkte\",\"item\":\"https:\/\/outdoor-gym.com\/de\/produkte\/\"},{\"@type\":\"ListItem\",\"position\":3,\"name\":\"Pressebank\"}]},{\"@type\":\"WebSite\",\"@id\":\"https:\/\/outdoor-gym.com\/de\/#website\",\"url\":\"https:\/\/outdoor-gym.com\/de\/\",\"name\":\"Trainer\",\"description\":\"Trainer\",\"potentialAction\":[{\"@type\":\"SearchAction\",\"target\":{\"@type\":\"EntryPoint\",\"urlTemplate\":\"https:\/\/outdoor-gym.com\/de\/?s={search_term_string}\"},\"query-input\":\"required name=search_term_string\"}],\"inLanguage\":\"pl-PL\"}]}<\/script>\n<!-- \/ Yoast SEO plugin. -->","yoast_head_json":{"title":"Pressebank - Outdoor Fitnessger\u00e4te - TRAINER Outdoor Gym","description":"Outdoor Trainingsger\u00e4te Pressebank. \u00dcbungen beeinflussen die Entwicklung der Oberk\u00f6rperteile, entwickeln Brustmuskeln, formen die Schultermuskeln und den Trizeps.","robots":{"index":"index","follow":"follow","max-snippet":"max-snippet:-1","max-image-preview":"max-image-preview:large","max-video-preview":"max-video-preview:-1"},"canonical":"https:\/\/outdoor-gym.com\/de\/produkte\/pressebank\/","og_locale":"de_DE","og_type":"article","og_title":"Pressebank - Outdoor Fitnessger\u00e4te - TRAINER Outdoor Gym","og_description":"Outdoor Trainingsger\u00e4te Pressebank. \u00dcbungen beeinflussen die Entwicklung der Oberk\u00f6rperteile, entwickeln Brustmuskeln, formen die Schultermuskeln und den Trizeps.","og_url":"https:\/\/outdoor-gym.com\/de\/produkte\/pressebank\/","og_site_name":"Trainer","article_modified_time":"2021-08-24T12:37:13+00:00","twitter_card":"summary_large_image","schema":{"@context":"https:\/\/schema.org","@graph":[{"@type":"WebPage","@id":"https:\/\/outdoor-gym.com\/de\/produkte\/pressebank\/","url":"https:\/\/outdoor-gym.com\/de\/produkte\/pressebank\/","name":"Pressebank - Outdoor Fitnessger\u00e4te - TRAINER Outdoor Gym","isPartOf":{"@id":"https:\/\/outdoor-gym.com\/de\/#website"},"datePublished":"2021-01-18T13:20:26+00:00","dateModified":"2021-08-24T12:37:13+00:00","description":"Outdoor Trainingsger\u00e4te Pressebank. \u00dcbungen beeinflussen die Entwicklung der Oberk\u00f6rperteile, entwickeln Brustmuskeln, formen die Schultermuskeln und den Trizeps.","breadcrumb":{"@id":"https:\/\/outdoor-gym.com\/de\/produkte\/pressebank\/#breadcrumb"},"inLanguage":"pl-PL","potentialAction":[{"@type":"ReadAction","target":["https:\/\/outdoor-gym.com\/de\/produkte\/pressebank\/"]}]},{"@type":"BreadcrumbList","@id":"https:\/\/outdoor-gym.com\/de\/produkte\/pressebank\/#breadcrumb","itemListElement":[{"@type":"ListItem","position":1,"name":"de","item":"https:\/\/outdoor-gym.com\/de\/"},{"@type":"ListItem","position":2,"name":"Produkte","item":"https:\/\/outdoor-gym.com\/de\/produkte\/"},{"@type":"ListItem","position":3,"name":"Pressebank"}]},{"@type":"WebSite","@id":"https:\/\/outdoor-gym.com\/de\/#website","url":"https:\/\/outdoor-gym.com\/de\/","name":"Trainer","description":"Trainer","potentialAction":[{"@type":"SearchAction","target":{"@type":"EntryPoint","urlTemplate":"https:\/\/outdoor-gym.com\/de\/?s={search_term_string}"},"query-input":"required name=search_term_string"}],"inLanguage":"pl-PL"}]}},"_links":{"self":[{"href":"https:\/\/outdoor-gym.com\/de\/wp-json\/wp\/v2\/pages\/1281"}],"collection":[{"href":"https:\/\/outdoor-gym.com\/de\/wp-json\/wp\/v2\/pages"}],"about":[{"href":"https:\/\/outdoor-gym.com\/de\/wp-json\/wp\/v2\/types\/page"}],"author":[{"embeddable":true,"href":"https:\/\/outdoor-gym.com\/de\/wp-json\/wp\/v2\/users\/1"}],"replies":[{"embeddable":true,"href":"https:\/\/outdoor-gym.com\/de\/wp-json\/wp\/v2\/comments?post=1281"}],"version-history":[{"count":7,"href":"https:\/\/outdoor-gym.com\/de\/wp-json\/wp\/v2\/pages\/1281\/revisions"}],"predecessor-version":[{"id":3591,"href":"https:\/\/outdoor-gym.com\/de\/wp-json\/wp\/v2\/pages\/1281\/revisions\/3591"}],"up":[{"embeddable":true,"href":"https:\/\/outdoor-gym.com\/de\/wp-json\/wp\/v2\/pages\/928"}],"wp:attachment":[{"href":"https:\/\/outdoor-gym.com\/de\/wp-json\/wp\/v2\/media?parent=1281"}],"curies":[{"name":"wp","href":"https:\/\/api.w.org\/{rel}","templated":true}]}}