{"id":1762,"date":"2021-02-05T12:57:18","date_gmt":"2021-02-05T11:57:18","guid":{"rendered":"https:\/\/outdoor-gym.com\/de\/?page_id=1762"},"modified":"2021-08-23T17:02:34","modified_gmt":"2021-08-23T15:02:34","slug":"fahrrad","status":"publish","type":"page","link":"https:\/\/outdoor-gym.com\/de\/produkte\/fahrrad\/","title":{"rendered":"Fahrrad"},"content":{"rendered":"","protected":false},"excerpt":{"rendered":"","protected":false},"author":1,"featured_media":0,"parent":928,"menu_order":0,"comment_status":"closed","ping_status":"closed","template":"template-rodzaj.php","meta":[],"acf":[],"yoast_head":"<!-- This site is optimized with the Yoast SEO plugin v20.6 - https:\/\/yoast.com\/wordpress\/plugins\/seo\/ -->\n<title>Fahrrad - Outdoor Fitnessger\u00e4te - TRAINER Sportger\u00e4te f\u00fcr Drau\u00dfen<\/title>\n<meta name=\"description\" content=\"Outdoor Trainingsger\u00e4te Fahrrad. \u00dcbungen entwickeln die Beinmuskulatur, st\u00e4rken die Kniegelenke und verbessern die kardiorespiratorische Fitness. Outdoor Fitnessger\u00e4te f\u00fcr den Garten\" \/>\n<meta name=\"robots\" content=\"index, follow, max-snippet:-1, max-image-preview:large, max-video-preview:-1\" \/>\n<link rel=\"canonical\" href=\"https:\/\/outdoor-gym.com\/de\/produkte\/fahrrad\/\" \/>\n<meta property=\"og:locale\" content=\"de_DE\" \/>\n<meta property=\"og:type\" content=\"article\" \/>\n<meta property=\"og:title\" content=\"Fahrrad - Outdoor Fitnessger\u00e4te - TRAINER Sportger\u00e4te f\u00fcr Drau\u00dfen\" \/>\n<meta property=\"og:description\" content=\"Outdoor Trainingsger\u00e4te Fahrrad. \u00dcbungen entwickeln die Beinmuskulatur, st\u00e4rken die Kniegelenke und verbessern die kardiorespiratorische Fitness. Outdoor Fitnessger\u00e4te f\u00fcr den Garten\" \/>\n<meta property=\"og:url\" content=\"https:\/\/outdoor-gym.com\/de\/produkte\/fahrrad\/\" \/>\n<meta property=\"og:site_name\" content=\"Trainer\" \/>\n<meta property=\"article:modified_time\" content=\"2021-08-23T15:02:34+00:00\" \/>\n<meta name=\"twitter:card\" content=\"summary_large_image\" \/>\n<script type=\"application\/ld+json\" class=\"yoast-schema-graph\">{\"@context\":\"https:\/\/schema.org\",\"@graph\":[{\"@type\":\"WebPage\",\"@id\":\"https:\/\/outdoor-gym.com\/de\/produkte\/fahrrad\/\",\"url\":\"https:\/\/outdoor-gym.com\/de\/produkte\/fahrrad\/\",\"name\":\"Fahrrad - Outdoor Fitnessger\u00e4te - TRAINER Sportger\u00e4te f\u00fcr Drau\u00dfen\",\"isPartOf\":{\"@id\":\"https:\/\/outdoor-gym.com\/de\/#website\"},\"datePublished\":\"2021-02-05T11:57:18+00:00\",\"dateModified\":\"2021-08-23T15:02:34+00:00\",\"description\":\"Outdoor Trainingsger\u00e4te Fahrrad. \u00dcbungen entwickeln die Beinmuskulatur, st\u00e4rken die Kniegelenke und verbessern die kardiorespiratorische Fitness. Outdoor Fitnessger\u00e4te f\u00fcr den Garten\",\"breadcrumb\":{\"@id\":\"https:\/\/outdoor-gym.com\/de\/produkte\/fahrrad\/#breadcrumb\"},\"inLanguage\":\"pl-PL\",\"potentialAction\":[{\"@type\":\"ReadAction\",\"target\":[\"https:\/\/outdoor-gym.com\/de\/produkte\/fahrrad\/\"]}]},{\"@type\":\"BreadcrumbList\",\"@id\":\"https:\/\/outdoor-gym.com\/de\/produkte\/fahrrad\/#breadcrumb\",\"itemListElement\":[{\"@type\":\"ListItem\",\"position\":1,\"name\":\"de\",\"item\":\"https:\/\/outdoor-gym.com\/de\/\"},{\"@type\":\"ListItem\",\"position\":2,\"name\":\"Produkte\",\"item\":\"https:\/\/outdoor-gym.com\/de\/produkte\/\"},{\"@type\":\"ListItem\",\"position\":3,\"name\":\"Fahrrad\"}]},{\"@type\":\"WebSite\",\"@id\":\"https:\/\/outdoor-gym.com\/de\/#website\",\"url\":\"https:\/\/outdoor-gym.com\/de\/\",\"name\":\"Trainer\",\"description\":\"Trainer\",\"potentialAction\":[{\"@type\":\"SearchAction\",\"target\":{\"@type\":\"EntryPoint\",\"urlTemplate\":\"https:\/\/outdoor-gym.com\/de\/?s={search_term_string}\"},\"query-input\":\"required name=search_term_string\"}],\"inLanguage\":\"pl-PL\"}]}<\/script>\n<!-- \/ Yoast SEO plugin. -->","yoast_head_json":{"title":"Fahrrad - Outdoor Fitnessger\u00e4te - TRAINER Sportger\u00e4te f\u00fcr Drau\u00dfen","description":"Outdoor Trainingsger\u00e4te Fahrrad. \u00dcbungen entwickeln die Beinmuskulatur, st\u00e4rken die Kniegelenke und verbessern die kardiorespiratorische Fitness. Outdoor Fitnessger\u00e4te f\u00fcr den Garten","robots":{"index":"index","follow":"follow","max-snippet":"max-snippet:-1","max-image-preview":"max-image-preview:large","max-video-preview":"max-video-preview:-1"},"canonical":"https:\/\/outdoor-gym.com\/de\/produkte\/fahrrad\/","og_locale":"de_DE","og_type":"article","og_title":"Fahrrad - Outdoor Fitnessger\u00e4te - TRAINER Sportger\u00e4te f\u00fcr Drau\u00dfen","og_description":"Outdoor Trainingsger\u00e4te Fahrrad. \u00dcbungen entwickeln die Beinmuskulatur, st\u00e4rken die Kniegelenke und verbessern die kardiorespiratorische Fitness. Outdoor Fitnessger\u00e4te f\u00fcr den Garten","og_url":"https:\/\/outdoor-gym.com\/de\/produkte\/fahrrad\/","og_site_name":"Trainer","article_modified_time":"2021-08-23T15:02:34+00:00","twitter_card":"summary_large_image","schema":{"@context":"https:\/\/schema.org","@graph":[{"@type":"WebPage","@id":"https:\/\/outdoor-gym.com\/de\/produkte\/fahrrad\/","url":"https:\/\/outdoor-gym.com\/de\/produkte\/fahrrad\/","name":"Fahrrad - Outdoor Fitnessger\u00e4te - TRAINER Sportger\u00e4te f\u00fcr Drau\u00dfen","isPartOf":{"@id":"https:\/\/outdoor-gym.com\/de\/#website"},"datePublished":"2021-02-05T11:57:18+00:00","dateModified":"2021-08-23T15:02:34+00:00","description":"Outdoor Trainingsger\u00e4te Fahrrad. \u00dcbungen entwickeln die Beinmuskulatur, st\u00e4rken die Kniegelenke und verbessern die kardiorespiratorische Fitness. Outdoor Fitnessger\u00e4te f\u00fcr den Garten","breadcrumb":{"@id":"https:\/\/outdoor-gym.com\/de\/produkte\/fahrrad\/#breadcrumb"},"inLanguage":"pl-PL","potentialAction":[{"@type":"ReadAction","target":["https:\/\/outdoor-gym.com\/de\/produkte\/fahrrad\/"]}]},{"@type":"BreadcrumbList","@id":"https:\/\/outdoor-gym.com\/de\/produkte\/fahrrad\/#breadcrumb","itemListElement":[{"@type":"ListItem","position":1,"name":"de","item":"https:\/\/outdoor-gym.com\/de\/"},{"@type":"ListItem","position":2,"name":"Produkte","item":"https:\/\/outdoor-gym.com\/de\/produkte\/"},{"@type":"ListItem","position":3,"name":"Fahrrad"}]},{"@type":"WebSite","@id":"https:\/\/outdoor-gym.com\/de\/#website","url":"https:\/\/outdoor-gym.com\/de\/","name":"Trainer","description":"Trainer","potentialAction":[{"@type":"SearchAction","target":{"@type":"EntryPoint","urlTemplate":"https:\/\/outdoor-gym.com\/de\/?s={search_term_string}"},"query-input":"required name=search_term_string"}],"inLanguage":"pl-PL"}]}},"_links":{"self":[{"href":"https:\/\/outdoor-gym.com\/de\/wp-json\/wp\/v2\/pages\/1762"}],"collection":[{"href":"https:\/\/outdoor-gym.com\/de\/wp-json\/wp\/v2\/pages"}],"about":[{"href":"https:\/\/outdoor-gym.com\/de\/wp-json\/wp\/v2\/types\/page"}],"author":[{"embeddable":true,"href":"https:\/\/outdoor-gym.com\/de\/wp-json\/wp\/v2\/users\/1"}],"replies":[{"embeddable":true,"href":"https:\/\/outdoor-gym.com\/de\/wp-json\/wp\/v2\/comments?post=1762"}],"version-history":[{"count":5,"href":"https:\/\/outdoor-gym.com\/de\/wp-json\/wp\/v2\/pages\/1762\/revisions"}],"predecessor-version":[{"id":3574,"href":"https:\/\/outdoor-gym.com\/de\/wp-json\/wp\/v2\/pages\/1762\/revisions\/3574"}],"up":[{"embeddable":true,"href":"https:\/\/outdoor-gym.com\/de\/wp-json\/wp\/v2\/pages\/928"}],"wp:attachment":[{"href":"https:\/\/outdoor-gym.com\/de\/wp-json\/wp\/v2\/media?parent=1762"}],"curies":[{"name":"wp","href":"https:\/\/api.w.org\/{rel}","templated":true}]}}