{"id":1774,"date":"2021-02-05T13:07:56","date_gmt":"2021-02-05T12:07:56","guid":{"rendered":"https:\/\/outdoor-gym.com\/de\/?page_id=1774"},"modified":"2021-08-24T17:00:44","modified_gmt":"2021-08-24T15:00:44","slug":"bewegungsgerat-pedal","status":"publish","type":"page","link":"https:\/\/outdoor-gym.com\/de\/produkte\/bewegungsgerat-pedal\/","title":{"rendered":"Bewegungsger\u00e4t Pedal"},"content":{"rendered":"","protected":false},"excerpt":{"rendered":"","protected":false},"author":1,"featured_media":0,"parent":928,"menu_order":0,"comment_status":"closed","ping_status":"closed","template":"template-rodzaj.php","meta":[],"acf":[],"yoast_head":"<!-- This site is optimized with the Yoast SEO plugin v20.6 - https:\/\/yoast.com\/wordpress\/plugins\/seo\/ -->\n<title>Bewegungsger\u00e4t Pedal - TRAINER Outdoor Fitnessger\u00e4te<\/title>\n<meta name=\"description\" content=\"\u00dcbungen entwickeln die Beinmuskulatur, st\u00e4rken die Kniegelenke und verbessern die kardiorespiratorische Fitness. \u00dcbungen mit den Outdoor Fitnessger\u00e4ten wirken sich auf die k\u00f6rperliche und geistige Gesundheit aus und verbessern die allgemeine k\u00f6rperliche Koordination\" \/>\n<meta name=\"robots\" content=\"index, follow, max-snippet:-1, max-image-preview:large, max-video-preview:-1\" \/>\n<link rel=\"canonical\" href=\"https:\/\/outdoor-gym.com\/de\/produkte\/bewegungsgerat-pedal\/\" \/>\n<meta property=\"og:locale\" content=\"de_DE\" \/>\n<meta property=\"og:type\" content=\"article\" \/>\n<meta property=\"og:title\" content=\"Bewegungsger\u00e4t Pedal - TRAINER Outdoor Fitnessger\u00e4te\" \/>\n<meta property=\"og:description\" content=\"\u00dcbungen entwickeln die Beinmuskulatur, st\u00e4rken die Kniegelenke und verbessern die kardiorespiratorische Fitness. \u00dcbungen mit den Outdoor Fitnessger\u00e4ten wirken sich auf die k\u00f6rperliche und geistige Gesundheit aus und verbessern die allgemeine k\u00f6rperliche Koordination\" \/>\n<meta property=\"og:url\" content=\"https:\/\/outdoor-gym.com\/de\/produkte\/bewegungsgerat-pedal\/\" \/>\n<meta property=\"og:site_name\" content=\"Trainer\" \/>\n<meta property=\"article:modified_time\" content=\"2021-08-24T15:00:44+00:00\" \/>\n<meta name=\"twitter:card\" content=\"summary_large_image\" \/>\n<script type=\"application\/ld+json\" class=\"yoast-schema-graph\">{\"@context\":\"https:\/\/schema.org\",\"@graph\":[{\"@type\":\"WebPage\",\"@id\":\"https:\/\/outdoor-gym.com\/de\/produkte\/bewegungsgerat-pedal\/\",\"url\":\"https:\/\/outdoor-gym.com\/de\/produkte\/bewegungsgerat-pedal\/\",\"name\":\"Bewegungsger\u00e4t Pedal - TRAINER Outdoor Fitnessger\u00e4te\",\"isPartOf\":{\"@id\":\"https:\/\/outdoor-gym.com\/de\/#website\"},\"datePublished\":\"2021-02-05T12:07:56+00:00\",\"dateModified\":\"2021-08-24T15:00:44+00:00\",\"description\":\"\u00dcbungen entwickeln die Beinmuskulatur, st\u00e4rken die Kniegelenke und verbessern die kardiorespiratorische Fitness. \u00dcbungen mit den Outdoor Fitnessger\u00e4ten wirken sich auf die k\u00f6rperliche und geistige Gesundheit aus und verbessern die allgemeine k\u00f6rperliche Koordination\",\"breadcrumb\":{\"@id\":\"https:\/\/outdoor-gym.com\/de\/produkte\/bewegungsgerat-pedal\/#breadcrumb\"},\"inLanguage\":\"pl-PL\",\"potentialAction\":[{\"@type\":\"ReadAction\",\"target\":[\"https:\/\/outdoor-gym.com\/de\/produkte\/bewegungsgerat-pedal\/\"]}]},{\"@type\":\"BreadcrumbList\",\"@id\":\"https:\/\/outdoor-gym.com\/de\/produkte\/bewegungsgerat-pedal\/#breadcrumb\",\"itemListElement\":[{\"@type\":\"ListItem\",\"position\":1,\"name\":\"de\",\"item\":\"https:\/\/outdoor-gym.com\/de\/\"},{\"@type\":\"ListItem\",\"position\":2,\"name\":\"Produkte\",\"item\":\"https:\/\/outdoor-gym.com\/de\/produkte\/\"},{\"@type\":\"ListItem\",\"position\":3,\"name\":\"Bewegungsger\u00e4t Pedal\"}]},{\"@type\":\"WebSite\",\"@id\":\"https:\/\/outdoor-gym.com\/de\/#website\",\"url\":\"https:\/\/outdoor-gym.com\/de\/\",\"name\":\"Trainer\",\"description\":\"Trainer\",\"potentialAction\":[{\"@type\":\"SearchAction\",\"target\":{\"@type\":\"EntryPoint\",\"urlTemplate\":\"https:\/\/outdoor-gym.com\/de\/?s={search_term_string}\"},\"query-input\":\"required name=search_term_string\"}],\"inLanguage\":\"pl-PL\"}]}<\/script>\n<!-- \/ Yoast SEO plugin. -->","yoast_head_json":{"title":"Bewegungsger\u00e4t Pedal - TRAINER Outdoor Fitnessger\u00e4te","description":"\u00dcbungen entwickeln die Beinmuskulatur, st\u00e4rken die Kniegelenke und verbessern die kardiorespiratorische Fitness. \u00dcbungen mit den Outdoor Fitnessger\u00e4ten wirken sich auf die k\u00f6rperliche und geistige Gesundheit aus und verbessern die allgemeine k\u00f6rperliche Koordination","robots":{"index":"index","follow":"follow","max-snippet":"max-snippet:-1","max-image-preview":"max-image-preview:large","max-video-preview":"max-video-preview:-1"},"canonical":"https:\/\/outdoor-gym.com\/de\/produkte\/bewegungsgerat-pedal\/","og_locale":"de_DE","og_type":"article","og_title":"Bewegungsger\u00e4t Pedal - TRAINER Outdoor Fitnessger\u00e4te","og_description":"\u00dcbungen entwickeln die Beinmuskulatur, st\u00e4rken die Kniegelenke und verbessern die kardiorespiratorische Fitness. \u00dcbungen mit den Outdoor Fitnessger\u00e4ten wirken sich auf die k\u00f6rperliche und geistige Gesundheit aus und verbessern die allgemeine k\u00f6rperliche Koordination","og_url":"https:\/\/outdoor-gym.com\/de\/produkte\/bewegungsgerat-pedal\/","og_site_name":"Trainer","article_modified_time":"2021-08-24T15:00:44+00:00","twitter_card":"summary_large_image","schema":{"@context":"https:\/\/schema.org","@graph":[{"@type":"WebPage","@id":"https:\/\/outdoor-gym.com\/de\/produkte\/bewegungsgerat-pedal\/","url":"https:\/\/outdoor-gym.com\/de\/produkte\/bewegungsgerat-pedal\/","name":"Bewegungsger\u00e4t Pedal - TRAINER Outdoor Fitnessger\u00e4te","isPartOf":{"@id":"https:\/\/outdoor-gym.com\/de\/#website"},"datePublished":"2021-02-05T12:07:56+00:00","dateModified":"2021-08-24T15:00:44+00:00","description":"\u00dcbungen entwickeln die Beinmuskulatur, st\u00e4rken die Kniegelenke und verbessern die kardiorespiratorische Fitness. \u00dcbungen mit den Outdoor Fitnessger\u00e4ten wirken sich auf die k\u00f6rperliche und geistige Gesundheit aus und verbessern die allgemeine k\u00f6rperliche Koordination","breadcrumb":{"@id":"https:\/\/outdoor-gym.com\/de\/produkte\/bewegungsgerat-pedal\/#breadcrumb"},"inLanguage":"pl-PL","potentialAction":[{"@type":"ReadAction","target":["https:\/\/outdoor-gym.com\/de\/produkte\/bewegungsgerat-pedal\/"]}]},{"@type":"BreadcrumbList","@id":"https:\/\/outdoor-gym.com\/de\/produkte\/bewegungsgerat-pedal\/#breadcrumb","itemListElement":[{"@type":"ListItem","position":1,"name":"de","item":"https:\/\/outdoor-gym.com\/de\/"},{"@type":"ListItem","position":2,"name":"Produkte","item":"https:\/\/outdoor-gym.com\/de\/produkte\/"},{"@type":"ListItem","position":3,"name":"Bewegungsger\u00e4t Pedal"}]},{"@type":"WebSite","@id":"https:\/\/outdoor-gym.com\/de\/#website","url":"https:\/\/outdoor-gym.com\/de\/","name":"Trainer","description":"Trainer","potentialAction":[{"@type":"SearchAction","target":{"@type":"EntryPoint","urlTemplate":"https:\/\/outdoor-gym.com\/de\/?s={search_term_string}"},"query-input":"required name=search_term_string"}],"inLanguage":"pl-PL"}]}},"_links":{"self":[{"href":"https:\/\/outdoor-gym.com\/de\/wp-json\/wp\/v2\/pages\/1774"}],"collection":[{"href":"https:\/\/outdoor-gym.com\/de\/wp-json\/wp\/v2\/pages"}],"about":[{"href":"https:\/\/outdoor-gym.com\/de\/wp-json\/wp\/v2\/types\/page"}],"author":[{"embeddable":true,"href":"https:\/\/outdoor-gym.com\/de\/wp-json\/wp\/v2\/users\/1"}],"replies":[{"embeddable":true,"href":"https:\/\/outdoor-gym.com\/de\/wp-json\/wp\/v2\/comments?post=1774"}],"version-history":[{"count":6,"href":"https:\/\/outdoor-gym.com\/de\/wp-json\/wp\/v2\/pages\/1774\/revisions"}],"predecessor-version":[{"id":3603,"href":"https:\/\/outdoor-gym.com\/de\/wp-json\/wp\/v2\/pages\/1774\/revisions\/3603"}],"up":[{"embeddable":true,"href":"https:\/\/outdoor-gym.com\/de\/wp-json\/wp\/v2\/pages\/928"}],"wp:attachment":[{"href":"https:\/\/outdoor-gym.com\/de\/wp-json\/wp\/v2\/media?parent=1774"}],"curies":[{"name":"wp","href":"https:\/\/api.w.org\/{rel}","templated":true}]}}