{"id":3689,"date":"2021-09-29T21:40:37","date_gmt":"2021-09-29T19:40:37","guid":{"rendered":"https:\/\/outdoor-gym.com\/de\/?page_id=3689"},"modified":"2023-12-20T12:23:08","modified_gmt":"2023-12-20T11:23:08","slug":"garantie","status":"publish","type":"page","link":"https:\/\/outdoor-gym.com\/de\/dienstleistungen\/garantie\/","title":{"rendered":"Garantie"},"content":{"rendered":"<p><img loading=\"lazy\" class=\"alignnone wp-image-4018 size-full\" src=\"https:\/\/outdoor-gym.com\/de\/wp-content\/uploads\/Garantie.jpg\" alt=\"Garantie - TRAINER Outdoor Fitnessger\u00e4te\" width=\"1000\" height=\"666\" srcset=\"https:\/\/outdoor-gym.com\/de\/wp-content\/uploads\/Garantie.jpg 1000w, https:\/\/outdoor-gym.com\/de\/wp-content\/uploads\/Garantie-600x400.jpg 600w, https:\/\/outdoor-gym.com\/de\/wp-content\/uploads\/Garantie-768x511.jpg 768w\" sizes=\"(max-width: 1000px) 100vw, 1000px\" \/><\/p>\n<p>Wir sorgen f\u00fcr Sicherheit und Produktqualit\u00e4t. Unsere Ger\u00e4te wurden vom <strong>T\u00dcV Rheinland<\/strong> gepr\u00fcft und erf\u00fcllen die Sicherheitsnormen <strong>EN 16630:2015-06<\/strong>. Unsere Ger\u00e4te werden in Europa <strong>nach den aktuellen Anforderungen der Sicherheits- und Qualit\u00e4tsstandards hergestellt.<\/strong> Wir haben umfangreiche Erfahrung in der Herstellung von Outdoor- Fitnessger\u00e4ten. Wir bieten eine Garantie f\u00fcr unsere Produkte.<\/p>\n<p><strong>20 JAHRE &#8211; STRUKTURELLE GARANTIE<\/strong><\/p>\n<p><strong>5 JAHRE &#8211; GARANTIE AUF DIE FARBE<\/strong><\/p>\n<p><strong>2 JAHRE &#8211; GARANTIE AUF BEWEGLICHE TEILE<\/strong><\/p>\n<p>Wir haben Vertrauen in unsere Fitnessger\u00e4te. Tausende von Kunden haben uns ihr Vertrauen geschenkt.<\/p>\n<h4><a class=\"in-button in-download-button\" href=\"https:\/\/outdoor-gym.com\/de\/wp-content\/uploads\/TRAINER-GARANTIE-DE-v2.0-2021..pdf\" target=\"_blank\" rel=\"noopener\">GARANTIE HERUNTERLADEN\u00a0<\/a><\/h4>\n","protected":false},"excerpt":{"rendered":"<p>Wir sorgen f\u00fcr Sicherheit und Produktqualit\u00e4t. Unsere Ger\u00e4te wurden vom T\u00dcV Rheinland gepr\u00fcft und erf\u00fcllen die Sicherheitsnormen EN 16630:2015-06. Unsere Ger\u00e4te werden in Europa nach den aktuellen Anforderungen der Sicherheits- und Qualit\u00e4tsstandards hergestellt. Wir haben umfangreiche Erfahrung in der Herstellung von Outdoor- Fitnessger\u00e4ten. Wir bieten eine Garantie f\u00fcr unsere Produkte. 20 JAHRE &#8211; STRUKTURELLE GARANTIE [&hellip;]<\/p>\n","protected":false},"author":1,"featured_media":0,"parent":932,"menu_order":0,"comment_status":"closed","ping_status":"closed","template":"template-usluga.php","meta":[],"acf":[],"yoast_head":"<!-- This site is optimized with the Yoast SEO plugin v20.6 - https:\/\/yoast.com\/wordpress\/plugins\/seo\/ -->\n<title>Garantie - Trainer Outdoor Fitnessger\u00e4te<\/title>\n<meta name=\"robots\" content=\"index, follow, max-snippet:-1, max-image-preview:large, max-video-preview:-1\" \/>\n<link rel=\"canonical\" href=\"https:\/\/outdoor-gym.com\/de\/dienstleistungen\/garantie\/\" \/>\n<meta property=\"og:locale\" content=\"de_DE\" \/>\n<meta property=\"og:type\" content=\"article\" \/>\n<meta property=\"og:title\" content=\"Garantie - Trainer Outdoor Fitnessger\u00e4te\" \/>\n<meta property=\"og:description\" content=\"Wir sorgen f\u00fcr Sicherheit und Produktqualit\u00e4t. Unsere Ger\u00e4te wurden vom T\u00dcV Rheinland gepr\u00fcft und erf\u00fcllen die Sicherheitsnormen EN 16630:2015-06. Unsere Ger\u00e4te werden in Europa nach den aktuellen Anforderungen der Sicherheits- und Qualit\u00e4tsstandards hergestellt. Wir haben umfangreiche Erfahrung in der Herstellung von Outdoor- Fitnessger\u00e4ten. Wir bieten eine Garantie f\u00fcr unsere Produkte. 20 JAHRE &#8211; STRUKTURELLE GARANTIE [&hellip;]\" \/>\n<meta property=\"og:url\" content=\"https:\/\/outdoor-gym.com\/de\/dienstleistungen\/garantie\/\" \/>\n<meta property=\"og:site_name\" content=\"Trainer\" \/>\n<meta property=\"article:modified_time\" content=\"2023-12-20T11:23:08+00:00\" \/>\n<meta property=\"og:image\" content=\"https:\/\/outdoor-gym.com\/de\/wp-content\/uploads\/Garantie.jpg\" \/>\n<meta name=\"twitter:card\" content=\"summary_large_image\" \/>\n<meta name=\"twitter:label1\" content=\"Szacowany czas czytania\" \/>\n\t<meta name=\"twitter:data1\" content=\"1 minuta\" \/>\n<script type=\"application\/ld+json\" class=\"yoast-schema-graph\">{\"@context\":\"https:\/\/schema.org\",\"@graph\":[{\"@type\":\"WebPage\",\"@id\":\"https:\/\/outdoor-gym.com\/de\/dienstleistungen\/garantie\/\",\"url\":\"https:\/\/outdoor-gym.com\/de\/dienstleistungen\/garantie\/\",\"name\":\"Garantie - Trainer Outdoor Fitnessger\u00e4te\",\"isPartOf\":{\"@id\":\"https:\/\/outdoor-gym.com\/de\/#website\"},\"datePublished\":\"2021-09-29T19:40:37+00:00\",\"dateModified\":\"2023-12-20T11:23:08+00:00\",\"breadcrumb\":{\"@id\":\"https:\/\/outdoor-gym.com\/de\/dienstleistungen\/garantie\/#breadcrumb\"},\"inLanguage\":\"pl-PL\",\"potentialAction\":[{\"@type\":\"ReadAction\",\"target\":[\"https:\/\/outdoor-gym.com\/de\/dienstleistungen\/garantie\/\"]}]},{\"@type\":\"BreadcrumbList\",\"@id\":\"https:\/\/outdoor-gym.com\/de\/dienstleistungen\/garantie\/#breadcrumb\",\"itemListElement\":[{\"@type\":\"ListItem\",\"position\":1,\"name\":\"de\",\"item\":\"https:\/\/outdoor-gym.com\/de\/\"},{\"@type\":\"ListItem\",\"position\":2,\"name\":\"Dienstleistungen\",\"item\":\"https:\/\/outdoor-gym.com\/de\/dienstleistungen\/\"},{\"@type\":\"ListItem\",\"position\":3,\"name\":\"Garantie\"}]},{\"@type\":\"WebSite\",\"@id\":\"https:\/\/outdoor-gym.com\/de\/#website\",\"url\":\"https:\/\/outdoor-gym.com\/de\/\",\"name\":\"Trainer\",\"description\":\"Trainer\",\"potentialAction\":[{\"@type\":\"SearchAction\",\"target\":{\"@type\":\"EntryPoint\",\"urlTemplate\":\"https:\/\/outdoor-gym.com\/de\/?s={search_term_string}\"},\"query-input\":\"required name=search_term_string\"}],\"inLanguage\":\"pl-PL\"}]}<\/script>\n<!-- \/ Yoast SEO plugin. -->","yoast_head_json":{"title":"Garantie - Trainer Outdoor Fitnessger\u00e4te","robots":{"index":"index","follow":"follow","max-snippet":"max-snippet:-1","max-image-preview":"max-image-preview:large","max-video-preview":"max-video-preview:-1"},"canonical":"https:\/\/outdoor-gym.com\/de\/dienstleistungen\/garantie\/","og_locale":"de_DE","og_type":"article","og_title":"Garantie - Trainer Outdoor Fitnessger\u00e4te","og_description":"Wir sorgen f\u00fcr Sicherheit und Produktqualit\u00e4t. Unsere Ger\u00e4te wurden vom T\u00dcV Rheinland gepr\u00fcft und erf\u00fcllen die Sicherheitsnormen EN 16630:2015-06. Unsere Ger\u00e4te werden in Europa nach den aktuellen Anforderungen der Sicherheits- und Qualit\u00e4tsstandards hergestellt. Wir haben umfangreiche Erfahrung in der Herstellung von Outdoor- Fitnessger\u00e4ten. Wir bieten eine Garantie f\u00fcr unsere Produkte. 20 JAHRE &#8211; STRUKTURELLE GARANTIE [&hellip;]","og_url":"https:\/\/outdoor-gym.com\/de\/dienstleistungen\/garantie\/","og_site_name":"Trainer","article_modified_time":"2023-12-20T11:23:08+00:00","og_image":[{"url":"https:\/\/outdoor-gym.com\/de\/wp-content\/uploads\/Garantie.jpg"}],"twitter_card":"summary_large_image","twitter_misc":{"Szacowany czas czytania":"1 minuta"},"schema":{"@context":"https:\/\/schema.org","@graph":[{"@type":"WebPage","@id":"https:\/\/outdoor-gym.com\/de\/dienstleistungen\/garantie\/","url":"https:\/\/outdoor-gym.com\/de\/dienstleistungen\/garantie\/","name":"Garantie - Trainer Outdoor Fitnessger\u00e4te","isPartOf":{"@id":"https:\/\/outdoor-gym.com\/de\/#website"},"datePublished":"2021-09-29T19:40:37+00:00","dateModified":"2023-12-20T11:23:08+00:00","breadcrumb":{"@id":"https:\/\/outdoor-gym.com\/de\/dienstleistungen\/garantie\/#breadcrumb"},"inLanguage":"pl-PL","potentialAction":[{"@type":"ReadAction","target":["https:\/\/outdoor-gym.com\/de\/dienstleistungen\/garantie\/"]}]},{"@type":"BreadcrumbList","@id":"https:\/\/outdoor-gym.com\/de\/dienstleistungen\/garantie\/#breadcrumb","itemListElement":[{"@type":"ListItem","position":1,"name":"de","item":"https:\/\/outdoor-gym.com\/de\/"},{"@type":"ListItem","position":2,"name":"Dienstleistungen","item":"https:\/\/outdoor-gym.com\/de\/dienstleistungen\/"},{"@type":"ListItem","position":3,"name":"Garantie"}]},{"@type":"WebSite","@id":"https:\/\/outdoor-gym.com\/de\/#website","url":"https:\/\/outdoor-gym.com\/de\/","name":"Trainer","description":"Trainer","potentialAction":[{"@type":"SearchAction","target":{"@type":"EntryPoint","urlTemplate":"https:\/\/outdoor-gym.com\/de\/?s={search_term_string}"},"query-input":"required name=search_term_string"}],"inLanguage":"pl-PL"}]}},"_links":{"self":[{"href":"https:\/\/outdoor-gym.com\/de\/wp-json\/wp\/v2\/pages\/3689"}],"collection":[{"href":"https:\/\/outdoor-gym.com\/de\/wp-json\/wp\/v2\/pages"}],"about":[{"href":"https:\/\/outdoor-gym.com\/de\/wp-json\/wp\/v2\/types\/page"}],"author":[{"embeddable":true,"href":"https:\/\/outdoor-gym.com\/de\/wp-json\/wp\/v2\/users\/1"}],"replies":[{"embeddable":true,"href":"https:\/\/outdoor-gym.com\/de\/wp-json\/wp\/v2\/comments?post=3689"}],"version-history":[{"count":13,"href":"https:\/\/outdoor-gym.com\/de\/wp-json\/wp\/v2\/pages\/3689\/revisions"}],"predecessor-version":[{"id":5296,"href":"https:\/\/outdoor-gym.com\/de\/wp-json\/wp\/v2\/pages\/3689\/revisions\/5296"}],"up":[{"embeddable":true,"href":"https:\/\/outdoor-gym.com\/de\/wp-json\/wp\/v2\/pages\/932"}],"wp:attachment":[{"href":"https:\/\/outdoor-gym.com\/de\/wp-json\/wp\/v2\/media?parent=3689"}],"curies":[{"name":"wp","href":"https:\/\/api.w.org\/{rel}","templated":true}]}}