{"id":3690,"date":"2021-09-29T21:41:02","date_gmt":"2021-09-29T19:41:02","guid":{"rendered":"https:\/\/outdoor-gym.com\/de\/?page_id=3690"},"modified":"2022-10-01T13:08:43","modified_gmt":"2022-10-01T11:08:43","slug":"herstellung-von-outdoor-fitnessgeraten","status":"publish","type":"page","link":"https:\/\/outdoor-gym.com\/de\/dienstleistungen\/herstellung-von-outdoor-fitnessgeraten\/","title":{"rendered":"Herstellung von Outdoor-Fitnessger\u00e4ten"},"content":{"rendered":"<p><img loading=\"lazy\" class=\"alignnone size-full wp-image-3976\" src=\"https:\/\/outdoor-gym.com\/de\/wp-content\/uploads\/Outdoor-Fitnessgerate-Produktion-5.png\" alt=\"Herstellung von Outdoor-Fitnessger\u00e4ten\" width=\"1400\" height=\"787\" srcset=\"https:\/\/outdoor-gym.com\/de\/wp-content\/uploads\/Outdoor-Fitnessgerate-Produktion-5.png 1400w, https:\/\/outdoor-gym.com\/de\/wp-content\/uploads\/Outdoor-Fitnessgerate-Produktion-5-600x337.png 600w, https:\/\/outdoor-gym.com\/de\/wp-content\/uploads\/Outdoor-Fitnessgerate-Produktion-5-768x432.png 768w\" sizes=\"(max-width: 1400px) 100vw, 1400px\" \/><\/p>\n<p>Wir sind <strong>einer der gr\u00f6\u00dften Hersteller von Outdoor-Fitnessger\u00e4ten in Polen und Europa<\/strong>. Unser Unternehmen hat <strong>\u00fcber 30 Jahre Erfahrung<\/strong>. Wir produzieren seit \u00fcber 10 Jahren Outdoor-Fitnessstudios und Street Workout-Ger\u00e4te. Wir produzieren in einer polnischen Fabrik aus Stahl h\u00f6chster Qualit\u00e4t.<\/p>\n<p>Dank unserer langj\u00e4hrigen Erfahrung und unseres Wissens produzieren wir Outdoor-Fitnessger\u00e4te von h\u00f6chster Qualit\u00e4t. <strong>Alle unsere Ger\u00e4te entsprechen den europ\u00e4ischen Sicherheitsstandards<\/strong>, wurden vom <strong>T\u00dcV Rheinland<\/strong> <strong>gepr\u00fcft<\/strong> und sind nach<strong> EN 16630:2015-06<\/strong> zertifiziert.<\/p>\n","protected":false},"excerpt":{"rendered":"<p>Wir sind einer der gr\u00f6\u00dften Hersteller von Outdoor-Fitnessger\u00e4ten in Polen und Europa. Unser Unternehmen hat \u00fcber 30 Jahre Erfahrung. Wir produzieren seit \u00fcber 10 Jahren Outdoor-Fitnessstudios und Street Workout-Ger\u00e4te. Wir produzieren in einer polnischen Fabrik aus Stahl h\u00f6chster Qualit\u00e4t. Dank unserer langj\u00e4hrigen Erfahrung und unseres Wissens produzieren wir Outdoor-Fitnessger\u00e4te von h\u00f6chster Qualit\u00e4t. Alle unsere Ger\u00e4te [&hellip;]<\/p>\n","protected":false},"author":1,"featured_media":0,"parent":932,"menu_order":0,"comment_status":"closed","ping_status":"closed","template":"template-usluga.php","meta":[],"acf":[],"yoast_head":"<!-- This site is optimized with the Yoast SEO plugin v20.6 - https:\/\/yoast.com\/wordpress\/plugins\/seo\/ -->\n<title>Herstellung von Outdoor-Fitnessger\u00e4ten - Trainer<\/title>\n<meta name=\"robots\" content=\"index, follow, max-snippet:-1, max-image-preview:large, max-video-preview:-1\" \/>\n<link rel=\"canonical\" href=\"https:\/\/outdoor-gym.com\/de\/dienstleistungen\/herstellung-von-outdoor-fitnessgeraten\/\" \/>\n<meta property=\"og:locale\" content=\"de_DE\" \/>\n<meta property=\"og:type\" content=\"article\" \/>\n<meta property=\"og:title\" content=\"Herstellung von Outdoor-Fitnessger\u00e4ten - Trainer\" \/>\n<meta property=\"og:description\" content=\"Wir sind einer der gr\u00f6\u00dften Hersteller von Outdoor-Fitnessger\u00e4ten in Polen und Europa. Unser Unternehmen hat \u00fcber 30 Jahre Erfahrung. Wir produzieren seit \u00fcber 10 Jahren Outdoor-Fitnessstudios und Street Workout-Ger\u00e4te. Wir produzieren in einer polnischen Fabrik aus Stahl h\u00f6chster Qualit\u00e4t. Dank unserer langj\u00e4hrigen Erfahrung und unseres Wissens produzieren wir Outdoor-Fitnessger\u00e4te von h\u00f6chster Qualit\u00e4t. Alle unsere Ger\u00e4te [&hellip;]\" \/>\n<meta property=\"og:url\" content=\"https:\/\/outdoor-gym.com\/de\/dienstleistungen\/herstellung-von-outdoor-fitnessgeraten\/\" \/>\n<meta property=\"og:site_name\" content=\"Trainer\" \/>\n<meta property=\"article:modified_time\" content=\"2022-10-01T11:08:43+00:00\" \/>\n<meta property=\"og:image\" content=\"https:\/\/outdoor-gym.com\/de\/wp-content\/uploads\/Outdoor-Fitnessgerate-Produktion-5.png\" \/>\n<meta name=\"twitter:card\" content=\"summary_large_image\" \/>\n<meta name=\"twitter:label1\" content=\"Szacowany czas czytania\" \/>\n\t<meta name=\"twitter:data1\" content=\"1 minuta\" \/>\n<script type=\"application\/ld+json\" class=\"yoast-schema-graph\">{\"@context\":\"https:\/\/schema.org\",\"@graph\":[{\"@type\":\"WebPage\",\"@id\":\"https:\/\/outdoor-gym.com\/de\/dienstleistungen\/herstellung-von-outdoor-fitnessgeraten\/\",\"url\":\"https:\/\/outdoor-gym.com\/de\/dienstleistungen\/herstellung-von-outdoor-fitnessgeraten\/\",\"name\":\"Herstellung von Outdoor-Fitnessger\u00e4ten - Trainer\",\"isPartOf\":{\"@id\":\"https:\/\/outdoor-gym.com\/de\/#website\"},\"datePublished\":\"2021-09-29T19:41:02+00:00\",\"dateModified\":\"2022-10-01T11:08:43+00:00\",\"breadcrumb\":{\"@id\":\"https:\/\/outdoor-gym.com\/de\/dienstleistungen\/herstellung-von-outdoor-fitnessgeraten\/#breadcrumb\"},\"inLanguage\":\"pl-PL\",\"potentialAction\":[{\"@type\":\"ReadAction\",\"target\":[\"https:\/\/outdoor-gym.com\/de\/dienstleistungen\/herstellung-von-outdoor-fitnessgeraten\/\"]}]},{\"@type\":\"BreadcrumbList\",\"@id\":\"https:\/\/outdoor-gym.com\/de\/dienstleistungen\/herstellung-von-outdoor-fitnessgeraten\/#breadcrumb\",\"itemListElement\":[{\"@type\":\"ListItem\",\"position\":1,\"name\":\"de\",\"item\":\"https:\/\/outdoor-gym.com\/de\/\"},{\"@type\":\"ListItem\",\"position\":2,\"name\":\"Dienstleistungen\",\"item\":\"https:\/\/outdoor-gym.com\/de\/dienstleistungen\/\"},{\"@type\":\"ListItem\",\"position\":3,\"name\":\"Herstellung von Outdoor-Fitnessger\u00e4ten\"}]},{\"@type\":\"WebSite\",\"@id\":\"https:\/\/outdoor-gym.com\/de\/#website\",\"url\":\"https:\/\/outdoor-gym.com\/de\/\",\"name\":\"Trainer\",\"description\":\"Trainer\",\"potentialAction\":[{\"@type\":\"SearchAction\",\"target\":{\"@type\":\"EntryPoint\",\"urlTemplate\":\"https:\/\/outdoor-gym.com\/de\/?s={search_term_string}\"},\"query-input\":\"required name=search_term_string\"}],\"inLanguage\":\"pl-PL\"}]}<\/script>\n<!-- \/ Yoast SEO plugin. -->","yoast_head_json":{"title":"Herstellung von Outdoor-Fitnessger\u00e4ten - Trainer","robots":{"index":"index","follow":"follow","max-snippet":"max-snippet:-1","max-image-preview":"max-image-preview:large","max-video-preview":"max-video-preview:-1"},"canonical":"https:\/\/outdoor-gym.com\/de\/dienstleistungen\/herstellung-von-outdoor-fitnessgeraten\/","og_locale":"de_DE","og_type":"article","og_title":"Herstellung von Outdoor-Fitnessger\u00e4ten - Trainer","og_description":"Wir sind einer der gr\u00f6\u00dften Hersteller von Outdoor-Fitnessger\u00e4ten in Polen und Europa. Unser Unternehmen hat \u00fcber 30 Jahre Erfahrung. Wir produzieren seit \u00fcber 10 Jahren Outdoor-Fitnessstudios und Street Workout-Ger\u00e4te. Wir produzieren in einer polnischen Fabrik aus Stahl h\u00f6chster Qualit\u00e4t. Dank unserer langj\u00e4hrigen Erfahrung und unseres Wissens produzieren wir Outdoor-Fitnessger\u00e4te von h\u00f6chster Qualit\u00e4t. Alle unsere Ger\u00e4te [&hellip;]","og_url":"https:\/\/outdoor-gym.com\/de\/dienstleistungen\/herstellung-von-outdoor-fitnessgeraten\/","og_site_name":"Trainer","article_modified_time":"2022-10-01T11:08:43+00:00","og_image":[{"url":"https:\/\/outdoor-gym.com\/de\/wp-content\/uploads\/Outdoor-Fitnessgerate-Produktion-5.png"}],"twitter_card":"summary_large_image","twitter_misc":{"Szacowany czas czytania":"1 minuta"},"schema":{"@context":"https:\/\/schema.org","@graph":[{"@type":"WebPage","@id":"https:\/\/outdoor-gym.com\/de\/dienstleistungen\/herstellung-von-outdoor-fitnessgeraten\/","url":"https:\/\/outdoor-gym.com\/de\/dienstleistungen\/herstellung-von-outdoor-fitnessgeraten\/","name":"Herstellung von Outdoor-Fitnessger\u00e4ten - Trainer","isPartOf":{"@id":"https:\/\/outdoor-gym.com\/de\/#website"},"datePublished":"2021-09-29T19:41:02+00:00","dateModified":"2022-10-01T11:08:43+00:00","breadcrumb":{"@id":"https:\/\/outdoor-gym.com\/de\/dienstleistungen\/herstellung-von-outdoor-fitnessgeraten\/#breadcrumb"},"inLanguage":"pl-PL","potentialAction":[{"@type":"ReadAction","target":["https:\/\/outdoor-gym.com\/de\/dienstleistungen\/herstellung-von-outdoor-fitnessgeraten\/"]}]},{"@type":"BreadcrumbList","@id":"https:\/\/outdoor-gym.com\/de\/dienstleistungen\/herstellung-von-outdoor-fitnessgeraten\/#breadcrumb","itemListElement":[{"@type":"ListItem","position":1,"name":"de","item":"https:\/\/outdoor-gym.com\/de\/"},{"@type":"ListItem","position":2,"name":"Dienstleistungen","item":"https:\/\/outdoor-gym.com\/de\/dienstleistungen\/"},{"@type":"ListItem","position":3,"name":"Herstellung von Outdoor-Fitnessger\u00e4ten"}]},{"@type":"WebSite","@id":"https:\/\/outdoor-gym.com\/de\/#website","url":"https:\/\/outdoor-gym.com\/de\/","name":"Trainer","description":"Trainer","potentialAction":[{"@type":"SearchAction","target":{"@type":"EntryPoint","urlTemplate":"https:\/\/outdoor-gym.com\/de\/?s={search_term_string}"},"query-input":"required name=search_term_string"}],"inLanguage":"pl-PL"}]}},"_links":{"self":[{"href":"https:\/\/outdoor-gym.com\/de\/wp-json\/wp\/v2\/pages\/3690"}],"collection":[{"href":"https:\/\/outdoor-gym.com\/de\/wp-json\/wp\/v2\/pages"}],"about":[{"href":"https:\/\/outdoor-gym.com\/de\/wp-json\/wp\/v2\/types\/page"}],"author":[{"embeddable":true,"href":"https:\/\/outdoor-gym.com\/de\/wp-json\/wp\/v2\/users\/1"}],"replies":[{"embeddable":true,"href":"https:\/\/outdoor-gym.com\/de\/wp-json\/wp\/v2\/comments?post=3690"}],"version-history":[{"count":4,"href":"https:\/\/outdoor-gym.com\/de\/wp-json\/wp\/v2\/pages\/3690\/revisions"}],"predecessor-version":[{"id":4155,"href":"https:\/\/outdoor-gym.com\/de\/wp-json\/wp\/v2\/pages\/3690\/revisions\/4155"}],"up":[{"embeddable":true,"href":"https:\/\/outdoor-gym.com\/de\/wp-json\/wp\/v2\/pages\/932"}],"wp:attachment":[{"href":"https:\/\/outdoor-gym.com\/de\/wp-json\/wp\/v2\/media?parent=3690"}],"curies":[{"name":"wp","href":"https:\/\/api.w.org\/{rel}","templated":true}]}}