{"id":3691,"date":"2021-09-29T21:41:27","date_gmt":"2021-09-29T19:41:27","guid":{"rendered":"https:\/\/outdoor-gym.com\/de\/?page_id=3691"},"modified":"2022-10-01T13:12:33","modified_gmt":"2022-10-01T11:12:33","slug":"design-von-outdoor-fitnessgeraten","status":"publish","type":"page","link":"https:\/\/outdoor-gym.com\/de\/dienstleistungen\/design-von-outdoor-fitnessgeraten\/","title":{"rendered":"Design von Outdoor-Fitnessger\u00e4ten"},"content":{"rendered":"<p><img loading=\"lazy\" class=\"alignnone size-full wp-image-3978\" src=\"https:\/\/outdoor-gym.com\/de\/wp-content\/uploads\/Outdoor-Trainingsgerate-Design-2.png\" alt=\"Design von Outdoor-Fitnessger\u00e4ten\" width=\"1400\" height=\"787\" srcset=\"https:\/\/outdoor-gym.com\/de\/wp-content\/uploads\/Outdoor-Trainingsgerate-Design-2.png 1400w, https:\/\/outdoor-gym.com\/de\/wp-content\/uploads\/Outdoor-Trainingsgerate-Design-2-600x337.png 600w, https:\/\/outdoor-gym.com\/de\/wp-content\/uploads\/Outdoor-Trainingsgerate-Design-2-768x432.png 768w\" sizes=\"(max-width: 1400px) 100vw, 1400px\" \/><\/p>\n<p>Wir sind eines der wenigen Unternehmen, <strong>die Ger\u00e4te in Europa herstellen<\/strong>. Viele Unternehmen, die sich selbst als Hersteller bezeichnen, importieren in Wirklichkeit Outdoor-Fitnessger\u00e4te aus anderen L\u00e4ndern, haupts\u00e4chlich aus Asien. Wenn Sie sicher sein wollen, wo die Outdoor- Fitnessger\u00e4te, die Sie kaufen wollen, hergestellt werden, sollten Sie den Verk\u00e4ufer fragen, in welchem Land genau die Produktion stattfindet.<\/p>\n<p>Wir <strong>entwerfen und produzieren Outdoor-Fitnessger\u00e4te.<\/strong> Wir bieten auch professionelle Beratung und Montage an. Wir stellen sicher, dass unsere Kunden in jeder Phase unserer Dienstleistung zufrieden sind. Unser Angebot ist sehr umfangreich, wir stellen \u00fcber <strong>250 verschiedene Ger\u00e4te<\/strong> her, die frei konfiguriert werden k\u00f6nnen.\u00a0 Jede L\u00f6sung kann modifiziert und an Ihre Bed\u00fcrfnisse angepasst werden. Sie k\u00f6nnen die Ausr\u00fcstung auch von Grund auf mit <strong>unserem speziellen Designteam entwerfen<\/strong>.<\/p>\n<p><img loading=\"lazy\" class=\"alignnone size-full wp-image-4016\" src=\"https:\/\/outdoor-gym.com\/de\/wp-content\/uploads\/Beratung.jpg\" alt=\"Beratung Outdoor Fitnessger\u00e4te\" width=\"1623\" height=\"915\" srcset=\"https:\/\/outdoor-gym.com\/de\/wp-content\/uploads\/Beratung.jpg 1623w, https:\/\/outdoor-gym.com\/de\/wp-content\/uploads\/Beratung-600x338.jpg 600w, https:\/\/outdoor-gym.com\/de\/wp-content\/uploads\/Beratung-768x433.jpg 768w, https:\/\/outdoor-gym.com\/de\/wp-content\/uploads\/Beratung-1536x866.jpg 1536w\" sizes=\"(max-width: 1623px) 100vw, 1623px\" \/><\/p>\n<p><img loading=\"lazy\" class=\"alignnone size-full wp-image-3977\" src=\"https:\/\/outdoor-gym.com\/de\/wp-content\/uploads\/Outdoor-Trainingsgerate-Design-1.png\" alt=\"\" width=\"1400\" height=\"787\" srcset=\"https:\/\/outdoor-gym.com\/de\/wp-content\/uploads\/Outdoor-Trainingsgerate-Design-1.png 1400w, https:\/\/outdoor-gym.com\/de\/wp-content\/uploads\/Outdoor-Trainingsgerate-Design-1-600x337.png 600w, https:\/\/outdoor-gym.com\/de\/wp-content\/uploads\/Outdoor-Trainingsgerate-Design-1-768x432.png 768w\" sizes=\"(max-width: 1400px) 100vw, 1400px\" \/><\/p>\n","protected":false},"excerpt":{"rendered":"<p>Wir sind eines der wenigen Unternehmen, die Ger\u00e4te in Europa herstellen. Viele Unternehmen, die sich selbst als Hersteller bezeichnen, importieren in Wirklichkeit Outdoor-Fitnessger\u00e4te aus anderen L\u00e4ndern, haupts\u00e4chlich aus Asien. Wenn Sie sicher sein wollen, wo die Outdoor- Fitnessger\u00e4te, die Sie kaufen wollen, hergestellt werden, sollten Sie den Verk\u00e4ufer fragen, in welchem Land genau die Produktion [&hellip;]<\/p>\n","protected":false},"author":1,"featured_media":0,"parent":932,"menu_order":0,"comment_status":"closed","ping_status":"closed","template":"template-usluga.php","meta":[],"acf":[],"yoast_head":"<!-- This site is optimized with the Yoast SEO plugin v20.6 - https:\/\/yoast.com\/wordpress\/plugins\/seo\/ -->\n<title>Design von Outdoor-Fitnessger\u00e4ten - Trainer<\/title>\n<meta name=\"robots\" content=\"index, follow, max-snippet:-1, max-image-preview:large, max-video-preview:-1\" \/>\n<link rel=\"canonical\" href=\"https:\/\/outdoor-gym.com\/de\/dienstleistungen\/design-von-outdoor-fitnessgeraten\/\" \/>\n<meta property=\"og:locale\" content=\"de_DE\" \/>\n<meta property=\"og:type\" content=\"article\" \/>\n<meta property=\"og:title\" content=\"Design von Outdoor-Fitnessger\u00e4ten - Trainer\" \/>\n<meta property=\"og:description\" content=\"Wir sind eines der wenigen Unternehmen, die Ger\u00e4te in Europa herstellen. Viele Unternehmen, die sich selbst als Hersteller bezeichnen, importieren in Wirklichkeit Outdoor-Fitnessger\u00e4te aus anderen L\u00e4ndern, haupts\u00e4chlich aus Asien. Wenn Sie sicher sein wollen, wo die Outdoor- Fitnessger\u00e4te, die Sie kaufen wollen, hergestellt werden, sollten Sie den Verk\u00e4ufer fragen, in welchem Land genau die Produktion [&hellip;]\" \/>\n<meta property=\"og:url\" content=\"https:\/\/outdoor-gym.com\/de\/dienstleistungen\/design-von-outdoor-fitnessgeraten\/\" \/>\n<meta property=\"og:site_name\" content=\"Trainer\" \/>\n<meta property=\"article:modified_time\" content=\"2022-10-01T11:12:33+00:00\" \/>\n<meta property=\"og:image\" content=\"https:\/\/outdoor-gym.com\/de\/wp-content\/uploads\/Outdoor-Trainingsgerate-Design-2.png\" \/>\n<meta name=\"twitter:card\" content=\"summary_large_image\" \/>\n<meta name=\"twitter:label1\" content=\"Szacowany czas czytania\" \/>\n\t<meta name=\"twitter:data1\" content=\"2 minuty\" \/>\n<script type=\"application\/ld+json\" class=\"yoast-schema-graph\">{\"@context\":\"https:\/\/schema.org\",\"@graph\":[{\"@type\":\"WebPage\",\"@id\":\"https:\/\/outdoor-gym.com\/de\/dienstleistungen\/design-von-outdoor-fitnessgeraten\/\",\"url\":\"https:\/\/outdoor-gym.com\/de\/dienstleistungen\/design-von-outdoor-fitnessgeraten\/\",\"name\":\"Design von Outdoor-Fitnessger\u00e4ten - Trainer\",\"isPartOf\":{\"@id\":\"https:\/\/outdoor-gym.com\/de\/#website\"},\"datePublished\":\"2021-09-29T19:41:27+00:00\",\"dateModified\":\"2022-10-01T11:12:33+00:00\",\"breadcrumb\":{\"@id\":\"https:\/\/outdoor-gym.com\/de\/dienstleistungen\/design-von-outdoor-fitnessgeraten\/#breadcrumb\"},\"inLanguage\":\"pl-PL\",\"potentialAction\":[{\"@type\":\"ReadAction\",\"target\":[\"https:\/\/outdoor-gym.com\/de\/dienstleistungen\/design-von-outdoor-fitnessgeraten\/\"]}]},{\"@type\":\"BreadcrumbList\",\"@id\":\"https:\/\/outdoor-gym.com\/de\/dienstleistungen\/design-von-outdoor-fitnessgeraten\/#breadcrumb\",\"itemListElement\":[{\"@type\":\"ListItem\",\"position\":1,\"name\":\"de\",\"item\":\"https:\/\/outdoor-gym.com\/de\/\"},{\"@type\":\"ListItem\",\"position\":2,\"name\":\"Dienstleistungen\",\"item\":\"https:\/\/outdoor-gym.com\/de\/dienstleistungen\/\"},{\"@type\":\"ListItem\",\"position\":3,\"name\":\"Design von Outdoor-Fitnessger\u00e4ten\"}]},{\"@type\":\"WebSite\",\"@id\":\"https:\/\/outdoor-gym.com\/de\/#website\",\"url\":\"https:\/\/outdoor-gym.com\/de\/\",\"name\":\"Trainer\",\"description\":\"Trainer\",\"potentialAction\":[{\"@type\":\"SearchAction\",\"target\":{\"@type\":\"EntryPoint\",\"urlTemplate\":\"https:\/\/outdoor-gym.com\/de\/?s={search_term_string}\"},\"query-input\":\"required name=search_term_string\"}],\"inLanguage\":\"pl-PL\"}]}<\/script>\n<!-- \/ Yoast SEO plugin. -->","yoast_head_json":{"title":"Design von Outdoor-Fitnessger\u00e4ten - Trainer","robots":{"index":"index","follow":"follow","max-snippet":"max-snippet:-1","max-image-preview":"max-image-preview:large","max-video-preview":"max-video-preview:-1"},"canonical":"https:\/\/outdoor-gym.com\/de\/dienstleistungen\/design-von-outdoor-fitnessgeraten\/","og_locale":"de_DE","og_type":"article","og_title":"Design von Outdoor-Fitnessger\u00e4ten - Trainer","og_description":"Wir sind eines der wenigen Unternehmen, die Ger\u00e4te in Europa herstellen. Viele Unternehmen, die sich selbst als Hersteller bezeichnen, importieren in Wirklichkeit Outdoor-Fitnessger\u00e4te aus anderen L\u00e4ndern, haupts\u00e4chlich aus Asien. Wenn Sie sicher sein wollen, wo die Outdoor- Fitnessger\u00e4te, die Sie kaufen wollen, hergestellt werden, sollten Sie den Verk\u00e4ufer fragen, in welchem Land genau die Produktion [&hellip;]","og_url":"https:\/\/outdoor-gym.com\/de\/dienstleistungen\/design-von-outdoor-fitnessgeraten\/","og_site_name":"Trainer","article_modified_time":"2022-10-01T11:12:33+00:00","og_image":[{"url":"https:\/\/outdoor-gym.com\/de\/wp-content\/uploads\/Outdoor-Trainingsgerate-Design-2.png"}],"twitter_card":"summary_large_image","twitter_misc":{"Szacowany czas czytania":"2 minuty"},"schema":{"@context":"https:\/\/schema.org","@graph":[{"@type":"WebPage","@id":"https:\/\/outdoor-gym.com\/de\/dienstleistungen\/design-von-outdoor-fitnessgeraten\/","url":"https:\/\/outdoor-gym.com\/de\/dienstleistungen\/design-von-outdoor-fitnessgeraten\/","name":"Design von Outdoor-Fitnessger\u00e4ten - Trainer","isPartOf":{"@id":"https:\/\/outdoor-gym.com\/de\/#website"},"datePublished":"2021-09-29T19:41:27+00:00","dateModified":"2022-10-01T11:12:33+00:00","breadcrumb":{"@id":"https:\/\/outdoor-gym.com\/de\/dienstleistungen\/design-von-outdoor-fitnessgeraten\/#breadcrumb"},"inLanguage":"pl-PL","potentialAction":[{"@type":"ReadAction","target":["https:\/\/outdoor-gym.com\/de\/dienstleistungen\/design-von-outdoor-fitnessgeraten\/"]}]},{"@type":"BreadcrumbList","@id":"https:\/\/outdoor-gym.com\/de\/dienstleistungen\/design-von-outdoor-fitnessgeraten\/#breadcrumb","itemListElement":[{"@type":"ListItem","position":1,"name":"de","item":"https:\/\/outdoor-gym.com\/de\/"},{"@type":"ListItem","position":2,"name":"Dienstleistungen","item":"https:\/\/outdoor-gym.com\/de\/dienstleistungen\/"},{"@type":"ListItem","position":3,"name":"Design von Outdoor-Fitnessger\u00e4ten"}]},{"@type":"WebSite","@id":"https:\/\/outdoor-gym.com\/de\/#website","url":"https:\/\/outdoor-gym.com\/de\/","name":"Trainer","description":"Trainer","potentialAction":[{"@type":"SearchAction","target":{"@type":"EntryPoint","urlTemplate":"https:\/\/outdoor-gym.com\/de\/?s={search_term_string}"},"query-input":"required name=search_term_string"}],"inLanguage":"pl-PL"}]}},"_links":{"self":[{"href":"https:\/\/outdoor-gym.com\/de\/wp-json\/wp\/v2\/pages\/3691"}],"collection":[{"href":"https:\/\/outdoor-gym.com\/de\/wp-json\/wp\/v2\/pages"}],"about":[{"href":"https:\/\/outdoor-gym.com\/de\/wp-json\/wp\/v2\/types\/page"}],"author":[{"embeddable":true,"href":"https:\/\/outdoor-gym.com\/de\/wp-json\/wp\/v2\/users\/1"}],"replies":[{"embeddable":true,"href":"https:\/\/outdoor-gym.com\/de\/wp-json\/wp\/v2\/comments?post=3691"}],"version-history":[{"count":5,"href":"https:\/\/outdoor-gym.com\/de\/wp-json\/wp\/v2\/pages\/3691\/revisions"}],"predecessor-version":[{"id":4157,"href":"https:\/\/outdoor-gym.com\/de\/wp-json\/wp\/v2\/pages\/3691\/revisions\/4157"}],"up":[{"embeddable":true,"href":"https:\/\/outdoor-gym.com\/de\/wp-json\/wp\/v2\/pages\/932"}],"wp:attachment":[{"href":"https:\/\/outdoor-gym.com\/de\/wp-json\/wp\/v2\/media?parent=3691"}],"curies":[{"name":"wp","href":"https:\/\/api.w.org\/{rel}","templated":true}]}}