{"id":4245,"date":"2025-02-07T08:38:04","date_gmt":"2025-02-07T07:38:04","guid":{"rendered":"https:\/\/outdoor-gym.com\/de\/?page_id=4245"},"modified":"2025-02-07T11:26:54","modified_gmt":"2025-02-07T10:26:54","slug":"ninja-parcours","status":"publish","type":"page","link":"https:\/\/outdoor-gym.com\/de\/produkte\/ninja-parcours\/","title":{"rendered":"Ninja Parcours"},"content":{"rendered":"<h2><strong>Ninja Warrior Parcours sind innovative Trainingsger\u00e4te, die sportlichen Wettkampf mit Spa\u00df verbinden.<\/strong><\/h2>\n<p>Die Street Ninja Serie besteht aus modernen, modularen Konstruktionen, die auf die F\u00f6rderung der k\u00f6rperlichen Fitness, Kraft und Koordination ausgelegt sind. Sie wurden speziell f\u00fcr st\u00e4dtische R\u00e4ume, Schulen, Sporteinrichtungen und Freizeitprojekte entwickelt. Unsere Ger\u00e4te stellen eine attraktive L\u00f6sung f\u00fcr Kommunen, Entwickler, Bauunternehmen und Landschaftsarchitekten dar. Die Ninja-Parcours TRAINER garantieren dank robuster Materialien und modernem Design vollst\u00e4ndige Sicherheit bei der Nutzung. Die Hindernisse k\u00f6nnen an verschiedene Altersgruppen und Schwierigkeitsgrade angepasst werden, wodurch R\u00e4ume geschaffen werden, die den Bed\u00fcrfnissen der Nutzer entsprechen.<\/p>\n<p>Entdecken Sie unsere L\u00f6sungen und bauen Sie Ihre eigene Ninja-Zone!<\/p>\n","protected":false},"excerpt":{"rendered":"<p>Ninja Warrior Parcours sind innovative Trainingsger\u00e4te, die sportlichen Wettkampf mit Spa\u00df verbinden. Die Street Ninja Serie besteht aus modernen, modularen Konstruktionen, die auf die F\u00f6rderung der k\u00f6rperlichen Fitness, Kraft und Koordination ausgelegt sind. Sie wurden speziell f\u00fcr st\u00e4dtische R\u00e4ume, Schulen, Sporteinrichtungen und Freizeitprojekte entwickelt. Unsere Ger\u00e4te stellen eine attraktive L\u00f6sung f\u00fcr Kommunen, Entwickler, Bauunternehmen und [&hellip;]<\/p>\n","protected":false},"author":9,"featured_media":0,"parent":928,"menu_order":0,"comment_status":"closed","ping_status":"closed","template":"template-seria.php","meta":[],"acf":[],"yoast_head":"<!-- This site is optimized with the Yoast SEO plugin v20.6 - https:\/\/yoast.com\/wordpress\/plugins\/seo\/ -->\n<title>Ninja Warrior Parcours - Outdooor Trainingsger\u00e4te<\/title>\n<meta name=\"description\" content=\"Ninja Warrior Parcours - Outdooor Trainingsger\u00e4te kaufen. Innovative Hindernisstrecken f\u00fcr Parks, Outdoor-Fitnessanlagen und Sporteinrichtungen. Unsere robusten Konstruktionen erm\u00f6glichen ein anspruchsvolles Training f\u00fcr Kraft, Geschicklichkeit und Koordination, inspiriert vom beliebten Ninja Warrior. Modularen Parcours L\u00f6sungen.\" \/>\n<meta name=\"robots\" content=\"index, follow, max-snippet:-1, max-image-preview:large, max-video-preview:-1\" \/>\n<link rel=\"canonical\" href=\"https:\/\/outdoor-gym.com\/de\/produkte\/ninja-parcours\/\" \/>\n<meta property=\"og:locale\" content=\"de_DE\" \/>\n<meta property=\"og:type\" content=\"article\" \/>\n<meta property=\"og:title\" content=\"Ninja Warrior Parcours - Outdooor Trainingsger\u00e4te\" \/>\n<meta property=\"og:description\" content=\"Ninja Warrior Parcours - Outdooor Trainingsger\u00e4te kaufen. Innovative Hindernisstrecken f\u00fcr Parks, Outdoor-Fitnessanlagen und Sporteinrichtungen. Unsere robusten Konstruktionen erm\u00f6glichen ein anspruchsvolles Training f\u00fcr Kraft, Geschicklichkeit und Koordination, inspiriert vom beliebten Ninja Warrior. Modularen Parcours L\u00f6sungen.\" \/>\n<meta property=\"og:url\" content=\"https:\/\/outdoor-gym.com\/de\/produkte\/ninja-parcours\/\" \/>\n<meta property=\"og:site_name\" content=\"Trainer\" \/>\n<meta property=\"article:modified_time\" content=\"2025-02-07T10:26:54+00:00\" \/>\n<meta name=\"twitter:card\" content=\"summary_large_image\" \/>\n<meta name=\"twitter:label1\" content=\"Szacowany czas czytania\" \/>\n\t<meta name=\"twitter:data1\" content=\"1 minuta\" \/>\n<script type=\"application\/ld+json\" class=\"yoast-schema-graph\">{\"@context\":\"https:\/\/schema.org\",\"@graph\":[{\"@type\":\"WebPage\",\"@id\":\"https:\/\/outdoor-gym.com\/de\/produkte\/ninja-parcours\/\",\"url\":\"https:\/\/outdoor-gym.com\/de\/produkte\/ninja-parcours\/\",\"name\":\"Ninja Warrior Parcours - Outdooor Trainingsger\u00e4te\",\"isPartOf\":{\"@id\":\"https:\/\/outdoor-gym.com\/de\/#website\"},\"datePublished\":\"2025-02-07T07:38:04+00:00\",\"dateModified\":\"2025-02-07T10:26:54+00:00\",\"description\":\"Ninja Warrior Parcours - Outdooor Trainingsger\u00e4te kaufen. Innovative Hindernisstrecken f\u00fcr Parks, Outdoor-Fitnessanlagen und Sporteinrichtungen. Unsere robusten Konstruktionen erm\u00f6glichen ein anspruchsvolles Training f\u00fcr Kraft, Geschicklichkeit und Koordination, inspiriert vom beliebten Ninja Warrior. Modularen Parcours L\u00f6sungen.\",\"breadcrumb\":{\"@id\":\"https:\/\/outdoor-gym.com\/de\/produkte\/ninja-parcours\/#breadcrumb\"},\"inLanguage\":\"pl-PL\",\"potentialAction\":[{\"@type\":\"ReadAction\",\"target\":[\"https:\/\/outdoor-gym.com\/de\/produkte\/ninja-parcours\/\"]}]},{\"@type\":\"BreadcrumbList\",\"@id\":\"https:\/\/outdoor-gym.com\/de\/produkte\/ninja-parcours\/#breadcrumb\",\"itemListElement\":[{\"@type\":\"ListItem\",\"position\":1,\"name\":\"de\",\"item\":\"https:\/\/outdoor-gym.com\/de\/\"},{\"@type\":\"ListItem\",\"position\":2,\"name\":\"Produkte\",\"item\":\"https:\/\/outdoor-gym.com\/de\/produkte\/\"},{\"@type\":\"ListItem\",\"position\":3,\"name\":\"Ninja Parcours\"}]},{\"@type\":\"WebSite\",\"@id\":\"https:\/\/outdoor-gym.com\/de\/#website\",\"url\":\"https:\/\/outdoor-gym.com\/de\/\",\"name\":\"Trainer\",\"description\":\"Trainer\",\"potentialAction\":[{\"@type\":\"SearchAction\",\"target\":{\"@type\":\"EntryPoint\",\"urlTemplate\":\"https:\/\/outdoor-gym.com\/de\/?s={search_term_string}\"},\"query-input\":\"required name=search_term_string\"}],\"inLanguage\":\"pl-PL\"}]}<\/script>\n<!-- \/ Yoast SEO plugin. -->","yoast_head_json":{"title":"Ninja Warrior Parcours - Outdooor Trainingsger\u00e4te","description":"Ninja Warrior Parcours - Outdooor Trainingsger\u00e4te kaufen. Innovative Hindernisstrecken f\u00fcr Parks, Outdoor-Fitnessanlagen und Sporteinrichtungen. Unsere robusten Konstruktionen erm\u00f6glichen ein anspruchsvolles Training f\u00fcr Kraft, Geschicklichkeit und Koordination, inspiriert vom beliebten Ninja Warrior. Modularen Parcours L\u00f6sungen.","robots":{"index":"index","follow":"follow","max-snippet":"max-snippet:-1","max-image-preview":"max-image-preview:large","max-video-preview":"max-video-preview:-1"},"canonical":"https:\/\/outdoor-gym.com\/de\/produkte\/ninja-parcours\/","og_locale":"de_DE","og_type":"article","og_title":"Ninja Warrior Parcours - Outdooor Trainingsger\u00e4te","og_description":"Ninja Warrior Parcours - Outdooor Trainingsger\u00e4te kaufen. Innovative Hindernisstrecken f\u00fcr Parks, Outdoor-Fitnessanlagen und Sporteinrichtungen. Unsere robusten Konstruktionen erm\u00f6glichen ein anspruchsvolles Training f\u00fcr Kraft, Geschicklichkeit und Koordination, inspiriert vom beliebten Ninja Warrior. Modularen Parcours L\u00f6sungen.","og_url":"https:\/\/outdoor-gym.com\/de\/produkte\/ninja-parcours\/","og_site_name":"Trainer","article_modified_time":"2025-02-07T10:26:54+00:00","twitter_card":"summary_large_image","twitter_misc":{"Szacowany czas czytania":"1 minuta"},"schema":{"@context":"https:\/\/schema.org","@graph":[{"@type":"WebPage","@id":"https:\/\/outdoor-gym.com\/de\/produkte\/ninja-parcours\/","url":"https:\/\/outdoor-gym.com\/de\/produkte\/ninja-parcours\/","name":"Ninja Warrior Parcours - Outdooor Trainingsger\u00e4te","isPartOf":{"@id":"https:\/\/outdoor-gym.com\/de\/#website"},"datePublished":"2025-02-07T07:38:04+00:00","dateModified":"2025-02-07T10:26:54+00:00","description":"Ninja Warrior Parcours - Outdooor Trainingsger\u00e4te kaufen. Innovative Hindernisstrecken f\u00fcr Parks, Outdoor-Fitnessanlagen und Sporteinrichtungen. Unsere robusten Konstruktionen erm\u00f6glichen ein anspruchsvolles Training f\u00fcr Kraft, Geschicklichkeit und Koordination, inspiriert vom beliebten Ninja Warrior. Modularen Parcours L\u00f6sungen.","breadcrumb":{"@id":"https:\/\/outdoor-gym.com\/de\/produkte\/ninja-parcours\/#breadcrumb"},"inLanguage":"pl-PL","potentialAction":[{"@type":"ReadAction","target":["https:\/\/outdoor-gym.com\/de\/produkte\/ninja-parcours\/"]}]},{"@type":"BreadcrumbList","@id":"https:\/\/outdoor-gym.com\/de\/produkte\/ninja-parcours\/#breadcrumb","itemListElement":[{"@type":"ListItem","position":1,"name":"de","item":"https:\/\/outdoor-gym.com\/de\/"},{"@type":"ListItem","position":2,"name":"Produkte","item":"https:\/\/outdoor-gym.com\/de\/produkte\/"},{"@type":"ListItem","position":3,"name":"Ninja Parcours"}]},{"@type":"WebSite","@id":"https:\/\/outdoor-gym.com\/de\/#website","url":"https:\/\/outdoor-gym.com\/de\/","name":"Trainer","description":"Trainer","potentialAction":[{"@type":"SearchAction","target":{"@type":"EntryPoint","urlTemplate":"https:\/\/outdoor-gym.com\/de\/?s={search_term_string}"},"query-input":"required name=search_term_string"}],"inLanguage":"pl-PL"}]}},"_links":{"self":[{"href":"https:\/\/outdoor-gym.com\/de\/wp-json\/wp\/v2\/pages\/4245"}],"collection":[{"href":"https:\/\/outdoor-gym.com\/de\/wp-json\/wp\/v2\/pages"}],"about":[{"href":"https:\/\/outdoor-gym.com\/de\/wp-json\/wp\/v2\/types\/page"}],"author":[{"embeddable":true,"href":"https:\/\/outdoor-gym.com\/de\/wp-json\/wp\/v2\/users\/9"}],"replies":[{"embeddable":true,"href":"https:\/\/outdoor-gym.com\/de\/wp-json\/wp\/v2\/comments?post=4245"}],"version-history":[{"count":6,"href":"https:\/\/outdoor-gym.com\/de\/wp-json\/wp\/v2\/pages\/4245\/revisions"}],"predecessor-version":[{"id":5982,"href":"https:\/\/outdoor-gym.com\/de\/wp-json\/wp\/v2\/pages\/4245\/revisions\/5982"}],"up":[{"embeddable":true,"href":"https:\/\/outdoor-gym.com\/de\/wp-json\/wp\/v2\/pages\/928"}],"wp:attachment":[{"href":"https:\/\/outdoor-gym.com\/de\/wp-json\/wp\/v2\/media?parent=4245"}],"curies":[{"name":"wp","href":"https:\/\/api.w.org\/{rel}","templated":true}]}}