{"id":4250,"date":"2022-11-17T12:06:21","date_gmt":"2022-11-17T11:06:21","guid":{"rendered":"https:\/\/outdoor-gym.com\/de\/?page_id=4250"},"modified":"2023-09-29T10:03:06","modified_gmt":"2023-09-29T08:03:06","slug":"outdoor-trainingsgerate-fur-erwachsene","status":"publish","type":"page","link":"https:\/\/outdoor-gym.com\/de\/produkte\/outdoor-trainingsgerate-fur-erwachsene\/","title":{"rendered":"Outdoor Trainingsger\u00e4te f\u00fcr Erwachsene"},"content":{"rendered":"","protected":false},"excerpt":{"rendered":"","protected":false},"author":9,"featured_media":0,"parent":928,"menu_order":0,"comment_status":"closed","ping_status":"closed","template":"template-seria.php","meta":[],"acf":[],"yoast_head":"<!-- This site is optimized with the Yoast SEO plugin v20.6 - https:\/\/yoast.com\/wordpress\/plugins\/seo\/ -->\n<title>Trainingsger\u00e4te f\u00fcr Erwachsene - Preise f\u00fcr Outdoor-Fitnessger\u00e4te<\/title>\n<meta name=\"robots\" content=\"index, follow, max-snippet:-1, max-image-preview:large, max-video-preview:-1\" \/>\n<link rel=\"canonical\" href=\"https:\/\/outdoor-gym.com\/de\/produkte\/outdoor-trainingsgerate-fur-erwachsene\/\" \/>\n<meta property=\"og:locale\" content=\"de_DE\" \/>\n<meta property=\"og:type\" content=\"article\" \/>\n<meta property=\"og:title\" content=\"Trainingsger\u00e4te f\u00fcr Erwachsene - Preise f\u00fcr Outdoor-Fitnessger\u00e4te\" \/>\n<meta property=\"og:url\" content=\"https:\/\/outdoor-gym.com\/de\/produkte\/outdoor-trainingsgerate-fur-erwachsene\/\" \/>\n<meta property=\"og:site_name\" content=\"Trainer\" \/>\n<meta property=\"article:modified_time\" content=\"2023-09-29T08:03:06+00:00\" \/>\n<meta name=\"twitter:card\" content=\"summary_large_image\" \/>\n<script type=\"application\/ld+json\" class=\"yoast-schema-graph\">{\"@context\":\"https:\/\/schema.org\",\"@graph\":[{\"@type\":\"WebPage\",\"@id\":\"https:\/\/outdoor-gym.com\/de\/produkte\/outdoor-trainingsgerate-fur-erwachsene\/\",\"url\":\"https:\/\/outdoor-gym.com\/de\/produkte\/outdoor-trainingsgerate-fur-erwachsene\/\",\"name\":\"Trainingsger\u00e4te f\u00fcr Erwachsene - Preise f\u00fcr Outdoor-Fitnessger\u00e4te\",\"isPartOf\":{\"@id\":\"https:\/\/outdoor-gym.com\/de\/#website\"},\"datePublished\":\"2022-11-17T11:06:21+00:00\",\"dateModified\":\"2023-09-29T08:03:06+00:00\",\"breadcrumb\":{\"@id\":\"https:\/\/outdoor-gym.com\/de\/produkte\/outdoor-trainingsgerate-fur-erwachsene\/#breadcrumb\"},\"inLanguage\":\"pl-PL\",\"potentialAction\":[{\"@type\":\"ReadAction\",\"target\":[\"https:\/\/outdoor-gym.com\/de\/produkte\/outdoor-trainingsgerate-fur-erwachsene\/\"]}]},{\"@type\":\"BreadcrumbList\",\"@id\":\"https:\/\/outdoor-gym.com\/de\/produkte\/outdoor-trainingsgerate-fur-erwachsene\/#breadcrumb\",\"itemListElement\":[{\"@type\":\"ListItem\",\"position\":1,\"name\":\"de\",\"item\":\"https:\/\/outdoor-gym.com\/de\/\"},{\"@type\":\"ListItem\",\"position\":2,\"name\":\"Produkte\",\"item\":\"https:\/\/outdoor-gym.com\/de\/produkte\/\"},{\"@type\":\"ListItem\",\"position\":3,\"name\":\"Outdoor Trainingsger\u00e4te f\u00fcr Erwachsene\"}]},{\"@type\":\"WebSite\",\"@id\":\"https:\/\/outdoor-gym.com\/de\/#website\",\"url\":\"https:\/\/outdoor-gym.com\/de\/\",\"name\":\"Trainer\",\"description\":\"Trainer\",\"potentialAction\":[{\"@type\":\"SearchAction\",\"target\":{\"@type\":\"EntryPoint\",\"urlTemplate\":\"https:\/\/outdoor-gym.com\/de\/?s={search_term_string}\"},\"query-input\":\"required name=search_term_string\"}],\"inLanguage\":\"pl-PL\"}]}<\/script>\n<!-- \/ Yoast SEO plugin. -->","yoast_head_json":{"title":"Trainingsger\u00e4te f\u00fcr Erwachsene - Preise f\u00fcr Outdoor-Fitnessger\u00e4te","robots":{"index":"index","follow":"follow","max-snippet":"max-snippet:-1","max-image-preview":"max-image-preview:large","max-video-preview":"max-video-preview:-1"},"canonical":"https:\/\/outdoor-gym.com\/de\/produkte\/outdoor-trainingsgerate-fur-erwachsene\/","og_locale":"de_DE","og_type":"article","og_title":"Trainingsger\u00e4te f\u00fcr Erwachsene - Preise f\u00fcr Outdoor-Fitnessger\u00e4te","og_url":"https:\/\/outdoor-gym.com\/de\/produkte\/outdoor-trainingsgerate-fur-erwachsene\/","og_site_name":"Trainer","article_modified_time":"2023-09-29T08:03:06+00:00","twitter_card":"summary_large_image","schema":{"@context":"https:\/\/schema.org","@graph":[{"@type":"WebPage","@id":"https:\/\/outdoor-gym.com\/de\/produkte\/outdoor-trainingsgerate-fur-erwachsene\/","url":"https:\/\/outdoor-gym.com\/de\/produkte\/outdoor-trainingsgerate-fur-erwachsene\/","name":"Trainingsger\u00e4te f\u00fcr Erwachsene - Preise f\u00fcr Outdoor-Fitnessger\u00e4te","isPartOf":{"@id":"https:\/\/outdoor-gym.com\/de\/#website"},"datePublished":"2022-11-17T11:06:21+00:00","dateModified":"2023-09-29T08:03:06+00:00","breadcrumb":{"@id":"https:\/\/outdoor-gym.com\/de\/produkte\/outdoor-trainingsgerate-fur-erwachsene\/#breadcrumb"},"inLanguage":"pl-PL","potentialAction":[{"@type":"ReadAction","target":["https:\/\/outdoor-gym.com\/de\/produkte\/outdoor-trainingsgerate-fur-erwachsene\/"]}]},{"@type":"BreadcrumbList","@id":"https:\/\/outdoor-gym.com\/de\/produkte\/outdoor-trainingsgerate-fur-erwachsene\/#breadcrumb","itemListElement":[{"@type":"ListItem","position":1,"name":"de","item":"https:\/\/outdoor-gym.com\/de\/"},{"@type":"ListItem","position":2,"name":"Produkte","item":"https:\/\/outdoor-gym.com\/de\/produkte\/"},{"@type":"ListItem","position":3,"name":"Outdoor Trainingsger\u00e4te f\u00fcr Erwachsene"}]},{"@type":"WebSite","@id":"https:\/\/outdoor-gym.com\/de\/#website","url":"https:\/\/outdoor-gym.com\/de\/","name":"Trainer","description":"Trainer","potentialAction":[{"@type":"SearchAction","target":{"@type":"EntryPoint","urlTemplate":"https:\/\/outdoor-gym.com\/de\/?s={search_term_string}"},"query-input":"required name=search_term_string"}],"inLanguage":"pl-PL"}]}},"_links":{"self":[{"href":"https:\/\/outdoor-gym.com\/de\/wp-json\/wp\/v2\/pages\/4250"}],"collection":[{"href":"https:\/\/outdoor-gym.com\/de\/wp-json\/wp\/v2\/pages"}],"about":[{"href":"https:\/\/outdoor-gym.com\/de\/wp-json\/wp\/v2\/types\/page"}],"author":[{"embeddable":true,"href":"https:\/\/outdoor-gym.com\/de\/wp-json\/wp\/v2\/users\/9"}],"replies":[{"embeddable":true,"href":"https:\/\/outdoor-gym.com\/de\/wp-json\/wp\/v2\/comments?post=4250"}],"version-history":[{"count":4,"href":"https:\/\/outdoor-gym.com\/de\/wp-json\/wp\/v2\/pages\/4250\/revisions"}],"predecessor-version":[{"id":5108,"href":"https:\/\/outdoor-gym.com\/de\/wp-json\/wp\/v2\/pages\/4250\/revisions\/5108"}],"up":[{"embeddable":true,"href":"https:\/\/outdoor-gym.com\/de\/wp-json\/wp\/v2\/pages\/928"}],"wp:attachment":[{"href":"https:\/\/outdoor-gym.com\/de\/wp-json\/wp\/v2\/media?parent=4250"}],"curies":[{"name":"wp","href":"https:\/\/api.w.org\/{rel}","templated":true}]}}