{"id":4253,"date":"2022-11-17T12:08:47","date_gmt":"2022-11-17T11:08:47","guid":{"rendered":"https:\/\/outdoor-gym.com\/de\/?page_id=4253"},"modified":"2023-04-25T13:19:39","modified_gmt":"2023-04-25T11:19:39","slug":"sportgerate-fur-drausen-fur-senioren","status":"publish","type":"page","link":"https:\/\/outdoor-gym.com\/de\/produkte\/sportgerate-fur-drausen-fur-senioren\/","title":{"rendered":"Sportger\u00e4te f\u00fcr Drau\u00dfen f\u00fcr Senioren"},"content":{"rendered":"","protected":false},"excerpt":{"rendered":"","protected":false},"author":9,"featured_media":0,"parent":928,"menu_order":0,"comment_status":"closed","ping_status":"closed","template":"template-seria.php","meta":[],"acf":[],"yoast_head":"<!-- This site is optimized with the Yoast SEO plugin v20.6 - https:\/\/yoast.com\/wordpress\/plugins\/seo\/ -->\n<title>Fitnessger\u00e4te- Sportger\u00e4te f\u00fcr Senioren - TRAINER<\/title>\n<meta name=\"robots\" content=\"index, follow, max-snippet:-1, max-image-preview:large, max-video-preview:-1\" \/>\n<link rel=\"canonical\" href=\"https:\/\/outdoor-gym.com\/de\/produkte\/sportgerate-fur-drausen-fur-senioren\/\" \/>\n<meta property=\"og:locale\" content=\"de_DE\" \/>\n<meta property=\"og:type\" content=\"article\" \/>\n<meta property=\"og:title\" content=\"Fitnessger\u00e4te- Sportger\u00e4te f\u00fcr Senioren - TRAINER\" \/>\n<meta property=\"og:url\" content=\"https:\/\/outdoor-gym.com\/de\/produkte\/sportgerate-fur-drausen-fur-senioren\/\" \/>\n<meta property=\"og:site_name\" content=\"Trainer\" \/>\n<meta property=\"article:modified_time\" content=\"2023-04-25T11:19:39+00:00\" \/>\n<meta name=\"twitter:card\" content=\"summary_large_image\" \/>\n<script type=\"application\/ld+json\" class=\"yoast-schema-graph\">{\"@context\":\"https:\/\/schema.org\",\"@graph\":[{\"@type\":\"WebPage\",\"@id\":\"https:\/\/outdoor-gym.com\/de\/produkte\/sportgerate-fur-drausen-fur-senioren\/\",\"url\":\"https:\/\/outdoor-gym.com\/de\/produkte\/sportgerate-fur-drausen-fur-senioren\/\",\"name\":\"Fitnessger\u00e4te- Sportger\u00e4te f\u00fcr Senioren - TRAINER\",\"isPartOf\":{\"@id\":\"https:\/\/outdoor-gym.com\/de\/#website\"},\"datePublished\":\"2022-11-17T11:08:47+00:00\",\"dateModified\":\"2023-04-25T11:19:39+00:00\",\"breadcrumb\":{\"@id\":\"https:\/\/outdoor-gym.com\/de\/produkte\/sportgerate-fur-drausen-fur-senioren\/#breadcrumb\"},\"inLanguage\":\"pl-PL\",\"potentialAction\":[{\"@type\":\"ReadAction\",\"target\":[\"https:\/\/outdoor-gym.com\/de\/produkte\/sportgerate-fur-drausen-fur-senioren\/\"]}]},{\"@type\":\"BreadcrumbList\",\"@id\":\"https:\/\/outdoor-gym.com\/de\/produkte\/sportgerate-fur-drausen-fur-senioren\/#breadcrumb\",\"itemListElement\":[{\"@type\":\"ListItem\",\"position\":1,\"name\":\"de\",\"item\":\"https:\/\/outdoor-gym.com\/de\/\"},{\"@type\":\"ListItem\",\"position\":2,\"name\":\"Produkte\",\"item\":\"https:\/\/outdoor-gym.com\/de\/produkte\/\"},{\"@type\":\"ListItem\",\"position\":3,\"name\":\"Sportger\u00e4te f\u00fcr Drau\u00dfen f\u00fcr Senioren\"}]},{\"@type\":\"WebSite\",\"@id\":\"https:\/\/outdoor-gym.com\/de\/#website\",\"url\":\"https:\/\/outdoor-gym.com\/de\/\",\"name\":\"Trainer\",\"description\":\"Trainer\",\"potentialAction\":[{\"@type\":\"SearchAction\",\"target\":{\"@type\":\"EntryPoint\",\"urlTemplate\":\"https:\/\/outdoor-gym.com\/de\/?s={search_term_string}\"},\"query-input\":\"required name=search_term_string\"}],\"inLanguage\":\"pl-PL\"}]}<\/script>\n<!-- \/ Yoast SEO plugin. -->","yoast_head_json":{"title":"Fitnessger\u00e4te- Sportger\u00e4te f\u00fcr Senioren - TRAINER","robots":{"index":"index","follow":"follow","max-snippet":"max-snippet:-1","max-image-preview":"max-image-preview:large","max-video-preview":"max-video-preview:-1"},"canonical":"https:\/\/outdoor-gym.com\/de\/produkte\/sportgerate-fur-drausen-fur-senioren\/","og_locale":"de_DE","og_type":"article","og_title":"Fitnessger\u00e4te- Sportger\u00e4te f\u00fcr Senioren - TRAINER","og_url":"https:\/\/outdoor-gym.com\/de\/produkte\/sportgerate-fur-drausen-fur-senioren\/","og_site_name":"Trainer","article_modified_time":"2023-04-25T11:19:39+00:00","twitter_card":"summary_large_image","schema":{"@context":"https:\/\/schema.org","@graph":[{"@type":"WebPage","@id":"https:\/\/outdoor-gym.com\/de\/produkte\/sportgerate-fur-drausen-fur-senioren\/","url":"https:\/\/outdoor-gym.com\/de\/produkte\/sportgerate-fur-drausen-fur-senioren\/","name":"Fitnessger\u00e4te- Sportger\u00e4te f\u00fcr Senioren - TRAINER","isPartOf":{"@id":"https:\/\/outdoor-gym.com\/de\/#website"},"datePublished":"2022-11-17T11:08:47+00:00","dateModified":"2023-04-25T11:19:39+00:00","breadcrumb":{"@id":"https:\/\/outdoor-gym.com\/de\/produkte\/sportgerate-fur-drausen-fur-senioren\/#breadcrumb"},"inLanguage":"pl-PL","potentialAction":[{"@type":"ReadAction","target":["https:\/\/outdoor-gym.com\/de\/produkte\/sportgerate-fur-drausen-fur-senioren\/"]}]},{"@type":"BreadcrumbList","@id":"https:\/\/outdoor-gym.com\/de\/produkte\/sportgerate-fur-drausen-fur-senioren\/#breadcrumb","itemListElement":[{"@type":"ListItem","position":1,"name":"de","item":"https:\/\/outdoor-gym.com\/de\/"},{"@type":"ListItem","position":2,"name":"Produkte","item":"https:\/\/outdoor-gym.com\/de\/produkte\/"},{"@type":"ListItem","position":3,"name":"Sportger\u00e4te f\u00fcr Drau\u00dfen f\u00fcr Senioren"}]},{"@type":"WebSite","@id":"https:\/\/outdoor-gym.com\/de\/#website","url":"https:\/\/outdoor-gym.com\/de\/","name":"Trainer","description":"Trainer","potentialAction":[{"@type":"SearchAction","target":{"@type":"EntryPoint","urlTemplate":"https:\/\/outdoor-gym.com\/de\/?s={search_term_string}"},"query-input":"required name=search_term_string"}],"inLanguage":"pl-PL"}]}},"_links":{"self":[{"href":"https:\/\/outdoor-gym.com\/de\/wp-json\/wp\/v2\/pages\/4253"}],"collection":[{"href":"https:\/\/outdoor-gym.com\/de\/wp-json\/wp\/v2\/pages"}],"about":[{"href":"https:\/\/outdoor-gym.com\/de\/wp-json\/wp\/v2\/types\/page"}],"author":[{"embeddable":true,"href":"https:\/\/outdoor-gym.com\/de\/wp-json\/wp\/v2\/users\/9"}],"replies":[{"embeddable":true,"href":"https:\/\/outdoor-gym.com\/de\/wp-json\/wp\/v2\/comments?post=4253"}],"version-history":[{"count":1,"href":"https:\/\/outdoor-gym.com\/de\/wp-json\/wp\/v2\/pages\/4253\/revisions"}],"predecessor-version":[{"id":4254,"href":"https:\/\/outdoor-gym.com\/de\/wp-json\/wp\/v2\/pages\/4253\/revisions\/4254"}],"up":[{"embeddable":true,"href":"https:\/\/outdoor-gym.com\/de\/wp-json\/wp\/v2\/pages\/928"}],"wp:attachment":[{"href":"https:\/\/outdoor-gym.com\/de\/wp-json\/wp\/v2\/media?parent=4253"}],"curies":[{"name":"wp","href":"https:\/\/api.w.org\/{rel}","templated":true}]}}