{"id":6039,"date":"2025-03-21T10:09:43","date_gmt":"2025-03-21T09:09:43","guid":{"rendered":"https:\/\/outdoor-gym.com\/de\/?page_id=6039"},"modified":"2025-05-05T08:40:19","modified_gmt":"2025-05-05T06:40:19","slug":"stadtmobiliar","status":"publish","type":"page","link":"https:\/\/outdoor-gym.com\/de\/produkte\/stadtmobiliar\/","title":{"rendered":"Stadtmobiliar"},"content":{"rendered":"<p><span style=\"font-weight: 400;\">Unsere kleine Stadtarchitektur ist die ideale Erg\u00e4nzung f\u00fcr jede geplante Outdoor-Fitnessanlage oder Bewegungszone. Wir bieten wetterfeste und langlebige Parkb\u00e4nke, Abfalleimer f\u00fcr den Au\u00dfenbereich sowie moderne Fahrradst\u00e4nder \u2013 perfekt f\u00fcr Parks, Schulen, Wohnanlagen, Spielpl\u00e4tze und \u00f6ffentliche R\u00e4ume.<\/span><\/p>\n<p><span style=\"font-weight: 400;\">Alle Produkte sind aus robusten, witterungsbest\u00e4ndigen Materialien gefertigt und halten auch intensiver Nutzung im Freien stand. Die Parkb\u00e4nke bieten bequeme Sitzm\u00f6glichkeiten, Abfallbeh\u00e4lter sorgen f\u00fcr Sauberkeit im \u00f6ffentlichen Raum und die Fahrradst\u00e4nder erm\u00f6glichen ein sicheres Abstellen von Fahrr\u00e4dern. Erh\u00e4ltlich in verschiedenen Designs \u2013 von klassisch bis modern, f\u00fcgen sich unsere Stadtm\u00f6bel harmonisch in jede Umgebung ein.<\/span><\/p>\n","protected":false},"excerpt":{"rendered":"<p>Unsere kleine Stadtarchitektur ist die ideale Erg\u00e4nzung f\u00fcr jede geplante Outdoor-Fitnessanlage oder Bewegungszone. Wir bieten wetterfeste und langlebige Parkb\u00e4nke, Abfalleimer f\u00fcr den Au\u00dfenbereich sowie moderne Fahrradst\u00e4nder \u2013 perfekt f\u00fcr Parks, Schulen, Wohnanlagen, Spielpl\u00e4tze und \u00f6ffentliche R\u00e4ume. Alle Produkte sind aus robusten, witterungsbest\u00e4ndigen Materialien gefertigt und halten auch intensiver Nutzung im Freien stand. Die Parkb\u00e4nke bieten [&hellip;]<\/p>\n","protected":false},"author":9,"featured_media":0,"parent":928,"menu_order":0,"comment_status":"closed","ping_status":"closed","template":"template-seria.php","meta":[],"acf":[],"yoast_head":"<!-- This site is optimized with the Yoast SEO plugin v20.6 - https:\/\/yoast.com\/wordpress\/plugins\/seo\/ -->\n<title>Stadtmobiliar - Trainer<\/title>\n<meta name=\"robots\" content=\"index, follow, max-snippet:-1, max-image-preview:large, max-video-preview:-1\" \/>\n<link rel=\"canonical\" href=\"https:\/\/outdoor-gym.com\/de\/produkte\/stadtmobiliar\/\" \/>\n<meta property=\"og:locale\" content=\"de_DE\" \/>\n<meta property=\"og:type\" content=\"article\" \/>\n<meta property=\"og:title\" content=\"Stadtmobiliar - Trainer\" \/>\n<meta property=\"og:description\" content=\"Unsere kleine Stadtarchitektur ist die ideale Erg\u00e4nzung f\u00fcr jede geplante Outdoor-Fitnessanlage oder Bewegungszone. Wir bieten wetterfeste und langlebige Parkb\u00e4nke, Abfalleimer f\u00fcr den Au\u00dfenbereich sowie moderne Fahrradst\u00e4nder \u2013 perfekt f\u00fcr Parks, Schulen, Wohnanlagen, Spielpl\u00e4tze und \u00f6ffentliche R\u00e4ume. Alle Produkte sind aus robusten, witterungsbest\u00e4ndigen Materialien gefertigt und halten auch intensiver Nutzung im Freien stand. Die Parkb\u00e4nke bieten [&hellip;]\" \/>\n<meta property=\"og:url\" content=\"https:\/\/outdoor-gym.com\/de\/produkte\/stadtmobiliar\/\" \/>\n<meta property=\"og:site_name\" content=\"Trainer\" \/>\n<meta property=\"article:modified_time\" content=\"2025-05-05T06:40:19+00:00\" \/>\n<meta name=\"twitter:card\" content=\"summary_large_image\" \/>\n<meta name=\"twitter:label1\" content=\"Szacowany czas czytania\" \/>\n\t<meta name=\"twitter:data1\" content=\"1 minuta\" \/>\n<script type=\"application\/ld+json\" class=\"yoast-schema-graph\">{\"@context\":\"https:\/\/schema.org\",\"@graph\":[{\"@type\":\"WebPage\",\"@id\":\"https:\/\/outdoor-gym.com\/de\/produkte\/stadtmobiliar\/\",\"url\":\"https:\/\/outdoor-gym.com\/de\/produkte\/stadtmobiliar\/\",\"name\":\"Stadtmobiliar - Trainer\",\"isPartOf\":{\"@id\":\"https:\/\/outdoor-gym.com\/de\/#website\"},\"datePublished\":\"2025-03-21T09:09:43+00:00\",\"dateModified\":\"2025-05-05T06:40:19+00:00\",\"breadcrumb\":{\"@id\":\"https:\/\/outdoor-gym.com\/de\/produkte\/stadtmobiliar\/#breadcrumb\"},\"inLanguage\":\"pl-PL\",\"potentialAction\":[{\"@type\":\"ReadAction\",\"target\":[\"https:\/\/outdoor-gym.com\/de\/produkte\/stadtmobiliar\/\"]}]},{\"@type\":\"BreadcrumbList\",\"@id\":\"https:\/\/outdoor-gym.com\/de\/produkte\/stadtmobiliar\/#breadcrumb\",\"itemListElement\":[{\"@type\":\"ListItem\",\"position\":1,\"name\":\"de\",\"item\":\"https:\/\/outdoor-gym.com\/de\/\"},{\"@type\":\"ListItem\",\"position\":2,\"name\":\"Produkte\",\"item\":\"https:\/\/outdoor-gym.com\/de\/produkte\/\"},{\"@type\":\"ListItem\",\"position\":3,\"name\":\"Stadtmobiliar\"}]},{\"@type\":\"WebSite\",\"@id\":\"https:\/\/outdoor-gym.com\/de\/#website\",\"url\":\"https:\/\/outdoor-gym.com\/de\/\",\"name\":\"Trainer\",\"description\":\"Trainer\",\"potentialAction\":[{\"@type\":\"SearchAction\",\"target\":{\"@type\":\"EntryPoint\",\"urlTemplate\":\"https:\/\/outdoor-gym.com\/de\/?s={search_term_string}\"},\"query-input\":\"required name=search_term_string\"}],\"inLanguage\":\"pl-PL\"}]}<\/script>\n<!-- \/ Yoast SEO plugin. -->","yoast_head_json":{"title":"Stadtmobiliar - Trainer","robots":{"index":"index","follow":"follow","max-snippet":"max-snippet:-1","max-image-preview":"max-image-preview:large","max-video-preview":"max-video-preview:-1"},"canonical":"https:\/\/outdoor-gym.com\/de\/produkte\/stadtmobiliar\/","og_locale":"de_DE","og_type":"article","og_title":"Stadtmobiliar - Trainer","og_description":"Unsere kleine Stadtarchitektur ist die ideale Erg\u00e4nzung f\u00fcr jede geplante Outdoor-Fitnessanlage oder Bewegungszone. Wir bieten wetterfeste und langlebige Parkb\u00e4nke, Abfalleimer f\u00fcr den Au\u00dfenbereich sowie moderne Fahrradst\u00e4nder \u2013 perfekt f\u00fcr Parks, Schulen, Wohnanlagen, Spielpl\u00e4tze und \u00f6ffentliche R\u00e4ume. Alle Produkte sind aus robusten, witterungsbest\u00e4ndigen Materialien gefertigt und halten auch intensiver Nutzung im Freien stand. Die Parkb\u00e4nke bieten [&hellip;]","og_url":"https:\/\/outdoor-gym.com\/de\/produkte\/stadtmobiliar\/","og_site_name":"Trainer","article_modified_time":"2025-05-05T06:40:19+00:00","twitter_card":"summary_large_image","twitter_misc":{"Szacowany czas czytania":"1 minuta"},"schema":{"@context":"https:\/\/schema.org","@graph":[{"@type":"WebPage","@id":"https:\/\/outdoor-gym.com\/de\/produkte\/stadtmobiliar\/","url":"https:\/\/outdoor-gym.com\/de\/produkte\/stadtmobiliar\/","name":"Stadtmobiliar - Trainer","isPartOf":{"@id":"https:\/\/outdoor-gym.com\/de\/#website"},"datePublished":"2025-03-21T09:09:43+00:00","dateModified":"2025-05-05T06:40:19+00:00","breadcrumb":{"@id":"https:\/\/outdoor-gym.com\/de\/produkte\/stadtmobiliar\/#breadcrumb"},"inLanguage":"pl-PL","potentialAction":[{"@type":"ReadAction","target":["https:\/\/outdoor-gym.com\/de\/produkte\/stadtmobiliar\/"]}]},{"@type":"BreadcrumbList","@id":"https:\/\/outdoor-gym.com\/de\/produkte\/stadtmobiliar\/#breadcrumb","itemListElement":[{"@type":"ListItem","position":1,"name":"de","item":"https:\/\/outdoor-gym.com\/de\/"},{"@type":"ListItem","position":2,"name":"Produkte","item":"https:\/\/outdoor-gym.com\/de\/produkte\/"},{"@type":"ListItem","position":3,"name":"Stadtmobiliar"}]},{"@type":"WebSite","@id":"https:\/\/outdoor-gym.com\/de\/#website","url":"https:\/\/outdoor-gym.com\/de\/","name":"Trainer","description":"Trainer","potentialAction":[{"@type":"SearchAction","target":{"@type":"EntryPoint","urlTemplate":"https:\/\/outdoor-gym.com\/de\/?s={search_term_string}"},"query-input":"required name=search_term_string"}],"inLanguage":"pl-PL"}]}},"_links":{"self":[{"href":"https:\/\/outdoor-gym.com\/de\/wp-json\/wp\/v2\/pages\/6039"}],"collection":[{"href":"https:\/\/outdoor-gym.com\/de\/wp-json\/wp\/v2\/pages"}],"about":[{"href":"https:\/\/outdoor-gym.com\/de\/wp-json\/wp\/v2\/types\/page"}],"author":[{"embeddable":true,"href":"https:\/\/outdoor-gym.com\/de\/wp-json\/wp\/v2\/users\/9"}],"replies":[{"embeddable":true,"href":"https:\/\/outdoor-gym.com\/de\/wp-json\/wp\/v2\/comments?post=6039"}],"version-history":[{"count":3,"href":"https:\/\/outdoor-gym.com\/de\/wp-json\/wp\/v2\/pages\/6039\/revisions"}],"predecessor-version":[{"id":6231,"href":"https:\/\/outdoor-gym.com\/de\/wp-json\/wp\/v2\/pages\/6039\/revisions\/6231"}],"up":[{"embeddable":true,"href":"https:\/\/outdoor-gym.com\/de\/wp-json\/wp\/v2\/pages\/928"}],"wp:attachment":[{"href":"https:\/\/outdoor-gym.com\/de\/wp-json\/wp\/v2\/media?parent=6039"}],"curies":[{"name":"wp","href":"https:\/\/api.w.org\/{rel}","templated":true}]}}