{"id":6533,"date":"2025-11-27T14:13:10","date_gmt":"2025-11-27T13:13:10","guid":{"rendered":"https:\/\/outdoor-gym.com\/de\/?page_id=6533"},"modified":"2025-11-27T14:37:07","modified_gmt":"2025-11-27T13:37:07","slug":"ruckgaben","status":"publish","type":"page","link":"https:\/\/outdoor-gym.com\/de\/dienstleistungen\/ruckgaben\/","title":{"rendered":"R\u00fcckgaben"},"content":{"rendered":"<p><strong>R\u00fcckgaben<\/strong><\/p>\n<p><strong>Information \u00fcber das Widerrufsrecht bei Fernabsatzvertr\u00e4gen<\/strong><\/p>\n<p>Als Verbraucher haben Sie das Recht, einen Fernabsatzvertrag innerhalb von 14 Tagen ohne Angabe von Gr\u00fcnden zu widerrufen.Die Widerrufsfrist betr\u00e4gt 14 Tage ab dem Tag, an dem Sie oder ein von Ihnen benannter Dritter, der nicht der Bef\u00f6rderer ist, die Ware in Besitz genommen haben.<\/p>\n<p>Um Ihr Widerrufsrecht auszu\u00fcben, m\u00fcssen Sie uns mittels einer eindeutigen Erkl\u00e4rung (z. B. per Brief oder E-Mail) \u00fcber Ihren Entschluss informieren, diesen Vertrag zu widerrufen.Sie k\u00f6nnen Ihre Erkl\u00e4rung wie folgt \u00fcbermitteln:<\/p>\n<ul>\n<li><strong>per E-Mail:<\/strong> trainer@outdoor-gym.<\/li>\n<li><strong>comschriftlich an die Adresse:<\/strong> TRAINER Outdoor Gym sp. z o.o., ul. Hetma\u0144ska 38, 85-039 Bydgoszcz, Polen<\/li>\n<\/ul>\n<p>Ein Muster-Widerrufsformular finden Sie am Ende dieses Dokuments. Die Verwendung des Musterformulars ist nicht verpflichtend.<\/p>\n<p>Zur Wahrung der Widerrufsfrist reicht es aus, dass Sie die Mitteilung \u00fcber die Aus\u00fcbung des Widerrufsrechts vor Ablauf der Widerrufsfrist absenden.<\/p>\n<p>Im Falle eines wirksamen Widerrufs erstatten wir Ihnen alle Zahlungen, die wir von Ihnen erhalten haben, einschlie\u00dflich der Lieferkosten (mit Ausnahme der zus\u00e4tzlichen Kosten, die sich daraus ergeben, dass Sie eine andere Art der Lieferung gew\u00e4hlt haben als die von uns angebotene g\u00fcnstigste Standardlieferung).Die Erstattung erfolgt unverz\u00fcglich, sp\u00e4testens jedoch innerhalb von 14 Tagen ab dem Tag, an dem uns Ihre Mitteilung \u00fcber den Widerruf zugegangen ist.<\/p>\n<p>Die R\u00fcckzahlung erfolgt \u00fcber dasselbe Zahlungsmittel, das Sie bei der urspr\u00fcnglichen Transaktion eingesetzt haben, es sei denn, es wurde ausdr\u00fccklich etwas anderes vereinbart. F\u00fcr diese R\u00fcckzahlung berechnen wir Ihnen keinerlei Geb\u00fchren.Wir k\u00f6nnen die R\u00fcckzahlung verweigern, bis wir die Ware zur\u00fcckerhalten haben oder bis Sie den Nachweis erbracht haben, dass Sie die Ware zur\u00fcckgesendet haben \u2013 je nachdem, welches der fr\u00fchere Zeitpunkt ist.<\/p>\n<p>Wenn Sie die Ware bereits erhalten haben, senden Sie diese bitte zur\u00fcck oder \u00fcbergeben Sie sie unverz\u00fcglich, sp\u00e4testens jedoch innerhalb von 14 Tagen, an folgende R\u00fccksendeadresse: TRAINER Outdoor Gym sp. z o.o. ul., Milcherta 10, 85-862 Bydgoszcz, Polen.<\/p>\n<p>Die Frist ist gewahrt, wenn Sie die Ware vor Ablauf der 14 Tage absenden.<\/p>\n<p>Sie tragen die unmittelbaren Kosten der R\u00fccksendung der Ware.Sie m\u00fcssen nur f\u00fcr einen etwaigen Wertverlust der Ware aufkommen, wenn dieser Wertverlust auf einen Umgang mit der Ware zur\u00fcckzuf\u00fchren ist, der zur Pr\u00fcfung von Eigenschaften, Merkmalen und Funktionsweise der Ware nicht notwendig war.<\/p>\n<p>Das Widerrufsrecht besteht nicht bei folgenden Waren:Waren, die nach Kundenspezifikation angefertigt wurden, insbesondere individuell konfigurierte Outdoor-Fitnessger\u00e4te (z. B. individuelle Farbgebung, Ausstattung, Konstruktion oder Layout)Waren, die nach der Lieferung untrennbar mit anderen Installationen oder dem Boden verbunden wurdenWaren, die aufgrund ihrer individuellen Eigenschaften speziell f\u00fcr einen Auftrag oder ein Projekt hergestellt wurden.<\/p>\n<p>&nbsp;<\/p>\n<p>&nbsp;<\/p>\n<p>&nbsp;<\/p>\n<p><strong>MUSTER-WIDERRUFSFORMULAR<\/strong><\/p>\n<p><em>(Wenn Sie den Vertrag widerrufen wollen, dann f\u00fcllen Sie bitte dieses Formular aus und senden Sie es zur\u00fcck)<\/em><\/p>\n<p>&nbsp;<\/p>\n<p><strong>Kundendaten:<\/strong><br \/>\nName und Vorname: &#8230;&#8230;&#8230;&#8230;&#8230;&#8230;&#8230;&#8230;&#8230;&#8230;&#8230;&#8230;&#8230;&#8230;&#8230;&#8230;&#8230;&#8230;&#8230;&#8230;<br \/>\nAdresse: &#8230;&#8230;&#8230;&#8230;&#8230;&#8230;&#8230;&#8230;&#8230;&#8230;&#8230;&#8230;&#8230;&#8230;&#8230;&#8230;&#8230;&#8230;&#8230;&#8230;&#8230;&#8230;&#8230;&#8230;.<br \/>\nTelefonnummer: &#8230;&#8230;&#8230;&#8230;&#8230;&#8230;&#8230;&#8230;&#8230;&#8230;&#8230;&#8230;<br \/>\nE-Mail: &#8230;&#8230;&#8230;&#8230;&#8230;&#8230;&#8230;&#8230;&#8230;&#8230;&#8230;&#8230;<\/p>\n<p><strong>Empf\u00e4nger:<\/strong><br \/>\nTRAINER Outdoor Gym sp. z o.o.<br \/>\nul. Milcherta 10<br \/>\n85-862 Bydgoszcz<br \/>\nE-Mail: trainer@outdoor-gym.com<\/p>\n<p><strong>Widerrufserkl\u00e4rung<\/strong><\/p>\n<p>Hiermit erkl\u00e4re ich den Widerruf des von mir abgeschlossenen Fernabsatzvertrags \u00fcber den Kauf der folgenden Ware(n):<\/p>\n<p>&#8230;&#8230;&#8230;&#8230;&#8230;&#8230;&#8230;&#8230;&#8230;&#8230;&#8230;&#8230;&#8230;&#8230;&#8230;&#8230;&#8230;&#8230;&#8230;&#8230;&#8230;&#8230;&#8230;&#8230;&#8230;&#8230;..<br \/>\n&#8230;&#8230;&#8230;&#8230;&#8230;&#8230;&#8230;&#8230;&#8230;&#8230;&#8230;&#8230;&#8230;&#8230;&#8230;&#8230;&#8230;&#8230;&#8230;&#8230;&#8230;&#8230;&#8230;&#8230;&#8230;&#8230;..<\/p>\n<p>Datum des Erhalts der Ware: &#8230;&#8230;&#8230;&#8230;&#8230;&#8230;&#8230;&#8230;&#8230;&#8230;&#8230;&#8230;&#8230;&#8230;&#8230;&#8230;&#8230;&#8230;.<\/p>\n<p>Bitte erstatten Sie den Betrag auf folgendes Bankkonto:<\/p>\n<p>&#8230;&#8230;&#8230;&#8230;&#8230;&#8230;&#8230;&#8230;&#8230;&#8230;&#8230;&#8230;&#8230;&#8230;&#8230;&#8230;&#8230;&#8230;&#8230;&#8230;&#8230;&#8230;&#8230;&#8230;&#8230;&#8230;..<\/p>\n<p>&nbsp;<\/p>\n<p>Datum: &#8230;&#8230;&#8230;&#8230;&#8230;&#8230;&#8230;&#8230;&#8230;&#8230;&#8230;&#8230;&#8230;&#8230;&#8230;<\/p>\n<p>&nbsp;<\/p>\n<p>&#8230;&#8230;&#8230;&#8230;&#8230;&#8230;&#8230;&#8230;&#8230;&#8230;&#8230;&#8230;&#8230;&#8230;&#8230;&#8230;&#8230;&#8230;&#8230;&#8230;&#8230;&#8230;&#8230;&#8230;&#8230;&#8230;..<\/p>\n<p>Unterschrift (nur bei schriftlicher Einreichung):<\/p>\n<p>&nbsp;<\/p>\n<p>&nbsp;<\/p>\n<p>&nbsp;<\/p>\n","protected":false},"excerpt":{"rendered":"<p>R\u00fcckgaben Information \u00fcber das Widerrufsrecht bei Fernabsatzvertr\u00e4gen Als Verbraucher haben Sie das Recht, einen Fernabsatzvertrag innerhalb von 14 Tagen ohne Angabe von Gr\u00fcnden zu widerrufen.Die Widerrufsfrist betr\u00e4gt 14 Tage ab dem Tag, an dem Sie oder ein von Ihnen benannter Dritter, der nicht der Bef\u00f6rderer ist, die Ware in Besitz genommen haben. Um Ihr Widerrufsrecht [&hellip;]<\/p>\n","protected":false},"author":3,"featured_media":0,"parent":932,"menu_order":0,"comment_status":"closed","ping_status":"closed","template":"template-usluga.php","meta":[],"acf":[],"yoast_head":"<!-- This site is optimized with the Yoast SEO plugin v20.6 - https:\/\/yoast.com\/wordpress\/plugins\/seo\/ -->\n<title>R\u00fcckgaben - Trainer<\/title>\n<meta name=\"robots\" content=\"index, follow, max-snippet:-1, max-image-preview:large, max-video-preview:-1\" \/>\n<link rel=\"canonical\" href=\"https:\/\/outdoor-gym.com\/de\/dienstleistungen\/ruckgaben\/\" \/>\n<meta property=\"og:locale\" content=\"de_DE\" \/>\n<meta property=\"og:type\" content=\"article\" \/>\n<meta property=\"og:title\" content=\"R\u00fcckgaben - Trainer\" \/>\n<meta property=\"og:description\" content=\"R\u00fcckgaben Information \u00fcber das Widerrufsrecht bei Fernabsatzvertr\u00e4gen Als Verbraucher haben Sie das Recht, einen Fernabsatzvertrag innerhalb von 14 Tagen ohne Angabe von Gr\u00fcnden zu widerrufen.Die Widerrufsfrist betr\u00e4gt 14 Tage ab dem Tag, an dem Sie oder ein von Ihnen benannter Dritter, der nicht der Bef\u00f6rderer ist, die Ware in Besitz genommen haben. Um Ihr Widerrufsrecht [&hellip;]\" \/>\n<meta property=\"og:url\" content=\"https:\/\/outdoor-gym.com\/de\/dienstleistungen\/ruckgaben\/\" \/>\n<meta property=\"og:site_name\" content=\"Trainer\" \/>\n<meta property=\"article:modified_time\" content=\"2025-11-27T13:37:07+00:00\" \/>\n<meta name=\"twitter:card\" content=\"summary_large_image\" \/>\n<meta name=\"twitter:label1\" content=\"Szacowany czas czytania\" \/>\n\t<meta name=\"twitter:data1\" content=\"3 minuty\" \/>\n<script type=\"application\/ld+json\" class=\"yoast-schema-graph\">{\"@context\":\"https:\/\/schema.org\",\"@graph\":[{\"@type\":\"WebPage\",\"@id\":\"https:\/\/outdoor-gym.com\/de\/dienstleistungen\/ruckgaben\/\",\"url\":\"https:\/\/outdoor-gym.com\/de\/dienstleistungen\/ruckgaben\/\",\"name\":\"R\u00fcckgaben - Trainer\",\"isPartOf\":{\"@id\":\"https:\/\/outdoor-gym.com\/de\/#website\"},\"datePublished\":\"2025-11-27T13:13:10+00:00\",\"dateModified\":\"2025-11-27T13:37:07+00:00\",\"breadcrumb\":{\"@id\":\"https:\/\/outdoor-gym.com\/de\/dienstleistungen\/ruckgaben\/#breadcrumb\"},\"inLanguage\":\"pl-PL\",\"potentialAction\":[{\"@type\":\"ReadAction\",\"target\":[\"https:\/\/outdoor-gym.com\/de\/dienstleistungen\/ruckgaben\/\"]}]},{\"@type\":\"BreadcrumbList\",\"@id\":\"https:\/\/outdoor-gym.com\/de\/dienstleistungen\/ruckgaben\/#breadcrumb\",\"itemListElement\":[{\"@type\":\"ListItem\",\"position\":1,\"name\":\"de\",\"item\":\"https:\/\/outdoor-gym.com\/de\/\"},{\"@type\":\"ListItem\",\"position\":2,\"name\":\"Dienstleistungen\",\"item\":\"https:\/\/outdoor-gym.com\/de\/dienstleistungen\/\"},{\"@type\":\"ListItem\",\"position\":3,\"name\":\"R\u00fcckgaben\"}]},{\"@type\":\"WebSite\",\"@id\":\"https:\/\/outdoor-gym.com\/de\/#website\",\"url\":\"https:\/\/outdoor-gym.com\/de\/\",\"name\":\"Trainer\",\"description\":\"Trainer\",\"potentialAction\":[{\"@type\":\"SearchAction\",\"target\":{\"@type\":\"EntryPoint\",\"urlTemplate\":\"https:\/\/outdoor-gym.com\/de\/?s={search_term_string}\"},\"query-input\":\"required name=search_term_string\"}],\"inLanguage\":\"pl-PL\"}]}<\/script>\n<!-- \/ Yoast SEO plugin. -->","yoast_head_json":{"title":"R\u00fcckgaben - Trainer","robots":{"index":"index","follow":"follow","max-snippet":"max-snippet:-1","max-image-preview":"max-image-preview:large","max-video-preview":"max-video-preview:-1"},"canonical":"https:\/\/outdoor-gym.com\/de\/dienstleistungen\/ruckgaben\/","og_locale":"de_DE","og_type":"article","og_title":"R\u00fcckgaben - Trainer","og_description":"R\u00fcckgaben Information \u00fcber das Widerrufsrecht bei Fernabsatzvertr\u00e4gen Als Verbraucher haben Sie das Recht, einen Fernabsatzvertrag innerhalb von 14 Tagen ohne Angabe von Gr\u00fcnden zu widerrufen.Die Widerrufsfrist betr\u00e4gt 14 Tage ab dem Tag, an dem Sie oder ein von Ihnen benannter Dritter, der nicht der Bef\u00f6rderer ist, die Ware in Besitz genommen haben. Um Ihr Widerrufsrecht [&hellip;]","og_url":"https:\/\/outdoor-gym.com\/de\/dienstleistungen\/ruckgaben\/","og_site_name":"Trainer","article_modified_time":"2025-11-27T13:37:07+00:00","twitter_card":"summary_large_image","twitter_misc":{"Szacowany czas czytania":"3 minuty"},"schema":{"@context":"https:\/\/schema.org","@graph":[{"@type":"WebPage","@id":"https:\/\/outdoor-gym.com\/de\/dienstleistungen\/ruckgaben\/","url":"https:\/\/outdoor-gym.com\/de\/dienstleistungen\/ruckgaben\/","name":"R\u00fcckgaben - Trainer","isPartOf":{"@id":"https:\/\/outdoor-gym.com\/de\/#website"},"datePublished":"2025-11-27T13:13:10+00:00","dateModified":"2025-11-27T13:37:07+00:00","breadcrumb":{"@id":"https:\/\/outdoor-gym.com\/de\/dienstleistungen\/ruckgaben\/#breadcrumb"},"inLanguage":"pl-PL","potentialAction":[{"@type":"ReadAction","target":["https:\/\/outdoor-gym.com\/de\/dienstleistungen\/ruckgaben\/"]}]},{"@type":"BreadcrumbList","@id":"https:\/\/outdoor-gym.com\/de\/dienstleistungen\/ruckgaben\/#breadcrumb","itemListElement":[{"@type":"ListItem","position":1,"name":"de","item":"https:\/\/outdoor-gym.com\/de\/"},{"@type":"ListItem","position":2,"name":"Dienstleistungen","item":"https:\/\/outdoor-gym.com\/de\/dienstleistungen\/"},{"@type":"ListItem","position":3,"name":"R\u00fcckgaben"}]},{"@type":"WebSite","@id":"https:\/\/outdoor-gym.com\/de\/#website","url":"https:\/\/outdoor-gym.com\/de\/","name":"Trainer","description":"Trainer","potentialAction":[{"@type":"SearchAction","target":{"@type":"EntryPoint","urlTemplate":"https:\/\/outdoor-gym.com\/de\/?s={search_term_string}"},"query-input":"required name=search_term_string"}],"inLanguage":"pl-PL"}]}},"_links":{"self":[{"href":"https:\/\/outdoor-gym.com\/de\/wp-json\/wp\/v2\/pages\/6533"}],"collection":[{"href":"https:\/\/outdoor-gym.com\/de\/wp-json\/wp\/v2\/pages"}],"about":[{"href":"https:\/\/outdoor-gym.com\/de\/wp-json\/wp\/v2\/types\/page"}],"author":[{"embeddable":true,"href":"https:\/\/outdoor-gym.com\/de\/wp-json\/wp\/v2\/users\/3"}],"replies":[{"embeddable":true,"href":"https:\/\/outdoor-gym.com\/de\/wp-json\/wp\/v2\/comments?post=6533"}],"version-history":[{"count":3,"href":"https:\/\/outdoor-gym.com\/de\/wp-json\/wp\/v2\/pages\/6533\/revisions"}],"predecessor-version":[{"id":6537,"href":"https:\/\/outdoor-gym.com\/de\/wp-json\/wp\/v2\/pages\/6533\/revisions\/6537"}],"up":[{"embeddable":true,"href":"https:\/\/outdoor-gym.com\/de\/wp-json\/wp\/v2\/pages\/932"}],"wp:attachment":[{"href":"https:\/\/outdoor-gym.com\/de\/wp-json\/wp\/v2\/media?parent=6533"}],"curies":[{"name":"wp","href":"https:\/\/api.w.org\/{rel}","templated":true}]}}