{"id":6581,"date":"2026-03-31T11:15:30","date_gmt":"2026-03-31T09:15:30","guid":{"rendered":"https:\/\/outdoor-gym.com\/de\/?page_id=6581"},"modified":"2026-04-08T08:45:29","modified_gmt":"2026-04-08T06:45:29","slug":"multi-outdoor-park","status":"publish","type":"page","link":"https:\/\/outdoor-gym.com\/de\/produkte\/multi-outdoor-park\/","title":{"rendered":"Multi Outdoor Park"},"content":{"rendered":"<p data-start=\"0\" data-end=\"546\"><strong data-start=\"0\" data-end=\"22\">Multi Outdoor Park<\/strong> ist eine innovative Serie von Outdoor-Fitnessanlagen, die <strong data-start=\"81\" data-end=\"133\" data-is-only-node=\"\">Outdoor-Fitnessger\u00e4te mit Calisthenics-Elementen<\/strong> kombiniert. Dadurch entsteht ein multifunktionaler Trainingsbereich im Freien, der sich f\u00fcr <strong data-start=\"226\" data-end=\"309\">Krafttraining, funktionelles Training und \u00dcbungen mit dem eigenen K\u00f6rpergewicht<\/strong> eignet. Durch die Verbindung von Calisthenics-Elementen mit Fitnessger\u00e4ten lassen sich Bewegungsr\u00e4ume f\u00fcr <strong data-start=\"416\" data-end=\"465\">verschiedene Altersgruppen und Fitnessniveaus<\/strong> schaffen, die die Entwicklung <strong data-start=\"496\" data-end=\"532\">generationen\u00fcbergreifender Parks<\/strong> unterst\u00fctzen.<\/p>\n<p data-start=\"548\" data-end=\"667\" data-is-last-node=\"\" data-is-only-node=\"\">Die Sets wurden f\u00fcr moderne Freizeitbereiche wie <strong data-start=\"597\" data-end=\"655\">Parks, Wohnanlagen, Schulen und \u00f6ffentliche Sportzonen<\/strong> entwickelt.<\/p>\n","protected":false},"excerpt":{"rendered":"<p>Multi Outdoor Park ist eine innovative Serie von Outdoor-Fitnessanlagen, die Outdoor-Fitnessger\u00e4te mit Calisthenics-Elementen kombiniert. Dadurch entsteht ein multifunktionaler Trainingsbereich im Freien, der sich f\u00fcr Krafttraining, funktionelles Training und \u00dcbungen mit dem eigenen K\u00f6rpergewicht eignet. Durch die Verbindung von Calisthenics-Elementen mit Fitnessger\u00e4ten lassen sich Bewegungsr\u00e4ume f\u00fcr verschiedene Altersgruppen und Fitnessniveaus schaffen, die die Entwicklung generationen\u00fcbergreifender Parks [&hellip;]<\/p>\n","protected":false},"author":14,"featured_media":0,"parent":928,"menu_order":0,"comment_status":"closed","ping_status":"closed","template":"template-seria.php","meta":[],"acf":[],"yoast_head":"<!-- This site is optimized with the Yoast SEO plugin v20.6 - https:\/\/yoast.com\/wordpress\/plugins\/seo\/ -->\n<title>Multi Outdoor Park - Outdooor Trainingsger\u00e4te<\/title>\n<meta name=\"description\" content=\"Multi Outdoor Park von TRAINER kombiniert Outdoor-Fitnessger\u00e4te mit Calisthenics-Elementen. Die ideale Outdoor-Fitnessl\u00f6sung f\u00fcr Parks, Schulen und \u00f6ffentliche R\u00e4ume.\" \/>\n<meta name=\"robots\" content=\"index, follow, max-snippet:-1, max-image-preview:large, max-video-preview:-1\" \/>\n<link rel=\"canonical\" href=\"https:\/\/outdoor-gym.com\/de\/produkte\/multi-outdoor-park\/\" \/>\n<meta property=\"og:locale\" content=\"de_DE\" \/>\n<meta property=\"og:type\" content=\"article\" \/>\n<meta property=\"og:title\" content=\"Multi Outdoor Park - Outdooor Trainingsger\u00e4te\" \/>\n<meta property=\"og:description\" content=\"Multi Outdoor Park von TRAINER kombiniert Outdoor-Fitnessger\u00e4te mit Calisthenics-Elementen. Die ideale Outdoor-Fitnessl\u00f6sung f\u00fcr Parks, Schulen und \u00f6ffentliche R\u00e4ume.\" \/>\n<meta property=\"og:url\" content=\"https:\/\/outdoor-gym.com\/de\/produkte\/multi-outdoor-park\/\" \/>\n<meta property=\"og:site_name\" content=\"Trainer\" \/>\n<meta property=\"article:modified_time\" content=\"2026-04-08T06:45:29+00:00\" \/>\n<meta name=\"twitter:card\" content=\"summary_large_image\" \/>\n<meta name=\"twitter:label1\" content=\"Szacowany czas czytania\" \/>\n\t<meta name=\"twitter:data1\" content=\"1 minuta\" \/>\n<script type=\"application\/ld+json\" class=\"yoast-schema-graph\">{\"@context\":\"https:\/\/schema.org\",\"@graph\":[{\"@type\":\"WebPage\",\"@id\":\"https:\/\/outdoor-gym.com\/de\/produkte\/multi-outdoor-park\/\",\"url\":\"https:\/\/outdoor-gym.com\/de\/produkte\/multi-outdoor-park\/\",\"name\":\"Multi Outdoor Park - Outdooor Trainingsger\u00e4te\",\"isPartOf\":{\"@id\":\"https:\/\/outdoor-gym.com\/de\/#website\"},\"datePublished\":\"2026-03-31T09:15:30+00:00\",\"dateModified\":\"2026-04-08T06:45:29+00:00\",\"description\":\"Multi Outdoor Park von TRAINER kombiniert Outdoor-Fitnessger\u00e4te mit Calisthenics-Elementen. Die ideale Outdoor-Fitnessl\u00f6sung f\u00fcr Parks, Schulen und \u00f6ffentliche R\u00e4ume.\",\"breadcrumb\":{\"@id\":\"https:\/\/outdoor-gym.com\/de\/produkte\/multi-outdoor-park\/#breadcrumb\"},\"inLanguage\":\"pl-PL\",\"potentialAction\":[{\"@type\":\"ReadAction\",\"target\":[\"https:\/\/outdoor-gym.com\/de\/produkte\/multi-outdoor-park\/\"]}]},{\"@type\":\"BreadcrumbList\",\"@id\":\"https:\/\/outdoor-gym.com\/de\/produkte\/multi-outdoor-park\/#breadcrumb\",\"itemListElement\":[{\"@type\":\"ListItem\",\"position\":1,\"name\":\"de\",\"item\":\"https:\/\/outdoor-gym.com\/de\/\"},{\"@type\":\"ListItem\",\"position\":2,\"name\":\"Produkte\",\"item\":\"https:\/\/outdoor-gym.com\/de\/produkte\/\"},{\"@type\":\"ListItem\",\"position\":3,\"name\":\"Multi Outdoor Park\"}]},{\"@type\":\"WebSite\",\"@id\":\"https:\/\/outdoor-gym.com\/de\/#website\",\"url\":\"https:\/\/outdoor-gym.com\/de\/\",\"name\":\"Trainer\",\"description\":\"Trainer\",\"potentialAction\":[{\"@type\":\"SearchAction\",\"target\":{\"@type\":\"EntryPoint\",\"urlTemplate\":\"https:\/\/outdoor-gym.com\/de\/?s={search_term_string}\"},\"query-input\":\"required name=search_term_string\"}],\"inLanguage\":\"pl-PL\"}]}<\/script>\n<!-- \/ Yoast SEO plugin. -->","yoast_head_json":{"title":"Multi Outdoor Park - Outdooor Trainingsger\u00e4te","description":"Multi Outdoor Park von TRAINER kombiniert Outdoor-Fitnessger\u00e4te mit Calisthenics-Elementen. Die ideale Outdoor-Fitnessl\u00f6sung f\u00fcr Parks, Schulen und \u00f6ffentliche R\u00e4ume.","robots":{"index":"index","follow":"follow","max-snippet":"max-snippet:-1","max-image-preview":"max-image-preview:large","max-video-preview":"max-video-preview:-1"},"canonical":"https:\/\/outdoor-gym.com\/de\/produkte\/multi-outdoor-park\/","og_locale":"de_DE","og_type":"article","og_title":"Multi Outdoor Park - Outdooor Trainingsger\u00e4te","og_description":"Multi Outdoor Park von TRAINER kombiniert Outdoor-Fitnessger\u00e4te mit Calisthenics-Elementen. Die ideale Outdoor-Fitnessl\u00f6sung f\u00fcr Parks, Schulen und \u00f6ffentliche R\u00e4ume.","og_url":"https:\/\/outdoor-gym.com\/de\/produkte\/multi-outdoor-park\/","og_site_name":"Trainer","article_modified_time":"2026-04-08T06:45:29+00:00","twitter_card":"summary_large_image","twitter_misc":{"Szacowany czas czytania":"1 minuta"},"schema":{"@context":"https:\/\/schema.org","@graph":[{"@type":"WebPage","@id":"https:\/\/outdoor-gym.com\/de\/produkte\/multi-outdoor-park\/","url":"https:\/\/outdoor-gym.com\/de\/produkte\/multi-outdoor-park\/","name":"Multi Outdoor Park - Outdooor Trainingsger\u00e4te","isPartOf":{"@id":"https:\/\/outdoor-gym.com\/de\/#website"},"datePublished":"2026-03-31T09:15:30+00:00","dateModified":"2026-04-08T06:45:29+00:00","description":"Multi Outdoor Park von TRAINER kombiniert Outdoor-Fitnessger\u00e4te mit Calisthenics-Elementen. Die ideale Outdoor-Fitnessl\u00f6sung f\u00fcr Parks, Schulen und \u00f6ffentliche R\u00e4ume.","breadcrumb":{"@id":"https:\/\/outdoor-gym.com\/de\/produkte\/multi-outdoor-park\/#breadcrumb"},"inLanguage":"pl-PL","potentialAction":[{"@type":"ReadAction","target":["https:\/\/outdoor-gym.com\/de\/produkte\/multi-outdoor-park\/"]}]},{"@type":"BreadcrumbList","@id":"https:\/\/outdoor-gym.com\/de\/produkte\/multi-outdoor-park\/#breadcrumb","itemListElement":[{"@type":"ListItem","position":1,"name":"de","item":"https:\/\/outdoor-gym.com\/de\/"},{"@type":"ListItem","position":2,"name":"Produkte","item":"https:\/\/outdoor-gym.com\/de\/produkte\/"},{"@type":"ListItem","position":3,"name":"Multi Outdoor Park"}]},{"@type":"WebSite","@id":"https:\/\/outdoor-gym.com\/de\/#website","url":"https:\/\/outdoor-gym.com\/de\/","name":"Trainer","description":"Trainer","potentialAction":[{"@type":"SearchAction","target":{"@type":"EntryPoint","urlTemplate":"https:\/\/outdoor-gym.com\/de\/?s={search_term_string}"},"query-input":"required name=search_term_string"}],"inLanguage":"pl-PL"}]}},"_links":{"self":[{"href":"https:\/\/outdoor-gym.com\/de\/wp-json\/wp\/v2\/pages\/6581"}],"collection":[{"href":"https:\/\/outdoor-gym.com\/de\/wp-json\/wp\/v2\/pages"}],"about":[{"href":"https:\/\/outdoor-gym.com\/de\/wp-json\/wp\/v2\/types\/page"}],"author":[{"embeddable":true,"href":"https:\/\/outdoor-gym.com\/de\/wp-json\/wp\/v2\/users\/14"}],"replies":[{"embeddable":true,"href":"https:\/\/outdoor-gym.com\/de\/wp-json\/wp\/v2\/comments?post=6581"}],"version-history":[{"count":5,"href":"https:\/\/outdoor-gym.com\/de\/wp-json\/wp\/v2\/pages\/6581\/revisions"}],"predecessor-version":[{"id":6687,"href":"https:\/\/outdoor-gym.com\/de\/wp-json\/wp\/v2\/pages\/6581\/revisions\/6687"}],"up":[{"embeddable":true,"href":"https:\/\/outdoor-gym.com\/de\/wp-json\/wp\/v2\/pages\/928"}],"wp:attachment":[{"href":"https:\/\/outdoor-gym.com\/de\/wp-json\/wp\/v2\/media?parent=6581"}],"curies":[{"name":"wp","href":"https:\/\/api.w.org\/{rel}","templated":true}]}}