{"id":904,"date":"2021-01-04T08:17:01","date_gmt":"2021-01-04T07:17:01","guid":{"rendered":"https:\/\/outdoor-gym.com\/de\/?page_id=904"},"modified":"2026-04-01T09:06:28","modified_gmt":"2026-04-01T07:06:28","slug":"startseite","status":"publish","type":"page","link":"https:\/\/outdoor-gym.com\/de\/","title":{"rendered":"Outdoor Fitnessger\u00e4te"},"content":{"rendered":"","protected":false},"excerpt":{"rendered":"","protected":false},"author":1,"featured_media":0,"parent":0,"menu_order":0,"comment_status":"closed","ping_status":"closed","template":"template-strona-glowna.php","meta":[],"acf":[],"yoast_head":"<!-- This site is optimized with the Yoast SEO plugin v20.6 - https:\/\/yoast.com\/wordpress\/plugins\/seo\/ -->\n<title>Outdoor Fitnessger\u00e4te &amp; Sportger\u00e4te f\u00fcr Park von TRAINER<\/title>\n<meta name=\"description\" content=\"Unsere Outdoor Fitnessger\u00e4te f\u00fcr effektives Training im Freien \u2713 F\u00fcr Park und Garten \u2713 T\u00dcV EN 16630 \u2713 Preise direkt vom Hersteller \u27a4 Jetzt kaufen\" \/>\n<meta name=\"robots\" content=\"index, follow, max-snippet:-1, max-image-preview:large, max-video-preview:-1\" \/>\n<link rel=\"canonical\" href=\"https:\/\/outdoor-gym.com\/de\/\" \/>\n<meta property=\"og:locale\" content=\"de_DE\" \/>\n<meta property=\"og:type\" content=\"article\" \/>\n<meta property=\"og:title\" content=\"Outdoor Fitnessger\u00e4te &amp; Sportger\u00e4te f\u00fcr Park von TRAINER\" \/>\n<meta property=\"og:description\" content=\"Unsere Outdoor Fitnessger\u00e4te f\u00fcr effektives Training im Freien \u2713 F\u00fcr Park und Garten \u2713 T\u00dcV EN 16630 \u2713 Preise direkt vom Hersteller \u27a4 Jetzt kaufen\" \/>\n<meta property=\"og:url\" content=\"https:\/\/outdoor-gym.com\/de\/\" \/>\n<meta property=\"og:site_name\" content=\"Trainer\" \/>\n<meta property=\"article:modified_time\" content=\"2026-04-01T07:06:28+00:00\" \/>\n<meta name=\"twitter:card\" content=\"summary_large_image\" \/>\n<script type=\"application\/ld+json\" class=\"yoast-schema-graph\">{\"@context\":\"https:\/\/schema.org\",\"@graph\":[{\"@type\":\"WebPage\",\"@id\":\"https:\/\/outdoor-gym.com\/de\/\",\"url\":\"https:\/\/outdoor-gym.com\/de\/\",\"name\":\"Outdoor Fitnessger\u00e4te & Sportger\u00e4te f\u00fcr Park von TRAINER\",\"isPartOf\":{\"@id\":\"https:\/\/outdoor-gym.com\/de\/#website\"},\"datePublished\":\"2021-01-04T07:17:01+00:00\",\"dateModified\":\"2026-04-01T07:06:28+00:00\",\"description\":\"Unsere Outdoor Fitnessger\u00e4te f\u00fcr effektives Training im Freien \u2713 F\u00fcr Park und Garten \u2713 T\u00dcV EN 16630 \u2713 Preise direkt vom Hersteller \u27a4 Jetzt kaufen\",\"breadcrumb\":{\"@id\":\"https:\/\/outdoor-gym.com\/de\/#breadcrumb\"},\"inLanguage\":\"pl-PL\",\"potentialAction\":[{\"@type\":\"ReadAction\",\"target\":[\"https:\/\/outdoor-gym.com\/de\/\"]}]},{\"@type\":\"BreadcrumbList\",\"@id\":\"https:\/\/outdoor-gym.com\/de\/#breadcrumb\",\"itemListElement\":[{\"@type\":\"ListItem\",\"position\":1,\"name\":\"de\",\"item\":\"https:\/\/outdoor-gym.com\/de\/\"},{\"@type\":\"ListItem\",\"position\":2,\"name\":\"Outdoor Fitnessger\u00e4te\"}]},{\"@type\":\"WebSite\",\"@id\":\"https:\/\/outdoor-gym.com\/de\/#website\",\"url\":\"https:\/\/outdoor-gym.com\/de\/\",\"name\":\"Trainer\",\"description\":\"Trainer\",\"potentialAction\":[{\"@type\":\"SearchAction\",\"target\":{\"@type\":\"EntryPoint\",\"urlTemplate\":\"https:\/\/outdoor-gym.com\/de\/?s={search_term_string}\"},\"query-input\":\"required name=search_term_string\"}],\"inLanguage\":\"pl-PL\"}]}<\/script>\n<!-- \/ Yoast SEO plugin. -->","yoast_head_json":{"title":"Outdoor Fitnessger\u00e4te & Sportger\u00e4te f\u00fcr Park von TRAINER","description":"Unsere Outdoor Fitnessger\u00e4te f\u00fcr effektives Training im Freien \u2713 F\u00fcr Park und Garten \u2713 T\u00dcV EN 16630 \u2713 Preise direkt vom Hersteller \u27a4 Jetzt kaufen","robots":{"index":"index","follow":"follow","max-snippet":"max-snippet:-1","max-image-preview":"max-image-preview:large","max-video-preview":"max-video-preview:-1"},"canonical":"https:\/\/outdoor-gym.com\/de\/","og_locale":"de_DE","og_type":"article","og_title":"Outdoor Fitnessger\u00e4te & Sportger\u00e4te f\u00fcr Park von TRAINER","og_description":"Unsere Outdoor Fitnessger\u00e4te f\u00fcr effektives Training im Freien \u2713 F\u00fcr Park und Garten \u2713 T\u00dcV EN 16630 \u2713 Preise direkt vom Hersteller \u27a4 Jetzt kaufen","og_url":"https:\/\/outdoor-gym.com\/de\/","og_site_name":"Trainer","article_modified_time":"2026-04-01T07:06:28+00:00","twitter_card":"summary_large_image","schema":{"@context":"https:\/\/schema.org","@graph":[{"@type":"WebPage","@id":"https:\/\/outdoor-gym.com\/de\/","url":"https:\/\/outdoor-gym.com\/de\/","name":"Outdoor Fitnessger\u00e4te & Sportger\u00e4te f\u00fcr Park von TRAINER","isPartOf":{"@id":"https:\/\/outdoor-gym.com\/de\/#website"},"datePublished":"2021-01-04T07:17:01+00:00","dateModified":"2026-04-01T07:06:28+00:00","description":"Unsere Outdoor Fitnessger\u00e4te f\u00fcr effektives Training im Freien \u2713 F\u00fcr Park und Garten \u2713 T\u00dcV EN 16630 \u2713 Preise direkt vom Hersteller \u27a4 Jetzt kaufen","breadcrumb":{"@id":"https:\/\/outdoor-gym.com\/de\/#breadcrumb"},"inLanguage":"pl-PL","potentialAction":[{"@type":"ReadAction","target":["https:\/\/outdoor-gym.com\/de\/"]}]},{"@type":"BreadcrumbList","@id":"https:\/\/outdoor-gym.com\/de\/#breadcrumb","itemListElement":[{"@type":"ListItem","position":1,"name":"de","item":"https:\/\/outdoor-gym.com\/de\/"},{"@type":"ListItem","position":2,"name":"Outdoor Fitnessger\u00e4te"}]},{"@type":"WebSite","@id":"https:\/\/outdoor-gym.com\/de\/#website","url":"https:\/\/outdoor-gym.com\/de\/","name":"Trainer","description":"Trainer","potentialAction":[{"@type":"SearchAction","target":{"@type":"EntryPoint","urlTemplate":"https:\/\/outdoor-gym.com\/de\/?s={search_term_string}"},"query-input":"required name=search_term_string"}],"inLanguage":"pl-PL"}]}},"_links":{"self":[{"href":"https:\/\/outdoor-gym.com\/de\/wp-json\/wp\/v2\/pages\/904"}],"collection":[{"href":"https:\/\/outdoor-gym.com\/de\/wp-json\/wp\/v2\/pages"}],"about":[{"href":"https:\/\/outdoor-gym.com\/de\/wp-json\/wp\/v2\/types\/page"}],"author":[{"embeddable":true,"href":"https:\/\/outdoor-gym.com\/de\/wp-json\/wp\/v2\/users\/1"}],"replies":[{"embeddable":true,"href":"https:\/\/outdoor-gym.com\/de\/wp-json\/wp\/v2\/comments?post=904"}],"version-history":[{"count":471,"href":"https:\/\/outdoor-gym.com\/de\/wp-json\/wp\/v2\/pages\/904\/revisions"}],"predecessor-version":[{"id":6681,"href":"https:\/\/outdoor-gym.com\/de\/wp-json\/wp\/v2\/pages\/904\/revisions\/6681"}],"wp:attachment":[{"href":"https:\/\/outdoor-gym.com\/de\/wp-json\/wp\/v2\/media?parent=904"}],"curies":[{"name":"wp","href":"https:\/\/api.w.org\/{rel}","templated":true}]}}